{"id":107,"date":"2016-12-10T21:11:22","date_gmt":"2016-12-10T21:11:22","guid":{"rendered":"http:\/\/blogsaverroes.juntadeandalucia.es\/tictacproyectos\/?page_id=107"},"modified":"2018-02-28T20:04:26","modified_gmt":"2018-02-28T20:04:26","slug":"bienvenidos","status":"publish","type":"page","link":"https:\/\/blogsaverroes.juntadeandalucia.es\/tictacproyectos\/","title":{"rendered":"Bienvenidos"},"content":{"rendered":"<p>Este espacio est\u00e1 pensado para que los alumnos de la asignatura TIC de 2\u00ba de bachillerato del I.E.S. Nuevas poblaciones de La Carlota tengan un lugar donde reflejar el trabajo que est\u00e1n desarrollando con relaci\u00f3n a esta materia.<\/p>\n<p>En el curso 2016\/2017 la asignatura se organiz\u00f3 para desarrollar los contenidos del curr\u00edculo mediante la creaci\u00f3n de dos proyectos, el primero de ellos consisti\u00f3 en la aplicaci\u00f3n de t\u00e9cnicas de realidad aumentada para activar algunos t\u00edtulos de la biblioteca con v\u00eddeo-rese\u00f1as o booktrailers creados por alumnos de distintos cursos. El segundo de los proyectos facilit\u00f3 el cambio de nombre que han tenido todas las aulas del centro, cada clase tiene un nombre en relaci\u00f3n con los personajes m\u00e1s importantes de cada materia, como por ejemplo, en F\u00edsica y Qu\u00edmica, Stephen Hawking, adem\u00e1s tambi\u00e9n se cre\u00f3 una app m\u00f3vil para cualquier miembro de la comunidad educativa pudiese encontrar el aula a la que tienen que ir sin&nbsp;complicaciones.<\/p>\n<p>En el curso 2017\/2018 la mec\u00e1nica de trabajo ser\u00e1 la misma, comenzando con la ejecuci\u00f3n de un nuevo proyecto, La Carlota Go. Ayud\u00e1ndonos de las redes sociales daremos a conocer nuestro trabajo, as\u00ed como nuestro blog, aplicaci\u00f3n, y tr\u00edptico.<\/p>\n<p>La finalidad de este proyecto es el fomento del deporte a trav\u00e9s del conocimiento de todas las actividades f\u00edsicas realizadas en nuestra localidad animando al comienzo de una vida saludable.<\/p>\n","protected":false},"excerpt":{"rendered":"<p>Este espacio est\u00e1 pensado para que los alumnos de la asignatura TIC de 2\u00ba de bachillerato del I.E.S. Nuevas poblaciones de La Carlota tengan un lugar donde reflejar el trabajo que est\u00e1n desarrollando con&#46;&#46;&#46;<\/p>\n","protected":false},"author":3951,"featured_media":0,"parent":0,"menu_order":0,"comment_status":"open","ping_status":"open","template":"page-c.php","meta":{"ngg_post_thumbnail":0,"footnotes":""},"aioseo_notices":[],"_links":{"self":[{"href":"https:\/\/blogsaverroes.juntadeandalucia.es\/tictacproyectos\/wp-json\/wp\/v2\/pages\/107"}],"collection":[{"href":"https:\/\/blogsaverroes.juntadeandalucia.es\/tictacproyectos\/wp-json\/wp\/v2\/pages"}],"about":[{"href":"https:\/\/blogsaverroes.juntadeandalucia.es\/tictacproyectos\/wp-json\/wp\/v2\/types\/page"}],"author":[{"embeddable":true,"href":"https:\/\/blogsaverroes.juntadeandalucia.es\/tictacproyectos\/wp-json\/wp\/v2\/users\/3951"}],"replies":[{"embeddable":true,"href":"https:\/\/blogsaverroes.juntadeandalucia.es\/tictacproyectos\/wp-json\/wp\/v2\/comments?post=107"}],"version-history":[{"count":12,"href":"https:\/\/blogsaverroes.juntadeandalucia.es\/tictacproyectos\/wp-json\/wp\/v2\/pages\/107\/revisions"}],"predecessor-version":[{"id":944,"href":"https:\/\/blogsaverroes.juntadeandalucia.es\/tictacproyectos\/wp-json\/wp\/v2\/pages\/107\/revisions\/944"}],"wp:attachment":[{"href":"https:\/\/blogsaverroes.juntadeandalucia.es\/tictacproyectos\/wp-json\/wp\/v2\/media?parent=107"}],"curies":[{"name":"wp","href":"https:\/\/api.w.org\/{rel}","templated":true}]}}