{"id":131,"date":"2016-12-21T11:02:51","date_gmt":"2016-12-21T11:02:51","guid":{"rendered":"http:\/\/blogsaverroes.juntadeandalucia.es\/tictacproyectos\/?page_id=131"},"modified":"2016-12-28T09:49:56","modified_gmt":"2016-12-28T09:49:56","slug":"la-realidad-aumentada-y-aurasma","status":"publish","type":"page","link":"https:\/\/blogsaverroes.juntadeandalucia.es\/tictacproyectos\/la-realidad-aumentada-y-aurasma\/","title":{"rendered":"La Realidad Aumentada y Aurasma"},"content":{"rendered":"<p><strong>\u00bfQUE ES LA REALIDAD AUMENTADA?<\/strong><\/p>\n<p>Hoy en d\u00eda escuchamos con mucha t\u00e9rminos nuevos referidos a la tecnolog\u00eda, como por ejemplo Realidad Aumentad o Augmented Reality (en ingl\u00e9s). Esto no es m\u00e1s que lo que vemos a trav\u00e9s de la pantalla de nuestro m\u00f3vil, es la combinaci\u00f3n de elementos f\u00edsicos, de la realidad, con elementos virtuales en tiempo real y en el mismo espacio. Gracias a ello podemos obtener m\u00e1s informaci\u00f3n del entorno. La realidad aumentada pretende ayudarnos a conocer o saber m\u00e1s mediante im\u00e1genes, v\u00eddeos, etc.<a href=\"http:\/\/blogsaverroes.juntadeandalucia.es\/tictacproyectos\/files\/2016\/12\/aurasma.png\"><img loading=\"lazy\" decoding=\"async\" class=\"  wp-image-145 alignright\" src=\"http:\/\/blogsaverroes.juntadeandalucia.es\/tictacproyectos\/files\/2016\/12\/aurasma-300x264.png\" alt=\"aurasma\" width=\"174\" height=\"153\" srcset=\"https:\/\/blogsaverroes.juntadeandalucia.es\/tictacproyectos\/files\/2016\/12\/aurasma-300x264.png 300w, https:\/\/blogsaverroes.juntadeandalucia.es\/tictacproyectos\/files\/2016\/12\/aurasma-24x21.png 24w, https:\/\/blogsaverroes.juntadeandalucia.es\/tictacproyectos\/files\/2016\/12\/aurasma-36x32.png 36w, https:\/\/blogsaverroes.juntadeandalucia.es\/tictacproyectos\/files\/2016\/12\/aurasma-48x42.png 48w, https:\/\/blogsaverroes.juntadeandalucia.es\/tictacproyectos\/files\/2016\/12\/aurasma.png 478w\" sizes=\"(max-width: 174px) 100vw, 174px\" \/><\/a><\/p>\n<p><strong>\u00bfQUE ES AURASMA?<\/strong><\/p>\n<p>Aurasma es una aplicaci\u00f3n para crear y reproducir realidad aumentada. Esta App que se puede descargar tanto para Android en Play Store y para Iphone en la App Store, la vamos a utilizar en nuestro proyecto y con ella se podr\u00e1 interactuar con los libros marcados con una pegatina con nuestro logo.<\/p>\n<p>El funcionamiento de la App para el usuario de la biblioteca es sencilla, cuando se escoja el libro con el que quer\u00e1is interactuar solo ten\u00e9is que apuntar con la aplicaci\u00f3n abierta a la portada del libro y se activar\u00e1 un v\u00eddeo relativo al libro. Este v\u00eddeo puede ser una breve rese\u00f1a o un booktrailer.<\/p>\n<p>Pinchando en el siguiente enlace podr\u00e1s acceder a una infograf\u00eda que explica como utilizar Aurasma en nuestros proyecto: <a href=\"http:\/\/blogsaverroes.juntadeandalucia.es\/tictacproyectos\/files\/2016\/12\/realidad_aumentada_en_3_pasos.pdf\">realidad_aumentada_en_3_pasos<\/a><\/p>\n","protected":false},"excerpt":{"rendered":"<p>\u00bfQUE ES LA REALIDAD AUMENTADA? Hoy en d\u00eda escuchamos con mucha t\u00e9rminos nuevos referidos a la tecnolog\u00eda, como por ejemplo Realidad Aumentad o Augmented Reality (en ingl\u00e9s). Esto no es m\u00e1s que lo que&#46;&#46;&#46;<\/p>\n","protected":false},"author":4018,"featured_media":0,"parent":0,"menu_order":0,"comment_status":"open","ping_status":"open","template":"","meta":{"ngg_post_thumbnail":0,"footnotes":""},"aioseo_notices":[],"_links":{"self":[{"href":"https:\/\/blogsaverroes.juntadeandalucia.es\/tictacproyectos\/wp-json\/wp\/v2\/pages\/131"}],"collection":[{"href":"https:\/\/blogsaverroes.juntadeandalucia.es\/tictacproyectos\/wp-json\/wp\/v2\/pages"}],"about":[{"href":"https:\/\/blogsaverroes.juntadeandalucia.es\/tictacproyectos\/wp-json\/wp\/v2\/types\/page"}],"author":[{"embeddable":true,"href":"https:\/\/blogsaverroes.juntadeandalucia.es\/tictacproyectos\/wp-json\/wp\/v2\/users\/4018"}],"replies":[{"embeddable":true,"href":"https:\/\/blogsaverroes.juntadeandalucia.es\/tictacproyectos\/wp-json\/wp\/v2\/comments?post=131"}],"version-history":[{"count":5,"href":"https:\/\/blogsaverroes.juntadeandalucia.es\/tictacproyectos\/wp-json\/wp\/v2\/pages\/131\/revisions"}],"predecessor-version":[{"id":144,"href":"https:\/\/blogsaverroes.juntadeandalucia.es\/tictacproyectos\/wp-json\/wp\/v2\/pages\/131\/revisions\/144"}],"wp:attachment":[{"href":"https:\/\/blogsaverroes.juntadeandalucia.es\/tictacproyectos\/wp-json\/wp\/v2\/media?parent=131"}],"curies":[{"name":"wp","href":"https:\/\/api.w.org\/{rel}","templated":true}]}}