{"id":171,"date":"2017-01-16T12:37:16","date_gmt":"2017-01-16T12:37:16","guid":{"rendered":"http:\/\/blogsaverroes.juntadeandalucia.es\/tictacproyectos\/?page_id=171"},"modified":"2017-01-16T12:37:16","modified_gmt":"2017-01-16T12:37:16","slug":"creacion-del-logo-cabecera-y-cartel","status":"publish","type":"page","link":"https:\/\/blogsaverroes.juntadeandalucia.es\/tictacproyectos\/creacion-del-logo-cabecera-y-cartel\/","title":{"rendered":"Creaci\u00f3n del logo, cabecera y cartel."},"content":{"rendered":"<p style=\"text-align: left\">Con nuestro logo pretend\u00edamos representar nuestro proyecto, con el objetivo de dar una idea de lo que trata al verlo. Por eso optamos por un libro abierto, representando los libros usados para darle vida a labiblioteca.\u00a0<a href=\"http:\/\/blogsaverroes.juntadeandalucia.es\/tictacproyectos\/files\/2016\/09\/Logo_con_letras.png\"><img loading=\"lazy\" decoding=\"async\" class=\"  aligncenter wp-image-62\" src=\"http:\/\/blogsaverroes.juntadeandalucia.es\/tictacproyectos\/files\/2016\/09\/Logo_con_letras-300x225.png\" alt=\"Logo_con_letras\" width=\"223\" height=\"168\" srcset=\"https:\/\/blogsaverroes.juntadeandalucia.es\/tictacproyectos\/files\/2016\/09\/Logo_con_letras-300x225.png 300w, https:\/\/blogsaverroes.juntadeandalucia.es\/tictacproyectos\/files\/2016\/09\/Logo_con_letras.png 800w\" sizes=\"(max-width: 223px) 100vw, 223px\" \/><\/a><\/p>\n<p style=\"text-align: left\">Para la cabecera de nuestro blog consideramos m\u00e1s id\u00f3neo un collage con los distintos logos de las aplicaciones usadas para este proyecto, para darlas a conocer. \u00a0Algunas de \u00e9stas son twitter, instagram, aurasma, trello y prezi.<\/p>\n<p style=\"text-align: left\"><a href=\"http:\/\/blogsaverroes.juntadeandalucia.es\/tictacproyectos\/files\/2016\/11\/cropped-CABECERA-3.png\"><img loading=\"lazy\" decoding=\"async\" class=\"aligncenter wp-image-100 \" src=\"http:\/\/blogsaverroes.juntadeandalucia.es\/tictacproyectos\/files\/2016\/11\/cropped-CABECERA-3.png\" alt=\"cropped-CABECERA-3.png\" width=\"452\" height=\"65\" srcset=\"https:\/\/blogsaverroes.juntadeandalucia.es\/tictacproyectos\/files\/2016\/11\/cropped-CABECERA-3.png 974w, https:\/\/blogsaverroes.juntadeandalucia.es\/tictacproyectos\/files\/2016\/11\/cropped-CABECERA-3-300x43.png 300w\" sizes=\"(max-width: 452px) 100vw, 452px\" \/><\/a><\/p>\n<p style=\"text-align: left\">El cartel ha sido dise\u00f1ado para la propagaci\u00f3n del proyecto Tictacbiblio, en \u00e9l se intent\u00f3 plasmar la esencia del trabajo, ya que \u00e9ste consiste en, mediante Aurasma, enfocar un libro por el cual estemos interesados, para poder ver un v\u00eddeo resumen de \u00e9ste.<\/p>\n<p style=\"text-align: left\"><a href=\"http:\/\/blogsaverroes.juntadeandalucia.es\/tictacproyectos\/files\/2017\/01\/final3.0.png\"><img loading=\"lazy\" decoding=\"async\" class=\" size-medium wp-image-172 aligncenter\" src=\"http:\/\/blogsaverroes.juntadeandalucia.es\/tictacproyectos\/files\/2017\/01\/final3.0-212x300.png\" alt=\"final3.0\" width=\"212\" height=\"300\" srcset=\"https:\/\/blogsaverroes.juntadeandalucia.es\/tictacproyectos\/files\/2017\/01\/final3.0-212x300.png 212w, https:\/\/blogsaverroes.juntadeandalucia.es\/tictacproyectos\/files\/2017\/01\/final3.0-17x24.png 17w, https:\/\/blogsaverroes.juntadeandalucia.es\/tictacproyectos\/files\/2017\/01\/final3.0-25x36.png 25w, https:\/\/blogsaverroes.juntadeandalucia.es\/tictacproyectos\/files\/2017\/01\/final3.0-34x48.png 34w, https:\/\/blogsaverroes.juntadeandalucia.es\/tictacproyectos\/files\/2017\/01\/final3.0.png 600w\" sizes=\"(max-width: 212px) 100vw, 212px\" \/><\/a><\/p>\n<p style=\"text-align: left\">Todas estas im\u00e1genes han sido generadas con Gimp, una herramienta de edici\u00f3n de imagen.<\/p>\n<p style=\"text-align: left\">Cabe a\u00f1adir que despu\u00e9s de cada boceto nos reun\u00edamos para revisarlo en conjunto, aportando ideas y sugerencias para as\u00ed colaborar todos y poder ofrecer el mejor producto posible.<\/p>\n","protected":false},"excerpt":{"rendered":"<p>Con nuestro logo pretend\u00edamos representar nuestro proyecto, con el objetivo de dar una idea de lo que trata al verlo. Por eso optamos por un libro abierto, representando los libros usados para darle vida&#46;&#46;&#46;<\/p>\n","protected":false},"author":4270,"featured_media":0,"parent":0,"menu_order":0,"comment_status":"open","ping_status":"open","template":"","meta":{"ngg_post_thumbnail":0,"footnotes":""},"aioseo_notices":[],"_links":{"self":[{"href":"https:\/\/blogsaverroes.juntadeandalucia.es\/tictacproyectos\/wp-json\/wp\/v2\/pages\/171"}],"collection":[{"href":"https:\/\/blogsaverroes.juntadeandalucia.es\/tictacproyectos\/wp-json\/wp\/v2\/pages"}],"about":[{"href":"https:\/\/blogsaverroes.juntadeandalucia.es\/tictacproyectos\/wp-json\/wp\/v2\/types\/page"}],"author":[{"embeddable":true,"href":"https:\/\/blogsaverroes.juntadeandalucia.es\/tictacproyectos\/wp-json\/wp\/v2\/users\/4270"}],"replies":[{"embeddable":true,"href":"https:\/\/blogsaverroes.juntadeandalucia.es\/tictacproyectos\/wp-json\/wp\/v2\/comments?post=171"}],"version-history":[{"count":1,"href":"https:\/\/blogsaverroes.juntadeandalucia.es\/tictacproyectos\/wp-json\/wp\/v2\/pages\/171\/revisions"}],"predecessor-version":[{"id":173,"href":"https:\/\/blogsaverroes.juntadeandalucia.es\/tictacproyectos\/wp-json\/wp\/v2\/pages\/171\/revisions\/173"}],"wp:attachment":[{"href":"https:\/\/blogsaverroes.juntadeandalucia.es\/tictacproyectos\/wp-json\/wp\/v2\/media?parent=171"}],"curies":[{"name":"wp","href":"https:\/\/api.w.org\/{rel}","templated":true}]}}