{"id":199,"date":"2017-02-15T12:20:43","date_gmt":"2017-02-15T12:20:43","guid":{"rendered":"http:\/\/blogsaverroes.juntadeandalucia.es\/tictacproyectos\/?page_id=199"},"modified":"2017-05-16T08:47:40","modified_gmt":"2017-05-16T08:47:40","slug":"tic-tac-aulas","status":"publish","type":"page","link":"https:\/\/blogsaverroes.juntadeandalucia.es\/tictacproyectos\/tic-tac-aulas\/","title":{"rendered":"TIC TAC AULAS"},"content":{"rendered":"<p><a href=\"http:\/\/blogsaverroes.juntadeandalucia.es\/tictacproyectos\/files\/2017\/02\/logo_aulas_texto.png\"><img loading=\"lazy\" decoding=\"async\" class=\" size-full wp-image-203 alignright\" src=\"http:\/\/blogsaverroes.juntadeandalucia.es\/tictacproyectos\/files\/2017\/02\/logo_aulas_texto.png\" alt=\"logo_aulas_texto\" height=\"282\" width=\"242\" srcset=\"https:\/\/blogsaverroes.juntadeandalucia.es\/tictacproyectos\/files\/2017\/02\/logo_aulas_texto.png 242w, https:\/\/blogsaverroes.juntadeandalucia.es\/tictacproyectos\/files\/2017\/02\/logo_aulas_texto-21x24.png 21w, https:\/\/blogsaverroes.juntadeandalucia.es\/tictacproyectos\/files\/2017\/02\/logo_aulas_texto-31x36.png 31w, https:\/\/blogsaverroes.juntadeandalucia.es\/tictacproyectos\/files\/2017\/02\/logo_aulas_texto-41x48.png 41w\" sizes=\"(max-width: 242px) 100vw, 242px\" \/><\/a>Este proyecto nace con dos objetivos fundamentales:<\/p>\n<ul>\n<li style=\"text-align: left\">Facilitar la localizaci\u00f3n de las aulas.<\/li>\n<li>Ofrecer un apoyo did\u00e1ctico para el uso del nombre de las aulas.<\/li>\n<\/ul>\n<p>A veces es dif\u00edcil saber r\u00e1pidamente d\u00f3nde est\u00e1 el aula donde tenemos una actividad y se debe acudir a los planos que est\u00e1n disponibles en la agenda escolar, en conserjer\u00eda o en la sala de profesores. Si a esto unimos el cambio en los nombres de las aulas que se va a llevar a cabo a lo largo de este curso y con implantaci\u00f3n definitiva el curso que viene, cre\u00edmos que se hac\u00eda necesario ofrecer alguna herramienta para facilitar la localizaci\u00f3n de un aula cualquiera del centro. As\u00ed que en este proyecto se desarrolla una app m\u00f3vil para localizar las aulas por su nombre.<\/p>\n<p>Si quieres saber m\u00e1s sobre como se ha desarrollado esta aplicaci\u00f3n, puedes encontrarla <a href=\"http:\/\/blogsaverroes.juntadeandalucia.es\/tictacproyectos\/desarrollo-de-la-aplicacion\/\">aqu\u00ed<\/a>.<\/p>\n<p>Por otra parte, nos parece que ser\u00eda interesante aprovechar el cambio para conocer los hechos m\u00e1s importantes referentes a los personajes que dar\u00e1n nombre a nuestras aulas. Para ellos se incluir\u00e1 informaci\u00f3n en el blog sobre estos personajes. Esta informaci\u00f3n ser\u00e1 aportada por alumnos de los distintos niveles que han trabajado sobre ellos. Adem\u00e1s del blog, se crear\u00e1 un webmix que dar\u00e1 un enlace visual a la informaci\u00f3n recopilada en el blog.<\/p>\n<p>Aqu\u00ed te dejamos m\u00e1s informaci\u00f3n de como crear un webmix de symbaloo.<\/p>\n<p>La siguiente imagen es nuestro webmix sobre los personajes del centro, cliquea en la foto y te llevara a nuestro webmix:<\/p>\n<p><a href=\"https:\/\/www.symbaloo.com\/mix\/tictacaulas\"><img loading=\"lazy\" decoding=\"async\" class=\"aligncenter wp-image-295\" src=\"http:\/\/blogsaverroes.juntadeandalucia.es\/tictacproyectos\/files\/2017\/02\/Webmix-300x152.png\" alt=\"\" height=\"183\" width=\"361\" srcset=\"https:\/\/blogsaverroes.juntadeandalucia.es\/tictacproyectos\/files\/2017\/02\/Webmix-300x152.png 300w, https:\/\/blogsaverroes.juntadeandalucia.es\/tictacproyectos\/files\/2017\/02\/Webmix-768x389.png 768w, https:\/\/blogsaverroes.juntadeandalucia.es\/tictacproyectos\/files\/2017\/02\/Webmix-24x12.png 24w, https:\/\/blogsaverroes.juntadeandalucia.es\/tictacproyectos\/files\/2017\/02\/Webmix-36x18.png 36w, https:\/\/blogsaverroes.juntadeandalucia.es\/tictacproyectos\/files\/2017\/02\/Webmix-48x24.png 48w, https:\/\/blogsaverroes.juntadeandalucia.es\/tictacproyectos\/files\/2017\/02\/Webmix.png 808w\" sizes=\"(max-width: 361px) 100vw, 361px\" \/><\/a><\/p>\n","protected":false},"excerpt":{"rendered":"<p>Este proyecto nace con dos objetivos fundamentales: Facilitar la localizaci\u00f3n de las aulas. Ofrecer un apoyo did\u00e1ctico para el uso del nombre de las aulas. A veces es dif\u00edcil saber r\u00e1pidamente d\u00f3nde est\u00e1 el&#46;&#46;&#46;<\/p>\n","protected":false},"author":3951,"featured_media":0,"parent":0,"menu_order":0,"comment_status":"open","ping_status":"open","template":"","meta":{"ngg_post_thumbnail":0,"footnotes":""},"aioseo_notices":[],"_links":{"self":[{"href":"https:\/\/blogsaverroes.juntadeandalucia.es\/tictacproyectos\/wp-json\/wp\/v2\/pages\/199"}],"collection":[{"href":"https:\/\/blogsaverroes.juntadeandalucia.es\/tictacproyectos\/wp-json\/wp\/v2\/pages"}],"about":[{"href":"https:\/\/blogsaverroes.juntadeandalucia.es\/tictacproyectos\/wp-json\/wp\/v2\/types\/page"}],"author":[{"embeddable":true,"href":"https:\/\/blogsaverroes.juntadeandalucia.es\/tictacproyectos\/wp-json\/wp\/v2\/users\/3951"}],"replies":[{"embeddable":true,"href":"https:\/\/blogsaverroes.juntadeandalucia.es\/tictacproyectos\/wp-json\/wp\/v2\/comments?post=199"}],"version-history":[{"count":16,"href":"https:\/\/blogsaverroes.juntadeandalucia.es\/tictacproyectos\/wp-json\/wp\/v2\/pages\/199\/revisions"}],"predecessor-version":[{"id":508,"href":"https:\/\/blogsaverroes.juntadeandalucia.es\/tictacproyectos\/wp-json\/wp\/v2\/pages\/199\/revisions\/508"}],"wp:attachment":[{"href":"https:\/\/blogsaverroes.juntadeandalucia.es\/tictacproyectos\/wp-json\/wp\/v2\/media?parent=199"}],"curies":[{"name":"wp","href":"https:\/\/api.w.org\/{rel}","templated":true}]}}