{"id":553,"date":"2017-10-05T07:34:23","date_gmt":"2017-10-05T07:34:23","guid":{"rendered":"http:\/\/blogsaverroes.juntadeandalucia.es\/tictacproyectos\/?page_id=553"},"modified":"2018-02-21T08:06:16","modified_gmt":"2018-02-21T08:06:16","slug":"lacarlota-go","status":"publish","type":"page","link":"https:\/\/blogsaverroes.juntadeandalucia.es\/tictacproyectos\/lacarlota-go\/","title":{"rendered":"LACARLOTA GO"},"content":{"rendered":"<p>\u00a1Bienvenid@ a nuestro proyecto! La Carlota GO, un nueva iniciativa del grupo TIC 2\u00ba de Bachillerato del IES Nuevas Poblaciones.<a href=\"https:\/\/blogsaverroes.juntadeandalucia.es\/tictacproyectos\/files\/2017\/10\/Logo.png\"><img loading=\"lazy\" decoding=\"async\" class=\"wp-image-595 alignright\" src=\"https:\/\/blogsaverroes.juntadeandalucia.es\/tictacproyectos\/files\/2017\/10\/Logo-300x219.png\" alt=\"\" width=\"235\" height=\"172\" srcset=\"https:\/\/blogsaverroes.juntadeandalucia.es\/tictacproyectos\/files\/2017\/10\/Logo-300x219.png 300w, https:\/\/blogsaverroes.juntadeandalucia.es\/tictacproyectos\/files\/2017\/10\/Logo-24x18.png 24w, https:\/\/blogsaverroes.juntadeandalucia.es\/tictacproyectos\/files\/2017\/10\/Logo-36x26.png 36w, https:\/\/blogsaverroes.juntadeandalucia.es\/tictacproyectos\/files\/2017\/10\/Logo-48x35.png 48w, https:\/\/blogsaverroes.juntadeandalucia.es\/tictacproyectos\/files\/2017\/10\/Logo.png 360w\" sizes=\"(max-width: 235px) 100vw, 235px\" \/><\/a><\/p>\n<p>&#8211; \u00bf Qu\u00e9 es La Carlota GO ?<\/p>\n<p>Un proyecto mediante el cual proporcionaremos un servicio de informaci\u00f3n con horarios, establecimiento y organizaci\u00f3n de cada una de las distintas actividades f\u00edsicas que se realizan en el pueblo a trav\u00e9s de una aplicaci\u00f3n m\u00f3vil y un blog creados por nosotros.<\/p>\n<p>&#8211; \u00bf Qu\u00e9 pretendemos ?<\/p>\n<p>Actualmente la revoluci\u00f3n tecnol\u00f3gica ha provocado que cualquier persona tenga a su alcance, un dispositivo m\u00f3vil y que por tanto, sea m\u00e1s c\u00f3modo buscar en la red que desplazarte al lugar deseado para informarte. Nuestra idea con este proyecto es fomentar la pr\u00e1ctica de deporte en La Carlota gracias a los conocimientos adquiridos por nuestra app.<\/p>\n<p>La excusa m\u00e1s utilizada para la no practica de actividad deportiva es, argumentar que no hay ninguna que les guste lo suficiente, sin embargo, despu\u00e9s de la investigaci\u00f3n realizada por el grupo TIC , \u00a1 No hay excusas !<\/p>\n<p class=\"alignnone\">Podemos afirmar que La Carlota es un pueblo muy activo y estamos seguros de que alguno de los deportes se adapta a las capacidades f\u00edsicas de cada una de las personas, por eso desde aqu\u00ed animamos al saber y al comienzo de una vida saludable.<\/p>\n<p><a href=\"https:\/\/www.genial.ly\/59e6f8a10b9c2210b4a65d9c\/tic-presentacion\"><img loading=\"lazy\" decoding=\"async\" class=\"aligncenter wp-image-628\" src=\"https:\/\/blogsaverroes.juntadeandalucia.es\/tictacproyectos\/files\/2017\/11\/Captura_de_pantalla_de_2017-11-03_13_16_47-300x168.png\" alt=\"\" width=\"557\" height=\"312\" srcset=\"https:\/\/blogsaverroes.juntadeandalucia.es\/tictacproyectos\/files\/2017\/11\/Captura_de_pantalla_de_2017-11-03_13_16_47-300x168.png 300w, https:\/\/blogsaverroes.juntadeandalucia.es\/tictacproyectos\/files\/2017\/11\/Captura_de_pantalla_de_2017-11-03_13_16_47-768x431.png 768w, https:\/\/blogsaverroes.juntadeandalucia.es\/tictacproyectos\/files\/2017\/11\/Captura_de_pantalla_de_2017-11-03_13_16_47-1024x574.png 1024w, https:\/\/blogsaverroes.juntadeandalucia.es\/tictacproyectos\/files\/2017\/11\/Captura_de_pantalla_de_2017-11-03_13_16_47-24x13.png 24w, https:\/\/blogsaverroes.juntadeandalucia.es\/tictacproyectos\/files\/2017\/11\/Captura_de_pantalla_de_2017-11-03_13_16_47-36x20.png 36w, https:\/\/blogsaverroes.juntadeandalucia.es\/tictacproyectos\/files\/2017\/11\/Captura_de_pantalla_de_2017-11-03_13_16_47-48x27.png 48w, https:\/\/blogsaverroes.juntadeandalucia.es\/tictacproyectos\/files\/2017\/11\/Captura_de_pantalla_de_2017-11-03_13_16_47.png 1195w\" sizes=\"(max-width: 557px) 100vw, 557px\" \/><\/a><\/p>\n<p>&nbsp;<\/p>\n","protected":false},"excerpt":{"rendered":"<p>\u00a1Bienvenid@ a nuestro proyecto! La Carlota GO, un nueva iniciativa del grupo TIC 2\u00ba de Bachillerato del IES Nuevas Poblaciones. &#8211; \u00bf Qu\u00e9 es La Carlota GO ? Un proyecto mediante el cual proporcionaremos&#46;&#46;&#46;<\/p>\n","protected":false},"author":5292,"featured_media":0,"parent":0,"menu_order":0,"comment_status":"closed","ping_status":"closed","template":"","meta":{"ngg_post_thumbnail":0,"footnotes":""},"aioseo_notices":[],"_links":{"self":[{"href":"https:\/\/blogsaverroes.juntadeandalucia.es\/tictacproyectos\/wp-json\/wp\/v2\/pages\/553"}],"collection":[{"href":"https:\/\/blogsaverroes.juntadeandalucia.es\/tictacproyectos\/wp-json\/wp\/v2\/pages"}],"about":[{"href":"https:\/\/blogsaverroes.juntadeandalucia.es\/tictacproyectos\/wp-json\/wp\/v2\/types\/page"}],"author":[{"embeddable":true,"href":"https:\/\/blogsaverroes.juntadeandalucia.es\/tictacproyectos\/wp-json\/wp\/v2\/users\/5292"}],"replies":[{"embeddable":true,"href":"https:\/\/blogsaverroes.juntadeandalucia.es\/tictacproyectos\/wp-json\/wp\/v2\/comments?post=553"}],"version-history":[{"count":28,"href":"https:\/\/blogsaverroes.juntadeandalucia.es\/tictacproyectos\/wp-json\/wp\/v2\/pages\/553\/revisions"}],"predecessor-version":[{"id":893,"href":"https:\/\/blogsaverroes.juntadeandalucia.es\/tictacproyectos\/wp-json\/wp\/v2\/pages\/553\/revisions\/893"}],"wp:attachment":[{"href":"https:\/\/blogsaverroes.juntadeandalucia.es\/tictacproyectos\/wp-json\/wp\/v2\/media?parent=553"}],"curies":[{"name":"wp","href":"https:\/\/api.w.org\/{rel}","templated":true}]}}