{"id":69,"date":"2016-11-02T11:09:08","date_gmt":"2016-11-02T11:09:08","guid":{"rendered":"http:\/\/blogsaverroes.juntadeandalucia.es\/tictacproyectos\/?page_id=69"},"modified":"2017-03-03T11:01:14","modified_gmt":"2017-03-03T11:01:14","slug":"tic-tac-biblio","status":"publish","type":"page","link":"https:\/\/blogsaverroes.juntadeandalucia.es\/tictacproyectos\/tic-tac-biblio\/","title":{"rendered":"TIC TAC BIBLIO"},"content":{"rendered":"<p>El proyecto TIC T<a href=\"http:\/\/blogsaverroes.juntadeandalucia.es\/tictacproyectos\/files\/2016\/11\/Logo_con_letras.png\"><img loading=\"lazy\" decoding=\"async\" class=\" wp-image-148 alignleft\" src=\"http:\/\/blogsaverroes.juntadeandalucia.es\/tictacproyectos\/files\/2016\/11\/Logo_con_letras-300x294.png\" alt=\"Logo_con_letras\" width=\"182\" height=\"178\" srcset=\"https:\/\/blogsaverroes.juntadeandalucia.es\/tictacproyectos\/files\/2016\/11\/Logo_con_letras-300x294.png 300w, https:\/\/blogsaverroes.juntadeandalucia.es\/tictacproyectos\/files\/2016\/11\/Logo_con_letras-24x24.png 24w, https:\/\/blogsaverroes.juntadeandalucia.es\/tictacproyectos\/files\/2016\/11\/Logo_con_letras-36x36.png 36w, https:\/\/blogsaverroes.juntadeandalucia.es\/tictacproyectos\/files\/2016\/11\/Logo_con_letras-48x48.png 48w, https:\/\/blogsaverroes.juntadeandalucia.es\/tictacproyectos\/files\/2016\/11\/Logo_con_letras.png 435w\" sizes=\"(max-width: 182px) 100vw, 182px\" \/><\/a>AC BIBLIO ser\u00e1 el primero de los dos que llevaremos a cabo en esta asignatura y tendr\u00e1 su propio espacio dentro del blog. Este trabajo tiene el objetivo de dar vida a nuestra biblioteca, haciendo que todos los usuarios de la misma tengan a su disposici\u00f3n unos v\u00eddeos-res\u00famenes de algunos libros destacados y poder as\u00ed conocer algo de ellos antes de empezar a leerlos, a modo de introducci\u00f3n.<\/p>\n<p>Esto lo haremos mediante Realidad Aumentada. Puedes encontrar c\u00f3mo funciona y de qu\u00e9 nos sirve dentro de este proyecto <a href=\"http:\/\/blogsaverroes.juntadeandalucia.es\/tictacproyectos\/la-realidad-aumentada-y-aurasma\/\">aqu\u00ed<\/a>. Tambi\u00e9n utilizaremos otras <a href=\"http:\/\/blogsaverroes.juntadeandalucia.es\/tictacproyectos\/creacion-del-logo-cabecera-y-cartel\/\">aplicaciones<\/a> que se explican en diferentes entradas\u00a0 de este blog, tales como las <a href=\"http:\/\/blogsaverroes.juntadeandalucia.es\/tictacproyectos\/?p=119\">redes sociales<\/a>, as\u00ed que para hacer un buen seguimiento de dicho proyecto, es conveniente leer cada uno de los art\u00edculos que realizaremos nosotros, los alumnos de TIC II.<\/p>\n<div id=\"attachment_152\" style=\"width: 222px\" class=\"wp-caption alignright\"><a href=\"http:\/\/blogsaverroes.juntadeandalucia.es\/tictacproyectos\/files\/2016\/11\/cartel.png\"><img loading=\"lazy\" decoding=\"async\" aria-describedby=\"caption-attachment-152\" class=\"wp-image-152 size-medium\" src=\"http:\/\/blogsaverroes.juntadeandalucia.es\/tictacproyectos\/files\/2016\/11\/cartel-212x300.png\" alt=\"Cartel de promoci\u00f3n del proyecto\" width=\"212\" height=\"300\" srcset=\"https:\/\/blogsaverroes.juntadeandalucia.es\/tictacproyectos\/files\/2016\/11\/cartel-212x300.png 212w, https:\/\/blogsaverroes.juntadeandalucia.es\/tictacproyectos\/files\/2016\/11\/cartel-724x1024.png 724w, https:\/\/blogsaverroes.juntadeandalucia.es\/tictacproyectos\/files\/2016\/11\/cartel-17x24.png 17w, https:\/\/blogsaverroes.juntadeandalucia.es\/tictacproyectos\/files\/2016\/11\/cartel-25x36.png 25w, https:\/\/blogsaverroes.juntadeandalucia.es\/tictacproyectos\/files\/2016\/11\/cartel-34x48.png 34w, https:\/\/blogsaverroes.juntadeandalucia.es\/tictacproyectos\/files\/2016\/11\/cartel.png 1132w\" sizes=\"(max-width: 212px) 100vw, 212px\" \/><\/a><p id=\"caption-attachment-152\" class=\"wp-caption-text\">Cartel de promoci\u00f3n del proyecto<\/p><\/div>\n<p>Para organizar todo el trabajo que conlleva este proyecto, hemos utilizado una herramienta colaborativa llamada <a href=\"http:\/\/blogsaverroes.juntadeandalucia.es\/tictacproyectos\/explicacion-de-trello-como-app-de-coordinacion\/\">Trello<\/a>. Esta aplicaci\u00f3n web tambi\u00e9n est\u00e1 disponible para su uso en dispositivos m\u00f3viles y est\u00e1 resultando realmente \u00fatil en la distribuci\u00f3n y control de las m\u00faltiples tareas que se est\u00e1n llevando a cabo.<\/p>\n<p>Para poder llevarlo a cabo, debemos informar al alumnado de ESO, que ser\u00e1n los encargados de realizar estos res\u00famenes a modo de auto-grabaci\u00f3n, haciendo una rese\u00f1a de un libro en particular, que nosotros posteriormente visualizaremos y seleccionaremos para participar en este proyecto.<\/p>\n<p>Para informar al alumnado se realizaron una serie de exposiciones en cada uno de los grupos de primero a cuarto de E.S.O. Tambi\u00e9n se han creado unos cart\u00e9les para animar a crear los v\u00eddeos y una infograf\u00eda para explicar como usar los libros activos.<\/p>\n<p>Una vez hecha la invitaci\u00f3n, nuestros compa\u00f1eros est\u00e1n trabajando en la creaci\u00f3n de sus v\u00eddeos, as\u00ed pronto empezaremos a relacionar las fotos de las portadas con los res\u00famenes de cada libro y podremos cada uno de nosotros disfrutar de esta aplicaci\u00f3n que nos ser\u00e1 muy \u00fatil.<\/p>\n<p>&nbsp;<\/p>\n<div id=\"attachment_153\" style=\"width: 431px\" class=\"wp-caption alignleft\"><a href=\"http:\/\/blogsaverroes.juntadeandalucia.es\/tictacproyectos\/files\/2016\/11\/presenta.jpg\"><img loading=\"lazy\" decoding=\"async\" aria-describedby=\"caption-attachment-153\" class=\" wp-image-153\" src=\"http:\/\/blogsaverroes.juntadeandalucia.es\/tictacproyectos\/files\/2016\/11\/presenta-300x169.jpg\" alt=\"Presentaci\u00f3n del proyecto a los alumnos de ESO\" width=\"421\" height=\"237\" srcset=\"https:\/\/blogsaverroes.juntadeandalucia.es\/tictacproyectos\/files\/2016\/11\/presenta-300x169.jpg 300w, https:\/\/blogsaverroes.juntadeandalucia.es\/tictacproyectos\/files\/2016\/11\/presenta-1024x576.jpg 1024w, https:\/\/blogsaverroes.juntadeandalucia.es\/tictacproyectos\/files\/2016\/11\/presenta-24x14.jpg 24w, https:\/\/blogsaverroes.juntadeandalucia.es\/tictacproyectos\/files\/2016\/11\/presenta-36x20.jpg 36w, https:\/\/blogsaverroes.juntadeandalucia.es\/tictacproyectos\/files\/2016\/11\/presenta-48x27.jpg 48w, https:\/\/blogsaverroes.juntadeandalucia.es\/tictacproyectos\/files\/2016\/11\/presenta.jpg 1600w\" sizes=\"(max-width: 421px) 100vw, 421px\" \/><\/a><p id=\"caption-attachment-153\" class=\"wp-caption-text\">Presentaci\u00f3n del proyecto a los alumnos de ESO<\/p><\/div>\n<p>&nbsp;<\/p>\n<p>Todos los que estamos implicados en este trabajo queremos que la biblioteca se active y con este proyecto, en el que estamos poniendo mucho entusiasmo, esperamos animar a la lectura a nuestros compa\u00f1eros.<\/p>\n<p>&nbsp;<\/p>\n<p>&nbsp;<\/p>\n<p>&nbsp;<\/p>\n<p>&nbsp;<\/p>\n<p>&nbsp;<\/p>\n","protected":false},"excerpt":{"rendered":"<p>El proyecto TIC TAC BIBLIO ser\u00e1 el primero de los dos que llevaremos a cabo en esta asignatura y tendr\u00e1 su propio espacio dentro del blog. Este trabajo tiene el objetivo de dar vida&#46;&#46;&#46;<\/p>\n","protected":false},"author":3951,"featured_media":0,"parent":0,"menu_order":0,"comment_status":"open","ping_status":"open","template":"","meta":{"ngg_post_thumbnail":0,"footnotes":""},"aioseo_notices":[],"_links":{"self":[{"href":"https:\/\/blogsaverroes.juntadeandalucia.es\/tictacproyectos\/wp-json\/wp\/v2\/pages\/69"}],"collection":[{"href":"https:\/\/blogsaverroes.juntadeandalucia.es\/tictacproyectos\/wp-json\/wp\/v2\/pages"}],"about":[{"href":"https:\/\/blogsaverroes.juntadeandalucia.es\/tictacproyectos\/wp-json\/wp\/v2\/types\/page"}],"author":[{"embeddable":true,"href":"https:\/\/blogsaverroes.juntadeandalucia.es\/tictacproyectos\/wp-json\/wp\/v2\/users\/3951"}],"replies":[{"embeddable":true,"href":"https:\/\/blogsaverroes.juntadeandalucia.es\/tictacproyectos\/wp-json\/wp\/v2\/comments?post=69"}],"version-history":[{"count":19,"href":"https:\/\/blogsaverroes.juntadeandalucia.es\/tictacproyectos\/wp-json\/wp\/v2\/pages\/69\/revisions"}],"predecessor-version":[{"id":279,"href":"https:\/\/blogsaverroes.juntadeandalucia.es\/tictacproyectos\/wp-json\/wp\/v2\/pages\/69\/revisions\/279"}],"wp:attachment":[{"href":"https:\/\/blogsaverroes.juntadeandalucia.es\/tictacproyectos\/wp-json\/wp\/v2\/media?parent=69"}],"curies":[{"name":"wp","href":"https:\/\/api.w.org\/{rel}","templated":true}]}}