{"id":792,"date":"2018-02-06T07:37:08","date_gmt":"2018-02-06T07:37:08","guid":{"rendered":"http:\/\/blogsaverroes.juntadeandalucia.es\/tictacproyectos\/?page_id=792"},"modified":"2018-02-06T07:43:23","modified_gmt":"2018-02-06T07:43:23","slug":"informacion-y-tarifas","status":"publish","type":"page","link":"https:\/\/blogsaverroes.juntadeandalucia.es\/tictacproyectos\/informacion-y-tarifas\/","title":{"rendered":"Informaci\u00f3n y tarifas"},"content":{"rendered":"<p>Aqu\u00ed pod\u00e9is encontrar  toda la informaci\u00f3n y tarifas de cada uno de los deportes que pod\u00e9is practicar en La Carlota:<\/p>\n<div class=\"pt-cv-wrapper\"><div class=\"pt-cv-view pt-cv-grid pt-cv-colsys\" id=\"pt-cv-view-91b7405bne\"><div data-id=\"pt-cv-page-1\" class=\"pt-cv-page\" data-cvc=\"4\"><div class=\"col-md-3 col-sm-6 col-xs-12 pt-cv-content-item pt-cv-1-col\" ><div class='pt-cv-ifield'><a href=\"https:\/\/blogsaverroes.juntadeandalucia.es\/tictacproyectos\/2018\/04\/25\/skate-2\/\" class=\"_self pt-cv-href-thumbnail pt-cv-thumb-default\" target=\"_self\" ><img loading=\"lazy\" decoding=\"async\" width=\"100\" height=\"100\" src=\"https:\/\/blogsaverroes.juntadeandalucia.es\/tictacproyectos\/files\/2018\/04\/skate34-100x100.png\" class=\"pt-cv-thumbnail\" alt=\"\" srcset=\"https:\/\/blogsaverroes.juntadeandalucia.es\/tictacproyectos\/files\/2018\/04\/skate34-100x100.png 100w, https:\/\/blogsaverroes.juntadeandalucia.es\/tictacproyectos\/files\/2018\/04\/skate34-150x150.png 150w, https:\/\/blogsaverroes.juntadeandalucia.es\/tictacproyectos\/files\/2018\/04\/skate34-24x24.png 24w, https:\/\/blogsaverroes.juntadeandalucia.es\/tictacproyectos\/files\/2018\/04\/skate34-36x36.png 36w, https:\/\/blogsaverroes.juntadeandalucia.es\/tictacproyectos\/files\/2018\/04\/skate34-48x48.png 48w, https:\/\/blogsaverroes.juntadeandalucia.es\/tictacproyectos\/files\/2018\/04\/skate34.png 200w\" sizes=\"(max-width: 100px) 100vw, 100px\" \/><\/a>\n<h5 class=\"pt-cv-title\"><a href=\"https:\/\/blogsaverroes.juntadeandalucia.es\/tictacproyectos\/2018\/04\/25\/skate-2\/\" class=\"_self\" target=\"_self\" >Skate<\/a><\/h5>\n<div class=\"pt-cv-content\">Podr\u00e1s realizar Skate en las pistas situadas al lado del IES El Sauce, abiertas al p\u00fablico a todas horas, y ...<br \/><div class=\"pt-cv-rmwrap\"><a href=\"https:\/\/blogsaverroes.juntadeandalucia.es\/tictacproyectos\/2018\/04\/25\/skate-2\/\" class=\"_self pt-cv-readmore btn btn-success\" target=\"_self\">Leer M\u00e1s<\/a><\/div><\/div><\/div><\/div>\n<div class=\"col-md-3 col-sm-6 col-xs-12 pt-cv-content-item pt-cv-1-col\" ><div class='pt-cv-ifield'><a href=\"https:\/\/blogsaverroes.juntadeandalucia.es\/tictacproyectos\/2018\/04\/25\/atletismo-2\/\" class=\"_self pt-cv-href-thumbnail pt-cv-thumb-default\" target=\"_self\" ><img loading=\"lazy\" decoding=\"async\" width=\"100\" height=\"100\" src=\"https:\/\/blogsaverroes.juntadeandalucia.es\/tictacproyectos\/files\/2018\/02\/logo-atletismo-1.png\" class=\"pt-cv-thumbnail\" alt=\"\" srcset=\"https:\/\/blogsaverroes.juntadeandalucia.es\/tictacproyectos\/files\/2018\/02\/logo-atletismo-1.png 100w, https:\/\/blogsaverroes.juntadeandalucia.es\/tictacproyectos\/files\/2018\/02\/logo-atletismo-1-24x24.png 24w, https:\/\/blogsaverroes.juntadeandalucia.es\/tictacproyectos\/files\/2018\/02\/logo-atletismo-1-36x36.png 36w, https:\/\/blogsaverroes.juntadeandalucia.es\/tictacproyectos\/files\/2018\/02\/logo-atletismo-1-48x48.png 48w\" sizes=\"(max-width: 100px) 100vw, 100px\" \/><\/a>\n<h5 class=\"pt-cv-title\"><a href=\"https:\/\/blogsaverroes.juntadeandalucia.es\/tictacproyectos\/2018\/04\/25\/atletismo-2\/\" class=\"_self\" target=\"_self\" >Atletismo<\/a><\/h5>\n<div class=\"pt-cv-content\">Se realiza en el campo de f\u00fatbol de la localidad los martes y los viernes el martes a las 6 ...<br \/><div class=\"pt-cv-rmwrap\"><a href=\"https:\/\/blogsaverroes.juntadeandalucia.es\/tictacproyectos\/2018\/04\/25\/atletismo-2\/\" class=\"_self pt-cv-readmore btn btn-success\" target=\"_self\">Leer M\u00e1s<\/a><\/div><\/div><\/div><\/div>\n<div class=\"col-md-3 col-sm-6 col-xs-12 pt-cv-content-item pt-cv-1-col\" ><div class='pt-cv-ifield'><a href=\"https:\/\/blogsaverroes.juntadeandalucia.es\/tictacproyectos\/2018\/04\/25\/tarifas-padel\/\" class=\"_self pt-cv-href-thumbnail pt-cv-thumb-default\" target=\"_self\" ><img loading=\"lazy\" decoding=\"async\" width=\"100\" height=\"100\" src=\"https:\/\/blogsaverroes.juntadeandalucia.es\/tictacproyectos\/files\/2018\/02\/LogoPadel.png\" class=\"pt-cv-thumbnail\" alt=\"\" srcset=\"https:\/\/blogsaverroes.juntadeandalucia.es\/tictacproyectos\/files\/2018\/02\/LogoPadel.png 100w, https:\/\/blogsaverroes.juntadeandalucia.es\/tictacproyectos\/files\/2018\/02\/LogoPadel-24x24.png 24w, https:\/\/blogsaverroes.juntadeandalucia.es\/tictacproyectos\/files\/2018\/02\/LogoPadel-36x36.png 36w, https:\/\/blogsaverroes.juntadeandalucia.es\/tictacproyectos\/files\/2018\/02\/LogoPadel-48x48.png 48w\" sizes=\"(max-width: 100px) 100vw, 100px\" \/><\/a>\n<h5 class=\"pt-cv-title\"><a href=\"https:\/\/blogsaverroes.juntadeandalucia.es\/tictacproyectos\/2018\/04\/25\/tarifas-padel\/\" class=\"_self\" target=\"_self\" >P\u00e1del<\/a><\/h5>\n<div class=\"pt-cv-content\">Los horarios de reservas de pistas de Padel son de 9:00 a 14:00 horas y de 17:00 a 23:00 horas ...<br \/><div class=\"pt-cv-rmwrap\"><a href=\"https:\/\/blogsaverroes.juntadeandalucia.es\/tictacproyectos\/2018\/04\/25\/tarifas-padel\/\" class=\"_self pt-cv-readmore btn btn-success\" target=\"_self\">Leer M\u00e1s<\/a><\/div><\/div><\/div><\/div>\n<div class=\"col-md-3 col-sm-6 col-xs-12 pt-cv-content-item pt-cv-1-col\" ><div class='pt-cv-ifield'><a href=\"https:\/\/blogsaverroes.juntadeandalucia.es\/tictacproyectos\/2018\/04\/25\/spinning-2\/\" class=\"_self pt-cv-href-thumbnail pt-cv-thumb-default\" target=\"_self\" ><img loading=\"lazy\" decoding=\"async\" width=\"100\" height=\"100\" src=\"https:\/\/blogsaverroes.juntadeandalucia.es\/tictacproyectos\/files\/2018\/02\/logo_individual-1.png\" class=\"pt-cv-thumbnail\" alt=\"\" srcset=\"https:\/\/blogsaverroes.juntadeandalucia.es\/tictacproyectos\/files\/2018\/02\/logo_individual-1.png 100w, https:\/\/blogsaverroes.juntadeandalucia.es\/tictacproyectos\/files\/2018\/02\/logo_individual-1-24x24.png 24w, https:\/\/blogsaverroes.juntadeandalucia.es\/tictacproyectos\/files\/2018\/02\/logo_individual-1-36x36.png 36w, https:\/\/blogsaverroes.juntadeandalucia.es\/tictacproyectos\/files\/2018\/02\/logo_individual-1-48x48.png 48w\" sizes=\"(max-width: 100px) 100vw, 100px\" \/><\/a>\n<h5 class=\"pt-cv-title\"><a href=\"https:\/\/blogsaverroes.juntadeandalucia.es\/tictacproyectos\/2018\/04\/25\/spinning-2\/\" class=\"_self\" target=\"_self\" >Spinning<\/a><\/h5>\n<div class=\"pt-cv-content\">En La Carlota tienes la oportunidad de practicar spinning en 2 sitios diferentes: Fast Fitness Gym , ubicado en C\/ ...<br \/><div class=\"pt-cv-rmwrap\"><a href=\"https:\/\/blogsaverroes.juntadeandalucia.es\/tictacproyectos\/2018\/04\/25\/spinning-2\/\" class=\"_self pt-cv-readmore btn btn-success\" target=\"_self\">Leer M\u00e1s<\/a><\/div><\/div><\/div><\/div>\n<div class=\"col-md-3 col-sm-6 col-xs-12 pt-cv-content-item pt-cv-1-col\" ><div class='pt-cv-ifield'><a href=\"https:\/\/blogsaverroes.juntadeandalucia.es\/tictacproyectos\/2018\/04\/24\/futbol\/\" class=\"_self pt-cv-href-thumbnail pt-cv-thumb-default\" target=\"_self\" ><img loading=\"lazy\" decoding=\"async\" width=\"100\" height=\"100\" src=\"https:\/\/blogsaverroes.juntadeandalucia.es\/tictacproyectos\/files\/2018\/02\/futbol-100x100.png\" class=\"pt-cv-thumbnail\" alt=\"\" srcset=\"https:\/\/blogsaverroes.juntadeandalucia.es\/tictacproyectos\/files\/2018\/02\/futbol-100x100.png 100w, https:\/\/blogsaverroes.juntadeandalucia.es\/tictacproyectos\/files\/2018\/02\/futbol-150x150.png 150w, https:\/\/blogsaverroes.juntadeandalucia.es\/tictacproyectos\/files\/2018\/02\/futbol-24x24.png 24w, https:\/\/blogsaverroes.juntadeandalucia.es\/tictacproyectos\/files\/2018\/02\/futbol-36x36.png 36w, https:\/\/blogsaverroes.juntadeandalucia.es\/tictacproyectos\/files\/2018\/02\/futbol-48x48.png 48w, https:\/\/blogsaverroes.juntadeandalucia.es\/tictacproyectos\/files\/2018\/02\/futbol.png 200w\" sizes=\"(max-width: 100px) 100vw, 100px\" \/><\/a>\n<h5 class=\"pt-cv-title\"><a href=\"https:\/\/blogsaverroes.juntadeandalucia.es\/tictacproyectos\/2018\/04\/24\/futbol\/\" class=\"_self\" target=\"_self\" >F\u00fatbol<\/a><\/h5>\n<div class=\"pt-cv-content\">El f\u00fatbol se practica en el campo de f\u00fatbol municipal de La Carlota que se encuentra en la Avenida del ...<br \/><div class=\"pt-cv-rmwrap\"><a href=\"https:\/\/blogsaverroes.juntadeandalucia.es\/tictacproyectos\/2018\/04\/24\/futbol\/\" class=\"_self pt-cv-readmore btn btn-success\" target=\"_self\">Leer M\u00e1s<\/a><\/div><\/div><\/div><\/div>\n<div class=\"col-md-3 col-sm-6 col-xs-12 pt-cv-content-item pt-cv-1-col\" ><div class='pt-cv-ifield'><a href=\"https:\/\/blogsaverroes.juntadeandalucia.es\/tictacproyectos\/2018\/04\/24\/petanca-2\/\" class=\"_self pt-cv-href-thumbnail pt-cv-thumb-default\" target=\"_self\" ><img loading=\"lazy\" decoding=\"async\" width=\"100\" height=\"100\" src=\"https:\/\/blogsaverroes.juntadeandalucia.es\/tictacproyectos\/files\/2018\/02\/petanca_render.png\" class=\"pt-cv-thumbnail\" alt=\"\" srcset=\"https:\/\/blogsaverroes.juntadeandalucia.es\/tictacproyectos\/files\/2018\/02\/petanca_render.png 100w, https:\/\/blogsaverroes.juntadeandalucia.es\/tictacproyectos\/files\/2018\/02\/petanca_render-24x24.png 24w, https:\/\/blogsaverroes.juntadeandalucia.es\/tictacproyectos\/files\/2018\/02\/petanca_render-36x36.png 36w, https:\/\/blogsaverroes.juntadeandalucia.es\/tictacproyectos\/files\/2018\/02\/petanca_render-48x48.png 48w\" sizes=\"(max-width: 100px) 100vw, 100px\" \/><\/a>\n<h5 class=\"pt-cv-title\"><a href=\"https:\/\/blogsaverroes.juntadeandalucia.es\/tictacproyectos\/2018\/04\/24\/petanca-2\/\" class=\"_self\" target=\"_self\" >Petanca<\/a><\/h5>\n<div class=\"pt-cv-content\">Se puede practicar tanto en el campo de ambulatorio y en el campo de f\u00fatbol y ambos totalmente gratis. En ...<br \/><div class=\"pt-cv-rmwrap\"><a href=\"https:\/\/blogsaverroes.juntadeandalucia.es\/tictacproyectos\/2018\/04\/24\/petanca-2\/\" class=\"_self pt-cv-readmore btn btn-success\" target=\"_self\">Leer M\u00e1s<\/a><\/div><\/div><\/div><\/div>\n<div class=\"col-md-3 col-sm-6 col-xs-12 pt-cv-content-item pt-cv-1-col\" ><div class='pt-cv-ifield'><a href=\"https:\/\/blogsaverroes.juntadeandalucia.es\/tictacproyectos\/2018\/04\/18\/baloncesto-2\/\" class=\"_self pt-cv-href-thumbnail pt-cv-thumb-default\" target=\"_self\" ><img loading=\"lazy\" decoding=\"async\" width=\"100\" height=\"100\" src=\"https:\/\/blogsaverroes.juntadeandalucia.es\/tictacproyectos\/files\/2018\/03\/Logo-baloncesto.png\" class=\"pt-cv-thumbnail\" alt=\"\" srcset=\"https:\/\/blogsaverroes.juntadeandalucia.es\/tictacproyectos\/files\/2018\/03\/Logo-baloncesto.png 100w, https:\/\/blogsaverroes.juntadeandalucia.es\/tictacproyectos\/files\/2018\/03\/Logo-baloncesto-24x24.png 24w, https:\/\/blogsaverroes.juntadeandalucia.es\/tictacproyectos\/files\/2018\/03\/Logo-baloncesto-36x36.png 36w, https:\/\/blogsaverroes.juntadeandalucia.es\/tictacproyectos\/files\/2018\/03\/Logo-baloncesto-48x48.png 48w\" sizes=\"(max-width: 100px) 100vw, 100px\" \/><\/a>\n<h5 class=\"pt-cv-title\"><a href=\"https:\/\/blogsaverroes.juntadeandalucia.es\/tictacproyectos\/2018\/04\/18\/baloncesto-2\/\" class=\"_self\" target=\"_self\" >Baloncesto<\/a><\/h5>\n<div class=\"pt-cv-content\">\u00b7 Horarios Baloncesto Masculino: Infantil: Lunes y Mi\u00e9rcoles 17:00-18:00 Minibasket: Martes y Viernes 17.30-18.30 Premini: Martes y Viernes 18.30-19.30 Cadete: ...<br \/><div class=\"pt-cv-rmwrap\"><a href=\"https:\/\/blogsaverroes.juntadeandalucia.es\/tictacproyectos\/2018\/04\/18\/baloncesto-2\/\" class=\"_self pt-cv-readmore btn btn-success\" target=\"_self\">Leer M\u00e1s<\/a><\/div><\/div><\/div><\/div>\n<div class=\"col-md-3 col-sm-6 col-xs-12 pt-cv-content-item pt-cv-1-col\" ><div class='pt-cv-ifield'><a href=\"https:\/\/blogsaverroes.juntadeandalucia.es\/tictacproyectos\/2018\/04\/18\/karate-2\/\" class=\"_self pt-cv-href-thumbnail pt-cv-thumb-default\" target=\"_self\" ><img loading=\"lazy\" decoding=\"async\" width=\"100\" height=\"100\" src=\"https:\/\/blogsaverroes.juntadeandalucia.es\/tictacproyectos\/files\/2018\/04\/karate.png\" class=\"pt-cv-thumbnail\" alt=\"\" srcset=\"https:\/\/blogsaverroes.juntadeandalucia.es\/tictacproyectos\/files\/2018\/04\/karate.png 100w, https:\/\/blogsaverroes.juntadeandalucia.es\/tictacproyectos\/files\/2018\/04\/karate-24x24.png 24w, https:\/\/blogsaverroes.juntadeandalucia.es\/tictacproyectos\/files\/2018\/04\/karate-36x36.png 36w, https:\/\/blogsaverroes.juntadeandalucia.es\/tictacproyectos\/files\/2018\/04\/karate-48x48.png 48w\" sizes=\"(max-width: 100px) 100vw, 100px\" \/><\/a>\n<h5 class=\"pt-cv-title\"><a href=\"https:\/\/blogsaverroes.juntadeandalucia.es\/tictacproyectos\/2018\/04\/18\/karate-2\/\" class=\"_self\" target=\"_self\" >Karate<\/a><\/h5>\n<div class=\"pt-cv-content\">Doyo Yakuza Las clases son 20 euros al mes, es recomendable apuntarse a principio del curso o al principio de ...<br \/><div class=\"pt-cv-rmwrap\"><a href=\"https:\/\/blogsaverroes.juntadeandalucia.es\/tictacproyectos\/2018\/04\/18\/karate-2\/\" class=\"_self pt-cv-readmore btn btn-success\" target=\"_self\">Leer M\u00e1s<\/a><\/div><\/div><\/div><\/div>\n<div class=\"col-md-3 col-sm-6 col-xs-12 pt-cv-content-item pt-cv-1-col\" ><div class='pt-cv-ifield'><a href=\"https:\/\/blogsaverroes.juntadeandalucia.es\/tictacproyectos\/2018\/04\/12\/gimnasia-ritmica-2\/\" class=\"_self pt-cv-href-thumbnail pt-cv-thumb-default\" target=\"_self\" ><img loading=\"lazy\" decoding=\"async\" width=\"100\" height=\"100\" src=\"https:\/\/blogsaverroes.juntadeandalucia.es\/tictacproyectos\/files\/2018\/03\/logo-Andrea-final.png\" class=\"pt-cv-thumbnail\" alt=\"\" srcset=\"https:\/\/blogsaverroes.juntadeandalucia.es\/tictacproyectos\/files\/2018\/03\/logo-Andrea-final.png 100w, https:\/\/blogsaverroes.juntadeandalucia.es\/tictacproyectos\/files\/2018\/03\/logo-Andrea-final-24x24.png 24w, https:\/\/blogsaverroes.juntadeandalucia.es\/tictacproyectos\/files\/2018\/03\/logo-Andrea-final-36x36.png 36w, https:\/\/blogsaverroes.juntadeandalucia.es\/tictacproyectos\/files\/2018\/03\/logo-Andrea-final-48x48.png 48w\" sizes=\"(max-width: 100px) 100vw, 100px\" \/><\/a>\n<h5 class=\"pt-cv-title\"><a href=\"https:\/\/blogsaverroes.juntadeandalucia.es\/tictacproyectos\/2018\/04\/12\/gimnasia-ritmica-2\/\" class=\"_self\" target=\"_self\" >Gimnasia R\u00edtmica<\/a><\/h5>\n<div class=\"pt-cv-content\">Horarios: La actividad se realiza los lunes y los mi\u00e9rcoles. Con los horarios seg\u00fan la categor\u00eda: Prebenjamines y benjamines de ...<br \/><div class=\"pt-cv-rmwrap\"><a href=\"https:\/\/blogsaverroes.juntadeandalucia.es\/tictacproyectos\/2018\/04\/12\/gimnasia-ritmica-2\/\" class=\"_self pt-cv-readmore btn btn-success\" target=\"_self\">Leer M\u00e1s<\/a><\/div><\/div><\/div><\/div>\n<div class=\"col-md-3 col-sm-6 col-xs-12 pt-cv-content-item pt-cv-1-col\" ><div class='pt-cv-ifield'><a href=\"https:\/\/blogsaverroes.juntadeandalucia.es\/tictacproyectos\/2018\/04\/12\/yoga-2\/\" class=\"_self pt-cv-href-thumbnail pt-cv-thumb-default\" target=\"_self\" ><img loading=\"lazy\" decoding=\"async\" width=\"100\" height=\"100\" src=\"https:\/\/blogsaverroes.juntadeandalucia.es\/tictacproyectos\/files\/2018\/03\/yoga.png\" class=\"pt-cv-thumbnail\" alt=\"\" srcset=\"https:\/\/blogsaverroes.juntadeandalucia.es\/tictacproyectos\/files\/2018\/03\/yoga.png 100w, https:\/\/blogsaverroes.juntadeandalucia.es\/tictacproyectos\/files\/2018\/03\/yoga-24x24.png 24w, https:\/\/blogsaverroes.juntadeandalucia.es\/tictacproyectos\/files\/2018\/03\/yoga-36x36.png 36w, https:\/\/blogsaverroes.juntadeandalucia.es\/tictacproyectos\/files\/2018\/03\/yoga-48x48.png 48w\" sizes=\"(max-width: 100px) 100vw, 100px\" \/><\/a>\n<h5 class=\"pt-cv-title\"><a href=\"https:\/\/blogsaverroes.juntadeandalucia.es\/tictacproyectos\/2018\/04\/12\/yoga-2\/\" class=\"_self\" target=\"_self\" >Yoga<\/a><\/h5>\n<div class=\"pt-cv-content\">Podemos practicar yoga en: C\/ Pablo Garc\u00eda Baena - 6- La Carlota - C\u00f3rdoba -Duraci\u00f3n de cada clase: 1 hora ...<br \/><div class=\"pt-cv-rmwrap\"><a href=\"https:\/\/blogsaverroes.juntadeandalucia.es\/tictacproyectos\/2018\/04\/12\/yoga-2\/\" class=\"_self pt-cv-readmore btn btn-success\" target=\"_self\">Leer M\u00e1s<\/a><\/div><\/div><\/div><\/div>\n<div class=\"col-md-3 col-sm-6 col-xs-12 pt-cv-content-item pt-cv-1-col\" ><div class='pt-cv-ifield'><a href=\"https:\/\/blogsaverroes.juntadeandalucia.es\/tictacproyectos\/2018\/04\/10\/k1-2\/\" class=\"_self pt-cv-href-thumbnail pt-cv-thumb-default\" target=\"_self\" ><img loading=\"lazy\" decoding=\"async\" width=\"100\" height=\"100\" src=\"https:\/\/blogsaverroes.juntadeandalucia.es\/tictacproyectos\/files\/2018\/03\/logo_k1.png\" class=\"pt-cv-thumbnail\" alt=\"\" srcset=\"https:\/\/blogsaverroes.juntadeandalucia.es\/tictacproyectos\/files\/2018\/03\/logo_k1.png 100w, https:\/\/blogsaverroes.juntadeandalucia.es\/tictacproyectos\/files\/2018\/03\/logo_k1-24x24.png 24w, https:\/\/blogsaverroes.juntadeandalucia.es\/tictacproyectos\/files\/2018\/03\/logo_k1-36x36.png 36w, https:\/\/blogsaverroes.juntadeandalucia.es\/tictacproyectos\/files\/2018\/03\/logo_k1-48x48.png 48w\" sizes=\"(max-width: 100px) 100vw, 100px\" \/><\/a>\n<h5 class=\"pt-cv-title\"><a href=\"https:\/\/blogsaverroes.juntadeandalucia.es\/tictacproyectos\/2018\/04\/10\/k1-2\/\" class=\"_self\" target=\"_self\" >K1<\/a><\/h5>\n<div class=\"pt-cv-content\">Se imparte en pabell\u00f3n deportivo La Carlota Av del Deporte, 207, 14100, La Carlota, C\u00f3rdoba D\u00edas de las clases: martes, ...<br \/><div class=\"pt-cv-rmwrap\"><a href=\"https:\/\/blogsaverroes.juntadeandalucia.es\/tictacproyectos\/2018\/04\/10\/k1-2\/\" class=\"_self pt-cv-readmore btn btn-success\" target=\"_self\">Leer M\u00e1s<\/a><\/div><\/div><\/div><\/div>\n<div class=\"col-md-3 col-sm-6 col-xs-12 pt-cv-content-item pt-cv-1-col\" ><div class='pt-cv-ifield'><a href=\"https:\/\/blogsaverroes.juntadeandalucia.es\/tictacproyectos\/2018\/04\/10\/1178\/\" class=\"_self pt-cv-href-thumbnail pt-cv-thumb-default\" target=\"_self\" ><img loading=\"lazy\" decoding=\"async\" width=\"100\" height=\"100\" src=\"https:\/\/blogsaverroes.juntadeandalucia.es\/tictacproyectos\/files\/2018\/03\/tenis2.0.png\" class=\"pt-cv-thumbnail\" alt=\"\" srcset=\"https:\/\/blogsaverroes.juntadeandalucia.es\/tictacproyectos\/files\/2018\/03\/tenis2.0.png 100w, https:\/\/blogsaverroes.juntadeandalucia.es\/tictacproyectos\/files\/2018\/03\/tenis2.0-24x24.png 24w, https:\/\/blogsaverroes.juntadeandalucia.es\/tictacproyectos\/files\/2018\/03\/tenis2.0-36x36.png 36w, https:\/\/blogsaverroes.juntadeandalucia.es\/tictacproyectos\/files\/2018\/03\/tenis2.0-48x48.png 48w\" sizes=\"(max-width: 100px) 100vw, 100px\" \/><\/a>\n<h5 class=\"pt-cv-title\"><a href=\"https:\/\/blogsaverroes.juntadeandalucia.es\/tictacproyectos\/2018\/04\/10\/1178\/\" class=\"_self\" target=\"_self\" >Tenis<\/a><\/h5>\n<div class=\"pt-cv-content\">Se puede practicar tenis libremente, mediante el alquiler de las pistas , las cuales est\u00e1n disponibles todas las tardes de ...<br \/><div class=\"pt-cv-rmwrap\"><a href=\"https:\/\/blogsaverroes.juntadeandalucia.es\/tictacproyectos\/2018\/04\/10\/1178\/\" class=\"_self pt-cv-readmore btn btn-success\" target=\"_self\">Leer M\u00e1s<\/a><\/div><\/div><\/div><\/div>\n<div class=\"col-md-3 col-sm-6 col-xs-12 pt-cv-content-item pt-cv-1-col\" ><div class='pt-cv-ifield'><a href=\"https:\/\/blogsaverroes.juntadeandalucia.es\/tictacproyectos\/2018\/04\/10\/calistenia-2\/\" class=\"_self pt-cv-href-thumbnail pt-cv-thumb-default\" target=\"_self\" ><img loading=\"lazy\" decoding=\"async\" width=\"100\" height=\"100\" src=\"https:\/\/blogsaverroes.juntadeandalucia.es\/tictacproyectos\/files\/2018\/03\/logo-calistenia-bueno.png\" class=\"pt-cv-thumbnail\" alt=\"\" srcset=\"https:\/\/blogsaverroes.juntadeandalucia.es\/tictacproyectos\/files\/2018\/03\/logo-calistenia-bueno.png 100w, https:\/\/blogsaverroes.juntadeandalucia.es\/tictacproyectos\/files\/2018\/03\/logo-calistenia-bueno-24x24.png 24w, https:\/\/blogsaverroes.juntadeandalucia.es\/tictacproyectos\/files\/2018\/03\/logo-calistenia-bueno-36x36.png 36w, https:\/\/blogsaverroes.juntadeandalucia.es\/tictacproyectos\/files\/2018\/03\/logo-calistenia-bueno-48x48.png 48w\" sizes=\"(max-width: 100px) 100vw, 100px\" \/><\/a>\n<h5 class=\"pt-cv-title\"><a href=\"https:\/\/blogsaverroes.juntadeandalucia.es\/tictacproyectos\/2018\/04\/10\/calistenia-2\/\" class=\"_self\" target=\"_self\" >Calistenia<\/a><\/h5>\n<div class=\"pt-cv-content\">Este deporte se puede practicar a cualquier hora al aire libre en el parque de las Malvinas en el cual ...<br \/><div class=\"pt-cv-rmwrap\"><a href=\"https:\/\/blogsaverroes.juntadeandalucia.es\/tictacproyectos\/2018\/04\/10\/calistenia-2\/\" class=\"_self pt-cv-readmore btn btn-success\" target=\"_self\">Leer M\u00e1s<\/a><\/div><\/div><\/div><\/div>\n<div class=\"col-md-3 col-sm-6 col-xs-12 pt-cv-content-item pt-cv-1-col\" ><div class='pt-cv-ifield'><a href=\"https:\/\/blogsaverroes.juntadeandalucia.es\/tictacproyectos\/2018\/03\/13\/goshin-2\/\" class=\"_self pt-cv-href-thumbnail pt-cv-thumb-default\" target=\"_self\" ><img loading=\"lazy\" decoding=\"async\" width=\"100\" height=\"100\" src=\"https:\/\/blogsaverroes.juntadeandalucia.es\/tictacproyectos\/files\/2018\/02\/Logo-capa.png\" class=\"pt-cv-thumbnail\" alt=\"\" srcset=\"https:\/\/blogsaverroes.juntadeandalucia.es\/tictacproyectos\/files\/2018\/02\/Logo-capa.png 100w, https:\/\/blogsaverroes.juntadeandalucia.es\/tictacproyectos\/files\/2018\/02\/Logo-capa-24x24.png 24w, https:\/\/blogsaverroes.juntadeandalucia.es\/tictacproyectos\/files\/2018\/02\/Logo-capa-36x36.png 36w, https:\/\/blogsaverroes.juntadeandalucia.es\/tictacproyectos\/files\/2018\/02\/Logo-capa-48x48.png 48w\" sizes=\"(max-width: 100px) 100vw, 100px\" \/><\/a>\n<h5 class=\"pt-cv-title\"><a href=\"https:\/\/blogsaverroes.juntadeandalucia.es\/tictacproyectos\/2018\/03\/13\/goshin-2\/\" class=\"_self\" target=\"_self\" >Goshin<\/a><\/h5>\n<div class=\"pt-cv-content\">Puedes practicar Goshin en La Carlota, en la calle Dr.Mara\u00f1\u00f3n, n\u00ba 26. Tarifa: 19\u20ac\/mes por un euro m\u00e1s puedes acceder ...<br \/><div class=\"pt-cv-rmwrap\"><a href=\"https:\/\/blogsaverroes.juntadeandalucia.es\/tictacproyectos\/2018\/03\/13\/goshin-2\/\" class=\"_self pt-cv-readmore btn btn-success\" target=\"_self\">Leer M\u00e1s<\/a><\/div><\/div><\/div><\/div>\n<div class=\"col-md-3 col-sm-6 col-xs-12 pt-cv-content-item pt-cv-1-col\" ><div class='pt-cv-ifield'><a href=\"https:\/\/blogsaverroes.juntadeandalucia.es\/tictacproyectos\/2018\/02\/15\/natacion-2\/\" class=\"_self pt-cv-href-thumbnail pt-cv-thumb-default\" target=\"_self\" ><img loading=\"lazy\" decoding=\"async\" width=\"100\" height=\"100\" src=\"https:\/\/blogsaverroes.juntadeandalucia.es\/tictacproyectos\/files\/2018\/02\/logonatacionbueno.png\" class=\"pt-cv-thumbnail\" alt=\"\" srcset=\"https:\/\/blogsaverroes.juntadeandalucia.es\/tictacproyectos\/files\/2018\/02\/logonatacionbueno.png 100w, https:\/\/blogsaverroes.juntadeandalucia.es\/tictacproyectos\/files\/2018\/02\/logonatacionbueno-24x24.png 24w, https:\/\/blogsaverroes.juntadeandalucia.es\/tictacproyectos\/files\/2018\/02\/logonatacionbueno-36x36.png 36w, https:\/\/blogsaverroes.juntadeandalucia.es\/tictacproyectos\/files\/2018\/02\/logonatacionbueno-48x48.png 48w\" sizes=\"(max-width: 100px) 100vw, 100px\" \/><\/a>\n<h5 class=\"pt-cv-title\"><a href=\"https:\/\/blogsaverroes.juntadeandalucia.es\/tictacproyectos\/2018\/02\/15\/natacion-2\/\" class=\"_self\" target=\"_self\" >Nataci\u00f3n<\/a><\/h5>\n<div class=\"pt-cv-content\">Este deporte se realiza en el paball\u00f3n municipal situado en la Av. del Deporte, 207, 14100 La Carlota, C\u00f3rdoba y ...<br \/><div class=\"pt-cv-rmwrap\"><a href=\"https:\/\/blogsaverroes.juntadeandalucia.es\/tictacproyectos\/2018\/02\/15\/natacion-2\/\" class=\"_self pt-cv-readmore btn btn-success\" target=\"_self\">Leer M\u00e1s<\/a><\/div><\/div><\/div><\/div>\n<div class=\"col-md-3 col-sm-6 col-xs-12 pt-cv-content-item pt-cv-1-col\" ><div class='pt-cv-ifield'><a href=\"https:\/\/blogsaverroes.juntadeandalucia.es\/tictacproyectos\/2018\/02\/06\/zumba-2\/\" class=\"_self pt-cv-href-thumbnail pt-cv-thumb-default\" target=\"_self\" ><img loading=\"lazy\" decoding=\"async\" width=\"100\" height=\"100\" src=\"https:\/\/blogsaverroes.juntadeandalucia.es\/tictacproyectos\/files\/2018\/01\/Zumba.png\" class=\"pt-cv-thumbnail\" alt=\"\" srcset=\"https:\/\/blogsaverroes.juntadeandalucia.es\/tictacproyectos\/files\/2018\/01\/Zumba.png 100w, https:\/\/blogsaverroes.juntadeandalucia.es\/tictacproyectos\/files\/2018\/01\/Zumba-24x24.png 24w, https:\/\/blogsaverroes.juntadeandalucia.es\/tictacproyectos\/files\/2018\/01\/Zumba-36x36.png 36w, https:\/\/blogsaverroes.juntadeandalucia.es\/tictacproyectos\/files\/2018\/01\/Zumba-48x48.png 48w\" sizes=\"(max-width: 100px) 100vw, 100px\" \/><\/a>\n<h5 class=\"pt-cv-title\"><a href=\"https:\/\/blogsaverroes.juntadeandalucia.es\/tictacproyectos\/2018\/02\/06\/zumba-2\/\" class=\"_self\" target=\"_self\" >Zumba<\/a><\/h5>\n<div class=\"pt-cv-content\">En la Carlota, el establecimiento donde podr\u00e1s practicar Zumba se encuentra en la calle Ingeniero Torres Quevedo, el antiguo Bar ...<br \/><div class=\"pt-cv-rmwrap\"><a href=\"https:\/\/blogsaverroes.juntadeandalucia.es\/tictacproyectos\/2018\/02\/06\/zumba-2\/\" class=\"_self pt-cv-readmore btn btn-success\" target=\"_self\">Leer M\u00e1s<\/a><\/div><\/div><\/div><\/div><\/div><\/div><\/div>\n","protected":false},"excerpt":{"rendered":"<p>Aqu\u00ed pod\u00e9is encontrar toda la informaci\u00f3n y tarifas de cada uno de los deportes que pod\u00e9is practicar en La Carlota:<\/p>\n","protected":false},"author":5356,"featured_media":0,"parent":0,"menu_order":0,"comment_status":"closed","ping_status":"closed","template":"","meta":{"ngg_post_thumbnail":0,"footnotes":""},"aioseo_notices":[],"_links":{"self":[{"href":"https:\/\/blogsaverroes.juntadeandalucia.es\/tictacproyectos\/wp-json\/wp\/v2\/pages\/792"}],"collection":[{"href":"https:\/\/blogsaverroes.juntadeandalucia.es\/tictacproyectos\/wp-json\/wp\/v2\/pages"}],"about":[{"href":"https:\/\/blogsaverroes.juntadeandalucia.es\/tictacproyectos\/wp-json\/wp\/v2\/types\/page"}],"author":[{"embeddable":true,"href":"https:\/\/blogsaverroes.juntadeandalucia.es\/tictacproyectos\/wp-json\/wp\/v2\/users\/5356"}],"replies":[{"embeddable":true,"href":"https:\/\/blogsaverroes.juntadeandalucia.es\/tictacproyectos\/wp-json\/wp\/v2\/comments?post=792"}],"version-history":[{"count":1,"href":"https:\/\/blogsaverroes.juntadeandalucia.es\/tictacproyectos\/wp-json\/wp\/v2\/pages\/792\/revisions"}],"predecessor-version":[{"id":794,"href":"https:\/\/blogsaverroes.juntadeandalucia.es\/tictacproyectos\/wp-json\/wp\/v2\/pages\/792\/revisions\/794"}],"wp:attachment":[{"href":"https:\/\/blogsaverroes.juntadeandalucia.es\/tictacproyectos\/wp-json\/wp\/v2\/media?parent=792"}],"curies":[{"name":"wp","href":"https:\/\/api.w.org\/{rel}","templated":true}]}}