{"id":4,"date":"2024-10-30T20:21:40","date_gmt":"2024-10-30T19:21:40","guid":{"rendered":"https:\/\/blogsaverroes.juntadeandalucia.es\/ticteando\/?page_id=4"},"modified":"2024-10-30T21:32:39","modified_gmt":"2024-10-30T20:32:39","slug":"informacion-tic","status":"publish","type":"page","link":"https:\/\/blogsaverroes.juntadeandalucia.es\/ticteando\/informacion-tic\/","title":{"rendered":"Informaci\u00f3n TIC"},"content":{"rendered":"<p><strong>\u00abTicteando\u00bb<\/strong> es un espacio en el que vamos a compartir las evidencias de las din\u00e1micas que realizamos en los Talleres TIC. En este espacio encontrar\u00e1s diferentes secciones con contenido espec\u00edfico:<\/p>\n<p>&nbsp;<\/p>\n<p><strong>\u00a1PONTE EN MARCHA DIGITAL!<\/strong><\/p>\n<p>En este apartado mostraremos todos los enlaces de informaci\u00f3n y ayuda TIC que vay\u00e1is necesitando.<\/p>\n<p>&nbsp;<\/p>\n<p><strong>USO RESPONSABLE TIC<\/strong><\/p>\n<p>En este apartado compartiremos informaci\u00f3n y consejos para ser buenos ciudadanos digitales y hacer un buen uso digital.<\/p>\n<p>&nbsp;<\/p>\n<p><strong>TALLERES TIC<\/strong><\/p>\n<p>En esta apartado publicaremos las actividades que realizaremos en los Talleres TIC durante este curso.<\/p>\n","protected":false},"excerpt":{"rendered":"<p>\u00abTicteando\u00bb es un espacio en el que vamos a compartir las evidencias de las din\u00e1micas que realizamos en los Talleres TIC. En este espacio encontrar\u00e1s diferentes secciones con contenido espec\u00edfico: &nbsp; \u00a1PONTE EN MARCHA&#46;&#46;&#46;<\/p>\n","protected":false},"author":13354,"featured_media":0,"parent":0,"menu_order":0,"comment_status":"closed","ping_status":"closed","template":"","meta":{"footnotes":""},"aioseo_notices":[],"_links":{"self":[{"href":"https:\/\/blogsaverroes.juntadeandalucia.es\/ticteando\/wp-json\/wp\/v2\/pages\/4"}],"collection":[{"href":"https:\/\/blogsaverroes.juntadeandalucia.es\/ticteando\/wp-json\/wp\/v2\/pages"}],"about":[{"href":"https:\/\/blogsaverroes.juntadeandalucia.es\/ticteando\/wp-json\/wp\/v2\/types\/page"}],"author":[{"embeddable":true,"href":"https:\/\/blogsaverroes.juntadeandalucia.es\/ticteando\/wp-json\/wp\/v2\/users\/13354"}],"replies":[{"embeddable":true,"href":"https:\/\/blogsaverroes.juntadeandalucia.es\/ticteando\/wp-json\/wp\/v2\/comments?post=4"}],"version-history":[{"count":4,"href":"https:\/\/blogsaverroes.juntadeandalucia.es\/ticteando\/wp-json\/wp\/v2\/pages\/4\/revisions"}],"predecessor-version":[{"id":29,"href":"https:\/\/blogsaverroes.juntadeandalucia.es\/ticteando\/wp-json\/wp\/v2\/pages\/4\/revisions\/29"}],"wp:attachment":[{"href":"https:\/\/blogsaverroes.juntadeandalucia.es\/ticteando\/wp-json\/wp\/v2\/media?parent=4"}],"curies":[{"name":"wp","href":"https:\/\/api.w.org\/{rel}","templated":true}]}}