{"id":8,"date":"2024-10-30T20:32:47","date_gmt":"2024-10-30T19:32:47","guid":{"rendered":"https:\/\/blogsaverroes.juntadeandalucia.es\/ticteando\/?page_id=8"},"modified":"2024-10-30T21:33:43","modified_gmt":"2024-10-30T20:33:43","slug":"ponte-en-marcha-digital","status":"publish","type":"page","link":"https:\/\/blogsaverroes.juntadeandalucia.es\/ticteando\/ponte-en-marcha-digital\/","title":{"rendered":"\u00a1Ponte en marcha digital!"},"content":{"rendered":"<p><span style=\"text-decoration: underline\"><strong>Presentaciones Google<\/strong><\/span><\/p>\n<p><strong><img loading=\"lazy\" decoding=\"async\" class=\"wp-image-12 alignleft\" src=\"https:\/\/blogsaverroes.juntadeandalucia.es\/ticteando\/files\/2024\/10\/google-slides-logo-218x300.png\" alt=\"\" width=\"53\" height=\"73\" srcset=\"https:\/\/blogsaverroes.juntadeandalucia.es\/ticteando\/files\/2024\/10\/google-slides-logo-218x300.png 218w, https:\/\/blogsaverroes.juntadeandalucia.es\/ticteando\/files\/2024\/10\/google-slides-logo-745x1024.png 745w, https:\/\/blogsaverroes.juntadeandalucia.es\/ticteando\/files\/2024\/10\/google-slides-logo-768x1056.png 768w, https:\/\/blogsaverroes.juntadeandalucia.es\/ticteando\/files\/2024\/10\/google-slides-logo.png 800w\" sizes=\"(max-width: 53px) 100vw, 53px\" \/><\/strong><\/p>\n<p style=\"text-align: justify\">\u00abPresentaciones Google\u00bb es un programa para editar y crear presentaciones similar a Power Point pero en l\u00ednea, que forma parte de las herramientas de Google disponibles en tu Drive. Puedes acceder a \u00e9l a trav\u00e9s de tu correo siguiendo los pasos explicados en clase. Os dejo un enlace de ayuda para casa.<\/p>\n<p><iframe loading=\"lazy\" title=\"\ud83d\udfe0 PRESENTACIONES de GOOGLE \u2013 GU\u00cdA R\u00c1PIDA primeros pasos - TUTORIAL para TODOS\" width=\"500\" height=\"281\" src=\"https:\/\/www.youtube.com\/embed\/Ttt1bRZ7sOo?feature=oembed&#038;wmode=opaque\" frameborder=\"0\" allow=\"accelerometer; autoplay; clipboard-write; encrypted-media; gyroscope; picture-in-picture; web-share\" referrerpolicy=\"strict-origin-when-cross-origin\" allowfullscreen><\/iframe><\/p>\n<p>&nbsp;<\/p>\n","protected":false},"excerpt":{"rendered":"<p>Presentaciones Google \u00abPresentaciones Google\u00bb es un programa para editar y crear presentaciones similar a Power Point pero en l\u00ednea, que forma parte de las herramientas de Google disponibles en tu Drive. Puedes acceder a&#46;&#46;&#46;<\/p>\n","protected":false},"author":13354,"featured_media":0,"parent":0,"menu_order":0,"comment_status":"closed","ping_status":"closed","template":"","meta":{"footnotes":""},"aioseo_notices":[],"_links":{"self":[{"href":"https:\/\/blogsaverroes.juntadeandalucia.es\/ticteando\/wp-json\/wp\/v2\/pages\/8"}],"collection":[{"href":"https:\/\/blogsaverroes.juntadeandalucia.es\/ticteando\/wp-json\/wp\/v2\/pages"}],"about":[{"href":"https:\/\/blogsaverroes.juntadeandalucia.es\/ticteando\/wp-json\/wp\/v2\/types\/page"}],"author":[{"embeddable":true,"href":"https:\/\/blogsaverroes.juntadeandalucia.es\/ticteando\/wp-json\/wp\/v2\/users\/13354"}],"replies":[{"embeddable":true,"href":"https:\/\/blogsaverroes.juntadeandalucia.es\/ticteando\/wp-json\/wp\/v2\/comments?post=8"}],"version-history":[{"count":4,"href":"https:\/\/blogsaverroes.juntadeandalucia.es\/ticteando\/wp-json\/wp\/v2\/pages\/8\/revisions"}],"predecessor-version":[{"id":13,"href":"https:\/\/blogsaverroes.juntadeandalucia.es\/ticteando\/wp-json\/wp\/v2\/pages\/8\/revisions\/13"}],"wp:attachment":[{"href":"https:\/\/blogsaverroes.juntadeandalucia.es\/ticteando\/wp-json\/wp\/v2\/media?parent=8"}],"curies":[{"name":"wp","href":"https:\/\/api.w.org\/{rel}","templated":true}]}}