{"id":31,"date":"2022-11-06T20:08:14","date_gmt":"2022-11-06T20:08:14","guid":{"rendered":"https:\/\/blogsaverroes.juntadeandalucia.es\/ticzuloaga\/?page_id=31"},"modified":"2022-11-06T20:08:14","modified_gmt":"2022-11-06T20:08:14","slug":"quienes-somos","status":"publish","type":"page","link":"https:\/\/blogsaverroes.juntadeandalucia.es\/ticzuloaga\/quienes-somos\/","title":{"rendered":"\u00bfQuienes somos?"},"content":{"rendered":"<p>Este es el Blog de Inform\u00e1tica del&nbsp; Centro de Educaci\u00f3n Permanente \u00abPintor Zuloaga\u00bb, es un centro p\u00fablico al que pueden asistir todas las personas mayores de 18 a\u00f1os.<\/p>\n<p>En el Centro se imparten dos tipos de Planes Educativos:<\/p>\n<p><strong>Planes Formales<\/strong>: encaminados a la obtenci\u00f3n de la titulaci\u00f3n b\u00e1sica del sistema educativo como la ESPA (Edu. Secundaria Personas Adultas) y la preparaci\u00f3n para obtener T\u00e9cnic. Cuidados Auxiliar enfermer\u00eda (TCAE).<\/p>\n<p><strong>Planes no Formales<\/strong>: que pretenden facilitar, a la ciudadan\u00eda interesada, conocimientos b\u00e1sicos sobre Ingl\u00e9s, Inform\u00e1tica, Conocimiento del Patrimonio, Espa\u00f1ol para extranjeros, &#8230;<\/p>\n<p><img loading=\"lazy\" decoding=\"async\" class=\"size-medium wp-image-33 aligncenter\" src=\"https:\/\/blogsaverroes.juntadeandalucia.es\/ticzuloaga\/files\/2022\/11\/Puerta-de-Tierra-7-300x200.jpg\" alt=\"\" width=\"300\" height=\"200\" srcset=\"https:\/\/blogsaverroes.juntadeandalucia.es\/ticzuloaga\/files\/2022\/11\/Puerta-de-Tierra-7-300x200.jpg 300w, https:\/\/blogsaverroes.juntadeandalucia.es\/ticzuloaga\/files\/2022\/11\/Puerta-de-Tierra-7-768x512.jpg 768w, https:\/\/blogsaverroes.juntadeandalucia.es\/ticzuloaga\/files\/2022\/11\/Puerta-de-Tierra-7.jpg 800w\" sizes=\"(max-width: 300px) 100vw, 300px\" \/><\/p>\n","protected":false},"excerpt":{"rendered":"<p>Este es el Blog de Inform\u00e1tica del&nbsp; Centro de Educaci\u00f3n Permanente \u00abPintor Zuloaga\u00bb, es un centro p\u00fablico al que pueden asistir todas las personas mayores de 18 a\u00f1os. En el Centro se imparten dos&#46;&#46;&#46;<\/p>\n","protected":false},"author":16403,"featured_media":0,"parent":0,"menu_order":0,"comment_status":"closed","ping_status":"closed","template":"","meta":{"ngg_post_thumbnail":0,"footnotes":""},"aioseo_notices":[],"_links":{"self":[{"href":"https:\/\/blogsaverroes.juntadeandalucia.es\/ticzuloaga\/wp-json\/wp\/v2\/pages\/31"}],"collection":[{"href":"https:\/\/blogsaverroes.juntadeandalucia.es\/ticzuloaga\/wp-json\/wp\/v2\/pages"}],"about":[{"href":"https:\/\/blogsaverroes.juntadeandalucia.es\/ticzuloaga\/wp-json\/wp\/v2\/types\/page"}],"author":[{"embeddable":true,"href":"https:\/\/blogsaverroes.juntadeandalucia.es\/ticzuloaga\/wp-json\/wp\/v2\/users\/16403"}],"replies":[{"embeddable":true,"href":"https:\/\/blogsaverroes.juntadeandalucia.es\/ticzuloaga\/wp-json\/wp\/v2\/comments?post=31"}],"version-history":[{"count":3,"href":"https:\/\/blogsaverroes.juntadeandalucia.es\/ticzuloaga\/wp-json\/wp\/v2\/pages\/31\/revisions"}],"predecessor-version":[{"id":35,"href":"https:\/\/blogsaverroes.juntadeandalucia.es\/ticzuloaga\/wp-json\/wp\/v2\/pages\/31\/revisions\/35"}],"wp:attachment":[{"href":"https:\/\/blogsaverroes.juntadeandalucia.es\/ticzuloaga\/wp-json\/wp\/v2\/media?parent=31"}],"curies":[{"name":"wp","href":"https:\/\/api.w.org\/{rel}","templated":true}]}}