{"id":13,"date":"2022-05-04T15:44:51","date_gmt":"2022-05-04T15:44:51","guid":{"rendered":"https:\/\/blogsaverroes.juntadeandalucia.es\/tizasde6colores\/?page_id=13"},"modified":"2022-05-04T18:18:00","modified_gmt":"2022-05-04T18:18:00","slug":"nos-conocemos","status":"publish","type":"page","link":"https:\/\/blogsaverroes.juntadeandalucia.es\/tizasde6colores\/nos-conocemos\/","title":{"rendered":"Nos conocemos"},"content":{"rendered":"<p>Mi nombre es Roc\u00edo Orejuela y soy maestra en el CEIP Manuel Gim\u00e9nez Fern\u00e1ndez situado en la provincia de Sevilla. En este blog me gustar\u00eda compartir recursos educativos con los que facilitar el trabajo de las distintas materias de Primaria.<\/p>\n","protected":false},"excerpt":{"rendered":"<p>Mi nombre es Roc\u00edo Orejuela y soy maestra en el CEIP Manuel Gim\u00e9nez Fern\u00e1ndez situado en la provincia de Sevilla. En este blog me gustar\u00eda&hellip;<\/p>\n","protected":false},"author":15060,"featured_media":0,"parent":0,"menu_order":0,"comment_status":"closed","ping_status":"closed","template":"","meta":{"ngg_post_thumbnail":0,"footnotes":""},"aioseo_notices":[],"_links":{"self":[{"href":"https:\/\/blogsaverroes.juntadeandalucia.es\/tizasde6colores\/wp-json\/wp\/v2\/pages\/13"}],"collection":[{"href":"https:\/\/blogsaverroes.juntadeandalucia.es\/tizasde6colores\/wp-json\/wp\/v2\/pages"}],"about":[{"href":"https:\/\/blogsaverroes.juntadeandalucia.es\/tizasde6colores\/wp-json\/wp\/v2\/types\/page"}],"author":[{"embeddable":true,"href":"https:\/\/blogsaverroes.juntadeandalucia.es\/tizasde6colores\/wp-json\/wp\/v2\/users\/15060"}],"replies":[{"embeddable":true,"href":"https:\/\/blogsaverroes.juntadeandalucia.es\/tizasde6colores\/wp-json\/wp\/v2\/comments?post=13"}],"version-history":[{"count":3,"href":"https:\/\/blogsaverroes.juntadeandalucia.es\/tizasde6colores\/wp-json\/wp\/v2\/pages\/13\/revisions"}],"predecessor-version":[{"id":19,"href":"https:\/\/blogsaverroes.juntadeandalucia.es\/tizasde6colores\/wp-json\/wp\/v2\/pages\/13\/revisions\/19"}],"wp:attachment":[{"href":"https:\/\/blogsaverroes.juntadeandalucia.es\/tizasde6colores\/wp-json\/wp\/v2\/media?parent=13"}],"curies":[{"name":"wp","href":"https:\/\/api.w.org\/{rel}","templated":true}]}}