{"id":20,"date":"2022-05-04T18:34:41","date_gmt":"2022-05-04T18:34:41","guid":{"rendered":"https:\/\/blogsaverroes.juntadeandalucia.es\/tizasde6colores\/?page_id=20"},"modified":"2022-05-04T18:34:41","modified_gmt":"2022-05-04T18:34:41","slug":"mi-colegio","status":"publish","type":"page","link":"https:\/\/blogsaverroes.juntadeandalucia.es\/tizasde6colores\/mi-colegio\/","title":{"rendered":"Mi colegio"},"content":{"rendered":"<p>Como ya he comentado trabajo en el CEIP Manuel Gim\u00e9nez Fern\u00e1ndez que est\u00e1 situado en Sevilla en la zona de Pol\u00edgono Sur, tambi\u00e9n conocida como las tres mil viviendas.&nbsp;<\/p>\n","protected":false},"excerpt":{"rendered":"<p>Como ya he comentado trabajo en el CEIP Manuel Gim\u00e9nez Fern\u00e1ndez que est\u00e1 situado en Sevilla en la zona de Pol\u00edgono Sur, tambi\u00e9n conocida como&hellip;<\/p>\n","protected":false},"author":15060,"featured_media":0,"parent":0,"menu_order":0,"comment_status":"closed","ping_status":"closed","template":"","meta":{"ngg_post_thumbnail":0,"footnotes":""},"aioseo_notices":[],"_links":{"self":[{"href":"https:\/\/blogsaverroes.juntadeandalucia.es\/tizasde6colores\/wp-json\/wp\/v2\/pages\/20"}],"collection":[{"href":"https:\/\/blogsaverroes.juntadeandalucia.es\/tizasde6colores\/wp-json\/wp\/v2\/pages"}],"about":[{"href":"https:\/\/blogsaverroes.juntadeandalucia.es\/tizasde6colores\/wp-json\/wp\/v2\/types\/page"}],"author":[{"embeddable":true,"href":"https:\/\/blogsaverroes.juntadeandalucia.es\/tizasde6colores\/wp-json\/wp\/v2\/users\/15060"}],"replies":[{"embeddable":true,"href":"https:\/\/blogsaverroes.juntadeandalucia.es\/tizasde6colores\/wp-json\/wp\/v2\/comments?post=20"}],"version-history":[{"count":1,"href":"https:\/\/blogsaverroes.juntadeandalucia.es\/tizasde6colores\/wp-json\/wp\/v2\/pages\/20\/revisions"}],"predecessor-version":[{"id":22,"href":"https:\/\/blogsaverroes.juntadeandalucia.es\/tizasde6colores\/wp-json\/wp\/v2\/pages\/20\/revisions\/22"}],"wp:attachment":[{"href":"https:\/\/blogsaverroes.juntadeandalucia.es\/tizasde6colores\/wp-json\/wp\/v2\/media?parent=20"}],"curies":[{"name":"wp","href":"https:\/\/api.w.org\/{rel}","templated":true}]}}