{"id":10744,"date":"2025-03-11T18:26:17","date_gmt":"2025-03-11T18:26:17","guid":{"rendered":"https:\/\/blogsaverroes.juntadeandalucia.es\/tomasapinilla\/?page_id=10744"},"modified":"2025-03-11T18:26:17","modified_gmt":"2025-03-11T18:26:17","slug":"problemas-de-acceso-pasen","status":"publish","type":"page","link":"https:\/\/blogsaverroes.juntadeandalucia.es\/tomasapinilla\/problemas-de-acceso-pasen\/","title":{"rendered":"PROBLEMAS DE ACCESO PASEN"},"content":{"rendered":"<p style=\"font-weight: 400\">Tutoriales para resolver algunas de las dudas m\u00e1s frecuentes de ipasen.<\/p>\n<p style=\"font-weight: 400\">&nbsp;<\/p>\n<p style=\"font-weight: 400\"><strong>Descargar aplicaci\u00f3n, instalar y registrarse<\/strong><\/p>\n<p><iframe loading=\"lazy\" title=\"Autologin o autorregistro en iPasen\" width=\"500\" height=\"375\" src=\"https:\/\/www.youtube.com\/embed\/cHLova48ULE?start=1&#038;feature=oembed&#038;wmode=opaque\" frameborder=\"0\" allow=\"accelerometer; autoplay; clipboard-write; encrypted-media; gyroscope; picture-in-picture; web-share\" referrerpolicy=\"strict-origin-when-cross-origin\" allowfullscreen><\/iframe><\/p>\n<p style=\"font-weight: 400\">&nbsp;<\/p>\n<p style=\"font-weight: 400\"><strong>Comunicaci\u00f3n y justificaci\u00f3n ausencias con ipasen<\/strong><\/p>\n<p><iframe loading=\"lazy\" title=\"Comunicaci\u00f3n y justificaci\u00f3n ausencias con ipasen\" width=\"500\" height=\"281\" src=\"https:\/\/www.youtube.com\/embed\/PkQABCDUuds?start=36&#038;feature=oembed&#038;wmode=opaque\" frameborder=\"0\" allow=\"accelerometer; autoplay; clipboard-write; encrypted-media; gyroscope; picture-in-picture; web-share\" referrerpolicy=\"strict-origin-when-cross-origin\" allowfullscreen><\/iframe><\/p>\n<p style=\"font-weight: 400\">&nbsp;<\/p>\n<p style=\"font-weight: 400\"><strong>Consultar calificaciones y descargar el bolet\u00edn de notas<\/strong><\/p>\n<p><iframe loading=\"lazy\" title=\"Descarga documentaci\u00f3n punto de recogida con ipasen\" width=\"500\" height=\"281\" src=\"https:\/\/www.youtube.com\/embed\/2ktEeEs63Kc?feature=oembed&#038;wmode=opaque\" frameborder=\"0\" allow=\"accelerometer; autoplay; clipboard-write; encrypted-media; gyroscope; picture-in-picture; web-share\" referrerpolicy=\"strict-origin-when-cross-origin\" allowfullscreen><\/iframe><\/p>\n<p>&nbsp;<\/p>\n","protected":false},"excerpt":{"rendered":"<p>Tutoriales para resolver algunas de las dudas m\u00e1s frecuentes de ipasen. &nbsp; Descargar aplicaci\u00f3n, instalar y registrarse &nbsp; Comunicaci\u00f3n y justificaci\u00f3n ausencias con ipasen &nbsp; Consultar calificaciones y descargar el&#46;&#46;&#46;<\/p>\n","protected":false},"author":20221,"featured_media":10745,"parent":0,"menu_order":0,"comment_status":"closed","ping_status":"closed","template":"","meta":{"_exactmetrics_skip_tracking":false,"_exactmetrics_sitenote_active":false,"_exactmetrics_sitenote_note":"","_exactmetrics_sitenote_category":0,"ngg_post_thumbnail":0,"footnotes":"","_mc_calendar":[]},"aioseo_notices":[],"post_mailing_queue_ids":[],"_links":{"self":[{"href":"https:\/\/blogsaverroes.juntadeandalucia.es\/tomasapinilla\/wp-json\/wp\/v2\/pages\/10744"}],"collection":[{"href":"https:\/\/blogsaverroes.juntadeandalucia.es\/tomasapinilla\/wp-json\/wp\/v2\/pages"}],"about":[{"href":"https:\/\/blogsaverroes.juntadeandalucia.es\/tomasapinilla\/wp-json\/wp\/v2\/types\/page"}],"author":[{"embeddable":true,"href":"https:\/\/blogsaverroes.juntadeandalucia.es\/tomasapinilla\/wp-json\/wp\/v2\/users\/20221"}],"replies":[{"embeddable":true,"href":"https:\/\/blogsaverroes.juntadeandalucia.es\/tomasapinilla\/wp-json\/wp\/v2\/comments?post=10744"}],"version-history":[{"count":1,"href":"https:\/\/blogsaverroes.juntadeandalucia.es\/tomasapinilla\/wp-json\/wp\/v2\/pages\/10744\/revisions"}],"predecessor-version":[{"id":10746,"href":"https:\/\/blogsaverroes.juntadeandalucia.es\/tomasapinilla\/wp-json\/wp\/v2\/pages\/10744\/revisions\/10746"}],"wp:featuredmedia":[{"embeddable":true,"href":"https:\/\/blogsaverroes.juntadeandalucia.es\/tomasapinilla\/wp-json\/wp\/v2\/media\/10745"}],"wp:attachment":[{"href":"https:\/\/blogsaverroes.juntadeandalucia.es\/tomasapinilla\/wp-json\/wp\/v2\/media?parent=10744"}],"curies":[{"name":"wp","href":"https:\/\/api.w.org\/{rel}","templated":true}]}}