{"id":6516,"date":"2021-05-21T08:39:35","date_gmt":"2021-05-21T08:39:35","guid":{"rendered":"https:\/\/blogsaverroes.juntadeandalucia.es\/tomasapinilla\/?page_id=6516"},"modified":"2025-03-15T15:35:58","modified_gmt":"2025-03-15T15:35:58","slug":"aula-hogar","status":"publish","type":"page","link":"https:\/\/blogsaverroes.juntadeandalucia.es\/tomasapinilla\/espacios-pedagogicos\/aula-hogar\/","title":{"rendered":"Aula Hogar"},"content":{"rendered":"<p>En el curso 2021 inauguramos nuestra <strong>Aula Hogar<\/strong>, un espacio que nos permite llevar a la pr\u00e1ctica los aprendizajes que se trabajan de manera te\u00f3rica en el aula, dando a la ense\u00f1anza un car\u00e1cter significativo para el alumnado. Este espacio tambi\u00e9n fomenta la <strong>autonom\u00eda<\/strong> y <strong>responsabilidad<\/strong> del alumnado en las tareas dom\u00e9sticas.<\/p>\n<p>En el aula hogar trabajamos de una manera amena y divertida contenidos de:<\/p>\n<ul>\n<li><strong>Lengua<\/strong>: comprensi\u00f3n lectora de recetas, escritura de recetas de cocina, descripci\u00f3n de tareas dom\u00e9sticas\u2026<\/li>\n<li><strong>Matema\u0301ticas<\/strong>: operaciones con cantidades y medidas, uso de tantos por cientos, estimacio\u0301n de medidas&#8230;<\/li>\n<li><strong>Conocimiento<\/strong> del Medio: conocimiento de verduras y frutas, as\u00ed como su procedencia, aprovechamiento del agua, reciclado de basuras\u2026<\/li>\n<\/ul>\n<p>Nuestra aula hogar incluye varias zonas que reflejan las distintas dependencias de una casa com\u00fan:<\/p>\n<ol>\n<li><strong>Zona de cocina<\/strong> con encimera, fregadero, escurreplatos, microondas, horno, placa de cocina, batidora y m\u00faltiples utensilios de cocina. En este espacio el alumnado podr\u00e1 fregar y preparar comidas.<\/li>\n<li><strong>Zona de comedor<\/strong> con una gran mesa y varias sillas, y varios muebles para guardar el menaje de hogar. Los estudiantes aprender\u00e1n a poner y quitar la mesa y a organizar los muebles.<\/li>\n<li><strong>Zona de dormitorio<\/strong> con una cama individual y un ropero. El alumnado har\u00e1 la cama y doblar\u00e1 la ropa.<\/li>\n<li><strong>Zona de balc\u00f3n<\/strong> con tendedero donde el alumnado tender\u00e1 la ropa y la recoger\u00e1.<\/li>\n<\/ol>\n<p><iframe loading=\"lazy\" title=\"Te presento mi cole: AULA HOGAR (3\u00ba) CEIP TOMASA PINILLA 2024\/25\" width=\"500\" height=\"281\" src=\"https:\/\/www.youtube.com\/embed\/17LJr5AjdEc?feature=oembed&#038;wmode=opaque\" frameborder=\"0\" allow=\"accelerometer; autoplay; clipboard-write; encrypted-media; gyroscope; picture-in-picture; web-share\" referrerpolicy=\"strict-origin-when-cross-origin\" allowfullscreen><\/iframe><\/p>\n<p><a href=\"https:\/\/blogsaverroes.juntadeandalucia.es\/tomasapinilla\/files\/2023\/09\/Hogar1-scaled.jpg\"><img loading=\"lazy\" decoding=\"async\" class=\"aligncenter wp-image-7669 size-full\" src=\"https:\/\/blogsaverroes.juntadeandalucia.es\/tomasapinilla\/files\/2023\/09\/Hogar1-scaled-e1695396812964.jpg\" alt=\"\" width=\"588\" height=\"696\" srcset=\"https:\/\/blogsaverroes.juntadeandalucia.es\/tomasapinilla\/files\/2023\/09\/Hogar1-scaled-e1695396812964.jpg 588w, https:\/\/blogsaverroes.juntadeandalucia.es\/tomasapinilla\/files\/2023\/09\/Hogar1-scaled-e1695396812964-253x300.jpg 253w\" sizes=\"(max-width: 588px) 100vw, 588px\" \/><\/a><a href=\"https:\/\/blogsaverroes.juntadeandalucia.es\/tomasapinilla\/files\/2023\/09\/Hogar9-scaled.jpg\"><img loading=\"lazy\" decoding=\"async\" class=\"aligncenter size-full wp-image-7677\" src=\"https:\/\/blogsaverroes.juntadeandalucia.es\/tomasapinilla\/files\/2023\/09\/Hogar9-scaled.jpg\" alt=\"\" width=\"1600\" height=\"1200\" srcset=\"https:\/\/blogsaverroes.juntadeandalucia.es\/tomasapinilla\/files\/2023\/09\/Hogar9-scaled.jpg 1600w, https:\/\/blogsaverroes.juntadeandalucia.es\/tomasapinilla\/files\/2023\/09\/Hogar9-300x225.jpg 300w, https:\/\/blogsaverroes.juntadeandalucia.es\/tomasapinilla\/files\/2023\/09\/Hogar9-1024x768.jpg 1024w, https:\/\/blogsaverroes.juntadeandalucia.es\/tomasapinilla\/files\/2023\/09\/Hogar9-768x576.jpg 768w, https:\/\/blogsaverroes.juntadeandalucia.es\/tomasapinilla\/files\/2023\/09\/Hogar9-1536x1152.jpg 1536w, https:\/\/blogsaverroes.juntadeandalucia.es\/tomasapinilla\/files\/2023\/09\/Hogar9-2048x1536.jpg 2048w\" sizes=\"(max-width: 1600px) 100vw, 1600px\" \/><\/a> <a href=\"https:\/\/blogsaverroes.juntadeandalucia.es\/tomasapinilla\/files\/2023\/09\/Hogar2-scaled.jpg\"><br \/>\n<\/a> <a href=\"https:\/\/blogsaverroes.juntadeandalucia.es\/tomasapinilla\/files\/2023\/09\/Hogar3-scaled.jpg\"><img loading=\"lazy\" decoding=\"async\" class=\"aligncenter size-full wp-image-7671\" src=\"https:\/\/blogsaverroes.juntadeandalucia.es\/tomasapinilla\/files\/2023\/09\/Hogar3-scaled.jpg\" alt=\"\" width=\"1600\" height=\"1200\" srcset=\"https:\/\/blogsaverroes.juntadeandalucia.es\/tomasapinilla\/files\/2023\/09\/Hogar3-scaled.jpg 1600w, https:\/\/blogsaverroes.juntadeandalucia.es\/tomasapinilla\/files\/2023\/09\/Hogar3-300x225.jpg 300w, https:\/\/blogsaverroes.juntadeandalucia.es\/tomasapinilla\/files\/2023\/09\/Hogar3-1024x768.jpg 1024w, https:\/\/blogsaverroes.juntadeandalucia.es\/tomasapinilla\/files\/2023\/09\/Hogar3-768x576.jpg 768w, https:\/\/blogsaverroes.juntadeandalucia.es\/tomasapinilla\/files\/2023\/09\/Hogar3-1536x1152.jpg 1536w, https:\/\/blogsaverroes.juntadeandalucia.es\/tomasapinilla\/files\/2023\/09\/Hogar3-2048x1536.jpg 2048w\" sizes=\"(max-width: 1600px) 100vw, 1600px\" \/><\/a> <a href=\"https:\/\/blogsaverroes.juntadeandalucia.es\/tomasapinilla\/files\/2023\/09\/Hogar4-scaled.jpg\"><img loading=\"lazy\" decoding=\"async\" class=\"aligncenter size-full wp-image-7672\" src=\"https:\/\/blogsaverroes.juntadeandalucia.es\/tomasapinilla\/files\/2023\/09\/Hogar4-scaled.jpg\" alt=\"\" width=\"1600\" height=\"1200\" srcset=\"https:\/\/blogsaverroes.juntadeandalucia.es\/tomasapinilla\/files\/2023\/09\/Hogar4-scaled.jpg 1600w, https:\/\/blogsaverroes.juntadeandalucia.es\/tomasapinilla\/files\/2023\/09\/Hogar4-300x225.jpg 300w, https:\/\/blogsaverroes.juntadeandalucia.es\/tomasapinilla\/files\/2023\/09\/Hogar4-1024x768.jpg 1024w, https:\/\/blogsaverroes.juntadeandalucia.es\/tomasapinilla\/files\/2023\/09\/Hogar4-768x576.jpg 768w, https:\/\/blogsaverroes.juntadeandalucia.es\/tomasapinilla\/files\/2023\/09\/Hogar4-1536x1152.jpg 1536w, https:\/\/blogsaverroes.juntadeandalucia.es\/tomasapinilla\/files\/2023\/09\/Hogar4-2048x1536.jpg 2048w\" sizes=\"(max-width: 1600px) 100vw, 1600px\" \/><\/a> <a href=\"https:\/\/blogsaverroes.juntadeandalucia.es\/tomasapinilla\/files\/2023\/09\/Hogar5-scaled.jpg\"><img loading=\"lazy\" decoding=\"async\" class=\"aligncenter size-full wp-image-7673\" src=\"https:\/\/blogsaverroes.juntadeandalucia.es\/tomasapinilla\/files\/2023\/09\/Hogar5-scaled.jpg\" alt=\"\" width=\"1600\" height=\"1200\" srcset=\"https:\/\/blogsaverroes.juntadeandalucia.es\/tomasapinilla\/files\/2023\/09\/Hogar5-scaled.jpg 1600w, https:\/\/blogsaverroes.juntadeandalucia.es\/tomasapinilla\/files\/2023\/09\/Hogar5-300x225.jpg 300w, https:\/\/blogsaverroes.juntadeandalucia.es\/tomasapinilla\/files\/2023\/09\/Hogar5-1024x768.jpg 1024w, https:\/\/blogsaverroes.juntadeandalucia.es\/tomasapinilla\/files\/2023\/09\/Hogar5-768x576.jpg 768w, https:\/\/blogsaverroes.juntadeandalucia.es\/tomasapinilla\/files\/2023\/09\/Hogar5-1536x1152.jpg 1536w, https:\/\/blogsaverroes.juntadeandalucia.es\/tomasapinilla\/files\/2023\/09\/Hogar5-2048x1536.jpg 2048w\" sizes=\"(max-width: 1600px) 100vw, 1600px\" \/><\/a> <a href=\"https:\/\/blogsaverroes.juntadeandalucia.es\/tomasapinilla\/files\/2023\/09\/Hogar6-scaled.jpg\"><br \/>\n<\/a> <a href=\"https:\/\/blogsaverroes.juntadeandalucia.es\/tomasapinilla\/files\/2023\/09\/Hogar7-scaled.jpg\"><img loading=\"lazy\" decoding=\"async\" class=\"aligncenter size-full wp-image-7675\" src=\"https:\/\/blogsaverroes.juntadeandalucia.es\/tomasapinilla\/files\/2023\/09\/Hogar7-scaled.jpg\" alt=\"\" width=\"1600\" height=\"1200\" srcset=\"https:\/\/blogsaverroes.juntadeandalucia.es\/tomasapinilla\/files\/2023\/09\/Hogar7-scaled.jpg 1600w, https:\/\/blogsaverroes.juntadeandalucia.es\/tomasapinilla\/files\/2023\/09\/Hogar7-300x225.jpg 300w, https:\/\/blogsaverroes.juntadeandalucia.es\/tomasapinilla\/files\/2023\/09\/Hogar7-1024x768.jpg 1024w, https:\/\/blogsaverroes.juntadeandalucia.es\/tomasapinilla\/files\/2023\/09\/Hogar7-768x576.jpg 768w, https:\/\/blogsaverroes.juntadeandalucia.es\/tomasapinilla\/files\/2023\/09\/Hogar7-1536x1152.jpg 1536w, https:\/\/blogsaverroes.juntadeandalucia.es\/tomasapinilla\/files\/2023\/09\/Hogar7-2048x1536.jpg 2048w\" sizes=\"(max-width: 1600px) 100vw, 1600px\" \/><\/a> <a href=\"https:\/\/blogsaverroes.juntadeandalucia.es\/tomasapinilla\/files\/2023\/09\/Hogar8-scaled.jpg\"><img loading=\"lazy\" decoding=\"async\" class=\"aligncenter size-full wp-image-7676\" src=\"https:\/\/blogsaverroes.juntadeandalucia.es\/tomasapinilla\/files\/2023\/09\/Hogar8-scaled.jpg\" alt=\"\" width=\"1600\" height=\"1200\" srcset=\"https:\/\/blogsaverroes.juntadeandalucia.es\/tomasapinilla\/files\/2023\/09\/Hogar8-scaled.jpg 1600w, https:\/\/blogsaverroes.juntadeandalucia.es\/tomasapinilla\/files\/2023\/09\/Hogar8-300x225.jpg 300w, https:\/\/blogsaverroes.juntadeandalucia.es\/tomasapinilla\/files\/2023\/09\/Hogar8-1024x768.jpg 1024w, https:\/\/blogsaverroes.juntadeandalucia.es\/tomasapinilla\/files\/2023\/09\/Hogar8-768x576.jpg 768w, https:\/\/blogsaverroes.juntadeandalucia.es\/tomasapinilla\/files\/2023\/09\/Hogar8-1536x1152.jpg 1536w, https:\/\/blogsaverroes.juntadeandalucia.es\/tomasapinilla\/files\/2023\/09\/Hogar8-2048x1536.jpg 2048w\" sizes=\"(max-width: 1600px) 100vw, 1600px\" \/><\/a> <a href=\"https:\/\/blogsaverroes.juntadeandalucia.es\/tomasapinilla\/files\/2023\/09\/Hogar9-scaled.jpg\"><br \/>\n<\/a> <a href=\"https:\/\/blogsaverroes.juntadeandalucia.es\/tomasapinilla\/files\/2023\/09\/Hogar10-scaled.jpg\"><img loading=\"lazy\" decoding=\"async\" class=\"aligncenter size-full wp-image-7678\" src=\"https:\/\/blogsaverroes.juntadeandalucia.es\/tomasapinilla\/files\/2023\/09\/Hogar10-scaled.jpg\" alt=\"\" width=\"1600\" height=\"1200\" srcset=\"https:\/\/blogsaverroes.juntadeandalucia.es\/tomasapinilla\/files\/2023\/09\/Hogar10-scaled.jpg 1600w, https:\/\/blogsaverroes.juntadeandalucia.es\/tomasapinilla\/files\/2023\/09\/Hogar10-300x225.jpg 300w, https:\/\/blogsaverroes.juntadeandalucia.es\/tomasapinilla\/files\/2023\/09\/Hogar10-1024x768.jpg 1024w, https:\/\/blogsaverroes.juntadeandalucia.es\/tomasapinilla\/files\/2023\/09\/Hogar10-768x576.jpg 768w, https:\/\/blogsaverroes.juntadeandalucia.es\/tomasapinilla\/files\/2023\/09\/Hogar10-1536x1152.jpg 1536w, https:\/\/blogsaverroes.juntadeandalucia.es\/tomasapinilla\/files\/2023\/09\/Hogar10-2048x1536.jpg 2048w\" sizes=\"(max-width: 1600px) 100vw, 1600px\" \/><\/a> <a href=\"https:\/\/blogsaverroes.juntadeandalucia.es\/tomasapinilla\/files\/2023\/09\/Hogar11-scaled.jpg\"><img loading=\"lazy\" decoding=\"async\" class=\"aligncenter size-full wp-image-7679\" src=\"https:\/\/blogsaverroes.juntadeandalucia.es\/tomasapinilla\/files\/2023\/09\/Hogar11-scaled.jpg\" alt=\"\" width=\"1600\" height=\"1200\" srcset=\"https:\/\/blogsaverroes.juntadeandalucia.es\/tomasapinilla\/files\/2023\/09\/Hogar11-scaled.jpg 1600w, https:\/\/blogsaverroes.juntadeandalucia.es\/tomasapinilla\/files\/2023\/09\/Hogar11-300x225.jpg 300w, https:\/\/blogsaverroes.juntadeandalucia.es\/tomasapinilla\/files\/2023\/09\/Hogar11-1024x768.jpg 1024w, https:\/\/blogsaverroes.juntadeandalucia.es\/tomasapinilla\/files\/2023\/09\/Hogar11-768x576.jpg 768w, https:\/\/blogsaverroes.juntadeandalucia.es\/tomasapinilla\/files\/2023\/09\/Hogar11-1536x1152.jpg 1536w, https:\/\/blogsaverroes.juntadeandalucia.es\/tomasapinilla\/files\/2023\/09\/Hogar11-2048x1536.jpg 2048w\" sizes=\"(max-width: 1600px) 100vw, 1600px\" \/><\/a><\/p>\n\n\t\t<style>\n\t\t\t#gallery-1 {\n\t\t\t\tmargin: auto;\n\t\t\t}\n\t\t\t#gallery-1 .gallery-item {\n\t\t\t\tfloat: left;\n\t\t\t\tmargin-top: 10px;\n\t\t\t\ttext-align: center;\n\t\t\t\twidth: 33%;\n\t\t\t}\n\t\t\t#gallery-1 img {\n\t\t\t\tborder: 2px solid #cfcfcf;\n\t\t\t}\n\t\t\t#gallery-1 .gallery-caption {\n\t\t\t\tmargin-left: 0;\n\t\t\t}\n\t\t\t\/* see gallery_shortcode() in wp-includes\/media.php *\/\n\t\t<\/style>\n\t\t<div id='gallery-1' class='gallery galleryid-6516 gallery-columns-3 gallery-size-thumbnail'><dl class='gallery-item'>\n\t\t\t<dt class='gallery-icon landscape'>\n\t\t\t\t<a href='https:\/\/blogsaverroes.juntadeandalucia.es\/tomasapinilla\/espacios-pedagogicos\/aula-hogar\/whatsapp-image-2021-05-21-at-10-52-47-3\/'><img loading=\"lazy\" decoding=\"async\" width=\"150\" height=\"150\" src=\"https:\/\/blogsaverroes.juntadeandalucia.es\/tomasapinilla\/files\/2021\/05\/WhatsApp-Image-2021-05-21-at-10.52.47-3-150x150.jpeg\" class=\"attachment-thumbnail size-thumbnail\" alt=\"\" srcset=\"https:\/\/blogsaverroes.juntadeandalucia.es\/tomasapinilla\/files\/2021\/05\/WhatsApp-Image-2021-05-21-at-10.52.47-3-150x150.jpeg 150w, https:\/\/blogsaverroes.juntadeandalucia.es\/tomasapinilla\/files\/2021\/05\/WhatsApp-Image-2021-05-21-at-10.52.47-3-80x80.jpeg 80w, https:\/\/blogsaverroes.juntadeandalucia.es\/tomasapinilla\/files\/2021\/05\/WhatsApp-Image-2021-05-21-at-10.52.47-3-320x320.jpeg 320w\" sizes=\"(max-width: 150px) 100vw, 150px\" \/><\/a>\n\t\t\t<\/dt><\/dl><dl class='gallery-item'>\n\t\t\t<dt class='gallery-icon landscape'>\n\t\t\t\t<a href='https:\/\/blogsaverroes.juntadeandalucia.es\/tomasapinilla\/espacios-pedagogicos\/aula-hogar\/whatsapp-image-2021-05-21-at-10-52-52-1\/'><img loading=\"lazy\" decoding=\"async\" width=\"150\" height=\"150\" src=\"https:\/\/blogsaverroes.juntadeandalucia.es\/tomasapinilla\/files\/2021\/05\/WhatsApp-Image-2021-05-21-at-10.52.52-1-150x150.jpeg\" class=\"attachment-thumbnail size-thumbnail\" alt=\"\" srcset=\"https:\/\/blogsaverroes.juntadeandalucia.es\/tomasapinilla\/files\/2021\/05\/WhatsApp-Image-2021-05-21-at-10.52.52-1-150x150.jpeg 150w, https:\/\/blogsaverroes.juntadeandalucia.es\/tomasapinilla\/files\/2021\/05\/WhatsApp-Image-2021-05-21-at-10.52.52-1-80x80.jpeg 80w, https:\/\/blogsaverroes.juntadeandalucia.es\/tomasapinilla\/files\/2021\/05\/WhatsApp-Image-2021-05-21-at-10.52.52-1-320x320.jpeg 320w\" sizes=\"(max-width: 150px) 100vw, 150px\" \/><\/a>\n\t\t\t<\/dt><\/dl><dl class='gallery-item'>\n\t\t\t<dt class='gallery-icon landscape'>\n\t\t\t\t<a href='https:\/\/blogsaverroes.juntadeandalucia.es\/tomasapinilla\/espacios-pedagogicos\/aula-hogar\/whatsapp-image-2021-05-21-at-10-52-54-2\/'><img loading=\"lazy\" decoding=\"async\" width=\"150\" height=\"150\" src=\"https:\/\/blogsaverroes.juntadeandalucia.es\/tomasapinilla\/files\/2021\/05\/WhatsApp-Image-2021-05-21-at-10.52.54-2-150x150.jpeg\" class=\"attachment-thumbnail size-thumbnail\" alt=\"\" srcset=\"https:\/\/blogsaverroes.juntadeandalucia.es\/tomasapinilla\/files\/2021\/05\/WhatsApp-Image-2021-05-21-at-10.52.54-2-150x150.jpeg 150w, https:\/\/blogsaverroes.juntadeandalucia.es\/tomasapinilla\/files\/2021\/05\/WhatsApp-Image-2021-05-21-at-10.52.54-2-80x80.jpeg 80w, https:\/\/blogsaverroes.juntadeandalucia.es\/tomasapinilla\/files\/2021\/05\/WhatsApp-Image-2021-05-21-at-10.52.54-2-320x320.jpeg 320w\" sizes=\"(max-width: 150px) 100vw, 150px\" \/><\/a>\n\t\t\t<\/dt><\/dl><br style=\"clear: both\" \/>\n\t\t<\/div>\n\n","protected":false},"excerpt":{"rendered":"<p>En el curso 2021 inauguramos nuestra Aula Hogar, un espacio que nos permite llevar a la pr\u00e1ctica los aprendizajes que se trabajan de manera te\u00f3rica en el aula, dando a&#46;&#46;&#46;<\/p>\n","protected":false},"author":6145,"featured_media":6557,"parent":7533,"menu_order":0,"comment_status":"closed","ping_status":"closed","template":"page-templates\/child-menu.php","meta":{"_exactmetrics_skip_tracking":false,"_exactmetrics_sitenote_active":false,"_exactmetrics_sitenote_note":"","_exactmetrics_sitenote_category":0,"ngg_post_thumbnail":0,"footnotes":"","_mc_calendar":[]},"aioseo_notices":[],"post_mailing_queue_ids":[],"_links":{"self":[{"href":"https:\/\/blogsaverroes.juntadeandalucia.es\/tomasapinilla\/wp-json\/wp\/v2\/pages\/6516"}],"collection":[{"href":"https:\/\/blogsaverroes.juntadeandalucia.es\/tomasapinilla\/wp-json\/wp\/v2\/pages"}],"about":[{"href":"https:\/\/blogsaverroes.juntadeandalucia.es\/tomasapinilla\/wp-json\/wp\/v2\/types\/page"}],"author":[{"embeddable":true,"href":"https:\/\/blogsaverroes.juntadeandalucia.es\/tomasapinilla\/wp-json\/wp\/v2\/users\/6145"}],"replies":[{"embeddable":true,"href":"https:\/\/blogsaverroes.juntadeandalucia.es\/tomasapinilla\/wp-json\/wp\/v2\/comments?post=6516"}],"version-history":[{"count":9,"href":"https:\/\/blogsaverroes.juntadeandalucia.es\/tomasapinilla\/wp-json\/wp\/v2\/pages\/6516\/revisions"}],"predecessor-version":[{"id":10833,"href":"https:\/\/blogsaverroes.juntadeandalucia.es\/tomasapinilla\/wp-json\/wp\/v2\/pages\/6516\/revisions\/10833"}],"up":[{"embeddable":true,"href":"https:\/\/blogsaverroes.juntadeandalucia.es\/tomasapinilla\/wp-json\/wp\/v2\/pages\/7533"}],"wp:featuredmedia":[{"embeddable":true,"href":"https:\/\/blogsaverroes.juntadeandalucia.es\/tomasapinilla\/wp-json\/wp\/v2\/media\/6557"}],"wp:attachment":[{"href":"https:\/\/blogsaverroes.juntadeandalucia.es\/tomasapinilla\/wp-json\/wp\/v2\/media?parent=6516"}],"curies":[{"name":"wp","href":"https:\/\/api.w.org\/{rel}","templated":true}]}}