{"id":7604,"date":"2023-09-20T18:06:39","date_gmt":"2023-09-20T18:06:39","guid":{"rendered":"https:\/\/blogsaverroes.juntadeandalucia.es\/tomasapinilla\/?page_id=7604"},"modified":"2025-03-15T15:35:58","modified_gmt":"2025-03-15T15:35:58","slug":"laboratorio-de-plastica","status":"publish","type":"page","link":"https:\/\/blogsaverroes.juntadeandalucia.es\/tomasapinilla\/espacios-pedagogicos\/laboratorio-de-plastica\/","title":{"rendered":"Aula de Pl\u00e1stica"},"content":{"rendered":"<div class=\"dnXCYb\" role=\"button\" data-hveid=\"CEYQAQ\">\n<div class=\"aj35ze\">El <strong>Aula de Pl\u00e1stica<\/strong> del CEIP Tomasa Pinilla es un aula donde se puede desarrollar el \u00e1rea de Educaci\u00f3n Art\u00edstica, adem\u00e1s de permitir la realizaci\u00f3n de actividades creativas entorno a los proyectos que se desarrollan en el centro.<\/div>\n<div>&nbsp;<\/div>\n<div class=\"aj35ze\">Actualmente es un espacio ideal para fomentar&nbsp;<span class=\"ILfuVd\" lang=\"es\"><span class=\"hgKElc\">las dimensiones sensorial, intelectual, social, emocional, afectiva, est\u00e9tica y creativa. Adem\u00e1s de promover el desarrollo de la inteligencia, el <strong>pensamiento creativo y visual<\/strong>, as\u00ed como el descubrimiento de las posibilidades derivadas de la <strong>recepci\u00f3n y la expresi\u00f3n culturales.<\/strong><\/span><\/span><\/div>\n<div>&nbsp;<\/div>\n<div>\n<p><iframe loading=\"lazy\" title=\"Te presento mi cole: AULA PL\u00c1STICA (1\u00ba) CEIP TOMASA PINILLA 2024\/25\" width=\"500\" height=\"281\" src=\"https:\/\/www.youtube.com\/embed\/eDDScYFXOBo?feature=oembed&#038;wmode=opaque\" frameborder=\"0\" allow=\"accelerometer; autoplay; clipboard-write; encrypted-media; gyroscope; picture-in-picture; web-share\" referrerpolicy=\"strict-origin-when-cross-origin\" allowfullscreen><\/iframe><\/p>\n<\/div>\n<div>&nbsp;<\/div>\n<div>&nbsp;<\/div>\n<\/div>\n<div><a href=\"https:\/\/blogsaverroes.juntadeandalucia.es\/tomasapinilla\/files\/2023\/09\/Pl\u00e1stica7-scaled.jpg\"><img loading=\"lazy\" decoding=\"async\" class=\"aligncenter size-full wp-image-7714\" src=\"https:\/\/blogsaverroes.juntadeandalucia.es\/tomasapinilla\/files\/2023\/09\/Pl\u00e1stica7-scaled.jpg\" alt=\"\" width=\"1600\" height=\"1200\" srcset=\"https:\/\/blogsaverroes.juntadeandalucia.es\/tomasapinilla\/files\/2023\/09\/Pl\u00e1stica7-scaled.jpg 1600w, https:\/\/blogsaverroes.juntadeandalucia.es\/tomasapinilla\/files\/2023\/09\/Pl\u00e1stica7-300x225.jpg 300w, https:\/\/blogsaverroes.juntadeandalucia.es\/tomasapinilla\/files\/2023\/09\/Pl\u00e1stica7-1024x768.jpg 1024w, https:\/\/blogsaverroes.juntadeandalucia.es\/tomasapinilla\/files\/2023\/09\/Pl\u00e1stica7-768x576.jpg 768w, https:\/\/blogsaverroes.juntadeandalucia.es\/tomasapinilla\/files\/2023\/09\/Pl\u00e1stica7-1536x1152.jpg 1536w, https:\/\/blogsaverroes.juntadeandalucia.es\/tomasapinilla\/files\/2023\/09\/Pl\u00e1stica7-2048x1536.jpg 2048w\" sizes=\"(max-width: 1600px) 100vw, 1600px\" \/><\/a> <a href=\"https:\/\/blogsaverroes.juntadeandalucia.es\/tomasapinilla\/files\/2023\/09\/Pl\u00e1stica6-scaled.jpg\"><img loading=\"lazy\" decoding=\"async\" class=\"aligncenter size-full wp-image-7713\" src=\"https:\/\/blogsaverroes.juntadeandalucia.es\/tomasapinilla\/files\/2023\/09\/Pl\u00e1stica6-scaled.jpg\" alt=\"\" width=\"1600\" height=\"1200\" srcset=\"https:\/\/blogsaverroes.juntadeandalucia.es\/tomasapinilla\/files\/2023\/09\/Pl\u00e1stica6-scaled.jpg 1600w, https:\/\/blogsaverroes.juntadeandalucia.es\/tomasapinilla\/files\/2023\/09\/Pl\u00e1stica6-300x225.jpg 300w, https:\/\/blogsaverroes.juntadeandalucia.es\/tomasapinilla\/files\/2023\/09\/Pl\u00e1stica6-1024x768.jpg 1024w, https:\/\/blogsaverroes.juntadeandalucia.es\/tomasapinilla\/files\/2023\/09\/Pl\u00e1stica6-768x576.jpg 768w, https:\/\/blogsaverroes.juntadeandalucia.es\/tomasapinilla\/files\/2023\/09\/Pl\u00e1stica6-1536x1152.jpg 1536w, https:\/\/blogsaverroes.juntadeandalucia.es\/tomasapinilla\/files\/2023\/09\/Pl\u00e1stica6-2048x1536.jpg 2048w\" sizes=\"(max-width: 1600px) 100vw, 1600px\" \/><\/a> <a href=\"https:\/\/blogsaverroes.juntadeandalucia.es\/tomasapinilla\/files\/2023\/09\/Pl\u00e1stica5-scaled.jpg\"><img loading=\"lazy\" decoding=\"async\" class=\"aligncenter size-full wp-image-7712\" src=\"https:\/\/blogsaverroes.juntadeandalucia.es\/tomasapinilla\/files\/2023\/09\/Pl\u00e1stica5-scaled.jpg\" alt=\"\" width=\"1600\" height=\"1200\" srcset=\"https:\/\/blogsaverroes.juntadeandalucia.es\/tomasapinilla\/files\/2023\/09\/Pl\u00e1stica5-scaled.jpg 1600w, https:\/\/blogsaverroes.juntadeandalucia.es\/tomasapinilla\/files\/2023\/09\/Pl\u00e1stica5-300x225.jpg 300w, https:\/\/blogsaverroes.juntadeandalucia.es\/tomasapinilla\/files\/2023\/09\/Pl\u00e1stica5-1024x768.jpg 1024w, https:\/\/blogsaverroes.juntadeandalucia.es\/tomasapinilla\/files\/2023\/09\/Pl\u00e1stica5-768x576.jpg 768w, https:\/\/blogsaverroes.juntadeandalucia.es\/tomasapinilla\/files\/2023\/09\/Pl\u00e1stica5-1536x1152.jpg 1536w, https:\/\/blogsaverroes.juntadeandalucia.es\/tomasapinilla\/files\/2023\/09\/Pl\u00e1stica5-2048x1536.jpg 2048w\" sizes=\"(max-width: 1600px) 100vw, 1600px\" \/><\/a> <a href=\"https:\/\/blogsaverroes.juntadeandalucia.es\/tomasapinilla\/files\/2023\/09\/Pl\u00e1stica4-scaled.jpg\"><img loading=\"lazy\" decoding=\"async\" class=\"aligncenter size-full wp-image-7711\" src=\"https:\/\/blogsaverroes.juntadeandalucia.es\/tomasapinilla\/files\/2023\/09\/Pl\u00e1stica4-scaled.jpg\" alt=\"\" width=\"1600\" height=\"1200\" srcset=\"https:\/\/blogsaverroes.juntadeandalucia.es\/tomasapinilla\/files\/2023\/09\/Pl\u00e1stica4-scaled.jpg 1600w, https:\/\/blogsaverroes.juntadeandalucia.es\/tomasapinilla\/files\/2023\/09\/Pl\u00e1stica4-300x225.jpg 300w, https:\/\/blogsaverroes.juntadeandalucia.es\/tomasapinilla\/files\/2023\/09\/Pl\u00e1stica4-1024x768.jpg 1024w, https:\/\/blogsaverroes.juntadeandalucia.es\/tomasapinilla\/files\/2023\/09\/Pl\u00e1stica4-768x576.jpg 768w, https:\/\/blogsaverroes.juntadeandalucia.es\/tomasapinilla\/files\/2023\/09\/Pl\u00e1stica4-1536x1152.jpg 1536w, https:\/\/blogsaverroes.juntadeandalucia.es\/tomasapinilla\/files\/2023\/09\/Pl\u00e1stica4-2048x1536.jpg 2048w\" sizes=\"(max-width: 1600px) 100vw, 1600px\" \/><\/a> <a href=\"https:\/\/blogsaverroes.juntadeandalucia.es\/tomasapinilla\/files\/2023\/09\/Pl\u00e1stica3-scaled.jpg\"><img loading=\"lazy\" decoding=\"async\" class=\"aligncenter size-full wp-image-7710\" src=\"https:\/\/blogsaverroes.juntadeandalucia.es\/tomasapinilla\/files\/2023\/09\/Pl\u00e1stica3-scaled.jpg\" alt=\"\" width=\"1600\" height=\"1200\" srcset=\"https:\/\/blogsaverroes.juntadeandalucia.es\/tomasapinilla\/files\/2023\/09\/Pl\u00e1stica3-scaled.jpg 1600w, https:\/\/blogsaverroes.juntadeandalucia.es\/tomasapinilla\/files\/2023\/09\/Pl\u00e1stica3-300x225.jpg 300w, https:\/\/blogsaverroes.juntadeandalucia.es\/tomasapinilla\/files\/2023\/09\/Pl\u00e1stica3-1024x768.jpg 1024w, https:\/\/blogsaverroes.juntadeandalucia.es\/tomasapinilla\/files\/2023\/09\/Pl\u00e1stica3-768x576.jpg 768w, https:\/\/blogsaverroes.juntadeandalucia.es\/tomasapinilla\/files\/2023\/09\/Pl\u00e1stica3-1536x1152.jpg 1536w, https:\/\/blogsaverroes.juntadeandalucia.es\/tomasapinilla\/files\/2023\/09\/Pl\u00e1stica3-2048x1536.jpg 2048w\" sizes=\"(max-width: 1600px) 100vw, 1600px\" \/><\/a> <a href=\"https:\/\/blogsaverroes.juntadeandalucia.es\/tomasapinilla\/files\/2023\/09\/Pl\u00e1stica2-scaled.jpg\"><img loading=\"lazy\" decoding=\"async\" class=\"aligncenter size-full wp-image-7709\" src=\"https:\/\/blogsaverroes.juntadeandalucia.es\/tomasapinilla\/files\/2023\/09\/Pl\u00e1stica2-scaled.jpg\" alt=\"\" width=\"1600\" height=\"1200\" srcset=\"https:\/\/blogsaverroes.juntadeandalucia.es\/tomasapinilla\/files\/2023\/09\/Pl\u00e1stica2-scaled.jpg 1600w, https:\/\/blogsaverroes.juntadeandalucia.es\/tomasapinilla\/files\/2023\/09\/Pl\u00e1stica2-300x225.jpg 300w, https:\/\/blogsaverroes.juntadeandalucia.es\/tomasapinilla\/files\/2023\/09\/Pl\u00e1stica2-1024x768.jpg 1024w, https:\/\/blogsaverroes.juntadeandalucia.es\/tomasapinilla\/files\/2023\/09\/Pl\u00e1stica2-768x576.jpg 768w, https:\/\/blogsaverroes.juntadeandalucia.es\/tomasapinilla\/files\/2023\/09\/Pl\u00e1stica2-1536x1152.jpg 1536w, https:\/\/blogsaverroes.juntadeandalucia.es\/tomasapinilla\/files\/2023\/09\/Pl\u00e1stica2-2048x1536.jpg 2048w\" sizes=\"(max-width: 1600px) 100vw, 1600px\" \/><\/a> <a href=\"https:\/\/blogsaverroes.juntadeandalucia.es\/tomasapinilla\/files\/2023\/09\/Pl\u00e1stica1-scaled.jpg\"><img loading=\"lazy\" decoding=\"async\" class=\"aligncenter size-full wp-image-7708\" src=\"https:\/\/blogsaverroes.juntadeandalucia.es\/tomasapinilla\/files\/2023\/09\/Pl\u00e1stica1-scaled.jpg\" alt=\"\" width=\"1600\" height=\"1200\" srcset=\"https:\/\/blogsaverroes.juntadeandalucia.es\/tomasapinilla\/files\/2023\/09\/Pl\u00e1stica1-scaled.jpg 1600w, https:\/\/blogsaverroes.juntadeandalucia.es\/tomasapinilla\/files\/2023\/09\/Pl\u00e1stica1-300x225.jpg 300w, https:\/\/blogsaverroes.juntadeandalucia.es\/tomasapinilla\/files\/2023\/09\/Pl\u00e1stica1-1024x768.jpg 1024w, https:\/\/blogsaverroes.juntadeandalucia.es\/tomasapinilla\/files\/2023\/09\/Pl\u00e1stica1-768x576.jpg 768w, https:\/\/blogsaverroes.juntadeandalucia.es\/tomasapinilla\/files\/2023\/09\/Pl\u00e1stica1-1536x1152.jpg 1536w, https:\/\/blogsaverroes.juntadeandalucia.es\/tomasapinilla\/files\/2023\/09\/Pl\u00e1stica1-2048x1536.jpg 2048w\" sizes=\"(max-width: 1600px) 100vw, 1600px\" \/><\/a><a href=\"https:\/\/blogsaverroes.juntadeandalucia.es\/tomasapinilla\/files\/2023\/09\/Pl\u00e1stica7-scaled.jpg\"><br \/>\n<\/a> <a href=\"https:\/\/blogsaverroes.juntadeandalucia.es\/tomasapinilla\/files\/2023\/09\/Pl\u00e1stica6-scaled.jpg\"><br \/>\n<\/a> <a href=\"https:\/\/blogsaverroes.juntadeandalucia.es\/tomasapinilla\/files\/2023\/09\/Pl\u00e1stica5-scaled.jpg\"><br \/>\n<\/a> <a href=\"https:\/\/blogsaverroes.juntadeandalucia.es\/tomasapinilla\/files\/2023\/09\/Pl\u00e1stica4-scaled.jpg\"><br \/>\n<\/a><\/div>\n","protected":false},"excerpt":{"rendered":"<p>El Aula de Pl\u00e1stica del CEIP Tomasa Pinilla es un aula donde se puede desarrollar el \u00e1rea de Educaci\u00f3n Art\u00edstica, adem\u00e1s de permitir la realizaci\u00f3n de actividades creativas entorno a&#46;&#46;&#46;<\/p>\n","protected":false},"author":6145,"featured_media":0,"parent":7533,"menu_order":0,"comment_status":"closed","ping_status":"closed","template":"page-templates\/child-menu.php","meta":{"_exactmetrics_skip_tracking":false,"_exactmetrics_sitenote_active":false,"_exactmetrics_sitenote_note":"","_exactmetrics_sitenote_category":0,"ngg_post_thumbnail":0,"footnotes":"","_mc_calendar":[]},"aioseo_notices":[],"post_mailing_queue_ids":[],"_links":{"self":[{"href":"https:\/\/blogsaverroes.juntadeandalucia.es\/tomasapinilla\/wp-json\/wp\/v2\/pages\/7604"}],"collection":[{"href":"https:\/\/blogsaverroes.juntadeandalucia.es\/tomasapinilla\/wp-json\/wp\/v2\/pages"}],"about":[{"href":"https:\/\/blogsaverroes.juntadeandalucia.es\/tomasapinilla\/wp-json\/wp\/v2\/types\/page"}],"author":[{"embeddable":true,"href":"https:\/\/blogsaverroes.juntadeandalucia.es\/tomasapinilla\/wp-json\/wp\/v2\/users\/6145"}],"replies":[{"embeddable":true,"href":"https:\/\/blogsaverroes.juntadeandalucia.es\/tomasapinilla\/wp-json\/wp\/v2\/comments?post=7604"}],"version-history":[{"count":7,"href":"https:\/\/blogsaverroes.juntadeandalucia.es\/tomasapinilla\/wp-json\/wp\/v2\/pages\/7604\/revisions"}],"predecessor-version":[{"id":10838,"href":"https:\/\/blogsaverroes.juntadeandalucia.es\/tomasapinilla\/wp-json\/wp\/v2\/pages\/7604\/revisions\/10838"}],"up":[{"embeddable":true,"href":"https:\/\/blogsaverroes.juntadeandalucia.es\/tomasapinilla\/wp-json\/wp\/v2\/pages\/7533"}],"wp:attachment":[{"href":"https:\/\/blogsaverroes.juntadeandalucia.es\/tomasapinilla\/wp-json\/wp\/v2\/media?parent=7604"}],"curies":[{"name":"wp","href":"https:\/\/api.w.org\/{rel}","templated":true}]}}