{"id":7608,"date":"2023-09-20T18:08:00","date_gmt":"2023-09-20T18:08:00","guid":{"rendered":"https:\/\/blogsaverroes.juntadeandalucia.es\/tomasapinilla\/?page_id=7608"},"modified":"2025-03-15T15:35:59","modified_gmt":"2025-03-15T15:35:59","slug":"la-huerta-del-tomasa","status":"publish","type":"page","link":"https:\/\/blogsaverroes.juntadeandalucia.es\/tomasapinilla\/espacios-pedagogicos\/la-huerta-del-tomasa\/","title":{"rendered":"La Huerta del Tomasa"},"content":{"rendered":"<p>La <strong>Huerta del Tomasa<\/strong> es un espacio al aire libre en el que nuestro alumnado y profesorado interact\u00faan en diferentes actividades para el mantenimiento del <strong>huerto escolar<\/strong> que iniciamos en el curso 2020-21.<\/p>\n<p>El alumnado se beneficia de este espacio a trav\u00e9s de la&nbsp;observaci\u00f3n, mediciones, trasplantes, siembra, etc. Adem\u00e1s de todos estos aprendizajes pr\u00e1cticos y el <strong>conocimiento de plantas, alimentos y animales<\/strong> relacionados con el huerto, los escolares desarrollan actitudes positivas y de cuidado del medio ambiente, as\u00ed como <strong>h\u00e1bitos de vida y alimentaci\u00f3n saludable<\/strong>. &nbsp;<\/p>\n<p><iframe loading=\"lazy\" title=\"Te presento mi cole: HUERTO ESCOLAR (Infantil 5 a\u00f1os) CEIP TOMASA PINILLA 2024\/25\" width=\"500\" height=\"281\" src=\"https:\/\/www.youtube.com\/embed\/teIWNKeaAoM?feature=oembed&#038;wmode=opaque\" frameborder=\"0\" allow=\"accelerometer; autoplay; clipboard-write; encrypted-media; gyroscope; picture-in-picture; web-share\" referrerpolicy=\"strict-origin-when-cross-origin\" allowfullscreen><\/iframe><\/p>\n<p><a href=\"https:\/\/blogsaverroes.juntadeandalucia.es\/tomasapinilla\/files\/2023\/09\/Huerto0.png\"><img loading=\"lazy\" decoding=\"async\" class=\"aligncenter size-full wp-image-7697\" src=\"https:\/\/blogsaverroes.juntadeandalucia.es\/tomasapinilla\/files\/2023\/09\/Huerto0.png\" alt=\"\" width=\"1600\" height=\"893\" srcset=\"https:\/\/blogsaverroes.juntadeandalucia.es\/tomasapinilla\/files\/2023\/09\/Huerto0.png 1600w, https:\/\/blogsaverroes.juntadeandalucia.es\/tomasapinilla\/files\/2023\/09\/Huerto0-300x167.png 300w, https:\/\/blogsaverroes.juntadeandalucia.es\/tomasapinilla\/files\/2023\/09\/Huerto0-1024x571.png 1024w, https:\/\/blogsaverroes.juntadeandalucia.es\/tomasapinilla\/files\/2023\/09\/Huerto0-768x429.png 768w, https:\/\/blogsaverroes.juntadeandalucia.es\/tomasapinilla\/files\/2023\/09\/Huerto0-1536x857.png 1536w\" sizes=\"(max-width: 1600px) 100vw, 1600px\" \/><\/a> <a href=\"https:\/\/blogsaverroes.juntadeandalucia.es\/tomasapinilla\/files\/2023\/09\/Huerto4.png\"><img loading=\"lazy\" decoding=\"async\" class=\"aligncenter size-full wp-image-7701\" src=\"https:\/\/blogsaverroes.juntadeandalucia.es\/tomasapinilla\/files\/2023\/09\/Huerto4.png\" alt=\"\" width=\"1600\" height=\"1143\" srcset=\"https:\/\/blogsaverroes.juntadeandalucia.es\/tomasapinilla\/files\/2023\/09\/Huerto4.png 1600w, https:\/\/blogsaverroes.juntadeandalucia.es\/tomasapinilla\/files\/2023\/09\/Huerto4-300x214.png 300w, https:\/\/blogsaverroes.juntadeandalucia.es\/tomasapinilla\/files\/2023\/09\/Huerto4-1024x732.png 1024w, https:\/\/blogsaverroes.juntadeandalucia.es\/tomasapinilla\/files\/2023\/09\/Huerto4-768x549.png 768w, https:\/\/blogsaverroes.juntadeandalucia.es\/tomasapinilla\/files\/2023\/09\/Huerto4-1536x1097.png 1536w\" sizes=\"(max-width: 1600px) 100vw, 1600px\" \/><\/a> <a href=\"https:\/\/blogsaverroes.juntadeandalucia.es\/tomasapinilla\/files\/2023\/09\/Huerto5.png\"><img loading=\"lazy\" decoding=\"async\" class=\"aligncenter size-full wp-image-7702\" src=\"https:\/\/blogsaverroes.juntadeandalucia.es\/tomasapinilla\/files\/2023\/09\/Huerto5.png\" alt=\"\" width=\"1600\" height=\"878\" srcset=\"https:\/\/blogsaverroes.juntadeandalucia.es\/tomasapinilla\/files\/2023\/09\/Huerto5.png 1600w, https:\/\/blogsaverroes.juntadeandalucia.es\/tomasapinilla\/files\/2023\/09\/Huerto5-300x165.png 300w, https:\/\/blogsaverroes.juntadeandalucia.es\/tomasapinilla\/files\/2023\/09\/Huerto5-1024x562.png 1024w, https:\/\/blogsaverroes.juntadeandalucia.es\/tomasapinilla\/files\/2023\/09\/Huerto5-768x421.png 768w, https:\/\/blogsaverroes.juntadeandalucia.es\/tomasapinilla\/files\/2023\/09\/Huerto5-1536x842.png 1536w\" sizes=\"(max-width: 1600px) 100vw, 1600px\" \/><\/a> <a href=\"https:\/\/blogsaverroes.juntadeandalucia.es\/tomasapinilla\/files\/2023\/09\/Huerto6.png\"><img loading=\"lazy\" decoding=\"async\" class=\"aligncenter size-full wp-image-7703\" src=\"https:\/\/blogsaverroes.juntadeandalucia.es\/tomasapinilla\/files\/2023\/09\/Huerto6.png\" alt=\"\" width=\"1086\" height=\"908\" srcset=\"https:\/\/blogsaverroes.juntadeandalucia.es\/tomasapinilla\/files\/2023\/09\/Huerto6.png 1086w, https:\/\/blogsaverroes.juntadeandalucia.es\/tomasapinilla\/files\/2023\/09\/Huerto6-300x251.png 300w, https:\/\/blogsaverroes.juntadeandalucia.es\/tomasapinilla\/files\/2023\/09\/Huerto6-1024x856.png 1024w, https:\/\/blogsaverroes.juntadeandalucia.es\/tomasapinilla\/files\/2023\/09\/Huerto6-768x642.png 768w\" sizes=\"(max-width: 1086px) 100vw, 1086px\" \/><\/a> <a href=\"https:\/\/blogsaverroes.juntadeandalucia.es\/tomasapinilla\/files\/2023\/09\/Huerto7.png\"><img loading=\"lazy\" decoding=\"async\" class=\"aligncenter size-full wp-image-7704\" src=\"https:\/\/blogsaverroes.juntadeandalucia.es\/tomasapinilla\/files\/2023\/09\/Huerto7.png\" alt=\"\" width=\"1080\" height=\"798\" srcset=\"https:\/\/blogsaverroes.juntadeandalucia.es\/tomasapinilla\/files\/2023\/09\/Huerto7.png 1080w, https:\/\/blogsaverroes.juntadeandalucia.es\/tomasapinilla\/files\/2023\/09\/Huerto7-300x222.png 300w, https:\/\/blogsaverroes.juntadeandalucia.es\/tomasapinilla\/files\/2023\/09\/Huerto7-1024x757.png 1024w, https:\/\/blogsaverroes.juntadeandalucia.es\/tomasapinilla\/files\/2023\/09\/Huerto7-768x567.png 768w\" sizes=\"(max-width: 1080px) 100vw, 1080px\" \/><\/a><a href=\"https:\/\/blogsaverroes.juntadeandalucia.es\/tomasapinilla\/files\/2023\/09\/Huerto3.png\"><img loading=\"lazy\" decoding=\"async\" class=\"aligncenter size-full wp-image-7700\" src=\"https:\/\/blogsaverroes.juntadeandalucia.es\/tomasapinilla\/files\/2023\/09\/Huerto3.png\" alt=\"\" width=\"1058\" height=\"1248\" srcset=\"https:\/\/blogsaverroes.juntadeandalucia.es\/tomasapinilla\/files\/2023\/09\/Huerto3.png 1058w, https:\/\/blogsaverroes.juntadeandalucia.es\/tomasapinilla\/files\/2023\/09\/Huerto3-254x300.png 254w, https:\/\/blogsaverroes.juntadeandalucia.es\/tomasapinilla\/files\/2023\/09\/Huerto3-868x1024.png 868w, https:\/\/blogsaverroes.juntadeandalucia.es\/tomasapinilla\/files\/2023\/09\/Huerto3-768x906.png 768w\" sizes=\"(max-width: 1058px) 100vw, 1058px\" \/><\/a><\/p>\n","protected":false},"excerpt":{"rendered":"<p>La Huerta del Tomasa es un espacio al aire libre en el que nuestro alumnado y profesorado interact\u00faan en diferentes actividades para el mantenimiento del huerto escolar que iniciamos en&#46;&#46;&#46;<\/p>\n","protected":false},"author":6145,"featured_media":0,"parent":7533,"menu_order":0,"comment_status":"closed","ping_status":"closed","template":"page-templates\/child-menu.php","meta":{"_exactmetrics_skip_tracking":false,"_exactmetrics_sitenote_active":false,"_exactmetrics_sitenote_note":"","_exactmetrics_sitenote_category":0,"ngg_post_thumbnail":0,"footnotes":"","_mc_calendar":[]},"aioseo_notices":[],"post_mailing_queue_ids":[],"_links":{"self":[{"href":"https:\/\/blogsaverroes.juntadeandalucia.es\/tomasapinilla\/wp-json\/wp\/v2\/pages\/7608"}],"collection":[{"href":"https:\/\/blogsaverroes.juntadeandalucia.es\/tomasapinilla\/wp-json\/wp\/v2\/pages"}],"about":[{"href":"https:\/\/blogsaverroes.juntadeandalucia.es\/tomasapinilla\/wp-json\/wp\/v2\/types\/page"}],"author":[{"embeddable":true,"href":"https:\/\/blogsaverroes.juntadeandalucia.es\/tomasapinilla\/wp-json\/wp\/v2\/users\/6145"}],"replies":[{"embeddable":true,"href":"https:\/\/blogsaverroes.juntadeandalucia.es\/tomasapinilla\/wp-json\/wp\/v2\/comments?post=7608"}],"version-history":[{"count":5,"href":"https:\/\/blogsaverroes.juntadeandalucia.es\/tomasapinilla\/wp-json\/wp\/v2\/pages\/7608\/revisions"}],"predecessor-version":[{"id":10835,"href":"https:\/\/blogsaverroes.juntadeandalucia.es\/tomasapinilla\/wp-json\/wp\/v2\/pages\/7608\/revisions\/10835"}],"up":[{"embeddable":true,"href":"https:\/\/blogsaverroes.juntadeandalucia.es\/tomasapinilla\/wp-json\/wp\/v2\/pages\/7533"}],"wp:attachment":[{"href":"https:\/\/blogsaverroes.juntadeandalucia.es\/tomasapinilla\/wp-json\/wp\/v2\/media?parent=7608"}],"curies":[{"name":"wp","href":"https:\/\/api.w.org\/{rel}","templated":true}]}}