{"id":1007,"date":"2023-01-20T22:05:11","date_gmt":"2023-01-20T21:05:11","guid":{"rendered":"https:\/\/blogsaverroes.juntadeandalucia.es\/tomasdeybarra\/?page_id=1007"},"modified":"2026-03-05T21:51:34","modified_gmt":"2026-03-05T20:51:34","slug":"etwinning","status":"publish","type":"page","link":"https:\/\/blogsaverroes.juntadeandalucia.es\/tomasdeybarra\/etwinning\/","title":{"rendered":"Etwinning"},"content":{"rendered":"<p><span style=\"color: #000000\"><strong>eTwinning<\/strong> es una iniciativa de la Comisi\u00f3n Europea\u200b que forma parte de Erasmus+, el programa de la Uni\u00f3n Europea en materia de educaci\u00f3n, formaci\u00f3n, juventud y deporte.\u200b Su principal objetivo es el de fomentar la colaboraci\u00f3n escolar en Europa utilizando las tecnolog\u00edas de la informaci\u00f3n y la comunicaci\u00f3n.<\/span><\/p>\n<p><img loading=\"lazy\" decoding=\"async\" class=\"alignnone size-medium wp-image-1017\" src=\"https:\/\/blogsaverroes.juntadeandalucia.es\/tomasdeybarra\/files\/2023\/01\/etwinning_logo-MEFP-scaled-1-300x171.jpg\" alt=\"\" width=\"300\" height=\"171\" srcset=\"https:\/\/blogsaverroes.juntadeandalucia.es\/tomasdeybarra\/files\/2023\/01\/etwinning_logo-MEFP-scaled-1-300x171.jpg 300w, https:\/\/blogsaverroes.juntadeandalucia.es\/tomasdeybarra\/files\/2023\/01\/etwinning_logo-MEFP-scaled-1-1024x583.jpg 1024w, https:\/\/blogsaverroes.juntadeandalucia.es\/tomasdeybarra\/files\/2023\/01\/etwinning_logo-MEFP-scaled-1-768x437.jpg 768w, https:\/\/blogsaverroes.juntadeandalucia.es\/tomasdeybarra\/files\/2023\/01\/etwinning_logo-MEFP-scaled-1-1536x874.jpg 1536w, https:\/\/blogsaverroes.juntadeandalucia.es\/tomasdeybarra\/files\/2023\/01\/etwinning_logo-MEFP-scaled-1-2048x1166.jpg 2048w\" sizes=\"(max-width: 300px) 100vw, 300px\" \/><\/p>\n<h2><a href=\"https:\/\/sites.google.com\/g.educaand.es\/proyectosetwinning2526?usp=sharing\" target=\"_blank\" rel=\"noopener\"><span style=\"color: #0000ff\">PROYECTOS 25-26<\/span><\/a><\/h2>\n<div style=\"width: 100%\">\n<div style=\"position: relative;padding-bottom: 56.25%;padding-top: 0;height: 0\"><iframe loading=\"lazy\" src=\"https:\/\/view.genially.com\/6981c9faa32e74267e1f7319\" width=\"900px\" height=\"445px\" frameborder=\"0\" scrolling=\"yes\"><\/iframe><\/div>\n<\/div>\n<h3><span style=\"color: #000000\">PROYECTOS 23-24<\/span><\/h3>\n<p><a href=\"https:\/\/school-education.ec.europa.eu\/en\/etwinning\/projects\/learning-each-other-become-european-citizen\/twinspace\" target=\"_blank\" rel=\"noopener\"><img loading=\"lazy\" decoding=\"async\" class=\"wp-image-1677 alignleft\" src=\"https:\/\/blogsaverroes.juntadeandalucia.es\/tomasdeybarra\/files\/2024\/06\/learning-300x147.jpg\" alt=\"\" width=\"449\" height=\"220\" srcset=\"https:\/\/blogsaverroes.juntadeandalucia.es\/tomasdeybarra\/files\/2024\/06\/learning-300x147.jpg 300w, https:\/\/blogsaverroes.juntadeandalucia.es\/tomasdeybarra\/files\/2024\/06\/learning-768x376.jpg 768w, https:\/\/blogsaverroes.juntadeandalucia.es\/tomasdeybarra\/files\/2024\/06\/learning.jpg 887w\" sizes=\"(max-width: 449px) 100vw, 449px\" \/><img loading=\"lazy\" decoding=\"async\" class=\"alignleft wp-image-1750\" src=\"https:\/\/blogsaverroes.juntadeandalucia.es\/tomasdeybarra\/files\/2024\/08\/Sello-Calidad-cole-Learning-from-each-other-300x216.jpg\" alt=\"\" width=\"374\" height=\"269\" srcset=\"https:\/\/blogsaverroes.juntadeandalucia.es\/tomasdeybarra\/files\/2024\/08\/Sello-Calidad-cole-Learning-from-each-other-300x216.jpg 300w, https:\/\/blogsaverroes.juntadeandalucia.es\/tomasdeybarra\/files\/2024\/08\/Sello-Calidad-cole-Learning-from-each-other-768x553.jpg 768w, https:\/\/blogsaverroes.juntadeandalucia.es\/tomasdeybarra\/files\/2024\/08\/Sello-Calidad-cole-Learning-from-each-other.jpg 841w\" sizes=\"(max-width: 374px) 100vw, 374px\" \/><\/a><\/p>\n<p>&nbsp;<\/p>\n<p>&nbsp;<\/p>\n<p>&nbsp;<\/p>\n<p>&nbsp;<\/p>\n<p>&nbsp;<\/p>\n<p>&nbsp;<\/p>\n<p>&nbsp;<\/p>\n<p>&nbsp;<\/p>\n<p><a href=\"https:\/\/school-education.ec.europa.eu\/en\/etwinning\/projects\/lets-play-and-learn-together-1\/twinspace\" target=\"_blank\" rel=\"noopener\"><img loading=\"lazy\" decoding=\"async\" class=\" wp-image-1680 aligncenter\" src=\"https:\/\/blogsaverroes.juntadeandalucia.es\/tomasdeybarra\/files\/2024\/06\/lets-play-300x149.jpg\" alt=\"\" width=\"641\" height=\"319\" srcset=\"https:\/\/blogsaverroes.juntadeandalucia.es\/tomasdeybarra\/files\/2024\/06\/lets-play-300x149.jpg 300w, https:\/\/blogsaverroes.juntadeandalucia.es\/tomasdeybarra\/files\/2024\/06\/lets-play-1024x510.jpg 1024w, https:\/\/blogsaverroes.juntadeandalucia.es\/tomasdeybarra\/files\/2024\/06\/lets-play-768x382.jpg 768w, https:\/\/blogsaverroes.juntadeandalucia.es\/tomasdeybarra\/files\/2024\/06\/lets-play.jpg 1185w\" sizes=\"(max-width: 641px) 100vw, 641px\" \/><\/a><\/p>\n<p>&nbsp;<\/p>\n<p>&nbsp;<\/p>\n<p><a href=\"https:\/\/school-education.ec.europa.eu\/en\/etwinning\/projects\/little-chefs-have-fun-and-learn-kitchen\/twinspace\" target=\"_blank\" rel=\"noopener\"><img loading=\"lazy\" decoding=\"async\" class=\"aligncenter wp-image-1679\" src=\"https:\/\/blogsaverroes.juntadeandalucia.es\/tomasdeybarra\/files\/2024\/06\/WhatsApp-Image-2024-06-16-at-11.14.52-1-300x101.jpeg\" alt=\"\" width=\"735\" height=\"248\" srcset=\"https:\/\/blogsaverroes.juntadeandalucia.es\/tomasdeybarra\/files\/2024\/06\/WhatsApp-Image-2024-06-16-at-11.14.52-1-300x101.jpeg 300w, https:\/\/blogsaverroes.juntadeandalucia.es\/tomasdeybarra\/files\/2024\/06\/WhatsApp-Image-2024-06-16-at-11.14.52-1-1024x346.jpeg 1024w, https:\/\/blogsaverroes.juntadeandalucia.es\/tomasdeybarra\/files\/2024\/06\/WhatsApp-Image-2024-06-16-at-11.14.52-1-768x259.jpeg 768w, https:\/\/blogsaverroes.juntadeandalucia.es\/tomasdeybarra\/files\/2024\/06\/WhatsApp-Image-2024-06-16-at-11.14.52-1.jpeg 1232w\" sizes=\"(max-width: 735px) 100vw, 735px\" \/><\/a><\/p>\n<p>&nbsp;<\/p>\n<p><a href=\"https:\/\/school-education.ec.europa.eu\/en\/etwinning\/projects\/kind-magic-akom\/twinspace\" target=\"_blank\" rel=\"noopener\"><img loading=\"lazy\" decoding=\"async\" class=\"aligncenter wp-image-1681 \" src=\"https:\/\/blogsaverroes.juntadeandalucia.es\/tomasdeybarra\/files\/2024\/06\/akon-300x156.jpg\" alt=\"\" width=\"554\" height=\"288\" srcset=\"https:\/\/blogsaverroes.juntadeandalucia.es\/tomasdeybarra\/files\/2024\/06\/akon-300x156.jpg 300w, https:\/\/blogsaverroes.juntadeandalucia.es\/tomasdeybarra\/files\/2024\/06\/akon-768x398.jpg 768w, https:\/\/blogsaverroes.juntadeandalucia.es\/tomasdeybarra\/files\/2024\/06\/akon.jpg 891w\" sizes=\"(max-width: 554px) 100vw, 554px\" \/><\/a><\/p>\n<p>&nbsp;<\/p>\n<h3>ANTERIORMENTE&#8230;<\/h3>\n<p>Hasta el d\u00eda de hoy, nuestro centro ha recibido 2 sellos de calidad europea por el proyecto &#8220;Learn, Create and Communicate&#8221; y 1 sello de calidad por el proyecto &#8220;El Rosco de los Valores&#8221; Este \u00faltimo, ha recibido el Premio Nacional eTwinning, entregado a D\u00f1a. Amalia Amparo P\u00e9rez, coordinadora de dicho proyecto, por la Ministra de Educaci\u00f3n D\u00f1a. Pilar Alegr\u00eda. Tambi\u00e9n recibi\u00f3 halagos por su buen hacer por parte de la Consejera de Desarrollo Educativo de la Junta de Andaluc\u00eda, D\u00f1a. Patricia del Pozo.&nbsp;<\/p>\n<p>Art\u00edculo del evento en prensa: <a href=\"https:\/\/noticiasaljarafe.es\/index.php\/municipios\/tomares\/item\/14769-dos-docentes-de-dos-centros-de-tomares-galardonadas-en-los-premios-nacionales-etwinning-2022\" target=\"_blank\" rel=\"noopener noreferrer\">NOTICIAS ALJARAFE,<\/a><\/p>\n<p><iframe loading=\"lazy\" src=\"\/\/www.youtube.com\/embed\/Mve29zzDnuI\" width=\"560\" height=\"315\" frameborder=\"0\"><\/iframe>&nbsp; &nbsp; &nbsp;&nbsp; &nbsp;&nbsp;<img loading=\"lazy\" decoding=\"async\" class=\"alignnone wp-image-1019\" src=\"https:\/\/blogsaverroes.juntadeandalucia.es\/tomasdeybarra\/files\/2023\/01\/amalia-y-carmen-mellado-en-simo-300x291.jpg\" alt=\"\" width=\"258\" height=\"250\" srcset=\"https:\/\/blogsaverroes.juntadeandalucia.es\/tomasdeybarra\/files\/2023\/01\/amalia-y-carmen-mellado-en-simo-300x291.jpg 300w, https:\/\/blogsaverroes.juntadeandalucia.es\/tomasdeybarra\/files\/2023\/01\/amalia-y-carmen-mellado-en-simo-768x745.jpg 768w, https:\/\/blogsaverroes.juntadeandalucia.es\/tomasdeybarra\/files\/2023\/01\/amalia-y-carmen-mellado-en-simo.jpg 952w\" sizes=\"(max-width: 258px) 100vw, 258px\" \/><\/p>\n<p>&nbsp;<\/p>\n<p><img loading=\"lazy\" decoding=\"async\" class=\"alignnone wp-image-1018\" src=\"https:\/\/blogsaverroes.juntadeandalucia.es\/tomasdeybarra\/files\/2023\/01\/amalia-amparo-y-ministra-300x135.jpg\" alt=\"\" width=\"396\" height=\"178\" srcset=\"https:\/\/blogsaverroes.juntadeandalucia.es\/tomasdeybarra\/files\/2023\/01\/amalia-amparo-y-ministra-300x135.jpg 300w, https:\/\/blogsaverroes.juntadeandalucia.es\/tomasdeybarra\/files\/2023\/01\/amalia-amparo-y-ministra-1024x462.jpg 1024w, https:\/\/blogsaverroes.juntadeandalucia.es\/tomasdeybarra\/files\/2023\/01\/amalia-amparo-y-ministra-768x346.jpg 768w, https:\/\/blogsaverroes.juntadeandalucia.es\/tomasdeybarra\/files\/2023\/01\/amalia-amparo-y-ministra-1536x692.jpg 1536w, https:\/\/blogsaverroes.juntadeandalucia.es\/tomasdeybarra\/files\/2023\/01\/amalia-amparo-y-ministra.jpg 2048w\" sizes=\"(max-width: 396px) 100vw, 396px\" \/>&nbsp; &nbsp; &nbsp; &nbsp;<\/p>\n<p>Otras docentes del centro han asistido a cursos de formaci\u00f3n sobre el uso, m\u00e9todo de trabajo y aprovechamiento de esta plataforma internacional de docentes europeos con el objetivo de mejorar tanto sus habilidades y competencias profesionales as\u00ed como contribuir al desarrollo de la calidad educativa de nuestro alumnado.&nbsp; &nbsp; &nbsp; &nbsp; &nbsp; &nbsp; &nbsp; &nbsp; &nbsp;&nbsp;<\/p>\n<p><span style=\"font-size: 14pt\"><strong>&#8220;El Rosco de los Valores&#8221; en la radio. NEO FM (Sevilla)<\/strong><\/span><\/p>\n<p>&nbsp;<iframe loading=\"lazy\" src=\"https:\/\/www.ivoox.com\/player_ej_102185250_6_1.html?c1=eec842\" width=\"100%\" height=\"200\" frameborder=\"0\" scrolling=\"no\"><\/iframe><\/p>\n","protected":false},"excerpt":{"rendered":"<p>eTwinning es una iniciativa de la Comisi\u00f3n Europea\u200b que forma parte de Erasmus+, el programa de la Uni\u00f3n Europea en materia de educaci\u00f3n, formaci\u00f3n, juventud y deporte.\u200b Su principal objetivo es el de fomentar la&#46;&#46;&#46;<\/p>\n","protected":false},"author":15493,"featured_media":0,"parent":0,"menu_order":0,"comment_status":"closed","ping_status":"closed","template":"","meta":{"ngg_post_thumbnail":0,"footnotes":""},"aioseo_notices":[],"_links":{"self":[{"href":"https:\/\/blogsaverroes.juntadeandalucia.es\/tomasdeybarra\/wp-json\/wp\/v2\/pages\/1007"}],"collection":[{"href":"https:\/\/blogsaverroes.juntadeandalucia.es\/tomasdeybarra\/wp-json\/wp\/v2\/pages"}],"about":[{"href":"https:\/\/blogsaverroes.juntadeandalucia.es\/tomasdeybarra\/wp-json\/wp\/v2\/types\/page"}],"author":[{"embeddable":true,"href":"https:\/\/blogsaverroes.juntadeandalucia.es\/tomasdeybarra\/wp-json\/wp\/v2\/users\/15493"}],"replies":[{"embeddable":true,"href":"https:\/\/blogsaverroes.juntadeandalucia.es\/tomasdeybarra\/wp-json\/wp\/v2\/comments?post=1007"}],"version-history":[{"count":15,"href":"https:\/\/blogsaverroes.juntadeandalucia.es\/tomasdeybarra\/wp-json\/wp\/v2\/pages\/1007\/revisions"}],"predecessor-version":[{"id":2175,"href":"https:\/\/blogsaverroes.juntadeandalucia.es\/tomasdeybarra\/wp-json\/wp\/v2\/pages\/1007\/revisions\/2175"}],"wp:attachment":[{"href":"https:\/\/blogsaverroes.juntadeandalucia.es\/tomasdeybarra\/wp-json\/wp\/v2\/media?parent=1007"}],"curies":[{"name":"wp","href":"https:\/\/api.w.org\/{rel}","templated":true}]}}