{"id":1008,"date":"2023-01-20T22:05:11","date_gmt":"2023-01-20T21:05:11","guid":{"rendered":"https:\/\/blogsaverroes.juntadeandalucia.es\/tomasdeybarra\/?page_id=1008"},"modified":"2025-05-22T22:13:08","modified_gmt":"2025-05-22T21:13:08","slug":"erasmus","status":"publish","type":"page","link":"https:\/\/blogsaverroes.juntadeandalucia.es\/tomasdeybarra\/erasmus\/","title":{"rendered":"ERASMUS+"},"content":{"rendered":"<p><img loading=\"lazy\" decoding=\"async\" class=\"alignleft wp-image-1567 size-medium\" src=\"https:\/\/blogsaverroes.juntadeandalucia.es\/tomasdeybarra\/files\/2024\/02\/es_cofinanciado_por_la_union_europea_pos-300x63.png\" alt=\"\" width=\"300\" height=\"63\" srcset=\"https:\/\/blogsaverroes.juntadeandalucia.es\/tomasdeybarra\/files\/2024\/02\/es_cofinanciado_por_la_union_europea_pos-300x63.png 300w, https:\/\/blogsaverroes.juntadeandalucia.es\/tomasdeybarra\/files\/2024\/02\/es_cofinanciado_por_la_union_europea_pos-1024x215.png 1024w, https:\/\/blogsaverroes.juntadeandalucia.es\/tomasdeybarra\/files\/2024\/02\/es_cofinanciado_por_la_union_europea_pos-768x161.png 768w, https:\/\/blogsaverroes.juntadeandalucia.es\/tomasdeybarra\/files\/2024\/02\/es_cofinanciado_por_la_union_europea_pos-1536x322.png 1536w, https:\/\/blogsaverroes.juntadeandalucia.es\/tomasdeybarra\/files\/2024\/02\/es_cofinanciado_por_la_union_europea_pos-2048x429.png 2048w\" sizes=\"(max-width: 300px) 100vw, 300px\" \/><\/p>\n<p><span style=\"color: #000000\">El CEIP Tom\u00e1s de Ybarra tiene una amplia experiencia Erasmus+ y eTwinning, desde 2015 hasta la fecha.<\/span><\/p>\n<p><span style=\"color: #000000\">Nuestro alumnado ha asistido a programas en escuelas de Wiesbaden (Alemania), de Viborg (Dinamarca), en Gallarate (Italia), Estocolmo (Suecia) y de nuevo en Viborg (Dinamarca)<\/span><\/p>\n<p><span style=\"color: #000000\">El profesorado asimismo, ha disfrutado de experiencias de intercambio en centros escolares en Suecia, Islandia, Alemania (Wiesbaden y Singen), Italia, Dinamarca y Portugal.<\/span><\/p>\n<p><span style=\"color: #000000\">Adem\u00e1s somos centro receptor de alumnado y profesorado internacional que vienen a observar buenas pr\u00e1cticas y a realizar actividades comunes. Son muy numerosos los programas que llevamos a cabo, con una finalidad muy clara:<\/span><\/p>\n<p><span style=\"color: #000000\">Aumentar nuestra competencia multicultural, observar pr\u00e1cticas innovadoras y aplicarlas al proceso de ense\u00f1anza-aprendizaje de nuestro centro. De esta manera, las lenguas europeas, especialmente el ingl\u00e9s (lengua franca por antonomasia), se practican en un entorno real y con un prop\u00f3sito comunicativo, en el que las nuevas tecnolog\u00edas realizan un papel fundamental: servir de herramienta de investigaci\u00f3n, a trav\u00e9s de las actividades comunes, y de trabajo colaborativo con otros pa\u00edses.&nbsp;<\/span><\/p>\n<p><span style=\"color: #000000\">Somos centro Erasmus+ acreditado desde el 2022 hasta el 2027 (KA120). Lleva a cabo proyectos KA121 (job shadowings y cursos estructurados para el profesorado, y visitas de alumnado a otras escuelas) y un proyecto KA210 (asociaci\u00f3n escolar con Francia y Portugal)&nbsp;<\/span><\/p>\n<p><span style=\"color: #000000\"><strong>PROYECTO ERASMUS ACCI\u00d3N CLAVE 1- KA1.<\/strong>&nbsp; La finalidad de las actividades Erasmus+ es brindar oportunidades a las personas participantes para:<\/span><\/p>\n<ol>\n<li><span style=\"color: #000000\"><strong>Reforzar la dimensi\u00f3n europea de la ense\u00f1anza y el aprendizaje<\/strong>:&nbsp;fomentando los valores de inclusi\u00f3n y diversidad, tolerancia y participaci\u00f3n democr\u00e1tica; promoviendo el conocimiento sobre el patrimonio europeo com\u00fan y la diversidad; apoyando el desarrollo de redes profesionales en toda Europa.<\/span><\/li>\n<li><span style=\"color: #000000\"><strong>Mejorar la calidad de la ense\u00f1anza y el aprendizaje en la educaci\u00f3n escolar:<\/strong>&nbsp;apoyando el desarrollo profesional de los profesores, directores de centros escolares y dem\u00e1s personal educativo; fomentando el uso de nuevas tecnolog\u00edas y m\u00e9todos de ense\u00f1anza innovadores; mejorando el aprendizaje de idiomas y la diversidad ling\u00fc\u00edstica en los centros escolares; promoviendo el intercambio y la transferencia de mejores pr\u00e1cticas en materia de ense\u00f1anza y desarrollo escolar.<\/span><\/li>\n<li><span style=\"color: #000000\"><strong>Contribuir a la creaci\u00f3n del Espacio Europeo de Educaci\u00f3n:&nbsp;<\/strong>desarrollando las capacidades de los centros escolares para participar en intercambios y cooperaci\u00f3n transfronterizos y para llevar a cabo proyectos de movilidad de alta calidad; haciendo que la movilidad educativa sea una posibilidad realista para cualquier alumno de educaci\u00f3n escolar; fomentando el reconocimiento de los resultados de aprendizaje obtenidos por los alumnos y el personal educativo durante per\u00edodos de movilidad en el extranjero.<\/span><\/li>\n<\/ol>\n<h2><a href=\"https:\/\/sites.google.com\/g.educaand.es\/erasmusceiptomasdeybarra\/inicio\">VISITA NUESTRO BLOG<\/a><\/h2>\n<h2><a href=\"https:\/\/sites.google.com\/g.educaand.es\/erasmusceiptomasdeybarra\/inicio\">https:\/\/sites.google.com\/g.educaand.es\/erasmusceiptomasdeybarra\/inicio<\/a><\/h2>\n<p><img loading=\"lazy\" decoding=\"async\" class=\"alignleft wp-image-1565 \" src=\"https:\/\/blogsaverroes.juntadeandalucia.es\/tomasdeybarra\/files\/2024\/02\/20240131_095614-225x300.jpg\" alt=\"\" width=\"305\" height=\"407\" srcset=\"https:\/\/blogsaverroes.juntadeandalucia.es\/tomasdeybarra\/files\/2024\/02\/20240131_095614-225x300.jpg 225w, https:\/\/blogsaverroes.juntadeandalucia.es\/tomasdeybarra\/files\/2024\/02\/20240131_095614-768x1024.jpg 768w, https:\/\/blogsaverroes.juntadeandalucia.es\/tomasdeybarra\/files\/2024\/02\/20240131_095614-1152x1536.jpg 1152w, https:\/\/blogsaverroes.juntadeandalucia.es\/tomasdeybarra\/files\/2024\/02\/20240131_095614-1536x2048.jpg 1536w, https:\/\/blogsaverroes.juntadeandalucia.es\/tomasdeybarra\/files\/2024\/02\/20240131_095614-scaled.jpg 1920w\" sizes=\"(max-width: 305px) 100vw, 305px\" \/><\/p>\n<p><img loading=\"lazy\" decoding=\"async\" class=\"alignleft wp-image-1566 \" src=\"https:\/\/blogsaverroes.juntadeandalucia.es\/tomasdeybarra\/files\/2024\/02\/WhatsApp-Image-2023-05-08-at-18.01.38-300x225.jpeg\" alt=\"\" width=\"388\" height=\"291\" srcset=\"https:\/\/blogsaverroes.juntadeandalucia.es\/tomasdeybarra\/files\/2024\/02\/WhatsApp-Image-2023-05-08-at-18.01.38-300x225.jpeg 300w, https:\/\/blogsaverroes.juntadeandalucia.es\/tomasdeybarra\/files\/2024\/02\/WhatsApp-Image-2023-05-08-at-18.01.38-1024x768.jpeg 1024w, https:\/\/blogsaverroes.juntadeandalucia.es\/tomasdeybarra\/files\/2024\/02\/WhatsApp-Image-2023-05-08-at-18.01.38-768x576.jpeg 768w, https:\/\/blogsaverroes.juntadeandalucia.es\/tomasdeybarra\/files\/2024\/02\/WhatsApp-Image-2023-05-08-at-18.01.38-1536x1152.jpeg 1536w, https:\/\/blogsaverroes.juntadeandalucia.es\/tomasdeybarra\/files\/2024\/02\/WhatsApp-Image-2023-05-08-at-18.01.38.jpeg 2048w\" sizes=\"(max-width: 388px) 100vw, 388px\" \/><\/p>\n<p>&nbsp;<\/p>\n<p><img loading=\"lazy\" decoding=\"async\" class=\"alignleft wp-image-1706\" src=\"https:\/\/blogsaverroes.juntadeandalucia.es\/tomasdeybarra\/files\/2024\/07\/WhatsApp-Image-2024-05-17-at-18.17.24-225x300.jpeg\" alt=\"\" width=\"290\" height=\"387\" srcset=\"https:\/\/blogsaverroes.juntadeandalucia.es\/tomasdeybarra\/files\/2024\/07\/WhatsApp-Image-2024-05-17-at-18.17.24-225x300.jpeg 225w, https:\/\/blogsaverroes.juntadeandalucia.es\/tomasdeybarra\/files\/2024\/07\/WhatsApp-Image-2024-05-17-at-18.17.24-768x1024.jpeg 768w, https:\/\/blogsaverroes.juntadeandalucia.es\/tomasdeybarra\/files\/2024\/07\/WhatsApp-Image-2024-05-17-at-18.17.24-1152x1536.jpeg 1152w, https:\/\/blogsaverroes.juntadeandalucia.es\/tomasdeybarra\/files\/2024\/07\/WhatsApp-Image-2024-05-17-at-18.17.24.jpeg 1200w\" sizes=\"(max-width: 290px) 100vw, 290px\" \/><\/p>\n","protected":false},"excerpt":{"rendered":"<p>El CEIP Tom\u00e1s de Ybarra tiene una amplia experiencia Erasmus+ y eTwinning, desde 2015 hasta la fecha. Nuestro alumnado ha asistido a programas en escuelas de Wiesbaden (Alemania), de Viborg (Dinamarca), en Gallarate (Italia), Estocolmo&#46;&#46;&#46;<\/p>\n","protected":false},"author":15493,"featured_media":0,"parent":0,"menu_order":0,"comment_status":"closed","ping_status":"closed","template":"","meta":{"ngg_post_thumbnail":0,"footnotes":""},"aioseo_notices":[],"_links":{"self":[{"href":"https:\/\/blogsaverroes.juntadeandalucia.es\/tomasdeybarra\/wp-json\/wp\/v2\/pages\/1008"}],"collection":[{"href":"https:\/\/blogsaverroes.juntadeandalucia.es\/tomasdeybarra\/wp-json\/wp\/v2\/pages"}],"about":[{"href":"https:\/\/blogsaverroes.juntadeandalucia.es\/tomasdeybarra\/wp-json\/wp\/v2\/types\/page"}],"author":[{"embeddable":true,"href":"https:\/\/blogsaverroes.juntadeandalucia.es\/tomasdeybarra\/wp-json\/wp\/v2\/users\/15493"}],"replies":[{"embeddable":true,"href":"https:\/\/blogsaverroes.juntadeandalucia.es\/tomasdeybarra\/wp-json\/wp\/v2\/comments?post=1008"}],"version-history":[{"count":14,"href":"https:\/\/blogsaverroes.juntadeandalucia.es\/tomasdeybarra\/wp-json\/wp\/v2\/pages\/1008\/revisions"}],"predecessor-version":[{"id":1924,"href":"https:\/\/blogsaverroes.juntadeandalucia.es\/tomasdeybarra\/wp-json\/wp\/v2\/pages\/1008\/revisions\/1924"}],"wp:attachment":[{"href":"https:\/\/blogsaverroes.juntadeandalucia.es\/tomasdeybarra\/wp-json\/wp\/v2\/media?parent=1008"}],"curies":[{"name":"wp","href":"https:\/\/api.w.org\/{rel}","templated":true}]}}