{"id":1067,"date":"2023-01-22T23:35:31","date_gmt":"2023-01-22T22:35:31","guid":{"rendered":"https:\/\/blogsaverroes.juntadeandalucia.es\/tomasdeybarra\/?page_id=1067"},"modified":"2025-05-19T23:46:41","modified_gmt":"2025-05-19T22:46:41","slug":"igualdad-y-pacto-de-estado","status":"publish","type":"page","link":"https:\/\/blogsaverroes.juntadeandalucia.es\/tomasdeybarra\/igualdad-y-pacto-de-estado\/","title":{"rendered":"Igualdad y Pacto de Estado"},"content":{"rendered":"<p><img loading=\"lazy\" decoding=\"async\" class=\"alignleft wp-image-1412\" src=\"https:\/\/blogsaverroes.juntadeandalucia.es\/tomasdeybarra\/files\/2023\/06\/banner_prevencion_vg-300x43.png\" alt=\"\" width=\"537\" height=\"77\" srcset=\"https:\/\/blogsaverroes.juntadeandalucia.es\/tomasdeybarra\/files\/2023\/06\/banner_prevencion_vg-300x43.png 300w, https:\/\/blogsaverroes.juntadeandalucia.es\/tomasdeybarra\/files\/2023\/06\/banner_prevencion_vg-1024x148.png 1024w, https:\/\/blogsaverroes.juntadeandalucia.es\/tomasdeybarra\/files\/2023\/06\/banner_prevencion_vg-768x111.png 768w, https:\/\/blogsaverroes.juntadeandalucia.es\/tomasdeybarra\/files\/2023\/06\/banner_prevencion_vg.png 1239w\" sizes=\"(max-width: 537px) 100vw, 537px\" \/><\/p>\n<p>&nbsp;<\/p>\n<p>&nbsp;<\/p>\n<p>&nbsp;<\/p>\n<h4><span style=\"font-family: helvetica, arial, sans-serif\"><a href=\"https:\/\/drive.google.com\/file\/d\/1H53Rn7NyMC1lNirWBGRcDwoZrq_V_Yup\/view?usp=sharing\">WE ALL FIT TOGETHER IN THIS SCHOOL<\/a> (PROYECTO PRESENTADO PARA PAZ IGU)<\/span><\/h4>\n<p><img loading=\"lazy\" decoding=\"async\" class=\"size-medium wp-image-1922 alignleft\" src=\"https:\/\/blogsaverroes.juntadeandalucia.es\/tomasdeybarra\/files\/2025\/05\/WE-ALL-FIT-TOGETHER-169x300.jpg\" alt=\"\" width=\"169\" height=\"300\" srcset=\"https:\/\/blogsaverroes.juntadeandalucia.es\/tomasdeybarra\/files\/2025\/05\/WE-ALL-FIT-TOGETHER-169x300.jpg 169w, https:\/\/blogsaverroes.juntadeandalucia.es\/tomasdeybarra\/files\/2025\/05\/WE-ALL-FIT-TOGETHER.jpg 357w\" sizes=\"(max-width: 169px) 100vw, 169px\" \/><\/p>\n<p>&nbsp;<\/p>\n<p>&nbsp;<\/p>\n<p>&nbsp;<\/p>\n<p>&nbsp;<\/p>\n<p>&nbsp;<\/p>\n<p>&nbsp;<\/p>\n<p>&nbsp;<\/p>\n<p>&nbsp;<\/p>\n<p><img loading=\"lazy\" decoding=\"async\" class=\"wp-image-1521 alignleft\" src=\"https:\/\/blogsaverroes.juntadeandalucia.es\/tomasdeybarra\/files\/2023\/12\/Captura-de-pantalla-2023-12-18-110323-300x124.png\" alt=\"\" width=\"477\" height=\"197\" srcset=\"https:\/\/blogsaverroes.juntadeandalucia.es\/tomasdeybarra\/files\/2023\/12\/Captura-de-pantalla-2023-12-18-110323-300x124.png 300w, https:\/\/blogsaverroes.juntadeandalucia.es\/tomasdeybarra\/files\/2023\/12\/Captura-de-pantalla-2023-12-18-110323-1024x425.png 1024w, https:\/\/blogsaverroes.juntadeandalucia.es\/tomasdeybarra\/files\/2023\/12\/Captura-de-pantalla-2023-12-18-110323-768x319.png 768w, https:\/\/blogsaverroes.juntadeandalucia.es\/tomasdeybarra\/files\/2023\/12\/Captura-de-pantalla-2023-12-18-110323.png 1126w\" sizes=\"(max-width: 477px) 100vw, 477px\" \/><\/p>\n<p>&nbsp;<\/p>\n<p>&nbsp;<\/p>\n<p>&nbsp;<\/p>\n<p>&nbsp;<\/p>\n<p>&nbsp;<\/p>\n<p>&nbsp;<\/p>\n<p><a href=\"https:\/\/ws097.juntadeandalucia.es\/juegoyjuguetenosexista2023\/\" target=\"_blank\" rel=\"noopener noreferrer\">CAMPA\u00d1A DEL JUEGO Y EL JUGUETE NO SEXISTA, NO VIOLENTO.<\/a><\/p>\n<p><a href=\"https:\/\/ws097.juntadeandalucia.es\/juegoyjuguetenosexista2023\/assets\/dossier.pdf\" target=\"_blank\" rel=\"noopener noreferrer\">DOSSIER&nbsp;<\/a><\/p>\n<p>Esta campa\u00f1a busca abordar y desmantelar tanto el sexismo como la violencia que, a menudo, se encuentran arraigados en algo tan fundamental como los juguetes. Los juguetes son mucho m\u00e1s que simple entretenimiento; son herramientas esenciales en el desarrollo infantil, que influyen en c\u00f3mo los ni\u00f1os y ni\u00f1as comprenden e interact\u00faan con el mundo, c\u00f3mo se interrelacionan con los dem\u00e1s y construyen su identidad. Sin embargo, los estereotipos de g\u00e9nero tradicionales pueden limitar estas experiencias.<\/p>\n<p>Queremos que esto sea una invitaci\u00f3n a las familias y al profesorado para colaborar en la creaci\u00f3n de un futuro m\u00e1s igualitario. Redise\u00f1ando las reglas del juego, abriendo las puertas a esta transformaci\u00f3n social tan valiosa y enriquecedora para todos y todas. Os invitamos a ser parte de este positivo cambio.<\/p>\n<p>&#8212;&#8212;&#8212;&#8212;&#8212;&#8212;&#8212;&#8212;&#8212;&#8212;&#8212;&#8212;&#8212;&#8212;&#8212;&#8212;&#8212;&#8212;&#8212;&#8212;&#8212;&#8212;&#8212;&#8212;&#8212;&#8212;&#8212;&#8212;&#8212;&#8212;&#8212;&#8212;&#8212;&#8212;&#8212;&#8212;&#8212;&#8212;&#8212;&#8212;&#8212;&#8212;&#8212;&#8212;&#8212;&#8212;&#8212;&#8212;&#8212;&#8212;&#8212;&#8212;&#8212;&#8212;&#8212;&#8212;&#8212;&#8212;&#8212;&#8212;&#8212;&#8212;&#8212;&#8212;&#8212;&#8212;&#8212;&#8212;&#8212;&#8212;&#8212;&#8212;&#8212;&#8212;&#8211;<\/p>\n<p style=\"text-align: left\"><a href=\"https:\/\/www.juntadeandalucia.es\/educacion\/portals\/web\/igualdad\" target=\"_blank\" rel=\"noopener noreferrer\">Portal de Igualdad de la Junta de Andaluc\u00eda.<\/a><\/p>\n<p><a href=\"https:\/\/www.juntadeandalucia.es\/educacion\/portals\/web\/igualdad\/actuaciones\/pacto-de-estado-contra-violencia-de-genero\" target=\"_blank\" rel=\"noopener noreferrer\"><span style=\"color: #000000\">Pacto de Estado&nbsp;<\/span><\/a><\/p>\n<p><span style=\"color: #000000\">El<strong> II Plan Estrat\u00e9gico de Igualdad de G\u00e9nero en Educaci\u00f3n de la Junta de Andaluc\u00eda<\/strong> propone actuaciones a favor de los derechos de las mujeres y adem\u00e1s, incorpora actuaciones a favor de los hombres y de las mujeres en aquellas desigualdades espec\u00edficas que produce la tradicional socializaci\u00f3n diferenciada.<\/span><\/p>\n<p><span style=\"color: #000000\">Este plan contribuye a fomentar, desde esta doble mirada a favor de las mujeres y a favor de los hombres, planteamientos cooperativos de \u201cyo gano, t\u00fa ganas\u201d, que configuran los pilares b\u00e1sicos de una sociedad igualitaria y justa.<\/span><\/p>\n<p>Las efem\u00e9rides que trabajamos en nuestro centro para contribuir al desarrollo de una sociedad m\u00e1s justa son:<\/p>\n<ul>\n<li>El 25 de noviembre, D\u00eda Internacional de la Eliminaci\u00f3n de la Violencia Contra la Mujer.&nbsp;<\/li>\n<li>El <a href=\"https:\/\/11defebrero.org\/\" target=\"_blank\" rel=\"noopener noreferrer\">11 de febrero<\/a>, D\u00eda Internacional de <a href=\"https:\/\/www.un.org\/es\/observances\/women-and-girls-in-science-day\" target=\"_blank\" rel=\"noopener noreferrer\">la Mujer y la Ni\u00f1a en la Ciencia.<\/a><\/li>\n<li>El 8 de marzo, D\u00eda Internacional de la Mujer.&nbsp;<\/li>\n<\/ul>\n<p><img loading=\"lazy\" decoding=\"async\" class=\" wp-image-1068\" src=\"https:\/\/blogsaverroes.juntadeandalucia.es\/tomasdeybarra\/files\/2023\/01\/women-day-300x212.jpg\" alt=\"\" width=\"263\" height=\"186\" srcset=\"https:\/\/blogsaverroes.juntadeandalucia.es\/tomasdeybarra\/files\/2023\/01\/women-day-300x212.jpg 300w, https:\/\/blogsaverroes.juntadeandalucia.es\/tomasdeybarra\/files\/2023\/01\/women-day-1024x724.jpg 1024w, https:\/\/blogsaverroes.juntadeandalucia.es\/tomasdeybarra\/files\/2023\/01\/women-day-768x543.jpg 768w, https:\/\/blogsaverroes.juntadeandalucia.es\/tomasdeybarra\/files\/2023\/01\/women-day-1536x1085.jpg 1536w, https:\/\/blogsaverroes.juntadeandalucia.es\/tomasdeybarra\/files\/2023\/01\/women-day.jpg 2048w\" sizes=\"(max-width: 263px) 100vw, 263px\" \/><\/p>\n<p><img loading=\"lazy\" decoding=\"async\" class=\"alignnone size-medium wp-image-1069\" src=\"https:\/\/blogsaverroes.juntadeandalucia.es\/tomasdeybarra\/files\/2023\/01\/telescope-5636963_960_720-300x170.png\" alt=\"\" width=\"300\" height=\"170\" srcset=\"https:\/\/blogsaverroes.juntadeandalucia.es\/tomasdeybarra\/files\/2023\/01\/telescope-5636963_960_720-300x170.png 300w, https:\/\/blogsaverroes.juntadeandalucia.es\/tomasdeybarra\/files\/2023\/01\/telescope-5636963_960_720-768x435.png 768w, https:\/\/blogsaverroes.juntadeandalucia.es\/tomasdeybarra\/files\/2023\/01\/telescope-5636963_960_720.png 960w\" sizes=\"(max-width: 300px) 100vw, 300px\" \/><\/p>\n","protected":false},"excerpt":{"rendered":"<p>&nbsp; &nbsp; &nbsp; WE ALL FIT TOGETHER IN THIS SCHOOL (PROYECTO PRESENTADO PARA PAZ IGU) &nbsp; &nbsp; &nbsp; &nbsp; &nbsp; &nbsp; &nbsp; &nbsp; &nbsp; &nbsp; &nbsp; &nbsp; &nbsp; &nbsp; CAMPA\u00d1A DEL JUEGO Y EL JUGUETE&#46;&#46;&#46;<\/p>\n","protected":false},"author":15493,"featured_media":1073,"parent":0,"menu_order":0,"comment_status":"closed","ping_status":"closed","template":"","meta":{"ngg_post_thumbnail":0,"footnotes":""},"aioseo_notices":[],"_links":{"self":[{"href":"https:\/\/blogsaverroes.juntadeandalucia.es\/tomasdeybarra\/wp-json\/wp\/v2\/pages\/1067"}],"collection":[{"href":"https:\/\/blogsaverroes.juntadeandalucia.es\/tomasdeybarra\/wp-json\/wp\/v2\/pages"}],"about":[{"href":"https:\/\/blogsaverroes.juntadeandalucia.es\/tomasdeybarra\/wp-json\/wp\/v2\/types\/page"}],"author":[{"embeddable":true,"href":"https:\/\/blogsaverroes.juntadeandalucia.es\/tomasdeybarra\/wp-json\/wp\/v2\/users\/15493"}],"replies":[{"embeddable":true,"href":"https:\/\/blogsaverroes.juntadeandalucia.es\/tomasdeybarra\/wp-json\/wp\/v2\/comments?post=1067"}],"version-history":[{"count":8,"href":"https:\/\/blogsaverroes.juntadeandalucia.es\/tomasdeybarra\/wp-json\/wp\/v2\/pages\/1067\/revisions"}],"predecessor-version":[{"id":1923,"href":"https:\/\/blogsaverroes.juntadeandalucia.es\/tomasdeybarra\/wp-json\/wp\/v2\/pages\/1067\/revisions\/1923"}],"wp:featuredmedia":[{"embeddable":true,"href":"https:\/\/blogsaverroes.juntadeandalucia.es\/tomasdeybarra\/wp-json\/wp\/v2\/media\/1073"}],"wp:attachment":[{"href":"https:\/\/blogsaverroes.juntadeandalucia.es\/tomasdeybarra\/wp-json\/wp\/v2\/media?parent=1067"}],"curies":[{"name":"wp","href":"https:\/\/api.w.org\/{rel}","templated":true}]}}