{"id":1109,"date":"2023-01-24T23:48:47","date_gmt":"2023-01-24T22:48:47","guid":{"rendered":"https:\/\/blogsaverroes.juntadeandalucia.es\/tomasdeybarra\/?page_id=1109"},"modified":"2023-01-24T23:53:04","modified_gmt":"2023-01-24T22:53:04","slug":"sexto-2","status":"publish","type":"page","link":"https:\/\/blogsaverroes.juntadeandalucia.es\/tomasdeybarra\/sexto-2\/","title":{"rendered":"Sexto"},"content":{"rendered":"<p><span style=\"color: #000000\">Aqu\u00ed pod\u00e9is consultar el magn\u00edfico<span style=\"color: #0000ff\">&nbsp;<a style=\"color: #0000ff\" href=\"https:\/\/tybarrasextoprimaria2022.blogspot.com\/?m=0\" target=\"_blank\" rel=\"noopener noreferrer\">blog de Sexto<\/a><\/span>&nbsp;de primaria, donde observamos todo sus proyectos:<\/span><\/p>\n<p><a href=\"https:\/\/tybarrasextoprimaria2022.blogspot.com\/?m=0\" target=\"_blank\" rel=\"noopener noreferrer\"><img loading=\"lazy\" decoding=\"async\" class=\"alignnone size-medium wp-image-1113\" src=\"https:\/\/blogsaverroes.juntadeandalucia.es\/tomasdeybarra\/files\/2023\/01\/blog-sexto-300x218.png\" alt=\"\" width=\"300\" height=\"218\" srcset=\"https:\/\/blogsaverroes.juntadeandalucia.es\/tomasdeybarra\/files\/2023\/01\/blog-sexto-300x218.png 300w, https:\/\/blogsaverroes.juntadeandalucia.es\/tomasdeybarra\/files\/2023\/01\/blog-sexto-768x557.png 768w, https:\/\/blogsaverroes.juntadeandalucia.es\/tomasdeybarra\/files\/2023\/01\/blog-sexto.png 1013w\" sizes=\"(max-width: 300px) 100vw, 300px\" \/><\/a><\/p>\n<div><span style=\"color: #000000\">Desde este blog os damos la bienvenida al curso 2022-2023. Esperamos que sea de gran provecho para todos y utilicemos este medio para mejorar la comunicaci\u00f3n, el intercambio de experiencias y se enriquezcan todos nuestros aprendizajes. Aqu\u00ed colocaremos tanto informaci\u00f3n general para todos, como el desarrollo de experiencias realizadas en las clases, as\u00ed como enlaces a multitud&nbsp; de actividades y otros recursos que consideremos de inter\u00e9s. <\/span><\/div>\n<div><span style=\"color: #000000\">Tras dos cursos con restricciones debido a la pandemia afrontamos el a\u00f1o cargados de ilusi\u00f3n. Deseamos que esta nueva etapa sea provechosa para todos.<\/span><\/div>\n<p><span style=\"color: #000000\">Un saludo de los maestros y maestras de 6\u00ba<\/span><\/p>\n","protected":false},"excerpt":{"rendered":"<p>Aqu\u00ed pod\u00e9is consultar el magn\u00edfico&nbsp;blog de Sexto&nbsp;de primaria, donde observamos todo sus proyectos: Desde este blog os damos la bienvenida al curso 2022-2023. Esperamos que sea de gran provecho para todos y utilicemos este medio&#46;&#46;&#46;<\/p>\n","protected":false},"author":15493,"featured_media":0,"parent":0,"menu_order":0,"comment_status":"closed","ping_status":"closed","template":"","meta":{"ngg_post_thumbnail":0,"footnotes":""},"aioseo_notices":[],"_links":{"self":[{"href":"https:\/\/blogsaverroes.juntadeandalucia.es\/tomasdeybarra\/wp-json\/wp\/v2\/pages\/1109"}],"collection":[{"href":"https:\/\/blogsaverroes.juntadeandalucia.es\/tomasdeybarra\/wp-json\/wp\/v2\/pages"}],"about":[{"href":"https:\/\/blogsaverroes.juntadeandalucia.es\/tomasdeybarra\/wp-json\/wp\/v2\/types\/page"}],"author":[{"embeddable":true,"href":"https:\/\/blogsaverroes.juntadeandalucia.es\/tomasdeybarra\/wp-json\/wp\/v2\/users\/15493"}],"replies":[{"embeddable":true,"href":"https:\/\/blogsaverroes.juntadeandalucia.es\/tomasdeybarra\/wp-json\/wp\/v2\/comments?post=1109"}],"version-history":[{"count":3,"href":"https:\/\/blogsaverroes.juntadeandalucia.es\/tomasdeybarra\/wp-json\/wp\/v2\/pages\/1109\/revisions"}],"predecessor-version":[{"id":1114,"href":"https:\/\/blogsaverroes.juntadeandalucia.es\/tomasdeybarra\/wp-json\/wp\/v2\/pages\/1109\/revisions\/1114"}],"wp:attachment":[{"href":"https:\/\/blogsaverroes.juntadeandalucia.es\/tomasdeybarra\/wp-json\/wp\/v2\/media?parent=1109"}],"curies":[{"name":"wp","href":"https:\/\/api.w.org\/{rel}","templated":true}]}}