{"id":1167,"date":"2023-02-04T11:09:19","date_gmt":"2023-02-04T10:09:19","guid":{"rendered":"https:\/\/blogsaverroes.juntadeandalucia.es\/tomasdeybarra\/?page_id=1167"},"modified":"2025-07-23T08:57:59","modified_gmt":"2025-07-23T07:57:59","slug":"horario","status":"publish","type":"page","link":"https:\/\/blogsaverroes.juntadeandalucia.es\/tomasdeybarra\/horario\/","title":{"rendered":"Horario"},"content":{"rendered":"<p><strong><span style=\"color: #000000\">HORARIO GENERAL DEL CENTRO<\/span><\/strong><\/p>\n<ul class=\"font_8\">\n<li>\n<p class=\"font_8\"><span style=\"color: #000000\">El <strong>horario lectivo<\/strong> del Centro es de <strong>9:00 a 14:00<\/strong> h. El retraso, en su caso, del ni\u00f1o o ni\u00f1a debe registrarlo y firmarlo en Conserjer\u00eda la persona adulta autorizada que le acompa\u00f1a.<\/span><\/p>\n<\/li>\n<li>\n<p class=\"font_8\"><strong><span style=\"color: #000000\">Recreo: 11.30h a 12h.<\/span><\/strong><\/p>\n<p class=\"font_8\"><span style=\"color: #000000\">&nbsp;La recogida de alumnado por razones justificadas se har\u00e1 anteriormente o posteriormente al horario de recreo, no durante \u00e9l.<\/span><\/p>\n<\/li>\n<\/ul>\n<ul>\n<li class=\"font_8\"><span style=\"color: #000000\"><strong>Aula Matinal:<\/strong> de 7:30h a 9:00. Diariamente (el alumnado debe entrar antes de las 8:50h, hora de recogida y acompa\u00f1amiento a aulas)<\/span><\/li>\n<li class=\"font_8\"><span style=\"color: #000000\"><strong>Aula de Buenas tardes<\/strong>: de 14:00h a 15:30h. Diariamente (AMPA)<\/span><\/li>\n<li><img loading=\"lazy\" decoding=\"async\" class=\"wp-image-1169 alignright\" src=\"https:\/\/blogsaverroes.juntadeandalucia.es\/tomasdeybarra\/files\/2023\/02\/colegio-300x214.jpg\" alt=\"\" width=\"282\" height=\"201\" srcset=\"https:\/\/blogsaverroes.juntadeandalucia.es\/tomasdeybarra\/files\/2023\/02\/colegio-300x214.jpg 300w, https:\/\/blogsaverroes.juntadeandalucia.es\/tomasdeybarra\/files\/2023\/02\/colegio.jpg 612w\" sizes=\"(max-width: 282px) 100vw, 282px\" \/><span style=\"color: #000000\"><strong>Comedor escolar:<\/strong> de 14:00h a 16:00h. Diariamente.<\/span><\/li>\n<li class=\"font_8\"><span style=\"color: #000000\"><strong>Actividades extraescolares:<\/strong> de 16:00h a 17:00h. De lunes a jueves. Y de 17:00 a 18:00 martes y jueves.<\/span><\/li>\n<\/ul>\n<p><span style=\"color: #000000\"><strong>Por razones de seguridad,<\/strong> las puertas se cerrar\u00e1n tras la entrada o salida del alumnado tanto en horario de ma\u00f1ana como de tarde.<\/span><\/p>\n<p class=\"font_8\"><span style=\"color: #000000\">Si alg\u00fan\/a padre\/madre o familiar desea acceder al mismo debe solicitarlo a la conserje&nbsp; y justificar debidamente el acceso.&nbsp;<\/span><\/p>\n","protected":false},"excerpt":{"rendered":"<p>HORARIO GENERAL DEL CENTRO El horario lectivo del Centro es de 9:00 a 14:00 h. El retraso, en su caso, del ni\u00f1o o ni\u00f1a debe registrarlo y firmarlo en Conserjer\u00eda la persona adulta autorizada que&#46;&#46;&#46;<\/p>\n","protected":false},"author":15493,"featured_media":0,"parent":0,"menu_order":0,"comment_status":"closed","ping_status":"closed","template":"","meta":{"ngg_post_thumbnail":0,"footnotes":""},"aioseo_notices":[],"_links":{"self":[{"href":"https:\/\/blogsaverroes.juntadeandalucia.es\/tomasdeybarra\/wp-json\/wp\/v2\/pages\/1167"}],"collection":[{"href":"https:\/\/blogsaverroes.juntadeandalucia.es\/tomasdeybarra\/wp-json\/wp\/v2\/pages"}],"about":[{"href":"https:\/\/blogsaverroes.juntadeandalucia.es\/tomasdeybarra\/wp-json\/wp\/v2\/types\/page"}],"author":[{"embeddable":true,"href":"https:\/\/blogsaverroes.juntadeandalucia.es\/tomasdeybarra\/wp-json\/wp\/v2\/users\/15493"}],"replies":[{"embeddable":true,"href":"https:\/\/blogsaverroes.juntadeandalucia.es\/tomasdeybarra\/wp-json\/wp\/v2\/comments?post=1167"}],"version-history":[{"count":9,"href":"https:\/\/blogsaverroes.juntadeandalucia.es\/tomasdeybarra\/wp-json\/wp\/v2\/pages\/1167\/revisions"}],"predecessor-version":[{"id":2088,"href":"https:\/\/blogsaverroes.juntadeandalucia.es\/tomasdeybarra\/wp-json\/wp\/v2\/pages\/1167\/revisions\/2088"}],"wp:attachment":[{"href":"https:\/\/blogsaverroes.juntadeandalucia.es\/tomasdeybarra\/wp-json\/wp\/v2\/media?parent=1167"}],"curies":[{"name":"wp","href":"https:\/\/api.w.org\/{rel}","templated":true}]}}