{"id":1432,"date":"2023-08-25T13:46:56","date_gmt":"2023-08-25T12:46:56","guid":{"rendered":"https:\/\/blogsaverroes.juntadeandalucia.es\/tomasdeybarra\/?page_id=1432"},"modified":"2025-07-03T23:04:30","modified_gmt":"2025-07-03T22:04:30","slug":"calendario-escolar","status":"publish","type":"page","link":"https:\/\/blogsaverroes.juntadeandalucia.es\/tomasdeybarra\/calendario-escolar\/","title":{"rendered":"Calendario Escolar"},"content":{"rendered":"<p><span style=\"color: #ff0000\"><img loading=\"lazy\" decoding=\"async\" class=\"wp-image-47 size-medium aligncenter\" style=\"color: #333333;font-size: 16px\" src=\"https:\/\/blogsaverroes.juntadeandalucia.es\/tomasdeybarra\/files\/2020\/01\/ceip-letras-300x57.png\" alt=\"\" width=\"300\" height=\"57\" srcset=\"https:\/\/blogsaverroes.juntadeandalucia.es\/tomasdeybarra\/files\/2020\/01\/ceip-letras-300x57.png 300w, https:\/\/blogsaverroes.juntadeandalucia.es\/tomasdeybarra\/files\/2020\/01\/ceip-letras-1024x194.png 1024w, https:\/\/blogsaverroes.juntadeandalucia.es\/tomasdeybarra\/files\/2020\/01\/ceip-letras-768x145.png 768w, https:\/\/blogsaverroes.juntadeandalucia.es\/tomasdeybarra\/files\/2020\/01\/ceip-letras-1536x290.png 1536w, https:\/\/blogsaverroes.juntadeandalucia.es\/tomasdeybarra\/files\/2020\/01\/ceip-letras-1080x204.png 1080w, https:\/\/blogsaverroes.juntadeandalucia.es\/tomasdeybarra\/files\/2020\/01\/ceip-letras-1280x242.png 1280w, https:\/\/blogsaverroes.juntadeandalucia.es\/tomasdeybarra\/files\/2020\/01\/ceip-letras-980x185.png 980w, https:\/\/blogsaverroes.juntadeandalucia.es\/tomasdeybarra\/files\/2020\/01\/ceip-letras-480x91.png 480w, https:\/\/blogsaverroes.juntadeandalucia.es\/tomasdeybarra\/files\/2020\/01\/ceip-letras-24x5.png 24w, https:\/\/blogsaverroes.juntadeandalucia.es\/tomasdeybarra\/files\/2020\/01\/ceip-letras-36x7.png 36w, https:\/\/blogsaverroes.juntadeandalucia.es\/tomasdeybarra\/files\/2020\/01\/ceip-letras-48x9.png 48w, https:\/\/blogsaverroes.juntadeandalucia.es\/tomasdeybarra\/files\/2020\/01\/ceip-letras.png 1920w\" sizes=\"(max-width: 300px) 100vw, 300px\" \/><\/span><\/p>\n<h3><span style=\"color: #000080\">CALENDARIO ESCOLAR 2024-2025<\/span><\/h3>\n<p><a href=\"https:\/\/blogsaverroes.juntadeandalucia.es\/tomasdeybarra\/files\/2025\/07\/CALENDARIO-25_26F.pdf\">CALENDARIO-25_26F<\/a><\/p>\n<p><span style=\"color: #000000\"><strong>INICIO DE CURSO:<\/strong>&nbsp; Mi\u00e9rcoles 10 septiembre 2025.<strong> FIN DE CURSO:<\/strong> Lunes 22 junio 2026.<\/span><\/p>\n<p><span style=\"color: #000000\"><strong>D\u00cdAS NO LECTIVOS<\/strong><\/span><\/p>\n<ul>\n<li><span style=\"color: #000000\">Lunes, 13 de octubre 2025 (Festividad de la Hispanidad)<\/span><\/li>\n<li><span style=\"color: #000000\">Lunes, 8 de diciembre 2025 (Festividad Inmaculada Concepci\u00f3n)<\/span><\/li>\n<li><span style=\"color: #000000\">Viernes 27 de febrero de 2026 (D\u00eda de Andaluc\u00eda)<\/span><\/li>\n<li>+ 3 d\u00edas de libre disposici\u00f3n (a ser aprobados en Consejo Escolar)<\/li>\n<\/ul>\n<p><span style=\"color: #000000\"><strong>PERIODOS VACACIONALES<\/strong>:<\/span><\/p>\n<ul>\n<li><span style=\"color: #000000\">Navidad: lunes 22 de diciembre 2025- mi\u00e9rcoles 7 de enero 2026<\/span><\/li>\n<li><span style=\"color: #000000\">Semana Santa: lunes 30 de marzo- domingo 5 de abril 2026<\/span><\/li>\n<li><span style=\"color: #000000\">Vacaciones de verano: 23 junio 2026<\/span><\/li>\n<\/ul>\n<table style=\"border-collapse: collapse;width: 96.4133%;height: 288px\">\n<tbody>\n<tr>\n<td style=\"width: 100%\"><img loading=\"lazy\" decoding=\"async\" class=\"alignleft wp-image-1727\" src=\"https:\/\/blogsaverroes.juntadeandalucia.es\/tomasdeybarra\/files\/2024\/08\/2425calendario1-300x190.jpg\" alt=\"\" width=\"988\" height=\"627\" srcset=\"https:\/\/blogsaverroes.juntadeandalucia.es\/tomasdeybarra\/files\/2024\/08\/2425calendario1-300x190.jpg 300w, https:\/\/blogsaverroes.juntadeandalucia.es\/tomasdeybarra\/files\/2024\/08\/2425calendario1-1024x649.jpg 1024w, https:\/\/blogsaverroes.juntadeandalucia.es\/tomasdeybarra\/files\/2024\/08\/2425calendario1-768x487.jpg 768w, https:\/\/blogsaverroes.juntadeandalucia.es\/tomasdeybarra\/files\/2024\/08\/2425calendario1.jpg 1135w\" sizes=\"(max-width: 988px) 100vw, 988px\" \/><\/td>\n<\/tr>\n<tr>\n<td style=\"width: 100%\"><img loading=\"lazy\" decoding=\"async\" class=\"alignleft wp-image-1728\" src=\"https:\/\/blogsaverroes.juntadeandalucia.es\/tomasdeybarra\/files\/2024\/08\/2425calendario2-300x223.jpg\" alt=\"\" width=\"1016\" height=\"756\" srcset=\"https:\/\/blogsaverroes.juntadeandalucia.es\/tomasdeybarra\/files\/2024\/08\/2425calendario2-300x223.jpg 300w, https:\/\/blogsaverroes.juntadeandalucia.es\/tomasdeybarra\/files\/2024\/08\/2425calendario2-768x572.jpg 768w, https:\/\/blogsaverroes.juntadeandalucia.es\/tomasdeybarra\/files\/2024\/08\/2425calendario2.jpg 936w\" sizes=\"(max-width: 1016px) 100vw, 1016px\" \/><\/td>\n<\/tr>\n<\/tbody>\n<\/table>\n<p>&nbsp;<\/p>\n<p><span style=\"color: #000000\"><span style=\"font-size: 14pt\"><strong>Horario del alumnado el primer d\u00eda de curso 24-25:<\/strong><\/span> <\/span><\/p>\n<p><span style=\"color: #000000\"><em><span style=\"font-size: 10pt\">(Aprobado por el Consejo Escolar el d\u00eda 26 de junio de 2024, punto 8 de los asuntos tratados)<\/span><\/em><\/span><\/p>\n<p><span style=\"color: #000000\"><strong>Se aprueba empezar el d\u00eda 10 de septiembre en el siguiente horario seg\u00fan los niveles:<\/strong><\/span><\/p>\n<ul>\n<li><span style=\"color: #000000\"><strong>De 12h a 14h la entrada de alumnos de 1\u00ba a 6\u00ba.<\/strong><\/span><\/li>\n<li><span style=\"color: #000000\"><strong>De 12.30h a 14h. Ed Infantil de 4 y 5 a\u00f1os.<\/strong><\/span><\/li>\n<li><span style=\"color: #000000\"><strong>De 13h a 14h Ed infantil de 3 a\u00f1os<\/strong><\/span><\/li>\n<\/ul>\n<p>El 10 de septiembre, \u00fanico d\u00eda, no hay aula matinal, y s\u00ed hay servicio de comedor.&nbsp;<\/p>\n<table style=\"border-collapse: collapse;width: 100%\">\n<tbody>\n<tr>\n<td style=\"width: 100%\">&nbsp;<\/td>\n<\/tr>\n<\/tbody>\n<\/table>\n<p>&nbsp;<\/p>\n<p>&nbsp;<\/p>\n<p>&nbsp;<\/p>\n","protected":false},"excerpt":{"rendered":"<p>CALENDARIO ESCOLAR 2024-2025 CALENDARIO-25_26F INICIO DE CURSO:&nbsp; Mi\u00e9rcoles 10 septiembre 2025. FIN DE CURSO: Lunes 22 junio 2026. D\u00cdAS NO LECTIVOS Lunes, 13 de octubre 2025 (Festividad de la Hispanidad) Lunes, 8 de diciembre 2025&#46;&#46;&#46;<\/p>\n","protected":false},"author":15493,"featured_media":0,"parent":0,"menu_order":0,"comment_status":"closed","ping_status":"closed","template":"","meta":{"ngg_post_thumbnail":0,"footnotes":""},"aioseo_notices":[],"_links":{"self":[{"href":"https:\/\/blogsaverroes.juntadeandalucia.es\/tomasdeybarra\/wp-json\/wp\/v2\/pages\/1432"}],"collection":[{"href":"https:\/\/blogsaverroes.juntadeandalucia.es\/tomasdeybarra\/wp-json\/wp\/v2\/pages"}],"about":[{"href":"https:\/\/blogsaverroes.juntadeandalucia.es\/tomasdeybarra\/wp-json\/wp\/v2\/types\/page"}],"author":[{"embeddable":true,"href":"https:\/\/blogsaverroes.juntadeandalucia.es\/tomasdeybarra\/wp-json\/wp\/v2\/users\/15493"}],"replies":[{"embeddable":true,"href":"https:\/\/blogsaverroes.juntadeandalucia.es\/tomasdeybarra\/wp-json\/wp\/v2\/comments?post=1432"}],"version-history":[{"count":15,"href":"https:\/\/blogsaverroes.juntadeandalucia.es\/tomasdeybarra\/wp-json\/wp\/v2\/pages\/1432\/revisions"}],"predecessor-version":[{"id":2048,"href":"https:\/\/blogsaverroes.juntadeandalucia.es\/tomasdeybarra\/wp-json\/wp\/v2\/pages\/1432\/revisions\/2048"}],"wp:attachment":[{"href":"https:\/\/blogsaverroes.juntadeandalucia.es\/tomasdeybarra\/wp-json\/wp\/v2\/media?parent=1432"}],"curies":[{"name":"wp","href":"https:\/\/api.w.org\/{rel}","templated":true}]}}