{"id":1999,"date":"2025-07-07T08:03:25","date_gmt":"2025-07-07T07:03:25","guid":{"rendered":"https:\/\/blogsaverroes.juntadeandalucia.es\/tomasdeybarra\/?page_id=1999"},"modified":"2025-09-14T18:31:57","modified_gmt":"2025-09-14T17:31:57","slug":"ensenanzas","status":"publish","type":"page","link":"https:\/\/blogsaverroes.juntadeandalucia.es\/tomasdeybarra\/ensenanzas\/","title":{"rendered":"ENSE\u00d1ANZAS"},"content":{"rendered":"<h3><span style=\"color: #008000\"><strong>ORGANIGRAMA DEL CEIP TOM\u00c1S DE YBARRA:<\/strong><\/span><\/h3>\n<p><span style=\"color: #000080\"><strong>EQUIPO DIRECTIVO.<\/strong><\/span><\/p>\n<ul>\n<li><span style=\"color: #000000\">DIRECTORA: CARMEN MORENO (PRIMARIA)<\/span><\/li>\n<li><span style=\"color: #000000\">JEFA DE ESTUDIOS: MAR FERN\u00c1NDEZ (SCIENCE)<\/span><\/li>\n<li><span style=\"color: #000000\">SECRETARIO: DAVID PORRINO (EDUCACI\u00d3N F\u00cdSICA)<\/span><\/li>\n<\/ul>\n<p><span style=\"color: #000080\"><strong>2\u00ba CICLO DE INFANTIL:<\/strong><\/span><\/p>\n<ul>\n<li><span style=\"color: #000000\">3 A\u00d1OS A- Tutor: FRANCISCO MANUEL SILVA<\/span><\/li>\n<li><span style=\"color: #000000\">3 A\u00d1OS B- Tutora: MACARENA SILVESTRE\/ LUISA P\u00c9REZ<\/span><\/li>\n<li><span style=\"color: #000000\">4 A\u00d1OS A- Tutora: BEL\u00c9N M\u00c1RQUEZ<\/span><\/li>\n<li><span style=\"color: #000000\">4 A\u00d1OS B- Tutora: ANA P\u00c9REZ<\/span><\/li>\n<li><span style=\"color: #000000\">5 A\u00d1OS A- Tutora: ROC\u00cdO SERRANO<\/span><\/li>\n<li><span style=\"color: #000000\">5 A\u00d1OS B- Tutora: ANA GARC\u00cdA<\/span><\/li>\n<li><span style=\"color: #000000\">MAR\u00cdA CARMEN GARC\u00cdA- CAR INFANTIL (Cupo Apoyo y Refuerzo)<\/span><\/li>\n<li><span style=\"color: #000000\">ANA APARCERO- MONITORA INFANTIL 3 \u00d1AOS (AYUNTAMIENTO)<\/span><\/li>\n<\/ul>\n<p><span style=\"color: #000080\"><strong>PRIMER CICLO DE PRIMARIA:<\/strong><\/span><\/p>\n<ul>\n<li><span style=\"color: #000000\">1\u00ba A- Tutora: MAR\u00cdA P\u00c9REZ (PRIMARIA)<\/span><\/li>\n<li><span style=\"color: #000000\">1\u00baB- Tutora: ALMUDENA URBANO (SCIENCE)<\/span><\/li>\n<li><span style=\"color: #000000\">1\u00baC- Tutora: MAR\u00cdA RUEDA (SCIENCE)<\/span><\/li>\n<li><span style=\"color: #000000\">2\u00baA- Tutora: PAQUI RODRIGUEZ (PRIMARIA)<\/span><\/li>\n<li><span style=\"color: #000000\">2\u00baB- Tutora: BEATRIZ M\u00c1RQUEZ (INGL\u00c9S)<\/span><\/li>\n<li><span style=\"color: #000000\">2\u00baC- HERMINIA VAQUERO (INGL\u00c9S)<\/span><\/li>\n<li><span style=\"color: #000000\">ALICIA ATALAYA (EF-BILING\u00dcE)<\/span><\/li>\n<\/ul>\n<p><span style=\"color: #000080\"><strong>SEGUNDO CICLO DE PRIMARIA:<\/strong><\/span><\/p>\n<ul>\n<li><span style=\"color: #000000\">3\u00baA- Tutor: JOS\u00c9 MIGUEL NARANJO (EF- BILING\u00dcE)<\/span><\/li>\n<li><span style=\"color: #000000\">3\u00baB- Tutora: ELENA GARROTE (INGL\u00c9S)<\/span><\/li>\n<li><span style=\"color: #000000\">3\u00baC- Tutora: LAURA SAEZ (SCIENCE)<\/span><\/li>\n<li><span style=\"color: #000000\">4\u00baA- Tutora: MAR\u00cdA JOS\u00c9 MORENO (PRIMARIA)<\/span><\/li>\n<li><span style=\"color: #000000\">4\u00baB- Tutora: CRISTINA ALONSO (FRANC\u00c9S)<\/span><\/li>\n<li><span style=\"color: #000000\">4\u00baC- Tutor: RICARDO JIM\u00c9NEZ (M\u00daSICA BILING\u00dcE)<\/span><\/li>\n<li><span style=\"color: #000000\">ROBERTO DEL CASTILLO\/ AURORA L\u00d3PEZ -CAR (Cupo Apoyo y Refuerzo)<\/span><\/li>\n<li><span style=\"color: #000000\">JES\u00daS VICIANA (EF-BILING\u00dcE)<\/span><\/li>\n<\/ul>\n<p><span style=\"color: #000080\"><strong>TERCER CICLO DE PRIMARIA:<\/strong><\/span><\/p>\n<ul>\n<li><span style=\"color: #000000\">5\u00baA- Tutora: MARGARITA MEYNET (EF-BILING\u00dcE)<\/span><\/li>\n<li><span style=\"color: #000000\">5\u00baB- Tutor: JES\u00daS VICIANA (EF-BILING\u00dcE)<\/span><\/li>\n<li><span style=\"color: #000000\">5\u00baC- Tutora: GEMA JOSENDE (SCIENCE)<\/span><\/li>\n<li><span style=\"color: #000000\">5\u00baD- Tutora: CARMEN L\u00d3PEZ (M\u00daSICA)<\/span><\/li>\n<li><span style=\"color: #000000\">6\u00baA- Tutora: LOURDES DAZA (SCIENCE)<\/span><\/li>\n<li><span style=\"color: #000000\">6\u00baB- Tutora: VALLE DE LA NOVAL (INGL\u00c9S)<\/span><\/li>\n<li><span style=\"color: #000000\">6\u00baC- Tutora: ELENA RODR\u00cdGUEZ (SCIENCE)<\/span><\/li>\n<li><span style=\"color: #000000\">6\u00baD- Tutora: PEPI CARABALLO (PRIMARIA)<\/span><\/li>\n<li><span style=\"color: #000000\">ALICIA ATALAYA (EF-BILING\u00dcE)<\/span><\/li>\n<\/ul>\n<p><span style=\"color: #000080\"><strong>AULA ESPEC\u00cdFICA:<\/strong>&nbsp;<\/span><\/p>\n<ul>\n<li><span style=\"color: #000000\">F.B.O 7 A\u00d1OS Y 15 A\u00d1OS- Tutora: MARTA MONTES<\/span><\/li>\n<\/ul>\n<p><span style=\"color: #000080\"><strong>EQUIPO DE ORIENTACI\u00d3N<\/strong><\/span><\/p>\n<ul>\n<li><span style=\"color: #000000\">PT (Pedagog\u00eda Terap\u00e9utica)- ROSARIO CORCHOS<\/span><\/li>\n<li><span style=\"color: #000000\">PT (Pedagog\u00eda Terap\u00e9utica)- MARTA VELASCO<\/span><\/li>\n<li><span style=\"color: #000000\">AL (Audici\u00f3n y Lenguaje)- MAR\u00cdA \u00c1NGELES TORRES<\/span><\/li>\n<li><span style=\"color: #000000\">ORIENTADORA- REMEDIOS P\u00c9REZ<\/span><\/li>\n<li><span style=\"color: #000000\">PTIS AEE: MARTA RIVERO&nbsp;<\/span><\/li>\n<li><span style=\"color: #000000\">PTIS INTEGRACI\u00d3N: PAULA G\u00d3MEZ<\/span><\/li>\n<li><span style=\"color: #000000\">M\u00aa JOS\u00c9 P\u00c9REZ &#8211; MONITORA EE (AYUNTAMIENTO)<\/span><\/li>\n<li><span style=\"color: #000000\">PILAR ALONSO- MONITORA LOGOPEDIA (AYUNTAMIENTO)<\/span><\/li>\n<\/ul>\n<p>&nbsp;<\/p>\n<p>&nbsp;<\/p>\n","protected":false},"excerpt":{"rendered":"<p>ORGANIGRAMA DEL CEIP TOM\u00c1S DE YBARRA: EQUIPO DIRECTIVO. DIRECTORA: CARMEN MORENO (PRIMARIA) JEFA DE ESTUDIOS: MAR FERN\u00c1NDEZ (SCIENCE) SECRETARIO: DAVID PORRINO (EDUCACI\u00d3N F\u00cdSICA) 2\u00ba CICLO DE INFANTIL: 3 A\u00d1OS A- Tutor: FRANCISCO MANUEL SILVA 3&#46;&#46;&#46;<\/p>\n","protected":false},"author":15493,"featured_media":0,"parent":0,"menu_order":0,"comment_status":"closed","ping_status":"closed","template":"","meta":{"ngg_post_thumbnail":0,"footnotes":""},"aioseo_notices":[],"_links":{"self":[{"href":"https:\/\/blogsaverroes.juntadeandalucia.es\/tomasdeybarra\/wp-json\/wp\/v2\/pages\/1999"}],"collection":[{"href":"https:\/\/blogsaverroes.juntadeandalucia.es\/tomasdeybarra\/wp-json\/wp\/v2\/pages"}],"about":[{"href":"https:\/\/blogsaverroes.juntadeandalucia.es\/tomasdeybarra\/wp-json\/wp\/v2\/types\/page"}],"author":[{"embeddable":true,"href":"https:\/\/blogsaverroes.juntadeandalucia.es\/tomasdeybarra\/wp-json\/wp\/v2\/users\/15493"}],"replies":[{"embeddable":true,"href":"https:\/\/blogsaverroes.juntadeandalucia.es\/tomasdeybarra\/wp-json\/wp\/v2\/comments?post=1999"}],"version-history":[{"count":6,"href":"https:\/\/blogsaverroes.juntadeandalucia.es\/tomasdeybarra\/wp-json\/wp\/v2\/pages\/1999\/revisions"}],"predecessor-version":[{"id":2070,"href":"https:\/\/blogsaverroes.juntadeandalucia.es\/tomasdeybarra\/wp-json\/wp\/v2\/pages\/1999\/revisions\/2070"}],"wp:attachment":[{"href":"https:\/\/blogsaverroes.juntadeandalucia.es\/tomasdeybarra\/wp-json\/wp\/v2\/media?parent=1999"}],"curies":[{"name":"wp","href":"https:\/\/api.w.org\/{rel}","templated":true}]}}