{"id":2001,"date":"2025-07-02T19:34:37","date_gmt":"2025-07-02T18:34:37","guid":{"rendered":"https:\/\/blogsaverroes.juntadeandalucia.es\/tomasdeybarra\/?page_id=2001"},"modified":"2025-07-02T19:34:37","modified_gmt":"2025-07-02T18:34:37","slug":"planes-y-programas-educativos","status":"publish","type":"page","link":"https:\/\/blogsaverroes.juntadeandalucia.es\/tomasdeybarra\/planes-y-programas-educativos\/","title":{"rendered":"PLANES Y PROGRAMAS EDUCATIVOS"},"content":{"rendered":"<p><span style=\"font-family: verdana, geneva, sans-serif;color: #000000\">En nuestro centro, los planes y programas educativos juegan un papel fundamental en la dinamizaci\u00f3n de la vida escolar. Gracias a estas iniciativas, enriquecemos el curr\u00edculo, fomentamos valores como la igualdad, la sostenibilidad o la convivencia, y promovemos la participaci\u00f3n activa de toda la comunidad educativa. Adem\u00e1s, estos programas nos permiten desarrollar proyectos innovadores que estimulan la creatividad, mejoran el rendimiento acad\u00e9mico y favorecen el crecimiento personal del alumnado, haciendo del colegio un espacio m\u00e1s din\u00e1mico, inclusivo y motivador.<\/span><\/p>\n<p>&nbsp;<\/p>\n","protected":false},"excerpt":{"rendered":"<p>En nuestro centro, los planes y programas educativos juegan un papel fundamental en la dinamizaci\u00f3n de la vida escolar. Gracias a estas iniciativas, enriquecemos el curr\u00edculo, fomentamos valores como la igualdad, la sostenibilidad o la&#46;&#46;&#46;<\/p>\n","protected":false},"author":15493,"featured_media":0,"parent":0,"menu_order":0,"comment_status":"closed","ping_status":"closed","template":"","meta":{"ngg_post_thumbnail":0,"footnotes":""},"aioseo_notices":[],"_links":{"self":[{"href":"https:\/\/blogsaverroes.juntadeandalucia.es\/tomasdeybarra\/wp-json\/wp\/v2\/pages\/2001"}],"collection":[{"href":"https:\/\/blogsaverroes.juntadeandalucia.es\/tomasdeybarra\/wp-json\/wp\/v2\/pages"}],"about":[{"href":"https:\/\/blogsaverroes.juntadeandalucia.es\/tomasdeybarra\/wp-json\/wp\/v2\/types\/page"}],"author":[{"embeddable":true,"href":"https:\/\/blogsaverroes.juntadeandalucia.es\/tomasdeybarra\/wp-json\/wp\/v2\/users\/15493"}],"replies":[{"embeddable":true,"href":"https:\/\/blogsaverroes.juntadeandalucia.es\/tomasdeybarra\/wp-json\/wp\/v2\/comments?post=2001"}],"version-history":[{"count":1,"href":"https:\/\/blogsaverroes.juntadeandalucia.es\/tomasdeybarra\/wp-json\/wp\/v2\/pages\/2001\/revisions"}],"predecessor-version":[{"id":2003,"href":"https:\/\/blogsaverroes.juntadeandalucia.es\/tomasdeybarra\/wp-json\/wp\/v2\/pages\/2001\/revisions\/2003"}],"wp:attachment":[{"href":"https:\/\/blogsaverroes.juntadeandalucia.es\/tomasdeybarra\/wp-json\/wp\/v2\/media?parent=2001"}],"curies":[{"name":"wp","href":"https:\/\/api.w.org\/{rel}","templated":true}]}}