{"id":2008,"date":"2025-07-02T19:57:03","date_gmt":"2025-07-02T18:57:03","guid":{"rendered":"https:\/\/blogsaverroes.juntadeandalucia.es\/tomasdeybarra\/?page_id=2008"},"modified":"2025-07-03T18:59:20","modified_gmt":"2025-07-03T17:59:20","slug":"internacionalizacion","status":"publish","type":"page","link":"https:\/\/blogsaverroes.juntadeandalucia.es\/tomasdeybarra\/internacionalizacion\/","title":{"rendered":"INTERNACIONALIZACI\u00d3N"},"content":{"rendered":"<p><span style=\"color: #000000\"><span style=\"font-weight: 400\">Son muchas las ventajas derivadas de la colaboraci\u00f3n internacional, pues no s\u00f3lo enriquece el curr\u00edculo, sino que fomenta una apertura de mente, fomenta la creatividad y la innovaci\u00f3n, y ofrece una <\/span><b>experiencia \u00fanica<\/b><span style=\"font-weight: 400\"> que motiva tanto al profesorado como al alumnado en su desarrollo profesional, en el intercambio cultural y ling\u00fc\u00edstico, y en la creaci\u00f3n de redes colaborativas .<\/span><\/span><\/p>\n<p><span style=\"color: #000000\"><span style=\"font-weight: 400\">En septiembre de <\/span><b>2015<\/b><span style=\"font-weight: 400\"> el <\/span><b>CEIP Tom\u00e1s de Ybarra<\/b><span style=\"font-weight: 400\"> comenz\u00f3 su proyecci\u00f3n internacional con el proyecto Erasmus aprobado y subvencionado por la Comisi\u00f3n Europea: <\/span><b><i>\u201cLearn, Create and Communicate<\/i><\/b><b>\u201d<\/b><b><i>(LCC)<\/i><\/b><i><span style=\"font-weight: 400\">,<\/span><\/i><span style=\"font-weight: 400\"> en sinergia con la plataforma <\/span><b>etwinning <\/b><span style=\"font-weight: 400\">(asociaciones escolares online)&nbsp;<\/span><\/span><\/p>\n<p><span style=\"color: #000000\"><span style=\"font-weight: 400\">Durante 3 cursos consecutivos, el alumnado y el profesorado de varios centros educativos procedentes de Wiesbaden (Alemania), Gallarate (Italia), Akureyri (Islandia), Viborg (Dinamarca), Llandudno (Gales) y Tomares (Espa\u00f1a), trabajaron estrategias metodol\u00f3gicas para mejorar las competencias comunicativas, el trabajo cooperativo, el aprendizaje de idiomas y la aplicaci\u00f3n de nuevas tecnolog\u00edas en nuestra pr\u00e1ctica educativa. <\/span><i><span style=\"font-weight: 400\">LCC <\/span><\/i><span style=\"font-weight: 400\">tuvo una valoraci\u00f3n muy positiva, y un reconocimiento con dos <\/span><b>sellos de calidad europeos<\/b><span style=\"font-weight: 400\"> eTwinning.&nbsp;<\/span><\/span><\/p>\n<p><span style=\"color: #000000\"><span style=\"font-weight: 400\">Despu\u00e9s de aquel proyecto, y coincidiendo con la \u00e9poca de confinamiento y post-confinamiento, se sigui\u00f3 trabajando la internacionalizaci\u00f3n de manera virtual, a trav\u00e9s de la plataforma Twinspace. El proyecto <\/span><i><span style=\"font-weight: 400\">\u201cEl Rosco de los Valores\u201d<\/span><\/i><span style=\"font-weight: 400\"> obtuvo el <\/span><b>premio nacional eTwinning<\/b><span style=\"font-weight: 400\">, y fue entregado por la ministra de Educaci\u00f3n, D\u00f1a. Pilar Alegr\u00eda, a nuestra compa\u00f1era D\u00f1a. Amalia Amparo P\u00e9rez y tambi\u00e9n a D\u00f1a. Inmaculada Haya, del CEIP Juan Ram\u00f3n Jim\u00e9nez.&nbsp;<\/span><\/span><\/p>\n<p><span style=\"color: #000000\"><span style=\"font-weight: 400\">En el <\/span><b>curso 22-23 <\/b><span style=\"font-weight: 400\">al <\/span><b>CEIP Tom\u00e1s de Ybarra <\/b><span style=\"font-weight: 400\">se le otorg\u00f3 el reconocimiento como <\/span><a style=\"color: #000000\" href=\"https:\/\/etwinning.es\/es\/que-significa-ser-centro-etwinning\/#:~:text=eTwinning%20promueve%20la%20colaboraci%C3%B3n%20entre,38%20Servicios%20de%20Apoyo%20Nacionales.\"><b>eTwinning school<\/b><\/a><b>, <\/b>vigente hasta la fecha, <span style=\"font-weight: 400\">y volvi\u00f3 a cooperar de manera presencial en una visita de 5 maestras y 12 alumnos\/as de 5\u00ba de primaria&nbsp; a un centro educativo de Sollentuna (Suecia) en febrero y en mayo de 2023.&nbsp;<\/span><\/span><\/p>\n<p><span style=\"color: #000000\"><span style=\"font-weight: 400\">Durante ese mismo curso, el centro solicit\u00f3 tambi\u00e9n la <\/span><b>acreditaci\u00f3n Erasmus+<\/b><span style=\"font-weight: 400\">, que facilita las movilidades de profesorado y alumnado, y asegura la concesi\u00f3n de subvenci\u00f3n hasta el 2027, adem\u00e1s de restar burocracia a las solicitudes.&nbsp;<\/span><\/span><\/p>\n<p><span style=\"font-weight: 400\">Gracias a la acreditaci\u00f3n concedida, nuestro colegio ha tenido la oportunidad de realizar m\u00faltiples visitas de observaci\u00f3n de buenas pr\u00e1cticas educativas (Job Shadowing) e intercambios de alumnado.<\/span><\/p>\n<p><span style=\"font-weight: 400\">Durante el <\/span><b>curso 23-24<\/b><span style=\"font-weight: 400\"> crece el n\u00famero de proyectos presenciales y online:<\/span><\/p>\n<ul>\n<li style=\"font-weight: 400\"><span style=\"font-weight: 400\">Asociaci\u00f3n escolar KA210 con escuelas de Francia y Portugal, y proyecto eTwinning del mismo con sello de calidad nacional.<\/span><\/li>\n<li style=\"font-weight: 400\"><span style=\"font-weight: 400\">Acogemos a profesorado de distintos puntos de Italia, Suecia, y Dinamarca.<\/span><\/li>\n<li style=\"font-weight: 400\"><span style=\"font-weight: 400\">Acogemos a alumnado de otros centros escolares europeos como Dinamarca y Alemania (para intercambio y para pr\u00e1cticas profesionales en grado medio y superior).<\/span><\/li>\n<li style=\"font-weight: 400\"><span style=\"font-weight: 400\">Nuestro alumnado visita la Nordre Skole de Viborg (Dinamarca)<\/span><\/li>\n<li style=\"font-weight: 400\"><span style=\"font-weight: 400\">Nuestro profesorado aprende nuevas metodolog\u00edas en Alemania, Islandia y Portugal.<\/span><\/li>\n<li style=\"font-weight: 400\"><span style=\"font-weight: 400\">Nuestro profesorado realiza cursos de perfeccionamiento en verano (Francia, UK)<\/span><\/li>\n<\/ul>\n<p>&nbsp;<\/p>\n<p><span style=\"font-weight: 400\">En infantil, una docente lleva a cabo varios proyectos eTwinning, obteniendo sello de calidad europeo en el proyecto <\/span><b>\u201cLet`s play and learn together\u201d<\/b><\/p>\n<p><span style=\"font-weight: 400\">El SEPIE (Servicio Espa\u00f1ol <\/span><span style=\"font-weight: 400\">Para la Internacionalizaci\u00f3n de la Educaci\u00f3n) organiz\u00f3 &nbsp;para los d\u00edas <\/span><b>3, 4 y 5 de abril de 2024,<\/b> <b>en Sevilla,<\/b><span style=\"font-weight: 400\"> la \u201c<\/span><b>Actividad de Formaci\u00f3n y Cooperaci\u00f3n (TCA) \u2013 <\/b><b><i>Civic participation and EU values. Make Europe shine!<\/i><\/b><span style=\"font-weight: 400\">\u201d<\/span><i><span style=\"font-weight: 400\">, <\/span><\/i><span style=\"font-weight: 400\">que contar\u00e1 con la participaci\u00f3n de unas 150 personas de m\u00e1s de 20 pa\u00edses de toda Europa. Entre otros centros<\/span><span style=\"font-weight: 400\"> escogidos por su proyecci\u00f3n y trabajo en los valores y la conciencia europea, el CEIP Tom\u00e1s de Ybarra tuvo una oportunidad excelente para dar difusi\u00f3n a nuestro trabajo de centro, hacer un intercambio de ideas y ampliar nuestro radio de redes profesionales.&nbsp;<\/span><\/p>\n<p><span style=\"font-weight: 400\">En el <\/span><b>curso 24-25<\/b><span style=\"font-weight: 400\"> se continua nuestra formaci\u00f3n y movilidad Erasmus+ a trav\u00e9s de cursos, job shadowings, intercambio de alumnado (Rep\u00fablica Checa) y recepci\u00f3n de profesorado europeo en visita de observaci\u00f3n de buenas pr\u00e1cticas, o en forma de cursos estructurados.<\/span><\/p>\n<p><span style=\"font-weight: 400\">Etwinning ha seguido muy presente, y la participaci\u00f3n ha sido alta.&nbsp;<\/span><\/p>\n<p><span style=\"font-weight: 400\">&#8211; Asistencia a eventos:<\/span><\/p>\n<ul>\n<li style=\"font-weight: 400\"><span style=\"font-weight: 400\">Multilateral eTwinning event on Well- Being (Toledo, Espa\u00f1a) &#8211; Asistencia de la directora, Carmen Moreno. Octubre 2024<\/span><\/li>\n<li style=\"font-weight: 400\"><span style=\"font-weight: 400\">Contact Seminar Anciente Greece. Resources for Stem (Pylas, Grecia)- Asistencia de la maestra Laura S\u00e1ez. Mayo 2025<\/span><\/li>\n<li style=\"font-weight: 400\"><span style=\"font-weight: 400\">III Conferencia Nacional de Centros eTwinning. (Madrid, Espa\u00f1a)- Asistencia de Marina Dom\u00ednguez Dugo. Junio 2025<\/span><\/li>\n<\/ul>\n<p><span style=\"font-weight: 400\">&#8211; Proyectos abiertos:<\/span><\/p>\n<p><span style=\"font-weight: 400\">En la actualidad hay 10 docentes registrados en eTwinning, y 4 de ellas participan activamente.<\/span><\/p>\n<p>&nbsp;<\/p>\n<p><br style=\"font-weight: 400\"\/><br style=\"font-weight: 400\"\/><\/p>\n","protected":false},"excerpt":{"rendered":"<p>Son muchas las ventajas derivadas de la colaboraci\u00f3n internacional, pues no s\u00f3lo enriquece el curr\u00edculo, sino que fomenta una apertura de mente, fomenta la creatividad y la innovaci\u00f3n, y ofrece una experiencia \u00fanica que motiva&#46;&#46;&#46;<\/p>\n","protected":false},"author":15493,"featured_media":0,"parent":0,"menu_order":0,"comment_status":"closed","ping_status":"closed","template":"","meta":{"ngg_post_thumbnail":0,"footnotes":""},"aioseo_notices":[],"_links":{"self":[{"href":"https:\/\/blogsaverroes.juntadeandalucia.es\/tomasdeybarra\/wp-json\/wp\/v2\/pages\/2008"}],"collection":[{"href":"https:\/\/blogsaverroes.juntadeandalucia.es\/tomasdeybarra\/wp-json\/wp\/v2\/pages"}],"about":[{"href":"https:\/\/blogsaverroes.juntadeandalucia.es\/tomasdeybarra\/wp-json\/wp\/v2\/types\/page"}],"author":[{"embeddable":true,"href":"https:\/\/blogsaverroes.juntadeandalucia.es\/tomasdeybarra\/wp-json\/wp\/v2\/users\/15493"}],"replies":[{"embeddable":true,"href":"https:\/\/blogsaverroes.juntadeandalucia.es\/tomasdeybarra\/wp-json\/wp\/v2\/comments?post=2008"}],"version-history":[{"count":2,"href":"https:\/\/blogsaverroes.juntadeandalucia.es\/tomasdeybarra\/wp-json\/wp\/v2\/pages\/2008\/revisions"}],"predecessor-version":[{"id":2028,"href":"https:\/\/blogsaverroes.juntadeandalucia.es\/tomasdeybarra\/wp-json\/wp\/v2\/pages\/2008\/revisions\/2028"}],"wp:attachment":[{"href":"https:\/\/blogsaverroes.juntadeandalucia.es\/tomasdeybarra\/wp-json\/wp\/v2\/media?parent=2008"}],"curies":[{"name":"wp","href":"https:\/\/api.w.org\/{rel}","templated":true}]}}