{"id":2040,"date":"2025-07-03T22:45:55","date_gmt":"2025-07-03T21:45:55","guid":{"rendered":"https:\/\/blogsaverroes.juntadeandalucia.es\/tomasdeybarra\/?page_id=2040"},"modified":"2025-07-23T07:52:58","modified_gmt":"2025-07-23T06:52:58","slug":"nuestro-centro","status":"publish","type":"page","link":"https:\/\/blogsaverroes.juntadeandalucia.es\/tomasdeybarra\/nuestro-centro\/","title":{"rendered":"NUESTRO CENTRO"},"content":{"rendered":"<h2><span style=\"color: #000000\">SALUDO:<\/span><\/h2>\n<p><span style=\"color: #000000\">Nos complace darles la bienvenida a la comunidad educativa del CEIP Tom\u00e1s de Ybarra de Tomares.<\/span><\/p>\n<p><span style=\"color: #000000\">En este sitio web encontrar\u00e1n informaci\u00f3n relevante respecto al funcionamiento y caracter\u00edsticas de nuestro. Les animamos a navegar por aqu\u00ed, descubrir nuestra propuesta educativa, esperando que les sirva de ayuda y gu\u00eda.<\/span><\/p>\n<p><span style=\"color: #000000\">Atentamente, la Direcci\u00f3n.&nbsp;<\/span><\/p>\n<p><iframe loading=\"lazy\" src=\"https:\/\/www.google.com\/maps\/embed?pb=!1m18!1m12!1m3!1d2902.4645170771582!2d-6.051935389065267!3d37.37022413524501!2m3!1f0!2f0!3f0!3m2!1i1024!2i768!4f13.1!3m3!1m2!1s0xd126d33f9653215%3A0xe3e94c7db536718c!2sCEIP%20Tom%C3%A1s%20de%20Ybarra!5e1!3m2!1sen!2ses!4v1751579407520!5m2!1sen!2ses\" width=\"600\" height=\"450\"><\/iframe><\/p>\n<p><span style=\"font-family: verdana, geneva, sans-serif\"><strong><span style=\"color: #000000\">CEIP TOM\u00c1S DE YBARRA<\/span><\/strong><\/span><\/p>\n<p><span style=\"color: #000000;font-family: verdana, geneva, sans-serif\">C\/ Estacada del Rosario 53. 41940 Tomares. Sevilla<\/span><\/p>\n<p><span style=\"color: #000000;font-family: verdana, geneva, sans-serif\">Contacto: 41007679.secretaria@g.educaaand.es \/\/ 41007679.edu@juntadeandalucia.es<\/span><\/p>\n","protected":false},"excerpt":{"rendered":"<p>SALUDO: Nos complace darles la bienvenida a la comunidad educativa del CEIP Tom\u00e1s de Ybarra de Tomares. En este sitio web encontrar\u00e1n informaci\u00f3n relevante respecto al funcionamiento y caracter\u00edsticas de nuestro. Les animamos a navegar&#46;&#46;&#46;<\/p>\n","protected":false},"author":15493,"featured_media":0,"parent":0,"menu_order":0,"comment_status":"closed","ping_status":"closed","template":"","meta":{"ngg_post_thumbnail":0,"footnotes":""},"aioseo_notices":[],"_links":{"self":[{"href":"https:\/\/blogsaverroes.juntadeandalucia.es\/tomasdeybarra\/wp-json\/wp\/v2\/pages\/2040"}],"collection":[{"href":"https:\/\/blogsaverroes.juntadeandalucia.es\/tomasdeybarra\/wp-json\/wp\/v2\/pages"}],"about":[{"href":"https:\/\/blogsaverroes.juntadeandalucia.es\/tomasdeybarra\/wp-json\/wp\/v2\/types\/page"}],"author":[{"embeddable":true,"href":"https:\/\/blogsaverroes.juntadeandalucia.es\/tomasdeybarra\/wp-json\/wp\/v2\/users\/15493"}],"replies":[{"embeddable":true,"href":"https:\/\/blogsaverroes.juntadeandalucia.es\/tomasdeybarra\/wp-json\/wp\/v2\/comments?post=2040"}],"version-history":[{"count":5,"href":"https:\/\/blogsaverroes.juntadeandalucia.es\/tomasdeybarra\/wp-json\/wp\/v2\/pages\/2040\/revisions"}],"predecessor-version":[{"id":2074,"href":"https:\/\/blogsaverroes.juntadeandalucia.es\/tomasdeybarra\/wp-json\/wp\/v2\/pages\/2040\/revisions\/2074"}],"wp:attachment":[{"href":"https:\/\/blogsaverroes.juntadeandalucia.es\/tomasdeybarra\/wp-json\/wp\/v2\/media?parent=2040"}],"curies":[{"name":"wp","href":"https:\/\/api.w.org\/{rel}","templated":true}]}}