{"id":33,"date":"2020-01-09T12:42:06","date_gmt":"2020-01-09T11:42:06","guid":{"rendered":"http:\/\/blogsaverroes.juntadeandalucia.es\/pre\/nuevoceip2v2\/?page_id=33"},"modified":"2025-07-23T08:08:51","modified_gmt":"2025-07-23T07:08:51","slug":"aula-matinal","status":"publish","type":"page","link":"https:\/\/blogsaverroes.juntadeandalucia.es\/tomasdeybarra\/aula-matinal\/","title":{"rendered":"Aula matinal"},"content":{"rendered":"<h4><span style=\"color: #000080\">&nbsp;<strong><span style=\"color: #ff0000\">Informaci\u00f3n<\/span><\/strong>: <strong>El servicio de Aula Matinal comenzar\u00e1 el pr\u00f3ximo d\u00eda 11 de septiembre.<\/strong>&nbsp;<\/span><\/h4>\n<h2><img loading=\"lazy\" decoding=\"async\" class=\"alignnone wp-image-936 \" style=\"font-size: 16px\" src=\"https:\/\/blogsaverroes.juntadeandalucia.es\/tomasdeybarra\/files\/2023\/01\/AULAMATINAL-300x200.jpg\" alt=\"Aula Matinal\" width=\"219\" height=\"146\" srcset=\"https:\/\/blogsaverroes.juntadeandalucia.es\/tomasdeybarra\/files\/2023\/01\/AULAMATINAL-300x200.jpg 300w, https:\/\/blogsaverroes.juntadeandalucia.es\/tomasdeybarra\/files\/2023\/01\/AULAMATINAL-1024x683.jpg 1024w, https:\/\/blogsaverroes.juntadeandalucia.es\/tomasdeybarra\/files\/2023\/01\/AULAMATINAL-768x512.jpg 768w, https:\/\/blogsaverroes.juntadeandalucia.es\/tomasdeybarra\/files\/2023\/01\/AULAMATINAL-1536x1025.jpg 1536w, https:\/\/blogsaverroes.juntadeandalucia.es\/tomasdeybarra\/files\/2023\/01\/AULAMATINAL.jpg 2048w\" sizes=\"(max-width: 219px) 100vw, 219px\" \/><\/h2>\n<h2><a href=\"https:\/\/www.juntadeandalucia.es\/educacion\/portals\/web\/ced\/aula-matinal\" target=\"_blank\" rel=\"noopener noreferrer\">Aula matinal&nbsp;<\/a><\/h2>\n<ul style=\"list-style-type: circle\">\n<li><span style=\"color: #000000\">EMPRESA: <b>Ludociencia.<\/b>&nbsp; El precio de este servicio por&nbsp;<b>d\u00eda suelto<\/b>&nbsp;es de 1,28 euros, y por&nbsp;<b>meses completos<\/b>&nbsp;de 16,81 euros.<\/span><\/li>\n<li><span style=\"color: #000000\">La puerta de entrada para el alumnado de Aula Matinal, se abrir\u00e1 a las <b>7:30 horas<\/b>&nbsp;y se cerrar\u00e1 a las&nbsp;<b>8:45 horas<\/b>.&nbsp;<\/span><\/li>\n<li><span style=\"color: #000000\"><strong>Actividades l\u00fadico-educativas<\/strong> dentro de un ambiente positivo y con el objetivo de no sobrecargar la jornada escolar que el alumnado tiene por delante.<\/span><\/li>\n<li><span style=\"color: #000000\">Poco antes del comienzo del horario lectivo las monitoras y monitores acompa\u00f1ar\u00e1n a los m\u00e1s peque\u00f1os a sus aulas.&nbsp;<\/span><\/li>\n<li><span style=\"color: #000000\">Se respetar\u00e1n en todo momento las indicaciones de las monitoras\/es.<\/span><\/li>\n<\/ul>\n<p><strong><span style=\"font-size: 18pt\">Documentos para inscripciones de altas, bajas o cambios en el Aula Matinal, Comedor y Actividades Extraescolares.<\/span><\/strong><\/p>\n<p><strong>Se dirigir\u00e1n a la direcci\u00f3n de correo:<\/strong> <span style=\"color: #000000;font-family: verdana, geneva, sans-serif\"><strong>41007679.secretaria@g.educaand.es<\/strong><\/span><\/p>\n<ul style=\"list-style-type: circle\">\n<li>SOLICITUD DE ALTA <a href=\"https:\/\/blogsaverroes.juntadeandalucia.es\/tomasdeybarra\/files\/2023\/02\/Anexo_II_Inscripcion_en_los_Servicios_de_AM_CE_y_AAEX.pdf\" target=\"_blank\" rel=\"noopener noreferrer\">Anexo_II_Inscripcion_en_los_Servicios_de_AM_CE_y_AAEX<\/a><\/li>\n<li>SOLICITUD DE <strong>BAJA<\/strong> O <strong>CAMBIOS <\/strong><a href=\"https:\/\/blogsaverroes.juntadeandalucia.es\/tomasdeybarra\/files\/2023\/02\/Modificaci\u00f3n-en-el-servicio.pdf\">Modificaci\u00f3n-en-el-servicio<\/a><\/li>\n<li>SOLICITUD DE <strong>BONIFICACI\u00d3N <\/strong><span style=\"font-size: 10pt\">(Plazo del 1 al 7 de septiembre)<\/span> <a href=\"https:\/\/blogsaverroes.juntadeandalucia.es\/tomasdeybarra\/files\/2023\/02\/Anexo_V_Solicitud_de_bonificacion_AM_CE_y_AAEX.pdf\" target=\"_blank\" rel=\"noopener noreferrer\">Anexo_V_Solicitud_de_bonificacion_AM_CE_y_AAEX<\/a><\/li>\n<\/ul>\n<p>&nbsp;<\/p>\n<p><span style=\"color: #000000\"><strong><span style=\"font-size: 18pt\">Instrucciones.<\/span><\/strong><\/span><\/p>\n<ul style=\"list-style-type: circle\">\n<li><span style=\"color: #000000\">La solicitud se podr\u00e1 hacer a lo largo de todo el a\u00f1o escolar.&nbsp;<\/span><\/li>\n<li><span style=\"color: #000000\">Enviar el impreso de alta junto con la documentaci\u00f3n necesaria por correo electr\u00f3nico.&nbsp;Esperar confirmaci\u00f3n.<\/span><\/li>\n<li><span style=\"color: #000000\">Justificaci\u00f3n de ausencias a la empresa y a la tutora o tutor por ipasen<\/span><\/li>\n<\/ul>\n<p>&nbsp;<\/p>\n","protected":false},"excerpt":{"rendered":"<p>&nbsp;Informaci\u00f3n: El servicio de Aula Matinal comenzar\u00e1 el pr\u00f3ximo d\u00eda 11 de septiembre.&nbsp; Aula matinal&nbsp; EMPRESA: Ludociencia.&nbsp; El precio de este servicio por&nbsp;d\u00eda suelto&nbsp;es de 1,28 euros, y por&nbsp;meses completos&nbsp;de 16,81 euros. La puerta de&#46;&#46;&#46;<\/p>\n","protected":false},"author":1916,"featured_media":0,"parent":0,"menu_order":0,"comment_status":"closed","ping_status":"closed","template":"","meta":{"ngg_post_thumbnail":0,"footnotes":""},"aioseo_notices":[],"_links":{"self":[{"href":"https:\/\/blogsaverroes.juntadeandalucia.es\/tomasdeybarra\/wp-json\/wp\/v2\/pages\/33"}],"collection":[{"href":"https:\/\/blogsaverroes.juntadeandalucia.es\/tomasdeybarra\/wp-json\/wp\/v2\/pages"}],"about":[{"href":"https:\/\/blogsaverroes.juntadeandalucia.es\/tomasdeybarra\/wp-json\/wp\/v2\/types\/page"}],"author":[{"embeddable":true,"href":"https:\/\/blogsaverroes.juntadeandalucia.es\/tomasdeybarra\/wp-json\/wp\/v2\/users\/1916"}],"replies":[{"embeddable":true,"href":"https:\/\/blogsaverroes.juntadeandalucia.es\/tomasdeybarra\/wp-json\/wp\/v2\/comments?post=33"}],"version-history":[{"count":27,"href":"https:\/\/blogsaverroes.juntadeandalucia.es\/tomasdeybarra\/wp-json\/wp\/v2\/pages\/33\/revisions"}],"predecessor-version":[{"id":2077,"href":"https:\/\/blogsaverroes.juntadeandalucia.es\/tomasdeybarra\/wp-json\/wp\/v2\/pages\/33\/revisions\/2077"}],"wp:attachment":[{"href":"https:\/\/blogsaverroes.juntadeandalucia.es\/tomasdeybarra\/wp-json\/wp\/v2\/media?parent=33"}],"curies":[{"name":"wp","href":"https:\/\/api.w.org\/{rel}","templated":true}]}}