{"id":41,"date":"2020-01-09T12:45:03","date_gmt":"2020-01-09T11:45:03","guid":{"rendered":"http:\/\/blogsaverroes.juntadeandalucia.es\/pre\/nuevoceip2v2\/?page_id=41"},"modified":"2025-07-07T11:37:26","modified_gmt":"2025-07-07T10:37:26","slug":"el-centro","status":"publish","type":"page","link":"https:\/\/blogsaverroes.juntadeandalucia.es\/tomasdeybarra\/el-centro\/","title":{"rendered":"Nuestra historia"},"content":{"rendered":"<p><span style=\"color: #000000\">El CEIP Tom\u00e1s de Ybarra est\u00e1 situado en la localidad de Tomares, ubicada en el Aljarafe sevillano. Est\u00e1 cercana a la capital andaluza y dotada de accesos a las principales v\u00edas de tr\u00e1fico. Esto impuls\u00f3 la edificaci\u00f3n de m\u00faltiples urbanizaciones alrededor del centro, como son las zonas de Santa Eufemia, Aljamar, Las Almenas, Hacienda la Cartuja, o El Zaud\u00edn.<\/span><\/p>\n<p><span style=\"color: #000000\">Es el colegio m\u00e1s antiguo de la localidad. Hist\u00f3ricamente se inaugur\u00f3 en 1944, era el \u00fanico centro escolar del municipio, y estaba situado en la calle Concepci\u00f3n Ibarra.<\/span><\/p>\n<p><span style=\"color: #000000\">Debido a la gran demanda de plazas escolares en nuestra localidad a cause del auge de la construcci\u00f3n en Espa\u00f1a entre los a\u00f1os 1997 y 2003, y a pesar de contar con m\u00e1s centros escolares, nuestro centro se qued\u00f3 peque\u00f1o en la zona, y se iniciaron las obras de un nuevo edificio de 3 l\u00edneas (C3), ubicado en la C\/ Estacada del Rosario, 53, junto al Parque de la M\u00fasica y con el IES \u00cdtaca a sus espaldas (zona de Aljamar) <\/span><\/p>\n<p><span style=\"color: #000000\">Al finalizar la nueva construcci\u00f3n en 2005, toda la plantilla y el alumnado se trasladaron all\u00ed, y el viejo edificio pas\u00f3 a ser un centro cultural multifuncional del Ayuntamiento,&nbsp; rehabilitado hoy en d\u00eda.<\/span><\/p>\n<p><span style=\"color: #000000\">Este cambio supuso no s\u00f3lo una transformaci\u00f3n en la ubicaci\u00f3n, sino tambi\u00e9n en el perfil educativo al ser designado como centro <b>bilingu\u0308e-ingl\u00e9s <\/b>en 2 secciones, inicialmente.<\/span><\/p>\n<p><span style=\"color: #000000\">El n\u00famero de matr\u00edculas aument\u00f3 notablemente al estar situado en una zona de expansi\u00f3n demogr\u00e1fica entre urbanizaciones de viviendas unifamiliares, por ello, actualmente, el CEIP Tom\u00e1s de Ybarra es un <strong>Centro P\u00fablico de Educaci\u00f3n Infantil y Primaria<\/strong> <b>biling\u00fce<\/b> en todas sus l\u00edneas, que alberga a ni\u00f1os y ni\u00f1as de Tomares en dos etapas educativas:<\/span><\/p>\n<ul>\n<li><span style=\"color: #000000\">La&nbsp; etapa de educaci\u00f3n <strong>primaria<\/strong> contiene 20 unidades:<\/span>\n<ul>\n<li><span style=\"color: #000000\">3 unidades de 1\u00ba<\/span><\/li>\n<li><span style=\"color: #000000\">3 unidades de 2\u00ba<\/span><\/li>\n<li><span style=\"color: #000000\">3 unidades de 3\u00ba<\/span><\/li>\n<li><span style=\"color: #000000\">3 unidades de 4\u00ba<\/span><\/li>\n<li><span style=\"color: #000000\">4 unidades de 5\u00ba<\/span><\/li>\n<li><span style=\"color: #000000\">4 unidades de 6\u00ba<\/span><\/li>\n<\/ul>\n<\/li>\n<\/ul>\n<ul style=\"list-style-type: disc\">\n<li><span style=\"color: #000000\">La etapa de 2\u00ba ciclo de educaci\u00f3n <strong>infantil<\/strong> est\u00e1 formada de 6 unidades:<\/span>\n<ul style=\"list-style-type: circle\">\n<li><span style=\"color: #000000\">2 unidades de 5 a\u00f1os<\/span><\/li>\n<li><span style=\"color: #000000\">2 unidades de 4 a\u00f1os<\/span><\/li>\n<li><span style=\"color: #000000\">2 unidades de 3 a\u00f1os<\/span><\/li>\n<\/ul>\n<\/li>\n<\/ul>\n<p><span style=\"color: #000000\">El centro cuenta adem\u00e1s con un <strong>aula espec\u00edfica de educaci\u00f3n especial flexible<\/strong>, que integra a su alumnado en diferentes grupos de aula para recibir algunas materias dentro del grupo-clase ordinario (EF, art\u00edstica o religi\u00f3n\/valores sociales y c\u00edvicos).<\/span><\/p>\n<p><span style=\"color: #000000\">El colegio fue dise\u00f1ado por el<\/span> <a href=\"http:\/\/www.felipepalomino.com\/obra\/obra03_i.html\" target=\"_blank\" rel=\"noopener noreferrer\">estudio de arquitectura Felipe Palomino Gonz\u00e1lez.<\/a>&nbsp;<\/p>\n<p><img loading=\"lazy\" decoding=\"async\" class=\"alignleft wp-image-1615\" src=\"https:\/\/blogsaverroes.juntadeandalucia.es\/tomasdeybarra\/files\/2024\/04\/arquitectura-felipe-palomino-300x274.png\" alt=\"\" width=\"423\" height=\"386\" srcset=\"https:\/\/blogsaverroes.juntadeandalucia.es\/tomasdeybarra\/files\/2024\/04\/arquitectura-felipe-palomino-300x274.png 300w, https:\/\/blogsaverroes.juntadeandalucia.es\/tomasdeybarra\/files\/2024\/04\/arquitectura-felipe-palomino.png 743w\" sizes=\"(max-width: 423px) 100vw, 423px\" \/><img loading=\"lazy\" decoding=\"async\" class=\"wp-image-602 alignright\" src=\"https:\/\/blogsaverroes.juntadeandalucia.es\/tomasdeybarra\/files\/2022\/08\/pat-300x175.jpg\" alt=\"\" width=\"458\" height=\"267\" srcset=\"https:\/\/blogsaverroes.juntadeandalucia.es\/tomasdeybarra\/files\/2022\/08\/pat-300x175.jpg 300w, https:\/\/blogsaverroes.juntadeandalucia.es\/tomasdeybarra\/files\/2022\/08\/pat.jpg 480w\" sizes=\"(max-width: 458px) 100vw, 458px\" \/><\/p>\n","protected":false},"excerpt":{"rendered":"<p>El CEIP Tom\u00e1s de Ybarra est\u00e1 situado en la localidad de Tomares, ubicada en el Aljarafe sevillano. Est\u00e1 cercana a la capital andaluza y dotada de accesos a las principales v\u00edas de tr\u00e1fico. Esto impuls\u00f3&#46;&#46;&#46;<\/p>\n","protected":false},"author":1916,"featured_media":0,"parent":0,"menu_order":0,"comment_status":"closed","ping_status":"closed","template":"","meta":{"ngg_post_thumbnail":0,"footnotes":""},"aioseo_notices":[],"_links":{"self":[{"href":"https:\/\/blogsaverroes.juntadeandalucia.es\/tomasdeybarra\/wp-json\/wp\/v2\/pages\/41"}],"collection":[{"href":"https:\/\/blogsaverroes.juntadeandalucia.es\/tomasdeybarra\/wp-json\/wp\/v2\/pages"}],"about":[{"href":"https:\/\/blogsaverroes.juntadeandalucia.es\/tomasdeybarra\/wp-json\/wp\/v2\/types\/page"}],"author":[{"embeddable":true,"href":"https:\/\/blogsaverroes.juntadeandalucia.es\/tomasdeybarra\/wp-json\/wp\/v2\/users\/1916"}],"replies":[{"embeddable":true,"href":"https:\/\/blogsaverroes.juntadeandalucia.es\/tomasdeybarra\/wp-json\/wp\/v2\/comments?post=41"}],"version-history":[{"count":18,"href":"https:\/\/blogsaverroes.juntadeandalucia.es\/tomasdeybarra\/wp-json\/wp\/v2\/pages\/41\/revisions"}],"predecessor-version":[{"id":2069,"href":"https:\/\/blogsaverroes.juntadeandalucia.es\/tomasdeybarra\/wp-json\/wp\/v2\/pages\/41\/revisions\/2069"}],"wp:attachment":[{"href":"https:\/\/blogsaverroes.juntadeandalucia.es\/tomasdeybarra\/wp-json\/wp\/v2\/media?parent=41"}],"curies":[{"name":"wp","href":"https:\/\/api.w.org\/{rel}","templated":true}]}}