{"id":474,"date":"2020-12-18T08:32:40","date_gmt":"2020-12-18T07:32:40","guid":{"rendered":"https:\/\/blogsaverroes.juntadeandalucia.es\/pre\/plantilla-backbag\/?page_id=474"},"modified":"2024-11-25T13:07:40","modified_gmt":"2024-11-25T12:07:40","slug":"contactar-con-el-centro","status":"publish","type":"page","link":"https:\/\/blogsaverroes.juntadeandalucia.es\/tomasdeybarra\/contactar-con-el-centro\/","title":{"rendered":"Contactar"},"content":{"rendered":"<h2><span style=\"color: #000080\">Correo corporativo del Centro<\/span><\/h2>\n<p><strong><span style=\"color: #000000\">41007679.edu@juntadeandalucia.es<\/span><\/strong><\/p>\n<h3 style=\"text-align: left\"><span style=\"font-size: 18pt;color: #000080\">Ubicaci\u00f3n del Centro. C\/ Estacada del Rosario, 53. CP: 41940 Tomares. Sevilla<\/span><\/h3>\n<p>&nbsp;<iframe loading=\"lazy\" src=\"https:\/\/www.google.com\/maps\/embed?pb=!1m18!1m12!1m3!1d1363.876391025806!2d-6.050340176448717!3d37.37059669845814!2m3!1f0!2f0!3f0!3m2!1i1024!2i768!4f13.1!3m3!1m2!1s0xd126cc3b243b7eb%3A0x1996b9dc999fbb5!2sC.%20Estacada%20del%20Rosario%2C%2053%2C%2041940%20Tomares%2C%20Sevilla!5e0!3m2!1ses!2ses!4v1658905206634!5m2!1ses!2ses\" width=\"100%\" height=\"458\"><\/iframe><\/p>\n<h2><span style=\"color: #000080\">Otros contactos:<\/span><\/h2>\n<p><span style=\"color: #000080\"><strong>ADMINISTRACI\u00d3N Y SECRETAR\u00cdA<\/strong><\/span>:&nbsp;<\/p>\n<p>41007679.secretaria@g.educaand.es<\/p>\n<p><strong><span style=\"color: #000000\">Tlf: 955623611<\/span><\/strong><\/p>\n<p><span style=\"color: #000080\"><strong>EQUIPO DIRECTIVO:<\/strong><\/span><\/p>\n<p><span style=\"color: #000080\"><strong>DIRECCI\u00d3N<\/strong><\/span>: <span style=\"color: #000080\">Carmen Moreno Liso<\/span><\/p>\n<p><span style=\"color: #000000\">cmorlis209@g.educaand.es<\/span><\/p>\n<p><span style=\"color: #000080\"><strong>JEFA DE ESTUDIOS<\/strong><\/span>: <span style=\"color: #000080\">Mar Fern\u00e1ndez Villanueva<\/span><\/p>\n<p><span style=\"color: #000000\">mfervil404@g.educaand.es<\/span><\/p>\n<p><span style=\"color: #000080\"><strong>SECRETARIO<\/strong><\/span>: <span style=\"color: #000080\">David Porrino P\u00e9rez<\/span><\/p>\n<p><span style=\"color: #000000\">dporper753@g.educaand.es <\/span><\/p>\n","protected":false},"excerpt":{"rendered":"<p>Correo corporativo del Centro 41007679.edu@juntadeandalucia.es Ubicaci\u00f3n del Centro. C\/ Estacada del Rosario, 53. CP: 41940 Tomares. Sevilla &nbsp; Otros contactos: ADMINISTRACI\u00d3N Y SECRETAR\u00cdA:&nbsp; 41007679.secretaria@g.educaand.es Tlf: 955623611 EQUIPO DIRECTIVO: DIRECCI\u00d3N: Carmen Moreno Liso cmorlis209@g.educaand.es JEFA DE&#46;&#46;&#46;<\/p>\n","protected":false},"author":1916,"featured_media":0,"parent":0,"menu_order":0,"comment_status":"closed","ping_status":"closed","template":"","meta":{"ngg_post_thumbnail":0,"footnotes":""},"aioseo_notices":[],"_links":{"self":[{"href":"https:\/\/blogsaverroes.juntadeandalucia.es\/tomasdeybarra\/wp-json\/wp\/v2\/pages\/474"}],"collection":[{"href":"https:\/\/blogsaverroes.juntadeandalucia.es\/tomasdeybarra\/wp-json\/wp\/v2\/pages"}],"about":[{"href":"https:\/\/blogsaverroes.juntadeandalucia.es\/tomasdeybarra\/wp-json\/wp\/v2\/types\/page"}],"author":[{"embeddable":true,"href":"https:\/\/blogsaverroes.juntadeandalucia.es\/tomasdeybarra\/wp-json\/wp\/v2\/users\/1916"}],"replies":[{"embeddable":true,"href":"https:\/\/blogsaverroes.juntadeandalucia.es\/tomasdeybarra\/wp-json\/wp\/v2\/comments?post=474"}],"version-history":[{"count":14,"href":"https:\/\/blogsaverroes.juntadeandalucia.es\/tomasdeybarra\/wp-json\/wp\/v2\/pages\/474\/revisions"}],"predecessor-version":[{"id":1829,"href":"https:\/\/blogsaverroes.juntadeandalucia.es\/tomasdeybarra\/wp-json\/wp\/v2\/pages\/474\/revisions\/1829"}],"wp:attachment":[{"href":"https:\/\/blogsaverroes.juntadeandalucia.es\/tomasdeybarra\/wp-json\/wp\/v2\/media?parent=474"}],"curies":[{"name":"wp","href":"https:\/\/api.w.org\/{rel}","templated":true}]}}