{"id":55,"date":"2020-01-09T12:48:16","date_gmt":"2020-01-09T11:48:16","guid":{"rendered":"http:\/\/blogsaverroes.juntadeandalucia.es\/pre\/nuevoceip2v2\/?page_id=55"},"modified":"2025-11-21T16:52:54","modified_gmt":"2025-11-21T15:52:54","slug":"planes-y-proyectos","status":"publish","type":"page","link":"https:\/\/blogsaverroes.juntadeandalucia.es\/tomasdeybarra\/planes-y-proyectos\/","title":{"rendered":"Plan de Centro"},"content":{"rendered":"<p style=\"text-align: left\"><span style=\"font-size: 14pt\"><strong>PLAN DE CENTRO<\/strong><\/span><\/p>\n<p><span style=\"font-size: 12pt;color: #000000\">El Plan de centro constituye el documento marco que regula la vida acad\u00e9mica y el funcionamiento del colegio. <\/span><\/p>\n<p><span style=\"font-size: 12pt;color: #000000\">Es el conjunto de documentos que gu\u00edan y obligan a toda la comunidad educativa del colegio: Normas, participaci\u00f3n, organizaci\u00f3n, proyectos, trabajo en equipo, sistema de engranajes encajados de manera que funcionan casi a la perfecci\u00f3n cuando toda la comunidad conoce, construye y respeta.<\/span><\/p>\n<p><span style=\"font-size: 12pt;color: #000000\"> Son la base para construir una <strong>educaci\u00f3n de calidad<\/strong> con un objetivo m\u00e1ximo y \u00fanico: conseguir que cada ni\u00f1o, cada ni\u00f1a, alcance el m\u00e1ximo de sus potencialidades seg\u00fan sus caracter\u00edsticas personales y que lo haga con esfuerzo, disciplina y alegr\u00eda (no son incompatibles, sino todo lo contrario).<\/span><\/p>\n<p><span style=\"font-size: 12pt;color: #000000\">Consta de tres documentos base , disponibles abajo: el Plan de Gesti\u00f3n, el ROF (Reglamento de organizaci\u00f3n y funcionamiento) y el Proyecto Educativo.&nbsp;<\/span><\/p>\n<p><span style=\"color: #000000\">(Documentos actualizados y aprobados en Consejo Escolar del d\u00eda 11 de noviembre de 2025)<\/span><\/p>\n<ul>\n<li><a href=\"https:\/\/drive.google.com\/file\/d\/1VuoAbQKsYUjZEvIP-8Em0Ia_VGcmZ6DT\/view?usp=sharing\" target=\"_blank\" rel=\"noopener\"><span style=\"font-size: 14pt\">ROF (Reglamento de Organizaci\u00f3n y Funcionamiento) 2025-2026<\/span><\/a><\/li>\n<li><a href=\"https:\/\/drive.google.com\/file\/d\/1wV3SiQr1ZpF4vIxcd_grhIViynK5eFsI\/view?usp=sharing\" target=\"_blank\" rel=\"noopener\"><span style=\"font-size: 14pt\">PROYECTO DE GESTI\u00d3N 2025-2026<\/span><\/a><\/li>\n<li><a href=\"https:\/\/drive.google.com\/file\/d\/1xB_f-_ECG-IALsgAXId-HQSs7gV38FeR\/view?usp=sharing\" target=\"_blank\" rel=\"noopener\"><span style=\"font-size: 14pt\">PROYECTO EDUCATIVO 2025-2026<\/span><\/a><\/li>\n<\/ul>\n<p><img loading=\"lazy\" decoding=\"async\" class=\"wp-image-1738 alignleft\" src=\"https:\/\/blogsaverroes.juntadeandalucia.es\/tomasdeybarra\/files\/2024\/08\/07d4ac65-7ceb-44f4-9014-ce6a08b10cf8-300x226.jpg\" alt=\"\" width=\"371\" height=\"279\" srcset=\"https:\/\/blogsaverroes.juntadeandalucia.es\/tomasdeybarra\/files\/2024\/08\/07d4ac65-7ceb-44f4-9014-ce6a08b10cf8-300x226.jpg 300w, https:\/\/blogsaverroes.juntadeandalucia.es\/tomasdeybarra\/files\/2024\/08\/07d4ac65-7ceb-44f4-9014-ce6a08b10cf8-1024x770.jpg 1024w, https:\/\/blogsaverroes.juntadeandalucia.es\/tomasdeybarra\/files\/2024\/08\/07d4ac65-7ceb-44f4-9014-ce6a08b10cf8-768x578.jpg 768w, https:\/\/blogsaverroes.juntadeandalucia.es\/tomasdeybarra\/files\/2024\/08\/07d4ac65-7ceb-44f4-9014-ce6a08b10cf8.jpg 1280w\" sizes=\"(max-width: 371px) 100vw, 371px\" \/><\/p>\n<p>&nbsp;<\/p>\n","protected":false},"excerpt":{"rendered":"<p>PLAN DE CENTRO El Plan de centro constituye el documento marco que regula la vida acad\u00e9mica y el funcionamiento del colegio. Es el conjunto de documentos que gu\u00edan y obligan a toda la comunidad educativa&#46;&#46;&#46;<\/p>\n","protected":false},"author":1916,"featured_media":0,"parent":0,"menu_order":0,"comment_status":"closed","ping_status":"closed","template":"","meta":{"ngg_post_thumbnail":0,"footnotes":""},"aioseo_notices":[],"_links":{"self":[{"href":"https:\/\/blogsaverroes.juntadeandalucia.es\/tomasdeybarra\/wp-json\/wp\/v2\/pages\/55"}],"collection":[{"href":"https:\/\/blogsaverroes.juntadeandalucia.es\/tomasdeybarra\/wp-json\/wp\/v2\/pages"}],"about":[{"href":"https:\/\/blogsaverroes.juntadeandalucia.es\/tomasdeybarra\/wp-json\/wp\/v2\/types\/page"}],"author":[{"embeddable":true,"href":"https:\/\/blogsaverroes.juntadeandalucia.es\/tomasdeybarra\/wp-json\/wp\/v2\/users\/1916"}],"replies":[{"embeddable":true,"href":"https:\/\/blogsaverroes.juntadeandalucia.es\/tomasdeybarra\/wp-json\/wp\/v2\/comments?post=55"}],"version-history":[{"count":30,"href":"https:\/\/blogsaverroes.juntadeandalucia.es\/tomasdeybarra\/wp-json\/wp\/v2\/pages\/55\/revisions"}],"predecessor-version":[{"id":2120,"href":"https:\/\/blogsaverroes.juntadeandalucia.es\/tomasdeybarra\/wp-json\/wp\/v2\/pages\/55\/revisions\/2120"}],"wp:attachment":[{"href":"https:\/\/blogsaverroes.juntadeandalucia.es\/tomasdeybarra\/wp-json\/wp\/v2\/media?parent=55"}],"curies":[{"name":"wp","href":"https:\/\/api.w.org\/{rel}","templated":true}]}}