{"id":693,"date":"2022-11-03T19:16:38","date_gmt":"2022-11-03T18:16:38","guid":{"rendered":"https:\/\/blogsaverroes.juntadeandalucia.es\/tomasdeybarra\/?page_id=693"},"modified":"2022-11-03T19:16:51","modified_gmt":"2022-11-03T18:16:51","slug":"blogs-del-centro","status":"publish","type":"page","link":"https:\/\/blogsaverroes.juntadeandalucia.es\/tomasdeybarra\/blogs-del-centro\/","title":{"rendered":"Blogs del centro"},"content":{"rendered":"<p>[et_pb_section fb_built=&#8221;1&#8243; _builder_version=&#8221;4.14.5&#8243; _module_preset=&#8221;default&#8221; global_colors_info=&#8221;{}&#8221; theme_builder_area=&#8221;post_content&#8221;][et_pb_row _builder_version=&#8221;4.14.5&#8243; _module_preset=&#8221;default&#8221; theme_builder_area=&#8221;post_content&#8221;][et_pb_column _builder_version=&#8221;4.14.5&#8243; _module_preset=&#8221;default&#8221; type=&#8221;4_4&#8243; theme_builder_area=&#8221;post_content&#8221;][et_pb_accordion _builder_version=&#8221;4.14.5&#8243; _module_preset=&#8221;default&#8221; theme_builder_area=&#8221;post_content&#8221;][et_pb_accordion_item title=&#8221;PROGRAMA ALDEA B&#8221; _builder_version=&#8221;4.14.5&#8243; _module_preset=&#8221;default&#8221; open=&#8221;on&#8221; theme_builder_area=&#8221;post_content&#8221; link_option_url=&#8221;https:\/\/sites.google.com\/ceiptomasdeybarra.org\/recapaciclaty\/inicio&#8221; link_option_url_new_window=&#8221;on&#8221; title_text=&#8221;logo aldea&#8221; background_image=&#8221;https:\/\/blogsaverroes.juntadeandalucia.es\/tomasdeybarra\/files\/2022\/11\/logo-aldea.png&#8221; background_enable_image=&#8221;on&#8221; hover_enabled=&#8221;0&#8243; sticky_enabled=&#8221;0&#8243;]<\/p>\n<p>Otro a\u00f1o m\u00e1s el CEIP Tom\u00e1s de Ybarra participa en el Programa de Innovaci\u00f3n Aldea con el objetivo de <span>promover las escuelas como entornos de aprendizaje sostenible impulsoras de la transformaci\u00f3n f\u00edsica y social, donde profesorado y alumnado integren los principios de la educaci\u00f3n ecosocial en su pr\u00e1ctica cotidiana. En el curso 22\/23 se trabajar\u00e1 en torno a dos l\u00edneas de actuaci\u00f3n:\u00a0<\/span><\/p>\n<ul>\n<li><span>La ciencia en la escuela<\/span><\/li>\n<li><span>Huerto y reciclaje.<\/span><span><\/span><\/li>\n<\/ul>\n<p><span><\/span><\/p>\n<p>[\/et_pb_accordion_item][et_pb_accordion_item title=&#8221;Su t\u00edtulo va aqu\u00ed&#8221; _builder_version=&#8221;4.14.5&#8243; _module_preset=&#8221;default&#8221; open=&#8221;off&#8221; theme_builder_area=&#8221;post_content&#8221;]<\/p>\n<p>Your content goes here. Edit or remove this text inline or in the module Content settings. You can also style every aspect of this content in the module Design settings and even apply custom CSS to this text in the module Advanced settings.<\/p>\n<p>[\/et_pb_accordion_item][\/et_pb_accordion][\/et_pb_column][\/et_pb_row][\/et_pb_section]<\/p>\n","protected":false},"excerpt":{"rendered":"<p>[et_pb_section fb_built=&#8221;1&#8243; _builder_version=&#8221;4.14.5&#8243; _module_preset=&#8221;default&#8221; global_colors_info=&#8221;{}&#8221; theme_builder_area=&#8221;post_content&#8221;][et_pb_row _builder_version=&#8221;4.14.5&#8243; _module_preset=&#8221;default&#8221; theme_builder_area=&#8221;post_content&#8221;][et_pb_column _builder_version=&#8221;4.14.5&#8243; _module_preset=&#8221;default&#8221; type=&#8221;4_4&#8243; theme_builder_area=&#8221;post_content&#8221;][et_pb_accordion _builder_version=&#8221;4.14.5&#8243; _module_preset=&#8221;default&#8221; theme_builder_area=&#8221;post_content&#8221;][et_pb_accordion_item title=&#8221;PROGRAMA ALDEA B&#8221; _builder_version=&#8221;4.14.5&#8243; _module_preset=&#8221;default&#8221; open=&#8221;on&#8221; theme_builder_area=&#8221;post_content&#8221; link_option_url=&#8221;https:\/\/sites.google.com\/ceiptomasdeybarra.org\/recapaciclaty\/inicio&#8221; link_option_url_new_window=&#8221;on&#8221; title_text=&#8221;logo aldea&#8221; background_image=&#8221;https:\/\/blogsaverroes.juntadeandalucia.es\/tomasdeybarra\/files\/2022\/11\/logo-aldea.png&#8221; background_enable_image=&#8221;on&#8221; hover_enabled=&#8221;0&#8243; sticky_enabled=&#8221;0&#8243;] Otro a\u00f1o m\u00e1s el&#46;&#46;&#46;<\/p>\n","protected":false},"author":15493,"featured_media":0,"parent":0,"menu_order":0,"comment_status":"closed","ping_status":"closed","template":"","meta":{"ngg_post_thumbnail":0,"footnotes":""},"aioseo_notices":[],"_links":{"self":[{"href":"https:\/\/blogsaverroes.juntadeandalucia.es\/tomasdeybarra\/wp-json\/wp\/v2\/pages\/693"}],"collection":[{"href":"https:\/\/blogsaverroes.juntadeandalucia.es\/tomasdeybarra\/wp-json\/wp\/v2\/pages"}],"about":[{"href":"https:\/\/blogsaverroes.juntadeandalucia.es\/tomasdeybarra\/wp-json\/wp\/v2\/types\/page"}],"author":[{"embeddable":true,"href":"https:\/\/blogsaverroes.juntadeandalucia.es\/tomasdeybarra\/wp-json\/wp\/v2\/users\/15493"}],"replies":[{"embeddable":true,"href":"https:\/\/blogsaverroes.juntadeandalucia.es\/tomasdeybarra\/wp-json\/wp\/v2\/comments?post=693"}],"version-history":[{"count":3,"href":"https:\/\/blogsaverroes.juntadeandalucia.es\/tomasdeybarra\/wp-json\/wp\/v2\/pages\/693\/revisions"}],"predecessor-version":[{"id":783,"href":"https:\/\/blogsaverroes.juntadeandalucia.es\/tomasdeybarra\/wp-json\/wp\/v2\/pages\/693\/revisions\/783"}],"wp:attachment":[{"href":"https:\/\/blogsaverroes.juntadeandalucia.es\/tomasdeybarra\/wp-json\/wp\/v2\/media?parent=693"}],"curies":[{"name":"wp","href":"https:\/\/api.w.org\/{rel}","templated":true}]}}