{"id":233,"date":"2022-02-09T18:30:53","date_gmt":"2022-02-09T17:30:53","guid":{"rendered":"https:\/\/blogsaverroes.juntadeandalucia.es\/trasteandoporlaweb\/?page_id=233"},"modified":"2022-02-21T12:12:01","modified_gmt":"2022-02-21T11:12:01","slug":"233-2","status":"publish","type":"page","link":"https:\/\/blogsaverroes.juntadeandalucia.es\/trasteandoporlaweb\/asignaturas\/233-2\/","title":{"rendered":"English"},"content":{"rendered":"<p>Para trabajar los adjetivos <strong>\u00abbig\u00bb y \u00absmall\u00bb<\/strong> tenemos el siguiente v\u00eddeo:<\/p>\n<p><iframe loading=\"lazy\" title=\"Big Small Action Song for Kids | Learning Opposites | Learn English Children\" width=\"525\" height=\"295\" src=\"https:\/\/www.youtube.com\/embed\/ho0jqU6L88U?feature=oembed\" frameborder=\"0\" allow=\"accelerometer; autoplay; clipboard-write; encrypted-media; gyroscope; picture-in-picture\" allowfullscreen><\/iframe><\/p>\n<p><span style=\"font-size: 8pt\">Big, small Action song for kids, Learning opposites, learn english children, de Dream English Kids. En Youtube.<\/span><\/p>\n<p>&nbsp;<\/p>\n<p>En el siguiente v\u00eddeo tenemos una <strong>canci\u00f3n<\/strong> sobre la estructura gramatical <strong>\u00abHow old are you? I&#8217;m seven\/six&#8230;\u00bb<\/strong>:<\/p>\n<p><iframe loading=\"lazy\" title=\"[G3] How Old Are You? English Song for Children\" width=\"525\" height=\"295\" src=\"https:\/\/www.youtube.com\/embed\/-2to7NkYMPk?feature=oembed\" frameborder=\"0\" allow=\"accelerometer; autoplay; clipboard-write; encrypted-media; gyroscope; picture-in-picture\" allowfullscreen><\/iframe><\/p>\n<p><span style=\"font-size: 8pt\">(G3) How old are you? English song for children, de Tddongtv. En Youtube.<\/span><\/p>\n<p>&nbsp;<\/p>\n<p>En los siguientes v\u00eddeos se trabaja la estructura gramatical <strong>\u00abIs it a car\/ball&#8230;? Yes, it is. \/ No, it isn&#8217;t.\u00bb<\/strong>:<\/p>\n<p><iframe loading=\"lazy\" title=\"Is it a car? Yes, it is  No, it isn&#039;t. \/ English grammar for kids\" width=\"525\" height=\"295\" src=\"https:\/\/www.youtube.com\/embed\/GnnrAFkGGWg?feature=oembed\" frameborder=\"0\" allow=\"accelerometer; autoplay; clipboard-write; encrypted-media; gyroscope; picture-in-picture\" allowfullscreen><\/iframe><\/p>\n<p><span style=\"font-size: 8pt\">Is it a car? Yes, it it. \/ No, it isn&#8217;t. English grammar for kids, de Babykid TV. En Youtube.<\/span><\/p>\n<p><iframe loading=\"lazy\" title=\"Toys - Yes it is. No it isn\u2019t\" width=\"525\" height=\"295\" src=\"https:\/\/www.youtube.com\/embed\/QMCAxpNE3c0?feature=oembed\" frameborder=\"0\" allow=\"accelerometer; autoplay; clipboard-write; encrypted-media; gyroscope; picture-in-picture\" allowfullscreen><\/iframe><\/p>\n<p><span style=\"font-size: 8pt\">Toys. Yes, it it. No, it isn&#8217;t. De DK kids. En Youtube.<\/span><\/p>\n<p>&nbsp;<\/p>\n<p>En el siguiente v\u00eddeo est\u00e1 el <strong>alfabeto<\/strong> en ingl\u00e9s.<\/p>\n<p><iframe loading=\"lazy\" title=\"The Alphabet Is So Much Fun | Kids Songs | Super Simple Songs\" width=\"525\" height=\"295\" src=\"https:\/\/www.youtube.com\/embed\/kDdg2M1_EuE?feature=oembed\" frameborder=\"0\" allow=\"accelerometer; autoplay; clipboard-write; encrypted-media; gyroscope; picture-in-picture\" allowfullscreen><\/iframe><\/p>\n<p><span style=\"font-size: 8pt\">The Alphabet is so much fun. Es de \u00abSuper simple songs\u00bb y est\u00e1 publicado en Youtube.<\/span><\/p>\n<p>Una canci\u00f3n con una peque\u00f1a coreograf\u00eda sobre las <strong>estaciones en ingl\u00e9s<\/strong>:<\/p>\n<p><iframe loading=\"lazy\" src=\"\/\/www.youtube.com\/embed\/TBLFMXU8FLI\" width=\"560\" height=\"314\"><\/iframe><\/p>\n<p><span style=\"font-size: 8pt\">Seasons song for children. Es de Dream English Kids y est\u00e1 publicada en Youtube.<\/span><\/p>\n<p>En el siguiente enlace, tenemos otra ficha interactiva en ingl\u00e9s para trabajar el <strong>vocabulario de las mascotas<\/strong>:<\/p>\n<p><a href=\"https:\/\/es.liveworksheets.com\/do62983ka\">https:\/\/es.liveworksheets.com\/do62983ka<\/a><\/p>\n<p>\u00abPets (multiple choiche\u00bb, por Bilgeceingilizce. En Liveworksheets.<\/p>\n<p>&nbsp;<\/p>\n<p>En el siguiente enlace, tenemos una ficha interactiva en ingl\u00e9s para trabajar el <strong>vocabulario de las mascotas<\/strong>:<\/p>\n<p><strong>https:\/\/es.liveworksheets.com\/cl245646oe<\/strong><\/p>\n<p>\u00abPets true false\u00bb, por Villautrillas1. En Liveworksheets.<\/p>\n<p>&nbsp;<\/p>\n<p>En el siguiente enlace, tenemos una ficha interactiva en ingl\u00e9s para trabajar el <strong>audio de mascotas<\/strong>:<\/p>\n<p><a href=\"https:\/\/es.liveworksheets.com\/sa1798194cp\">https:\/\/es.liveworksheets.com\/sa1798194cp<\/a><\/p>\n<p>\u00abListening pets\u00bb, por Maricarmen Gomez. En Liveworksheets.<\/p>\n<p>&nbsp;<\/p>\n<p>En el siguiente enlace, tenemos una ficha interactiva en ingl\u00e9s para trabajar el <strong>vocabulario de las mascotas<\/strong>:<\/p>\n<p><a href=\"https:\/\/es.liveworksheets.com\/um1724405rt\">https:\/\/es.liveworksheets.com\/um1724405rt<\/a><\/p>\n<p>\u00bb I have a pet\u00bb, por Karla Araceli. En Liveworksheets.<\/p>\n<p>&nbsp;<\/p>\n<p>En el siguiente enlace, tenemos una ficha interactiva en ingl\u00e9s, para practicar las estructuras: <strong>\u00abHave you got a dog\/cat&#8230;? Yes, I have.\/No, I haven&#8217;t.\u00bb<\/strong>:<\/p>\n<p><a href=\"https:\/\/es.liveworksheets.com\/et1544572tb\">https:\/\/es.liveworksheets.com\/et1544572tb<\/a><\/p>\n<p>\u00abHave you got a pet?\u00bb, por TeacherNoemi18. En Liveworksheets.<\/p>\n<p>&nbsp;<\/p>\n<p>En el siguiente enlace tenemos una <strong>canci\u00f3n sobre los colores<\/strong>:<\/p>\n<p><a href=\"https:\/\/youtu.be\/G5h41xTUQyk\">https:\/\/youtu.be\/G5h41xTUQyk<\/a><\/p>\n<p><span style=\"font-size: 8pt\">\u00abColour song\u00bb, por FY Kids. En Youtube.<\/span><\/p>\n<p>&nbsp;<\/p>\n<p>En el siguiente v\u00eddeo tenemos una <strong>canci\u00f3n<\/strong> sobre las <strong>mascotas en ingl\u00e9s<\/strong>. Tambi\u00e9n sirve para practicar la gram\u00e1tica de \u00abI have a&#8230;\u00bb, \u00abIt is a&#8230;\u00bb:<\/p>\n<p><iframe loading=\"lazy\" title=\"I Have A Pet | Animal Song | Super Simple Songs\" width=\"525\" height=\"295\" src=\"https:\/\/www.youtube.com\/embed\/pWepfJ-8XU0?feature=oembed\" frameborder=\"0\" allow=\"accelerometer; autoplay; clipboard-write; encrypted-media; gyroscope; picture-in-picture\" allowfullscreen><\/iframe><\/p>\n<p><span style=\"font-size: 8pt\">\u00abI have a pet, animal song, super single songs\u00bb, por Super simple songs. En Youtube.<\/span><\/p>\n","protected":false},"excerpt":{"rendered":"<p>Para trabajar los adjetivos \u00abbig\u00bb y \u00absmall\u00bb tenemos el siguiente v\u00eddeo: Big, small Action song for kids, Learning opposites, learn english children, de Dream English Kids. En Youtube. &nbsp; En el siguiente v\u00eddeo tenemos una canci\u00f3n sobre la estructura gramatical \u00abHow old are you? I&#8217;m seven\/six&#8230;\u00bb: (G3) How old are you? English song for children, &hellip; <\/p>\n<p class=\"link-more\"><a href=\"https:\/\/blogsaverroes.juntadeandalucia.es\/trasteandoporlaweb\/asignaturas\/233-2\/\" class=\"more-link\">Continuar leyendo<span class=\"screen-reader-text\"> \u00abEnglish\u00bb<\/span><\/a><\/p>\n","protected":false},"author":8412,"featured_media":0,"parent":25,"menu_order":0,"comment_status":"closed","ping_status":"closed","template":"","meta":{"ngg_post_thumbnail":0,"footnotes":""},"aioseo_notices":[],"_links":{"self":[{"href":"https:\/\/blogsaverroes.juntadeandalucia.es\/trasteandoporlaweb\/wp-json\/wp\/v2\/pages\/233"}],"collection":[{"href":"https:\/\/blogsaverroes.juntadeandalucia.es\/trasteandoporlaweb\/wp-json\/wp\/v2\/pages"}],"about":[{"href":"https:\/\/blogsaverroes.juntadeandalucia.es\/trasteandoporlaweb\/wp-json\/wp\/v2\/types\/page"}],"author":[{"embeddable":true,"href":"https:\/\/blogsaverroes.juntadeandalucia.es\/trasteandoporlaweb\/wp-json\/wp\/v2\/users\/8412"}],"replies":[{"embeddable":true,"href":"https:\/\/blogsaverroes.juntadeandalucia.es\/trasteandoporlaweb\/wp-json\/wp\/v2\/comments?post=233"}],"version-history":[{"count":11,"href":"https:\/\/blogsaverroes.juntadeandalucia.es\/trasteandoporlaweb\/wp-json\/wp\/v2\/pages\/233\/revisions"}],"predecessor-version":[{"id":312,"href":"https:\/\/blogsaverroes.juntadeandalucia.es\/trasteandoporlaweb\/wp-json\/wp\/v2\/pages\/233\/revisions\/312"}],"up":[{"embeddable":true,"href":"https:\/\/blogsaverroes.juntadeandalucia.es\/trasteandoporlaweb\/wp-json\/wp\/v2\/pages\/25"}],"wp:attachment":[{"href":"https:\/\/blogsaverroes.juntadeandalucia.es\/trasteandoporlaweb\/wp-json\/wp\/v2\/media?parent=233"}],"curies":[{"name":"wp","href":"https:\/\/api.w.org\/{rel}","templated":true}]}}