{"id":75,"date":"2020-03-24T15:48:19","date_gmt":"2020-03-24T14:48:19","guid":{"rendered":"https:\/\/blogsaverroes.juntadeandalucia.es\/trasteandoporlaweb\/?page_id=75"},"modified":"2022-02-14T19:44:56","modified_gmt":"2022-02-14T18:44:56","slug":"c-naturales","status":"publish","type":"page","link":"https:\/\/blogsaverroes.juntadeandalucia.es\/trasteandoporlaweb\/c-naturales\/","title":{"rendered":"C. Naturales"},"content":{"rendered":"<p>El v\u00eddeo siguiente nos habla de la <strong>utilidad<\/strong> que le damos a las <strong>plantas<\/strong>:<\/p>\n<p><iframe loading=\"lazy\" title=\"La utilidad de las plantas para ni\u00f1os\" width=\"525\" height=\"394\" src=\"https:\/\/www.youtube.com\/embed\/uXmA9YGllHE?feature=oembed\" frameborder=\"0\" allow=\"accelerometer; autoplay; clipboard-write; encrypted-media; gyroscope; picture-in-picture\" allowfullscreen><\/iframe><\/p>\n<p><span style=\"font-size: 8pt\">La utilidad de las plantas para ni\u00f1os. Por Hacemos el Mundo. En Youtube.<\/span><\/p>\n<p>&nbsp;<\/p>\n<p>En el siguiente v\u00eddeo, nos hablan de las <strong>plantas cultivadas y las silvestres<\/strong>:<\/p>\n<p><iframe loading=\"lazy\" title=\"Semana 18. Actividad 4 Proyecto 2 . Plantas cultivadas y silvestres. Para segundo de B\u00e1sica\" width=\"525\" height=\"295\" src=\"https:\/\/www.youtube.com\/embed\/2xcTZFXyv5g?feature=oembed\" frameborder=\"0\" allow=\"accelerometer; autoplay; clipboard-write; encrypted-media; gyroscope; picture-in-picture\" allowfullscreen><\/iframe><\/p>\n<p><span style=\"font-size: 8pt\">Semana 18. Actividad 4. Proyecto 2. Plantas cultivadas y silvestres, por Miss Katherine. En Youtube.<\/span><\/p>\n<p>En el siguiente v\u00eddeo, nuestro amigo el Camale\u00f3n, nos explica al <strong>clasificaci\u00f3n de las plantas<\/strong>:<\/p>\n<p><iframe loading=\"lazy\" title=\"Clasificaci\u00f3n de las plantas | Camale\u00f3n\" width=\"525\" height=\"295\" src=\"https:\/\/www.youtube.com\/embed\/kgoDDLxfVOw?feature=oembed\" frameborder=\"0\" allow=\"accelerometer; autoplay; clipboard-write; encrypted-media; gyroscope; picture-in-picture\" allowfullscreen><\/iframe><\/p>\n<p><span style=\"font-size: 8pt\">Clasificaci\u00f3n de las plantas. Camale\u00f3n, por CNTV. En Youtube.<\/span><\/p>\n<p>En el siguiente v\u00eddeo, nos cuentan las <strong>partes de la planta<\/strong>:<\/p>\n<p><iframe loading=\"lazy\" title=\"Partes de una planta | Camale\u00f3n\" width=\"525\" height=\"295\" src=\"https:\/\/www.youtube.com\/embed\/zIDVm8_aLDI?feature=oembed\" frameborder=\"0\" allow=\"accelerometer; autoplay; clipboard-write; encrypted-media; gyroscope; picture-in-picture\" allowfullscreen><\/iframe><\/p>\n<p><span style=\"font-size: 8pt\">Partes de una planta. Camale\u00f3n, por CNTV. En Youtube.<\/span><\/p>\n<p>En el siguiente enlace, tenemos una ficha interactiva en ingl\u00e9s, sobre los animales <strong>carn\u00edvoros, herb\u00edvoros y omn\u00edvoros<\/strong>:<\/p>\n<p><a href=\"https:\/\/es.liveworksheets.com\/qp2084114hc\">https:\/\/es.liveworksheets.com\/qp2084114hc<\/a><\/p>\n<p><span style=\"font-size: 8pt\">\u00abCarnivores, Herbivores &amp; Omnivores\u00bb, por TeacherChelsea. En Liveworksheets.<\/span><\/p>\n<p>&nbsp;<\/p>\n<p>En el siguiente enlace, tenemos una ficha interactiva sobre los animales <strong>vertebrados<\/strong>:<\/p>\n<p><a href=\"https:\/\/es.liveworksheets.com\/zm1962733de\">https:\/\/es.liveworksheets.com\/zm1962733de<\/a><\/p>\n<p><span style=\"font-size: 8pt\">\u00abClasificaci\u00f3n animales\u00bb, por Aniqui. En Liveworksheets.<\/span><\/p>\n<p>&nbsp;<\/p>\n<p>En el siguiente enlace, tenemos una ficha interactiva sobre la <strong>clasificaci\u00f3n de los animales<\/strong>:<\/p>\n<p><a href=\"https:\/\/es.liveworksheets.com\/br1726090ll\">https:\/\/es.liveworksheets.com\/br1726090ll<\/a><\/p>\n<p><span style=\"font-size: 8pt\">\u00abLos animales. 1\u00ba Primaria\u00bb, por InmaculadaOC. En Liveworksheets.<\/span><\/p>\n<p>&nbsp;<\/p>\n<p>En el siguiente enlace, tenemos una ficha interactiva sobre los <strong>animales salvajes y dom\u00e9sticos<\/strong>:<\/p>\n<p><a href=\"https:\/\/es.liveworksheets.com\/fy918807nr\">https:\/\/es.liveworksheets.com\/fy918807nr<\/a><\/p>\n<p><span style=\"font-size: 8pt\">\u00abAnimales dom\u00e9sticos y salvajes\u00bb, por Luisaqp. En Liveworksheets.<\/span><\/p>\n<p>&nbsp;<\/p>\n<p>En el siguiente enlace, tenemos una ficha interactiva sobre los <strong>mam\u00edferos:<\/strong><\/p>\n<p><a href=\"https:\/\/es.liveworksheets.com\/av1723470uz\">https:\/\/es.liveworksheets.com\/av1723470uz<\/a><\/p>\n<p><span style=\"font-size: 8pt\">\u00abLos mam\u00edferos\u00bb, por MariaEsther8 en Liveworksheets.<\/span><\/p>\n<p>&nbsp;<\/p>\n<p>En el siguiente v\u00eddeo, pod\u00e9is ver la <strong>alimentaci\u00f3n de los animales<\/strong>:<\/p>\n<p><iframe loading=\"lazy\" title=\"La canci\u00f3n de los carn\u00edvoros, herb\u00edvoros y omn\u00edvoros | Canciones para Ni\u00f1os.\" width=\"525\" height=\"295\" src=\"https:\/\/www.youtube.com\/embed\/fWVaLMFVPis?feature=oembed\" frameborder=\"0\" allow=\"accelerometer; autoplay; clipboard-write; encrypted-media; gyroscope; picture-in-picture\" allowfullscreen><\/iframe><\/p>\n<p><span style=\"font-size: 8pt\">La canci\u00f3n de los animales carn\u00edvoros, herb\u00edvoros y omn\u00edvoros, por \u00abHappy Learning\u00bb. En Youtube.<\/span><\/p>\n<p>En el siguiente v\u00eddeo, se explican los animales <strong>Vertebrados e Invertebrados<\/strong>:<\/p>\n<p><iframe loading=\"lazy\" title=\"Los animales vertebrados e invertebrados para ni\u00f1os - V\u00eddeos educativos para ni\u00f1os\" width=\"525\" height=\"295\" src=\"https:\/\/www.youtube.com\/embed\/swoNNbF23aU?feature=oembed\" frameborder=\"0\" allow=\"accelerometer; autoplay; clipboard-write; encrypted-media; gyroscope; picture-in-picture\" allowfullscreen><\/iframe><\/p>\n<p><span style=\"font-size: 8pt\">Los animales vertebrados e invertebrados, por \u00abHappy Learning\u00bb en Youtube.<\/span><\/p>\n<p>En este v\u00eddeo, se explican los <strong>puntos cardinales<\/strong>:<\/p>\n<p><iframe loading=\"lazy\" src=\"\/\/www.youtube.com\/embed\/qxwNRos9Jb8\" width=\"560\" height=\"314\"><\/iframe><\/p>\n<p><span style=\"font-size: 8pt\">Los puntos cardinales: Norte Sur Este Oeste, por \u00abSoy Alba\u00bb, compartido en Youtube.<\/span><\/p>\n<p>Os animo a ver este v\u00eddeo sobre la invenci\u00f3n del <strong>tel\u00e9fono<\/strong>:<\/p>\n<p><iframe loading=\"lazy\" src=\"\/\/www.youtube.com\/embed\/CO5o1fzjqpk\" width=\"560\" height=\"314\"><\/iframe><\/p>\n<p><span style=\"font-size: 8pt\">\u00bfC\u00f3mo se invent\u00f3 el tel\u00e9fono?, de Happy Learning, compartido en Youtube.<\/span><\/p>\n<p>&nbsp;<\/p>\n<p>Os paso un v\u00eddeo sobre las <strong>m\u00e1quinas simples y compuestas<\/strong>:<\/p>\n<p><iframe loading=\"lazy\" src=\"\/\/www.youtube.com\/embed\/Ak3M5tFro_I?t=54s\" width=\"560\" height=\"314\"><\/iframe><\/p>\n<p><span style=\"font-size: 8pt\">M\u00e1quinas simples y compuestas, de Happy Learning en Youtube.<\/span><\/p>\n<p>En esta entrada os comparto un v\u00eddeo sobre las <strong>energ\u00eda renovables y no renovables<\/strong>:<iframe loading=\"lazy\" src=\"\/\/www.youtube.com\/embed\/NAPAMIpGB-s\" width=\"560\" height=\"314\"><\/iframe><\/p>\n<p><span style=\"font-size: 8pt\">V\u00eddeo sobre la \u00abEnerg\u00eda: Tipos de energ\u00eda para ni\u00f1os renovables y no renovales\u00bb, de Smile and Learn, en Youtube.<\/span><\/p>\n<p>En esta entrada os comparto un v\u00eddeo sobre las <strong>Fuerzas<\/strong>:<\/p>\n<p><iframe loading=\"lazy\" src=\"\/\/www.youtube.com\/embed\/wh-pKrArCKs\" width=\"560\" height=\"314\"><\/iframe><\/p>\n<p><span style=\"font-size: 8pt\">V\u00eddeo sobre \u00abLas Fuerzas: Definici\u00f3n y Tipos\u00bb, de Aula chachi, en Youtube.<\/span><\/p>\n<p>&nbsp;<\/p>\n<p>En este entrada, os comparto un par de v\u00eddeos muy interesante de Happy Learning sobre <strong>La Tierra y sus movimientos<\/strong>:<\/p>\n<p><iframe loading=\"lazy\" src=\"\/\/www.youtube.com\/embed\/th79sDCAh0Q\" width=\"560\" height=\"314\"><\/iframe><\/p>\n<p><span style=\"font-size: 8pt\">V\u00eddeo de Happy Learning sobre \u00abLa Tierra y sus movimientos\u00bb, en Youtube.<\/span><\/p>\n<p>&nbsp;<\/p>\n<p><iframe loading=\"lazy\" src=\"\/\/www.youtube.com\/embed\/Un1zp8NMDeA\" width=\"560\" height=\"314\"><\/iframe><\/p>\n<p><span style=\"font-size: 8pt\">V\u00eddeo sobre un experimento para explicar las estaciones del a\u00f1o de \u00abCuentitis aguda\u00bb, en Youtube.<\/span><\/p>\n<p>Aqu\u00ed os comparto un v\u00eddeo muy interesante del <strong>Sistema Solar<\/strong>.<\/p>\n<p><iframe loading=\"lazy\" src=\"\/\/www.youtube.com\/embed\/ZykXgSqet6A\" width=\"560\" height=\"314\"><\/iframe><\/p>\n<p><span style=\"font-size: 8pt\">V\u00eddeo sobre el Sistema Solar de Happy Learning, desde Youtube.<\/span><\/p>\n<p>&nbsp;<\/p>\n","protected":false},"excerpt":{"rendered":"<p>El v\u00eddeo siguiente nos habla de la utilidad que le damos a las plantas: La utilidad de las plantas para ni\u00f1os. Por Hacemos el Mundo. En Youtube. &nbsp; En el siguiente v\u00eddeo, nos hablan de las plantas cultivadas y las silvestres: Semana 18. Actividad 4. Proyecto 2. Plantas cultivadas y silvestres, por Miss Katherine. En &hellip; <\/p>\n<p class=\"link-more\"><a href=\"https:\/\/blogsaverroes.juntadeandalucia.es\/trasteandoporlaweb\/c-naturales\/\" class=\"more-link\">Continuar leyendo<span class=\"screen-reader-text\"> \u00abC. Naturales\u00bb<\/span><\/a><\/p>\n","protected":false},"author":8412,"featured_media":0,"parent":0,"menu_order":0,"comment_status":"closed","ping_status":"closed","template":"","meta":{"ngg_post_thumbnail":0,"footnotes":""},"aioseo_notices":[],"_links":{"self":[{"href":"https:\/\/blogsaverroes.juntadeandalucia.es\/trasteandoporlaweb\/wp-json\/wp\/v2\/pages\/75"}],"collection":[{"href":"https:\/\/blogsaverroes.juntadeandalucia.es\/trasteandoporlaweb\/wp-json\/wp\/v2\/pages"}],"about":[{"href":"https:\/\/blogsaverroes.juntadeandalucia.es\/trasteandoporlaweb\/wp-json\/wp\/v2\/types\/page"}],"author":[{"embeddable":true,"href":"https:\/\/blogsaverroes.juntadeandalucia.es\/trasteandoporlaweb\/wp-json\/wp\/v2\/users\/8412"}],"replies":[{"embeddable":true,"href":"https:\/\/blogsaverroes.juntadeandalucia.es\/trasteandoporlaweb\/wp-json\/wp\/v2\/comments?post=75"}],"version-history":[{"count":18,"href":"https:\/\/blogsaverroes.juntadeandalucia.es\/trasteandoporlaweb\/wp-json\/wp\/v2\/pages\/75\/revisions"}],"predecessor-version":[{"id":298,"href":"https:\/\/blogsaverroes.juntadeandalucia.es\/trasteandoporlaweb\/wp-json\/wp\/v2\/pages\/75\/revisions\/298"}],"wp:attachment":[{"href":"https:\/\/blogsaverroes.juntadeandalucia.es\/trasteandoporlaweb\/wp-json\/wp\/v2\/media?parent=75"}],"curies":[{"name":"wp","href":"https:\/\/api.w.org\/{rel}","templated":true}]}}