{"id":10922,"date":"2020-04-16T12:03:20","date_gmt":"2020-04-16T11:03:20","guid":{"rendered":"https:\/\/blogsaverroes.juntadeandalucia.es\/trovador\/?page_id=10922"},"modified":"2025-03-13T12:31:44","modified_gmt":"2025-03-13T11:31:44","slug":"plan-de-centro","status":"publish","type":"page","link":"https:\/\/blogsaverroes.juntadeandalucia.es\/trovador\/plan-de-centro\/","title":{"rendered":"PLAN DE CENTRO"},"content":{"rendered":"<p>&nbsp;<\/p>\n<h2><span style=\"color: #008000\">PLAN DE CENTRO&nbsp;<\/span><span style=\"color: #008000\">CEIP EL TROVADOR<\/span>&nbsp;<\/h2>\n<p>&nbsp;<\/p>\n<ol>\n<li>\n<h3><a href=\"https:\/\/drive.google.com\/open?id=15Abl6qsWfZmHMJCB1PEXEidDk9AcpKkz&amp;authuser=mfleber273%40g.educaand.es&amp;usp=drive_fs\"><span style=\"color: #000080\">Inicio e \u00edndice de PLAN DE CENTRO<\/span><\/a><\/h3>\n<\/li>\n<li>\n<h3><a href=\"https:\/\/drive.google.com\/open?id=1AO_CCJ8K_Zx6T-2rzdX8v4mkujoHORLi&amp;authuser=mfleber273%40g.educaand.es&amp;usp=drive_fs\"><span style=\"color: #000080\">Proyecto educativo<\/span><\/a><\/h3>\n<ul>\n<li>\n<h3><a href=\"https:\/\/drive.google.com\/open?id=13GjQEBWF0PvQaJmSp6JAa1uAG2DtPOhd&amp;usp=drive_fs\"><span style=\"color: #000080\">Plan de atenci\u00f3n a la diversidad<\/span><\/a><\/h3>\n<\/li>\n<li>\n<h3><a href=\"https:\/\/drive.google.com\/open?id=1slutUMsoGBkettbZDdSaMVwZvcxHCA68&amp;authuser=mfleber273%40g.educaand.es&amp;usp=drive_fs\"><span style=\"color: #000080\">Programa de refuerzo<\/span><\/a><\/h3>\n<\/li>\n<li>\n<h3><a href=\"https:\/\/drive.google.com\/open?id=1iEj1w0DFjHwByion7LMX6maxDjypI3ef&amp;authuser=equipo%40ceipeltrovador.com&amp;usp=drive_fs\"><span style=\"color: #000080\">Plan de orientaci\u00f3n y acci\u00f3n tutorial<\/span><\/a><\/h3>\n<\/li>\n<li>\n<h3><a href=\"https:\/\/drive.google.com\/open?id=14B9h8TfYXcCdut43psMifDruvP4JkTzm&amp;authuser=mfleber273%40g.educaand.es&amp;usp=drive_fs\"><span style=\"color: #000080\">Plan de convivencia<\/span><\/a><\/h3>\n<\/li>\n<li>\n<h3><a href=\"https:\/\/drive.google.com\/open?id=1adIWMHVF_xi_SGnXEXmNoeujLyhpkVU9&amp;authuser=mfleber273%40g.educaand.es&amp;usp=drive_fs\"><span style=\"color: #000080\">Programa de tr\u00e1nsito<\/span><\/a><\/h3>\n<\/li>\n<\/ul>\n<\/li>\n<li>\n<h3><a href=\"https:\/\/drive.google.com\/open?id=13Bkjtyfvp3V3RpchDqk8PHXJi9rRlXk5&amp;usp=drive_fs\"><span style=\"color: #000080\">ROF<\/span><\/a><\/h3>\n<\/li>\n<li>\n<h3><a href=\"https:\/\/drive.google.com\/file\/d\/1fcD2iPfRbQzhxzZsL3_C625onpasVCay\/view?usp=drive_link\"><span style=\"color: #000080\"><span style=\"color: #000080\">Proyecto de gesti\u00f3n<\/span><\/span><\/a><\/h3>\n<\/li>\n<\/ol>\n<p>&nbsp;<\/p>\n<p>&nbsp;<\/p>\n","protected":false},"excerpt":{"rendered":"<p>&nbsp; PLAN DE CENTRO&nbsp;CEIP EL TROVADOR&nbsp; &nbsp; Inicio e \u00edndice de PLAN DE CENTRO Proyecto educativo Plan de atenci\u00f3n a la diversidad Programa de refuerzo Plan de orientaci\u00f3n y acci\u00f3n tutorial Plan de convivencia&#46;&#46;&#46;<\/p>\n","protected":false},"author":2245,"featured_media":0,"parent":0,"menu_order":0,"comment_status":"closed","ping_status":"closed","template":"","meta":{"ngg_post_thumbnail":0,"footnotes":"","_mc_calendar":[]},"aioseo_notices":[],"_links":{"self":[{"href":"https:\/\/blogsaverroes.juntadeandalucia.es\/trovador\/wp-json\/wp\/v2\/pages\/10922"}],"collection":[{"href":"https:\/\/blogsaverroes.juntadeandalucia.es\/trovador\/wp-json\/wp\/v2\/pages"}],"about":[{"href":"https:\/\/blogsaverroes.juntadeandalucia.es\/trovador\/wp-json\/wp\/v2\/types\/page"}],"author":[{"embeddable":true,"href":"https:\/\/blogsaverroes.juntadeandalucia.es\/trovador\/wp-json\/wp\/v2\/users\/2245"}],"replies":[{"embeddable":true,"href":"https:\/\/blogsaverroes.juntadeandalucia.es\/trovador\/wp-json\/wp\/v2\/comments?post=10922"}],"version-history":[{"count":62,"href":"https:\/\/blogsaverroes.juntadeandalucia.es\/trovador\/wp-json\/wp\/v2\/pages\/10922\/revisions"}],"predecessor-version":[{"id":13719,"href":"https:\/\/blogsaverroes.juntadeandalucia.es\/trovador\/wp-json\/wp\/v2\/pages\/10922\/revisions\/13719"}],"wp:attachment":[{"href":"https:\/\/blogsaverroes.juntadeandalucia.es\/trovador\/wp-json\/wp\/v2\/media?parent=10922"}],"curies":[{"name":"wp","href":"https:\/\/api.w.org\/{rel}","templated":true}]}}