{"id":11966,"date":"2020-12-23T13:44:44","date_gmt":"2020-12-23T12:44:44","guid":{"rendered":"https:\/\/blogsaverroes.juntadeandalucia.es\/trovador\/?page_id=11966"},"modified":"2025-06-30T11:08:22","modified_gmt":"2025-06-30T10:08:22","slug":"proyecto-de-coeducacion","status":"publish","type":"page","link":"https:\/\/blogsaverroes.juntadeandalucia.es\/trovador\/proyecto-de-coeducacion\/","title":{"rendered":"Plan de Igualdad de G\u00e9nero y Prevenci\u00f3n de la Violencia de G\u00e9nero"},"content":{"rendered":"<p><a href=\"https:\/\/drive.google.com\/file\/d\/1mtjM8EnopmXoWFKDaV3HXNTnNgY-KHVc\/view?usp=drive_link\">2024-2025 Memoria Programa Pacto contra la violencia de G\u00e9nero&nbsp; CEIP EL TROVADOR<\/a><\/p>\n<p>&nbsp;<\/p>\n<p><a href=\"https:\/\/blogsaverroes.juntadeandalucia.es\/trovador\/files\/2024\/06\/PROYECTO-PACTO-DE-ESTADO-23_24.pdf\">2023-2024 Memoria Programa Pacto contra la violencia de G\u00e9nero CEIP EL TROVADOR<\/a><\/p>\n<p><a href=\"https:\/\/drive.google.com\/file\/d\/1AmBlLpvfihX-ne7EcfMl65kh0QXyg5E_\/view?usp=drive_link\">2022-2023 Memoria Programa Pacto contra la violencia de G\u00e9nero CEIP EL TROVADOR<\/a><\/p>\n<p><a href=\"https:\/\/drive.google.com\/file\/d\/1AnbiYpSLcEQ_5xWwUfjcddL2v4qpRo6T\/view?usp=drive_link\">2022-2023 Plan de Igualdad de G\u00e9nero en la Educaci\u00f3n<\/a><\/p>\n<p>&nbsp;<\/p>\n<p><a href=\"https:\/\/docs.google.com\/document\/d\/12bth4eCTNyzQ3hfip_7c1jrJtNgd9LaB?rtpof=true&amp;authuser=equipo%40ceipeltrovador.com&amp;usp=drive_fs\">2021-2022 Memoria Programa Pacto contra la violencia de G\u00e9nero CEIP EL TROVADOR<\/a><\/p>\n<p><a href=\"https:\/\/docs.google.com\/document\/d\/1XmdgZ5TO8yjTCxeJxlEaKHyIY4p6TNSj?rtpof=true&amp;authuser=equipo%40ceipeltrovador.com&amp;usp=drive_fs\">2021-2022 Plan de Igualdad de G\u00e9nero en la Educaci\u00f3n<\/a><\/p>\n\n\t\t<style>\n\t\t\t#gallery-1 {\n\t\t\t\tmargin: auto;\n\t\t\t}\n\t\t\t#gallery-1 .gallery-item {\n\t\t\t\tfloat: left;\n\t\t\t\tmargin-top: 10px;\n\t\t\t\ttext-align: center;\n\t\t\t\twidth: 100%;\n\t\t\t}\n\t\t\t#gallery-1 img {\n\t\t\t\tborder: 2px solid #cfcfcf;\n\t\t\t}\n\t\t\t#gallery-1 .gallery-caption {\n\t\t\t\tmargin-left: 0;\n\t\t\t}\n\t\t\t\/* see gallery_shortcode() in wp-includes\/media.php *\/\n\t\t<\/style>\n\t\t<div id='gallery-1' class='gallery galleryid-11966 gallery-columns-1 gallery-size-large'><dl class='gallery-item'>\n\t\t\t<dt class='gallery-icon landscape'>\n\t\t\t\t<a href='https:\/\/blogsaverroes.juntadeandalucia.es\/trovador\/proyecto-de-coeducacion\/8m-1\/'><img loading=\"lazy\" decoding=\"async\" width=\"691\" height=\"391\" src=\"https:\/\/blogsaverroes.juntadeandalucia.es\/trovador\/files\/2022\/03\/8M-1.jpg\" class=\"attachment-large size-large\" alt=\"\" srcset=\"https:\/\/blogsaverroes.juntadeandalucia.es\/trovador\/files\/2022\/03\/8M-1.jpg 691w, https:\/\/blogsaverroes.juntadeandalucia.es\/trovador\/files\/2022\/03\/8M-1-300x170.jpg 300w\" sizes=\"(max-width: 691px) 100vw, 691px\" \/><\/a>\n\t\t\t<\/dt><\/dl><br style=\"clear: both\" \/><dl class='gallery-item'>\n\t\t\t<dt class='gallery-icon landscape'>\n\t\t\t\t<a href='https:\/\/blogsaverroes.juntadeandalucia.es\/trovador\/proyecto-de-coeducacion\/8m-2\/'><img loading=\"lazy\" decoding=\"async\" width=\"688\" height=\"391\" src=\"https:\/\/blogsaverroes.juntadeandalucia.es\/trovador\/files\/2022\/03\/8M-2.jpg\" class=\"attachment-large size-large\" alt=\"\" srcset=\"https:\/\/blogsaverroes.juntadeandalucia.es\/trovador\/files\/2022\/03\/8M-2.jpg 688w, https:\/\/blogsaverroes.juntadeandalucia.es\/trovador\/files\/2022\/03\/8M-2-300x170.jpg 300w\" sizes=\"(max-width: 688px) 100vw, 688px\" \/><\/a>\n\t\t\t<\/dt><\/dl><br style=\"clear: both\" \/><dl class='gallery-item'>\n\t\t\t<dt class='gallery-icon landscape'>\n\t\t\t\t<a href='https:\/\/blogsaverroes.juntadeandalucia.es\/trovador\/proyecto-de-coeducacion\/8m-3\/'><img loading=\"lazy\" decoding=\"async\" width=\"688\" height=\"389\" src=\"https:\/\/blogsaverroes.juntadeandalucia.es\/trovador\/files\/2022\/03\/8M-3.jpg\" class=\"attachment-large size-large\" alt=\"\" srcset=\"https:\/\/blogsaverroes.juntadeandalucia.es\/trovador\/files\/2022\/03\/8M-3.jpg 688w, https:\/\/blogsaverroes.juntadeandalucia.es\/trovador\/files\/2022\/03\/8M-3-300x170.jpg 300w\" sizes=\"(max-width: 688px) 100vw, 688px\" \/><\/a>\n\t\t\t<\/dt><\/dl><br style=\"clear: both\" \/><dl class='gallery-item'>\n\t\t\t<dt class='gallery-icon landscape'>\n\t\t\t\t<a href='https:\/\/blogsaverroes.juntadeandalucia.es\/trovador\/proyecto-de-coeducacion\/8m4\/'><img loading=\"lazy\" decoding=\"async\" width=\"687\" height=\"390\" src=\"https:\/\/blogsaverroes.juntadeandalucia.es\/trovador\/files\/2022\/03\/8M4.jpg\" class=\"attachment-large size-large\" alt=\"\" srcset=\"https:\/\/blogsaverroes.juntadeandalucia.es\/trovador\/files\/2022\/03\/8M4.jpg 687w, https:\/\/blogsaverroes.juntadeandalucia.es\/trovador\/files\/2022\/03\/8M4-300x170.jpg 300w\" sizes=\"(max-width: 687px) 100vw, 687px\" \/><\/a>\n\t\t\t<\/dt><\/dl><br style=\"clear: both\" \/><dl class='gallery-item'>\n\t\t\t<dt class='gallery-icon landscape'>\n\t\t\t\t<a href='https:\/\/blogsaverroes.juntadeandalucia.es\/trovador\/proyecto-de-coeducacion\/8m-5\/'><img loading=\"lazy\" decoding=\"async\" width=\"689\" height=\"393\" src=\"https:\/\/blogsaverroes.juntadeandalucia.es\/trovador\/files\/2022\/03\/8M-5.jpg\" class=\"attachment-large size-large\" alt=\"\" srcset=\"https:\/\/blogsaverroes.juntadeandalucia.es\/trovador\/files\/2022\/03\/8M-5.jpg 689w, https:\/\/blogsaverroes.juntadeandalucia.es\/trovador\/files\/2022\/03\/8M-5-300x171.jpg 300w\" sizes=\"(max-width: 689px) 100vw, 689px\" \/><\/a>\n\t\t\t<\/dt><\/dl><br style=\"clear: both\" \/><dl class='gallery-item'>\n\t\t\t<dt class='gallery-icon landscape'>\n\t\t\t\t<a href='https:\/\/blogsaverroes.juntadeandalucia.es\/trovador\/proyecto-de-coeducacion\/8m-6\/'><img loading=\"lazy\" decoding=\"async\" width=\"687\" height=\"391\" src=\"https:\/\/blogsaverroes.juntadeandalucia.es\/trovador\/files\/2022\/03\/8M-6.jpg\" class=\"attachment-large size-large\" alt=\"\" srcset=\"https:\/\/blogsaverroes.juntadeandalucia.es\/trovador\/files\/2022\/03\/8M-6.jpg 687w, https:\/\/blogsaverroes.juntadeandalucia.es\/trovador\/files\/2022\/03\/8M-6-300x171.jpg 300w\" sizes=\"(max-width: 687px) 100vw, 687px\" \/><\/a>\n\t\t\t<\/dt><\/dl><br style=\"clear: both\" \/><dl class='gallery-item'>\n\t\t\t<dt class='gallery-icon landscape'>\n\t\t\t\t<a href='https:\/\/blogsaverroes.juntadeandalucia.es\/trovador\/proyecto-de-coeducacion\/8m-7\/'><img loading=\"lazy\" decoding=\"async\" width=\"693\" height=\"394\" src=\"https:\/\/blogsaverroes.juntadeandalucia.es\/trovador\/files\/2022\/03\/8M-7.jpg\" class=\"attachment-large size-large\" alt=\"\" srcset=\"https:\/\/blogsaverroes.juntadeandalucia.es\/trovador\/files\/2022\/03\/8M-7.jpg 693w, https:\/\/blogsaverroes.juntadeandalucia.es\/trovador\/files\/2022\/03\/8M-7-300x171.jpg 300w\" sizes=\"(max-width: 693px) 100vw, 693px\" \/><\/a>\n\t\t\t<\/dt><\/dl><br style=\"clear: both\" \/><dl class='gallery-item'>\n\t\t\t<dt class='gallery-icon landscape'>\n\t\t\t\t<a href='https:\/\/blogsaverroes.juntadeandalucia.es\/trovador\/proyecto-de-coeducacion\/8m-8\/'><img loading=\"lazy\" decoding=\"async\" width=\"688\" height=\"392\" src=\"https:\/\/blogsaverroes.juntadeandalucia.es\/trovador\/files\/2022\/03\/8M-8.jpg\" class=\"attachment-large size-large\" alt=\"\" srcset=\"https:\/\/blogsaverroes.juntadeandalucia.es\/trovador\/files\/2022\/03\/8M-8.jpg 688w, https:\/\/blogsaverroes.juntadeandalucia.es\/trovador\/files\/2022\/03\/8M-8-300x171.jpg 300w\" sizes=\"(max-width: 688px) 100vw, 688px\" \/><\/a>\n\t\t\t<\/dt><\/dl><br style=\"clear: both\" \/><dl class='gallery-item'>\n\t\t\t<dt class='gallery-icon landscape'>\n\t\t\t\t<a href='https:\/\/blogsaverroes.juntadeandalucia.es\/trovador\/proyecto-de-coeducacion\/8m-9\/'><img loading=\"lazy\" decoding=\"async\" width=\"694\" height=\"397\" src=\"https:\/\/blogsaverroes.juntadeandalucia.es\/trovador\/files\/2022\/03\/8M-9.jpg\" class=\"attachment-large size-large\" alt=\"\" srcset=\"https:\/\/blogsaverroes.juntadeandalucia.es\/trovador\/files\/2022\/03\/8M-9.jpg 694w, https:\/\/blogsaverroes.juntadeandalucia.es\/trovador\/files\/2022\/03\/8M-9-300x172.jpg 300w\" sizes=\"(max-width: 694px) 100vw, 694px\" \/><\/a>\n\t\t\t<\/dt><\/dl><br style=\"clear: both\" \/><dl class='gallery-item'>\n\t\t\t<dt class='gallery-icon landscape'>\n\t\t\t\t<a href='https:\/\/blogsaverroes.juntadeandalucia.es\/trovador\/proyecto-de-coeducacion\/8m-10\/'><img loading=\"lazy\" decoding=\"async\" width=\"692\" height=\"395\" src=\"https:\/\/blogsaverroes.juntadeandalucia.es\/trovador\/files\/2022\/03\/8M-10.jpg\" class=\"attachment-large size-large\" alt=\"\" srcset=\"https:\/\/blogsaverroes.juntadeandalucia.es\/trovador\/files\/2022\/03\/8M-10.jpg 692w, https:\/\/blogsaverroes.juntadeandalucia.es\/trovador\/files\/2022\/03\/8M-10-300x171.jpg 300w\" sizes=\"(max-width: 692px) 100vw, 692px\" \/><\/a>\n\t\t\t<\/dt><\/dl><br style=\"clear: both\" \/><dl class='gallery-item'>\n\t\t\t<dt class='gallery-icon landscape'>\n\t\t\t\t<a href='https:\/\/blogsaverroes.juntadeandalucia.es\/trovador\/proyecto-de-coeducacion\/8m-11\/'><img loading=\"lazy\" decoding=\"async\" width=\"692\" height=\"392\" src=\"https:\/\/blogsaverroes.juntadeandalucia.es\/trovador\/files\/2022\/03\/8M-11.jpg\" class=\"attachment-large size-large\" alt=\"\" srcset=\"https:\/\/blogsaverroes.juntadeandalucia.es\/trovador\/files\/2022\/03\/8M-11.jpg 692w, https:\/\/blogsaverroes.juntadeandalucia.es\/trovador\/files\/2022\/03\/8M-11-300x170.jpg 300w\" sizes=\"(max-width: 692px) 100vw, 692px\" \/><\/a>\n\t\t\t<\/dt><\/dl><br style=\"clear: both\" \/>\n\t\t<\/div>\n\n<p>&nbsp;<\/p>\n<p><img loading=\"lazy\" decoding=\"async\" class=\"size-full wp-image-12598 aligncenter\" src=\"https:\/\/blogsaverroes.juntadeandalucia.es\/trovador\/files\/2021\/11\/pacto_de_estado.png\" alt=\"\" width=\"360\" height=\"240\" srcset=\"https:\/\/blogsaverroes.juntadeandalucia.es\/trovador\/files\/2021\/11\/pacto_de_estado.png 360w, https:\/\/blogsaverroes.juntadeandalucia.es\/trovador\/files\/2021\/11\/pacto_de_estado-300x200.png 300w\" sizes=\"(max-width: 360px) 100vw, 360px\" \/><\/p>\n<p>&nbsp;<\/p>\n<p><a href=\"https:\/\/blogsaverroes.juntadeandalucia.es\/trovador\/files\/2021\/11\/Dossier-PACTO-DE-VIOLENCIA-DE-G\u00c9NERO.pdf\">2020-2021 Memoria Programa Pacto contra la violencia de G\u00e9nero CEIP EL TROVADOR<\/a><\/p>\n<p><a href=\"https:\/\/blogsaverroes.juntadeandalucia.es\/trovador\/files\/2021\/04\/MEMORIA-PACTO-VIOLENCIA-DE-G\u00c9NERO-CEIP-EL-TROVADOR.pdf\">2019-2020 Memoria Programa Pacto contra la violencia de G\u00e9nero CEIP EL TROVADOR<\/a><\/p>\n<p><a href=\"https:\/\/blogsaverroes.juntadeandalucia.es\/trovador\/files\/2021\/11\/IMG_20210423_141405_edit_205337226853042.jpg\"><img loading=\"lazy\" decoding=\"async\" class=\"alignright size-large wp-image-12593\" src=\"https:\/\/blogsaverroes.juntadeandalucia.es\/trovador\/files\/2021\/11\/IMG_20210423_141405_edit_205337226853042-1024x705.jpg\" alt=\"\" width=\"832\" height=\"573\" srcset=\"https:\/\/blogsaverroes.juntadeandalucia.es\/trovador\/files\/2021\/11\/IMG_20210423_141405_edit_205337226853042-1024x705.jpg 1024w, https:\/\/blogsaverroes.juntadeandalucia.es\/trovador\/files\/2021\/11\/IMG_20210423_141405_edit_205337226853042-300x206.jpg 300w, https:\/\/blogsaverroes.juntadeandalucia.es\/trovador\/files\/2021\/11\/IMG_20210423_141405_edit_205337226853042-768x528.jpg 768w, https:\/\/blogsaverroes.juntadeandalucia.es\/trovador\/files\/2021\/11\/IMG_20210423_141405_edit_205337226853042-1536x1057.jpg 1536w, https:\/\/blogsaverroes.juntadeandalucia.es\/trovador\/files\/2021\/11\/IMG_20210423_141405_edit_205337226853042.jpg 1600w\" sizes=\"(max-width: 832px) 100vw, 832px\" \/><\/a><a href=\"https:\/\/blogsaverroes.juntadeandalucia.es\/trovador\/files\/2021\/11\/WhatsApp-Image-2021-03-24-at-13.55.32-3.jpeg\"><img loading=\"lazy\" decoding=\"async\" class=\"alignright size-large wp-image-12594\" src=\"https:\/\/blogsaverroes.juntadeandalucia.es\/trovador\/files\/2021\/11\/WhatsApp-Image-2021-03-24-at-13.55.32-3-1024x768.jpeg\" alt=\"\" width=\"832\" height=\"624\" srcset=\"https:\/\/blogsaverroes.juntadeandalucia.es\/trovador\/files\/2021\/11\/WhatsApp-Image-2021-03-24-at-13.55.32-3-1024x768.jpeg 1024w, https:\/\/blogsaverroes.juntadeandalucia.es\/trovador\/files\/2021\/11\/WhatsApp-Image-2021-03-24-at-13.55.32-3-300x225.jpeg 300w, https:\/\/blogsaverroes.juntadeandalucia.es\/trovador\/files\/2021\/11\/WhatsApp-Image-2021-03-24-at-13.55.32-3-768x576.jpeg 768w, https:\/\/blogsaverroes.juntadeandalucia.es\/trovador\/files\/2021\/11\/WhatsApp-Image-2021-03-24-at-13.55.32-3-1536x1152.jpeg 1536w, https:\/\/blogsaverroes.juntadeandalucia.es\/trovador\/files\/2021\/11\/WhatsApp-Image-2021-03-24-at-13.55.32-3.jpeg 1600w\" sizes=\"(max-width: 832px) 100vw, 832px\" \/><\/a><\/p>\n<p>&nbsp;<\/p>\n<p>&nbsp;<\/p>\n<p>&nbsp;<\/p>\n<p>&nbsp;<\/p>\n<p>&nbsp;<\/p>\n<p>&nbsp;<\/p>\n<p>&nbsp;<\/p>\n<p>&nbsp;<\/p>\n<p>&nbsp;<\/p>\n<p>&nbsp;<\/p>\n<p>&nbsp;<\/p>\n<p>&nbsp;<\/p>\n<p>&nbsp;<\/p>\n<p>&nbsp;<\/p>\n<p>&nbsp;<\/p>\n<p>&nbsp;<\/p>\n<p>&nbsp;<\/p>\n<p>&nbsp;<\/p>\n<p>&nbsp;<\/p>\n<p>&nbsp;<\/p>\n<p>&nbsp;<\/p>\n<p>&nbsp;<\/p>\n<p>&nbsp;<\/p>\n<p>&nbsp;<\/p>\n<p>&nbsp;<\/p>\n<p>&nbsp;<\/p>\n<p>&nbsp;<\/p>\n<p>&nbsp;<\/p>\n<p>&nbsp;<\/p>\n<p>&nbsp;<\/p>\n<p>&nbsp;<\/p>\n<p>&nbsp;<\/p>\n<p>&nbsp;<\/p>\n<p>&nbsp;<\/p>\n","protected":false},"excerpt":{"rendered":"<p>2024-2025 Memoria Programa Pacto contra la violencia de G\u00e9nero&nbsp; CEIP EL TROVADOR &nbsp; 2023-2024 Memoria Programa Pacto contra la violencia de G\u00e9nero CEIP EL TROVADOR 2022-2023 Memoria Programa Pacto contra la violencia de G\u00e9nero&#46;&#46;&#46;<\/p>\n","protected":false},"author":2245,"featured_media":0,"parent":0,"menu_order":0,"comment_status":"closed","ping_status":"closed","template":"","meta":{"ngg_post_thumbnail":0,"footnotes":"","_mc_calendar":[]},"aioseo_notices":[],"_links":{"self":[{"href":"https:\/\/blogsaverroes.juntadeandalucia.es\/trovador\/wp-json\/wp\/v2\/pages\/11966"}],"collection":[{"href":"https:\/\/blogsaverroes.juntadeandalucia.es\/trovador\/wp-json\/wp\/v2\/pages"}],"about":[{"href":"https:\/\/blogsaverroes.juntadeandalucia.es\/trovador\/wp-json\/wp\/v2\/types\/page"}],"author":[{"embeddable":true,"href":"https:\/\/blogsaverroes.juntadeandalucia.es\/trovador\/wp-json\/wp\/v2\/users\/2245"}],"replies":[{"embeddable":true,"href":"https:\/\/blogsaverroes.juntadeandalucia.es\/trovador\/wp-json\/wp\/v2\/comments?post=11966"}],"version-history":[{"count":16,"href":"https:\/\/blogsaverroes.juntadeandalucia.es\/trovador\/wp-json\/wp\/v2\/pages\/11966\/revisions"}],"predecessor-version":[{"id":12294,"href":"https:\/\/blogsaverroes.juntadeandalucia.es\/trovador\/wp-json\/wp\/v2\/pages\/11966\/revisions\/12294"}],"wp:attachment":[{"href":"https:\/\/blogsaverroes.juntadeandalucia.es\/trovador\/wp-json\/wp\/v2\/media?parent=11966"}],"curies":[{"name":"wp","href":"https:\/\/api.w.org\/{rel}","templated":true}]}}