{"id":13687,"date":"2025-02-23T09:04:53","date_gmt":"2025-02-23T08:04:53","guid":{"rendered":"https:\/\/blogsaverroes.juntadeandalucia.es\/trovador\/?page_id=13687"},"modified":"2025-02-25T17:44:25","modified_gmt":"2025-02-25T16:44:25","slug":"datos-del-centro","status":"publish","type":"page","link":"https:\/\/blogsaverroes.juntadeandalucia.es\/trovador\/datos-del-centro\/","title":{"rendered":"DATOS DEL CENTRO"},"content":{"rendered":"<h5>Nuestro centro est\u00e1 situado en la calle Cantabria s\/n en Chiclana, junto al R\u00edo Iro, cerca del Puente azul<\/h5>\n<h5>El equipo directivo est\u00e1 formado por:<\/h5>\n<ul>\n<li>\n<h5><strong>Direcci\u00f3n<\/strong> \u2013 Pilar Flethes Bernal&nbsp;<\/h5>\n<\/li>\n<li>\n<h5><strong>Jefatura de Estudios<\/strong> \u2013 Mar\u00eda Alfonso de las Heras<\/h5>\n<\/li>\n<li>\n<h5><strong>Secretar\u00eda<\/strong> \u2013 Rosa Carrasco Carrasco<\/h5>\n<\/li>\n<\/ul>\n<h5>&nbsp;<\/h5>\n<h5 style=\"text-align: left;padding-left: 80px\"><strong>Contacto<\/strong><\/h5>\n<h5 style=\"text-align: left;padding-left: 160px\"><strong>956243901<\/strong><\/h5>\n<h5 style=\"padding-left: 160px\">11002146.edu@juntadeandalucia.es<\/h5>\n<h5>&nbsp;<\/h5>\n<h4 style=\"text-align: left;padding-left: 80px\"><strong>Horario escolar<\/strong><\/h4>\n<p style=\"text-align: left;padding-left: 160px\">De lunes a viernes de 9 a 14h<\/p>\n<p style=\"text-align: left;padding-left: 160px\">Recreo de 11.30 a 12h<\/p>\n<h4 style=\"text-align: left;padding-left: 80px\"><strong>Aula matinal<\/strong><\/h4>\n<p style=\"text-align: left;padding-left: 160px\">De lunes a viernes de 7.30 a 9h<\/p>\n<h4 style=\"text-align: left;padding-left: 80px\"><strong>Comedor<\/strong><\/h4>\n<p style=\"text-align: left;padding-left: 160px\">De lunes a viernes de 14 a 16h<\/p>\n<h4 style=\"text-align: left;padding-left: 80px\"><strong>Actividades extraescolares<\/strong><\/h4>\n<p style=\"text-align: left;padding-left: 160px\">De lunes a jueves de 16 a 18<\/p>\n<p style=\"text-align: center\">&nbsp;<\/p>\n<p>Enlace a google maps<\/p>\n<p><a href=\"https:\/\/goo.gl\/maps\/yM8ZX7NVeRV71AKU8\"><img loading=\"lazy\" decoding=\"async\" class=\"alignleft wp-image-12896\" src=\"https:\/\/blogsaverroes.juntadeandalucia.es\/trovador\/files\/2022\/09\/Google-Maps-830x400-1.jpg\" alt=\"\" width=\"197\" height=\"95\" srcset=\"https:\/\/blogsaverroes.juntadeandalucia.es\/trovador\/files\/2022\/09\/Google-Maps-830x400-1.jpg 830w, https:\/\/blogsaverroes.juntadeandalucia.es\/trovador\/files\/2022\/09\/Google-Maps-830x400-1-300x145.jpg 300w, https:\/\/blogsaverroes.juntadeandalucia.es\/trovador\/files\/2022\/09\/Google-Maps-830x400-1-768x370.jpg 768w\" sizes=\"(max-width: 197px) 100vw, 197px\" \/><\/a><\/p>\n<p>&nbsp;<a href=\"https:\/\/goo.gl\/maps\/yM8ZX7NVeRV71AKU8\">C\/CANTABRIA s\/n<\/a><\/p>\n<p><a href=\"https:\/\/goo.gl\/maps\/yM8ZX7NVeRV71AKU8\">Chiclana<\/a><\/p>\n<p>&nbsp;<\/p>\n<p>&nbsp;<\/p>\n<p><strong>Adscripciones<\/strong><\/p>\n<p>Nuestro alumnado cursa ESO en el I.E.S. Pablo Ruiz Picasso&nbsp;<\/p>\n<p>&nbsp;<\/p>\n<p>&nbsp;<\/p>\n","protected":false},"excerpt":{"rendered":"<p>Nuestro centro est\u00e1 situado en la calle Cantabria s\/n en Chiclana, junto al R\u00edo Iro, cerca del Puente azul El equipo directivo est\u00e1 formado por: Direcci\u00f3n \u2013 Pilar Flethes Bernal&nbsp; Jefatura de Estudios \u2013&#46;&#46;&#46;<\/p>\n","protected":false},"author":2245,"featured_media":0,"parent":0,"menu_order":0,"comment_status":"closed","ping_status":"closed","template":"","meta":{"ngg_post_thumbnail":0,"footnotes":"","_mc_calendar":[]},"aioseo_notices":[],"_links":{"self":[{"href":"https:\/\/blogsaverroes.juntadeandalucia.es\/trovador\/wp-json\/wp\/v2\/pages\/13687"}],"collection":[{"href":"https:\/\/blogsaverroes.juntadeandalucia.es\/trovador\/wp-json\/wp\/v2\/pages"}],"about":[{"href":"https:\/\/blogsaverroes.juntadeandalucia.es\/trovador\/wp-json\/wp\/v2\/types\/page"}],"author":[{"embeddable":true,"href":"https:\/\/blogsaverroes.juntadeandalucia.es\/trovador\/wp-json\/wp\/v2\/users\/2245"}],"replies":[{"embeddable":true,"href":"https:\/\/blogsaverroes.juntadeandalucia.es\/trovador\/wp-json\/wp\/v2\/comments?post=13687"}],"version-history":[{"count":2,"href":"https:\/\/blogsaverroes.juntadeandalucia.es\/trovador\/wp-json\/wp\/v2\/pages\/13687\/revisions"}],"predecessor-version":[{"id":13696,"href":"https:\/\/blogsaverroes.juntadeandalucia.es\/trovador\/wp-json\/wp\/v2\/pages\/13687\/revisions\/13696"}],"wp:attachment":[{"href":"https:\/\/blogsaverroes.juntadeandalucia.es\/trovador\/wp-json\/wp\/v2\/media?parent=13687"}],"curies":[{"name":"wp","href":"https:\/\/api.w.org\/{rel}","templated":true}]}}