{"id":2452,"date":"2016-03-01T21:02:03","date_gmt":"2016-03-01T21:02:03","guid":{"rendered":"http:\/\/blogsaverroes.juntadeandalucia.es\/trovador\/?page_id=2452"},"modified":"2020-10-15T22:11:07","modified_gmt":"2020-10-15T21:11:07","slug":"astronomia","status":"publish","type":"page","link":"https:\/\/blogsaverroes.juntadeandalucia.es\/trovador\/recursos-profesorado\/sociales\/astronomia\/","title":{"rendered":"Astronom\u00eda"},"content":{"rendered":"<p>Recursos para saber m\u00e1s sobre&nbsp;la astronom\u00eda, la tierra y sus movimientos, la luna, el sistema solar, el universo, las constelaciones, etc<\/p>\n<table>\n<tbody>\n<tr>\n<td style=\"background-color: #0d2966;text-align: center\" colspan=\"3\">\n<h1><span style=\"color: #ffffff\">UNIVERSO<\/span><\/h1>\n<\/td>\n<\/tr>\n<tr>\n<td style=\"text-align: center\">&nbsp;<\/p>\n<p><a href=\"https:\/\/blogsaverroes.juntadeandalucia.es\/trovador\/files\/2016\/03\/Mapa-conceptual-universo.pdf\">Mapa conceptual universo&nbsp;<\/a><\/p>\n<p><a href=\"https:\/\/blogsaverroes.juntadeandalucia.es\/trovador\/files\/2016\/03\/Mapa-conceptual-universo.pdf\"><img loading=\"lazy\" decoding=\"async\" class=\"\" src=\"https:\/\/i1.wp.com\/webdelmaestro.com\/wp-content\/uploads\/2017\/09\/Esquema-mapa-conceptual-del-Universo.jpg?resize=624%2C437\" alt=\"Esquema-mapa conceptual del Universo\" width=\"198\" height=\"139\"><\/a><\/td>\n<td style=\"text-align: center\">\n<h6 class=\"yt watch-title-container\"><span id=\"eow-title\" class=\"watch-title \" dir=\"ltr\" title=\"Comparacion del Tama\u00f1o de los Planetas HD.\">Comparaci\u00f3n del Tama\u00f1o de los Planetas.<\/span><\/h6>\n<h6 class=\"yt watch-title-container\"><span id=\"eow-title\" class=\"watch-title \" dir=\"ltr\" title=\"Comparacion del Tama\u00f1o de los Planetas HD.\"> 3 minutos<\/span><\/h6>\n<h6 class=\"yt watch-title-container\">[youtube https:\/\/www.youtube.com\/watch?v=TUCSlEpARxg&amp;w=200&amp;h=113]<\/h6>\n<\/td>\n<td style=\"text-align: center\">\u00bfC\u00f3mo de grande es el universo?<\/p>\n<p>V\u00eddeo 6 minutos<\/p>\n<p>[youtube https:\/\/www.youtube.com\/watch?v=DlXKMaUnGNU&amp;w=200&amp;h=113]<\/td>\n<\/tr>\n<tr>\n<td style=\"text-align: center\">&nbsp;\u00bfQu\u00e9 pasa si lloras en el espacio? &nbsp; &nbsp;<\/p>\n<p>2 min. En ingl\u00e9s.&nbsp;<\/p>\n<p>Estaci\u00f3n espacial intenacional<\/p>\n<p>[youtube https:\/\/www.youtube.com\/watch?v=1v5gtOkyCG0&amp;w=200&amp;h=138]<\/td>\n<td style=\"text-align: center\">&nbsp;&nbsp;As\u00ed comen los astronautas en el espacio.<\/p>\n<p>13 min. En ingl\u00e9s<\/p>\n<p>Estaci\u00f3n espacial intenacional<\/p>\n<p>[youtube https:\/\/www.youtube.com\/watch?v=sAI7sCF06N0&amp;w=200&amp;h=138]<\/td>\n<td style=\"text-align: center\">&nbsp;Experimento en el espacio. Exprimir una toalla mojada.<\/p>\n<p>2 min<\/p>\n<p>Estaci\u00f3n espacial intenacional<\/p>\n<p>[youtube https:\/\/www.youtube.com\/watch?v=7Azr27QIPcw&amp;w=200&amp;h=138]<\/td>\n<\/tr>\n<tr>\n<td style=\"text-align: center\"><a href=\"https:\/\/www.youtube.com\/watch?v=6iNMgCfe-c8\">Historias de astronautas espa\u00f1oles. &nbsp;<\/a><\/p>\n<p><a href=\"https:\/\/www.youtube.com\/watch?v=6iNMgCfe-c8\">7:52 min<\/a><\/p>\n<p>[youtube https:\/\/www.youtube.com\/watch?v=6iNMgCfe-c8&amp;w=200&amp;h=113]<\/td>\n<td style=\"text-align: center\">&nbsp;Documental sobre el universo.<\/p>\n<p>V\u00eddeo de 60 min<\/p>\n<p>[youtube https:\/\/www.youtube.com\/watch?v=7L1S_fldOHw&amp;w=200&amp;h=138]<\/td>\n<td style=\"text-align: center\">Vista interactiva 360\u00ba de un paseo espacial<\/p>\n<p>[youtube https:\/\/www.youtube.com\/watch?v=W9u297hArbI&amp;w=200&amp;h=138]<\/td>\n<\/tr>\n<tr>\n<td style=\"text-align: center\">Canci\u00f3n de LAIKA.- Primera astronauta animal<\/p>\n<p>3 minutos<\/p>\n<p>&nbsp;[youtube https:\/\/www.youtube.com\/watch?v=nfXtqiRS64c&amp;w=200&amp;h=138]<\/td>\n<td style=\"text-align: center\"><a href=\"https:\/\/play.google.com\/store\/apps\/details?id=cat.qcervol.sistemasolar\">APP para m\u00f3vil sobre astronom\u00eda<\/a><\/p>\n<p><a href=\"https:\/\/play.google.com\/store\/apps\/details?id=cat.qcervol.sistemasolar\"><img loading=\"lazy\" decoding=\"async\" class=\"aligncenter wp-image-11058\" src=\"https:\/\/blogsaverroes.juntadeandalucia.es\/trovador\/files\/2020\/05\/Captura-1.jpg\" alt=\"\" width=\"193\" height=\"117\" srcset=\"https:\/\/blogsaverroes.juntadeandalucia.es\/trovador\/files\/2020\/05\/Captura-1.jpg 681w, https:\/\/blogsaverroes.juntadeandalucia.es\/trovador\/files\/2020\/05\/Captura-1-300x181.jpg 300w, https:\/\/blogsaverroes.juntadeandalucia.es\/trovador\/files\/2020\/05\/Captura-1-24x14.jpg 24w, https:\/\/blogsaverroes.juntadeandalucia.es\/trovador\/files\/2020\/05\/Captura-1-36x22.jpg 36w, https:\/\/blogsaverroes.juntadeandalucia.es\/trovador\/files\/2020\/05\/Captura-1-48x29.jpg 48w\" sizes=\"(max-width: 193px) 100vw, 193px\" \/><\/a><\/td>\n<td style=\"text-align: center\">&nbsp;<\/td>\n<\/tr>\n<\/tbody>\n<\/table>\n<table>\n<tbody>\n<tr>\n<td style=\"width: 260px;text-align: center;vertical-align: top\" colspan=\"3\">&nbsp;<\/td>\n<\/tr>\n<tr>\n<td style=\"width: 260px;background-color: #800404\" colspan=\"3\">\n<h2 style=\"text-align: center\"><span style=\"color: #ffffff\">LAS CONSTELACIONES<\/span><\/h2>\n<\/td>\n<\/tr>\n<tr>\n<td style=\"width: 260px;text-align: center;vertical-align: top\"><span style=\"color: #ffffff\"><a href=\"http:\/\/www.creciendoconmontessori.com\/2013\/07\/observador-de-constelaciones.html\">Aprende a reconocer las constelaciones. Manualidad<\/a><\/span><\/p>\n<p><span style=\"color: #ffffff\"><a href=\"http:\/\/www.creciendoconmontessori.com\/2013\/07\/observador-de-constelaciones.html\"><img loading=\"lazy\" decoding=\"async\" class=\"\" src=\"https:\/\/s-media-cache-ak0.pinimg.com\/564x\/ce\/42\/db\/ce42db55814c7355585ddb7014baf99d.jpg\" alt=\"DIY Science: Make your own constellation viewers from toilet paper tubes-has big dipper printable for Follow The Drinking Gourd: \" width=\"200\" height=\"209\"><\/a>Otras plantillas <a href=\"http:\/\/www.lejardindekiran.com\/fabriquer-un-projecteur-de-constellations-modele-a-energie-solaire\/\">aqu\u00ed<\/a><\/span><\/td>\n<td style=\"width: 260px;text-align: center;vertical-align: top\"><span style=\"color: #ffffff\"><a href=\"https:\/\/www.youtube.com\/watch\/?v=IwRIu76TY-k\">Video sobre las constelaciones y su situaci\u00f3n. 9:57 min<\/a><\/span><\/p>\n<p>&nbsp;<\/p>\n<p>[youtube https:\/\/www.youtube.com\/watch?v=IwRIu76TY-k&amp;w=200&amp;h=113]<\/td>\n<td style=\"width: 260px;text-align: center;vertical-align: top\">&nbsp;<img loading=\"lazy\" decoding=\"async\" class=\"\" src=\"https:\/\/s-media-cache-ak0.pinimg.com\/564x\/f7\/c4\/19\/f7c41917f5bef5b7108a4685fdece35c.jpg\" alt=\"Ideas para la linterna de estrellas.: \" width=\"203\" height=\"348\"><\/td>\n<\/tr>\n<tr>\n<td style=\"width: 260px;text-align: center;vertical-align: top\">&nbsp;<a href=\"https:\/\/www.youtube.com\/watch?v=pqmS8QGWQek\">Canci\u00f3n de los planetas<\/a><\/p>\n<p><a href=\"https:\/\/www.youtube.com\/watch?v=pqmS8QGWQek\">1:31 min<\/a><\/p>\n<p>[youtube https:\/\/www.youtube.com\/watch?v=pqmS8QGWQek&amp;w=200&amp;h=113]<\/td>\n<td style=\"width: 260px;text-align: center;vertical-align: top\"><a href=\"https:\/\/blogsaverroes.juntadeandalucia.es\/trovador\/files\/2016\/03\/Constelaciones-para-coser.pdf\">Cosemos lana sobre las constelaciones y aprendemos su forma<\/a><\/p>\n<p>&nbsp;<\/p>\n<p><a href=\"https:\/\/blogsaverroes.juntadeandalucia.es\/trovador\/files\/2016\/03\/Constelaciones-para-coser.pdf\"><img loading=\"lazy\" decoding=\"async\" class=\"\" src=\"https:\/\/i2.wp.com\/webdelmaestro.com\/wp-content\/uploads\/2018\/04\/Paso-2-vista-por-delante.jpg?resize=700%2C466\" alt=\"Paso 2-vista por delante\" width=\"200\" height=\"133\"><\/a><\/td>\n<td style=\"width: 260px;text-align: center;vertical-align: top\">&nbsp;<\/td>\n<\/tr>\n<\/tbody>\n<\/table>\n<table>\n<tbody>\n<tr>\n<td style=\"background-color: #ed7c26;text-align: center\" colspan=\"3\">\n<h1>EL SISTEMA SOLAR<\/h1>\n<\/td>\n<\/tr>\n<tr>\n<td style=\"text-align: center\">Sopa de letra del sistema solar<\/p>\n<p><img loading=\"lazy\" decoding=\"async\" class=\"\" src=\"https:\/\/i1.wp.com\/www.actiludis.com\/wp-content\/uploads\/2010\/09\/sopa-sistema-solar.png?resize=300%2C430&amp;ssl=1\" width=\"146\" height=\"209\"><\/p>\n<h4>Descargar pdf&nbsp;<\/h4>\n<h4><a href=\"https:\/\/blogsaverroes.juntadeandalucia.es\/trovador\/files\/2016\/03\/sopa-sistema-solar.pdf\">sopa-sistema-solar<\/a><\/h4>\n<\/td>\n<td style=\"text-align: center\">Sistema solar Animaci\u00f3n<\/p>\n<p>[youtube https:\/\/www.youtube.com\/watch?v=WZXHzdOozHI?rel=0&amp;w=200&amp;h=113]&nbsp;<\/td>\n<td style=\"text-align: center\">Los movimientos de la Tierra<\/p>\n<p>[youtube https:\/\/www.youtube.com\/watch?v=Q-faYZM8NcY?rel=0&amp;w=200&amp;h=113]<\/td>\n<\/tr>\n<tr>\n<td style=\"text-align: center\">\u00bfQu\u00e9 pasar\u00eda si el sol desapareciera?<\/p>\n<p>[youtube https:\/\/www.youtube.com\/watch?v=pNXNLMJ-LWU&amp;w=200&amp;h=113]<\/td>\n<td style=\"text-align: center\">El origen de la tierra. Primeros 30 minutos muy buenos<\/p>\n<p>[youtube https:\/\/www.youtube.com\/watch?v=_Loq6OnPWWU&amp;w=200&amp;h=138]<\/td>\n<td style=\"text-align: center\">La luna de cerca<\/p>\n<p>&nbsp;[youtube https:\/\/www.youtube.com\/watch?v=OfRAxji2h5s?rel=0&amp;w=200&amp;h=113]<\/td>\n<\/tr>\n<tr>\n<td style=\"text-align: center\">Si el sol y la tierra se atraen \u00bfPor qu\u00e9 no chocan?<\/p>\n<p>3 min<\/p>\n<p>[youtube https:\/\/www.youtube.com\/watch?v=n9LlF4plM5o&amp;w=200&amp;h=113]<\/td>\n<td style=\"text-align: center\"><a href=\"https:\/\/blogsaverroes.juntadeandalucia.es\/trovador\/files\/2019\/11\/apolo-11.pdf\">Apolo XI&nbsp;<\/a><\/p>\n<p>1\u00ba Viaje a la luna<\/p>\n<p><a href=\"https:\/\/blogsaverroes.juntadeandalucia.es\/trovador\/files\/2019\/11\/apolo-11.pdf\"><img loading=\"lazy\" decoding=\"async\" class=\"aligncenter wp-image-10444\" src=\"https:\/\/blogsaverroes.juntadeandalucia.es\/trovador\/files\/2019\/11\/apolo-11_001.png\" alt=\"\" width=\"172\" height=\"243\" srcset=\"https:\/\/blogsaverroes.juntadeandalucia.es\/trovador\/files\/2019\/11\/apolo-11_001.png 595w, https:\/\/blogsaverroes.juntadeandalucia.es\/trovador\/files\/2019\/11\/apolo-11_001-212x300.png 212w, https:\/\/blogsaverroes.juntadeandalucia.es\/trovador\/files\/2019\/11\/apolo-11_001-17x24.png 17w, https:\/\/blogsaverroes.juntadeandalucia.es\/trovador\/files\/2019\/11\/apolo-11_001-25x36.png 25w, https:\/\/blogsaverroes.juntadeandalucia.es\/trovador\/files\/2019\/11\/apolo-11_001-34x48.png 34w\" sizes=\"(max-width: 172px) 100vw, 172px\" \/><\/a><\/td>\n<td style=\"text-align: center\">Top curiosidades del sistema solar<\/p>\n<p>&nbsp;<\/p>\n<p><a href=\"https:\/\/youtu.be\/x_XhozzPoQI\">[youtube https:\/\/www.youtube.com\/watch?v=ffLjQzTLdZM&amp;w=200&amp;h=11<\/a>5<\/td>\n<\/tr>\n<tr>\n<td style=\"text-align: center\">&nbsp;<\/td>\n<td style=\"text-align: center\">La tierra y sus movimientos<\/p>\n<p><span style=\"font-family: inherit;font-size: inherit\">[youtube https:\/\/www.youtube.com\/watch?v=YJOjapfJPlk&amp;w=200&amp;h=113]<\/span><\/p>\n<p>&nbsp;<\/p>\n<p>&nbsp;<\/td>\n<td style=\"text-align: center\">&#8211;<\/td>\n<\/tr>\n<\/tbody>\n<\/table>\n","protected":false},"excerpt":{"rendered":"<p>Recursos para saber m\u00e1s sobre&nbsp;la astronom\u00eda, la tierra y sus movimientos, la luna, el sistema solar, el universo, las constelaciones, etc UNIVERSO &nbsp; Mapa conceptual universo&nbsp; Comparaci\u00f3n del Tama\u00f1o de los Planetas. 3 minutos&#46;&#46;&#46;<\/p>\n","protected":false},"author":2245,"featured_media":0,"parent":2450,"menu_order":0,"comment_status":"closed","ping_status":"closed","template":"","meta":{"ngg_post_thumbnail":0,"footnotes":"","_mc_calendar":[]},"aioseo_notices":[],"_links":{"self":[{"href":"https:\/\/blogsaverroes.juntadeandalucia.es\/trovador\/wp-json\/wp\/v2\/pages\/2452"}],"collection":[{"href":"https:\/\/blogsaverroes.juntadeandalucia.es\/trovador\/wp-json\/wp\/v2\/pages"}],"about":[{"href":"https:\/\/blogsaverroes.juntadeandalucia.es\/trovador\/wp-json\/wp\/v2\/types\/page"}],"author":[{"embeddable":true,"href":"https:\/\/blogsaverroes.juntadeandalucia.es\/trovador\/wp-json\/wp\/v2\/users\/2245"}],"replies":[{"embeddable":true,"href":"https:\/\/blogsaverroes.juntadeandalucia.es\/trovador\/wp-json\/wp\/v2\/comments?post=2452"}],"version-history":[{"count":96,"href":"https:\/\/blogsaverroes.juntadeandalucia.es\/trovador\/wp-json\/wp\/v2\/pages\/2452\/revisions"}],"predecessor-version":[{"id":11498,"href":"https:\/\/blogsaverroes.juntadeandalucia.es\/trovador\/wp-json\/wp\/v2\/pages\/2452\/revisions\/11498"}],"up":[{"embeddable":true,"href":"https:\/\/blogsaverroes.juntadeandalucia.es\/trovador\/wp-json\/wp\/v2\/pages\/2450"}],"wp:attachment":[{"href":"https:\/\/blogsaverroes.juntadeandalucia.es\/trovador\/wp-json\/wp\/v2\/media?parent=2452"}],"curies":[{"name":"wp","href":"https:\/\/api.w.org\/{rel}","templated":true}]}}