{"id":44,"date":"2015-03-13T08:42:15","date_gmt":"2015-03-13T08:42:15","guid":{"rendered":"http:\/\/blogsaverroes.juntadeandalucia.es\/pre\/ceip\/?page_id=44"},"modified":"2025-03-10T18:09:44","modified_gmt":"2025-03-10T17:09:44","slug":"planes-y-proyectos","status":"publish","type":"page","link":"https:\/\/blogsaverroes.juntadeandalucia.es\/trovador\/planes-y-proyectos\/","title":{"rendered":"Planes y Proyectos"},"content":{"rendered":"<p>Actualmente desarrollamos en nuestro centro varios Planes y Proyectos, que apoyan y trabajan aspectos no incluidos directamente en el curr\u00edculo escolar. Cada uno de ellos tiene un coordinador\/a, que se encarga de proponer actividades y sirve de enlace entre las administraciones, las empresas y el profesorado del centro.<\/p>\n<p>&nbsp;<\/p>\n<h4><em><strong>PLANES Y PROGRAMAS EN EL CEIP EL TROVADOR<\/strong><\/em><\/h4>\n<ul>\n<li><span style=\"color: #339966\"><strong>ESCUELA ESPACIO DE PAZ<\/strong><\/span><\/li>\n<\/ul>\n<div class=\"ng-tns-c892711569-87\">\n<section id=\"processing-state-6\" class=\"processing-state_container ng-tns-c892711569-87 is-gpi-avatar ng-trigger ng-trigger-processingStateShowHide ng-star-inserted is-done-processing\">\n<div id=\"processing-state-6-summary\" class=\"processing-state_details ng-trigger ng-trigger-menuExpansion ng-tns-c892711569-87 is-gpi-avatar ng-star-inserted\" aria-hidden=\"true\">&nbsp;<\/div>\n<\/section>\n<\/div>\n<div class=\"response-content ng-tns-c3696034395-86\">\n<div id=\"model-response-message-contentr_cdda43fa95c8c833\" class=\"markdown markdown-main-panel\" dir=\"ltr\">\n<p data-sourcepos=\"1:1-1:309\">Este programa romueve la cultura de paz y la convivencia en los centros educativos. Busca la participaci\u00f3n de la comunidad educativa para crear un ambiente escolar seguro y respetuoso, donde se fomenten valores como el respeto, la igualdad y la resoluci\u00f3n pac\u00edfica de conflictos.<\/p>\n<p data-sourcepos=\"1:1-1:309\">Actualmente nuestro centro se coordina con el CEIP Las Albinas y el CEIP La Barrosa para llevar a cabo actividades conjuntas pertenecientes a la red Intercentros.<\/p>\n<p data-sourcepos=\"1:1-1:309\">&nbsp;<\/p>\n<\/div>\n<\/div>\n<ul>\n<li><span style=\"color: #339966\"><strong>PROGRAMA CIMA<\/strong><\/span><\/li>\n<\/ul>\n<p>El Programa CIMA de la Junta de Andaluc\u00eda busca mejorar el aprendizaje a trav\u00e9s de la innovaci\u00f3n. En nuestro centro, lo aplicamos para fomentar h\u00e1bitos saludables en el alumnado, promoviendo la actividad f\u00edsica, la alimentaci\u00f3n equilibrada, la higiene, el bienestar emocional y la educaci\u00f3n en valores.<\/p>\n<p>Dentro de este programa tenemos varias actividades:<\/p>\n<ul style=\"list-style-type: square\">\n<li>alumnado ayudante en los recreos: el alumnado de 5\u00ba y 6\u00ba est\u00e1 pendiente por si hay ni\u00f1os y ni\u00f1as solos o alguien necesita ayuda. Tratan de mediar y avisar a los docentes si hay alg\u00fan problema. En infantil promueven los juegos para que los m\u00e1s peque\u00f1os se lo pasen genial.<\/li>\n<li>recreos activos: disponemos de un cuadrante de turnos para jugar en el campo de f\u00fatbol (de 3\u00ba a 6\u00ba), sacamos materiales para los juegos populares y abrimos el SUM con juegos de mesa.<\/li>\n<li>frut\u00f3metro: conectado con el Plan de consumo de frutas y hortalizas fomentamos los desayunos escolares saludables con frutipuntos. Cada vez que se traiga una fruta para el desayuno se apuntan 1 punto. Cada 5 puntos se les da una pegatina que deben pegar en su \u00e1lbum.<\/li>\n<li>tallerse impartidos por nuesrtra enfermera de referencia (posturales, h\u00e1bitos saludables, buena utilizaci\u00f3n de las TICs&#8230;)<\/li>\n<\/ul>\n<p>&nbsp;<\/p>\n<ul>\n<li><strong><span style=\"color: #339966\">PROGRAMA ESCOLAR DE CONSUMO DE FRUTAS Y HORATALIZAS.<\/span><\/strong><\/li>\n<\/ul>\n<div class=\"ng-tns-c892711569-48\">\n<section id=\"processing-state-2\" class=\"processing-state_container ng-tns-c892711569-48 is-gpi-avatar ng-trigger ng-trigger-processingStateShowHide ng-star-inserted is-done-processing\">\n<div id=\"processing-state-2-summary\" class=\"processing-state_details ng-trigger ng-trigger-menuExpansion ng-tns-c892711569-48 is-gpi-avatar ng-star-inserted\" aria-hidden=\"true\">&nbsp;<\/div>\n<\/section>\n<\/div>\n<div class=\"response-content ng-tns-c3696034395-47\">\n<div id=\"model-response-message-contentr_46662aad636472aa\" class=\"markdown markdown-main-panel\" dir=\"ltr\">\n<p data-sourcepos=\"1:1-1:400\">El Programa Escolar de Consumo de Frutas y Hortalizas busca promover h\u00e1bitos alimenticios saludables entre el alumnado. Para ello, distribuye gratuitamente estos alimentos. El objetivo es que los ni\u00f1os y ni\u00f1as aprendan a incorporar frutas y hortalizas y leche en su dieta diaria, mejorando su salud y bienestar.<\/p>\n<p data-sourcepos=\"1:1-1:400\">&nbsp;<\/p>\n<\/div>\n<\/div>\n<ul>\n<li><strong><span style=\"color: #339966\">PLAN DE IGUALDAD DE G\u00c9NERO Y PREVENCI\u00d3N&nbsp; DE LA&nbsp; VIOLENCIA&nbsp; DE G\u00c9NERO.<\/span><\/strong>&nbsp;<\/li>\n<\/ul>\n<div class=\"ng-tns-c892711569-59\">\n<section id=\"processing-state-3\" class=\"processing-state_container ng-tns-c892711569-59 is-gpi-avatar ng-trigger ng-trigger-processingStateShowHide ng-star-inserted is-done-processing\">\n<div id=\"processing-state-3-summary\" class=\"processing-state_details ng-trigger ng-trigger-menuExpansion ng-tns-c892711569-59 is-gpi-avatar ng-star-inserted\" aria-hidden=\"true\">&nbsp;<\/div>\n<\/section>\n<\/div>\n<div class=\"response-content ng-tns-c3696034395-58\">\n<div id=\"model-response-message-contentr_b87a16ab53155386\" class=\"markdown markdown-main-panel\" dir=\"ltr\">\n<p data-sourcepos=\"1:1-1:442\">El III Plan de Igualdad de G\u00e9nero en Educaci\u00f3n 2024\/2028 de la Junta de Andaluc\u00eda busca la igualdad real entre hombres y mujeres en la educaci\u00f3n. Se centra en integrar la perspectiva de g\u00e9nero en los centros, formar a la comunidad educativa, prevenir la violencia de g\u00e9nero, ofrecer contenidos educativos igualitarios y eliminar barreras en la orientaci\u00f3n acad\u00e9mica. El objetivo es crear un sistema educativo justo e igualitario para todos.<\/p>\n<\/div>\n<\/div>\n<p>En cuanto al Plan de Prevenci\u00f3n de la Violencia de G\u00e9nero, se trata de una campa\u00f1a financiada por el Pacto de Estado contra la Violencia de g\u00e9nero que pretende fomentar medidas y actuaciones destinadas a la prevenci\u00f3n de la violencia de g\u00e9nero entre el alumnado de los centros docentes p\u00fablicos de la comunidad aut\u00f3noma de Andaluc\u00eda.<\/p>\n<p>&nbsp;<\/p>\n<ul>\n<li><span style=\"color: #339966\"><strong>M\u00c1S DEPORTE<\/strong><\/span><\/li>\n<\/ul>\n<p>La Consejer\u00eda de Educaci\u00f3n continua, un a\u00f1o m\u00e1s, con su apuesta por el deporte en edad escolar, entendiendo \u00e9ste como un eje fundamental para el desarrollo de la Educaci\u00f3n en Valores y para la Salud.&nbsp;<br class=\"\"><br class=\"\">Va dirigido a toda la poblaci\u00f3n en edad escolar de 3\u00ba a 6\u00ba de nuestro centro y es completamente gratuita.&nbsp;<\/p>\n<p>Son los lunes y mi\u00e9rcoles de 16:00 h. a 17:00 h.<\/p>\n<p>Pide tu solicitud en secretar\u00eda o a trav\u00e9s de los docentes de EF.<\/p>\n<p>&nbsp;<\/p>\n<ul>\n<li><span style=\"color: #339966\"><strong>BIBLIOTECA<\/strong><\/span><\/li>\n<\/ul>\n<p><span style=\"font-size: 16px\">Nuestra biblioteca es grande y est\u00e1 llena de literatura infantil e interesante material de consulta.<\/span><\/p>\n<p>-Servicio de pr\u00e9stamos: El alumnado dispone de un carn\u00e9 con el que podr\u00e1 llevarse a casa cualquier libro de la biblioteca<\/p>\n<p>-Pr\u00e9stamos al aula: cada aula escoge colecciones de libros y crea una mini bibliteca de aula para la lectura en clase<\/p>\n<p>-Exixte un horario de asistencia semanal para desarrollar las actividades del plan lector<\/p>\n<p>-Espacio de representaci\u00f3n y creaci\u00f3n literaria. Se convierte as\u00ed la biblioteca en un bonito escenario<\/p>\n<p>&nbsp;<\/p>\n<ul>\n<li><strong><span style=\"color: #339966\">TRNASFORMACI\u00d3N DIGITAL EDUCATIVA<\/span><\/strong><\/li>\n<\/ul>\n<div class=\"ng-tns-c892711569-76\">\n<section id=\"processing-state-5\" class=\"processing-state_container ng-tns-c892711569-76 is-gpi-avatar ng-trigger ng-trigger-processingStateShowHide ng-star-inserted is-done-processing\">\n<div id=\"processing-state-5-summary\" class=\"processing-state_details ng-trigger ng-trigger-menuExpansion ng-tns-c892711569-76 is-gpi-avatar ng-star-inserted\" aria-hidden=\"true\">&nbsp;<\/div>\n<\/section>\n<\/div>\n<div class=\"response-content ng-tns-c3696034395-75\">\n<div id=\"model-response-message-contentr_c8811586e1125e03\" class=\"markdown markdown-main-panel\" dir=\"ltr\">\n<p data-sourcepos=\"1:1-1:353\">El Plan de Transformaci\u00f3n Digital Educativa busca integrar las tecnolog\u00edas en la educaci\u00f3n andaluza. Se centra en mejorar las habilidades digitales de alumnos y profesores, usar herramientas digitales en clase, innovar en la ense\u00f1anza y crear recursos digitales. El objetivo es preparar a los estudiantes para el futuro y mejorar la calidad educativa.<\/p>\n<p data-sourcepos=\"1:1-1:353\">&nbsp;<\/p>\n<\/div>\n<\/div>\n<ul>\n<li><strong><span style=\"color: #339966\">CONRED<\/span><\/strong><\/li>\n<\/ul>\n<p>El Programa CONRED Andaluc\u00eda de la Junta de Andaluc\u00eda busca prevenir el acoso escolar y el ciberacoso. Para ello, informa y sensibiliza a la comunidad educativa, proporciona herramientas para identificar y prevenir situaciones de riesgo, forma al profesorado y fomenta la colaboraci\u00f3n con las familias. El objetivo es crear un entorno escolar seguro donde todos los alumnos se sientan respetados y protegidos.<\/p>\n<p>Est\u00e1 destinado al alumnado del tercer ciclo de la Educaci\u00f3n Primaria.<\/p>\n<p>&nbsp;<\/p>\n<ul>\n<li><strong><span style=\"color: #339966\">BIENESTAR Y PROTECCI\u00d3N DE LA INFANCIA.<\/span><\/strong><\/li>\n<\/ul>\n<div class=\"ng-tns-c892711569-19\">\n<section id=\"processing-state-0\" class=\"processing-state_container ng-tns-c892711569-19 is-gpi-avatar ng-trigger ng-trigger-processingStateShowHide ng-star-inserted is-done-processing\">\n<div id=\"processing-state-0-summary\" class=\"processing-state_details ng-trigger ng-trigger-menuExpansion ng-tns-c892711569-19 is-gpi-avatar ng-star-inserted\" aria-hidden=\"true\">&nbsp;<\/div>\n<\/section>\n<\/div>\n<div class=\"response-content ng-tns-c3696034395-17\">\n<div id=\"model-response-message-contentr_574ce4da03c8d3e2\" class=\"markdown markdown-main-panel\" dir=\"ltr\">\n<p data-sourcepos=\"1:1-1:418\">El Programa de Bienestar Emocional de la Junta de Andaluc\u00eda busca crear un entorno escolar positivo y seguro para el alumnado, familias y profesorado. Se centra en la prevenci\u00f3n, detecci\u00f3n y apoyo en problemas de salud mental, a trav\u00e9s de formaci\u00f3n, sensibilizaci\u00f3n y recursos para gestionar las emociones. El objetivo es promover el desarrollo integral de los alumnos y un clima escolar favorable para el aprendizaje.<\/p>\n<\/div>\n<\/div>\n","protected":false},"excerpt":{"rendered":"<p>Actualmente desarrollamos en nuestro centro varios Planes y Proyectos, que apoyan y trabajan aspectos no incluidos directamente en el curr\u00edculo escolar. Cada uno de ellos tiene un coordinador\/a, que se encarga de proponer actividades&#46;&#46;&#46;<\/p>\n","protected":false},"author":1,"featured_media":0,"parent":0,"menu_order":4,"comment_status":"closed","ping_status":"closed","template":"","meta":{"ngg_post_thumbnail":0,"footnotes":"","_mc_calendar":[]},"aioseo_notices":[],"_links":{"self":[{"href":"https:\/\/blogsaverroes.juntadeandalucia.es\/trovador\/wp-json\/wp\/v2\/pages\/44"}],"collection":[{"href":"https:\/\/blogsaverroes.juntadeandalucia.es\/trovador\/wp-json\/wp\/v2\/pages"}],"about":[{"href":"https:\/\/blogsaverroes.juntadeandalucia.es\/trovador\/wp-json\/wp\/v2\/types\/page"}],"author":[{"embeddable":true,"href":"https:\/\/blogsaverroes.juntadeandalucia.es\/trovador\/wp-json\/wp\/v2\/users\/1"}],"replies":[{"embeddable":true,"href":"https:\/\/blogsaverroes.juntadeandalucia.es\/trovador\/wp-json\/wp\/v2\/comments?post=44"}],"version-history":[{"count":25,"href":"https:\/\/blogsaverroes.juntadeandalucia.es\/trovador\/wp-json\/wp\/v2\/pages\/44\/revisions"}],"predecessor-version":[{"id":13711,"href":"https:\/\/blogsaverroes.juntadeandalucia.es\/trovador\/wp-json\/wp\/v2\/pages\/44\/revisions\/13711"}],"wp:attachment":[{"href":"https:\/\/blogsaverroes.juntadeandalucia.es\/trovador\/wp-json\/wp\/v2\/media?parent=44"}],"curies":[{"name":"wp","href":"https:\/\/api.w.org\/{rel}","templated":true}]}}