{"id":6120,"date":"2017-05-28T10:35:48","date_gmt":"2017-05-28T08:35:48","guid":{"rendered":"http:\/\/blogsaverroes.juntadeandalucia.es\/trovador\/?page_id=6120"},"modified":"2017-11-07T08:48:32","modified_gmt":"2017-11-07T06:48:32","slug":"ampa-2","status":"publish","type":"page","link":"https:\/\/blogsaverroes.juntadeandalucia.es\/trovador\/ampa-2\/","title":{"rendered":"AMPA"},"content":{"rendered":"<p><a href=\"https:\/\/blogsaverroes.juntadeandalucia.es\/trovador\/files\/2017\/05\/logoAMPA.jpg\"><img loading=\"lazy\" decoding=\"async\" class=\"aligncenter size-full wp-image-6121\" src=\"https:\/\/blogsaverroes.juntadeandalucia.es\/trovador\/files\/2017\/05\/logoAMPA.jpg\" alt=\"\" width=\"600\" height=\"424\" srcset=\"https:\/\/blogsaverroes.juntadeandalucia.es\/trovador\/files\/2017\/05\/logoAMPA.jpg 600w, https:\/\/blogsaverroes.juntadeandalucia.es\/trovador\/files\/2017\/05\/logoAMPA-300x212.jpg 300w, https:\/\/blogsaverroes.juntadeandalucia.es\/trovador\/files\/2017\/05\/logoAMPA-24x17.jpg 24w, https:\/\/blogsaverroes.juntadeandalucia.es\/trovador\/files\/2017\/05\/logoAMPA-36x25.jpg 36w, https:\/\/blogsaverroes.juntadeandalucia.es\/trovador\/files\/2017\/05\/logoAMPA-48x34.jpg 48w\" sizes=\"(max-width: 600px) 100vw, 600px\" \/><\/a><\/p>\n<p>&nbsp;<\/p>\n<h2 style=\"text-align: center\"><strong><span style=\"color: #008000\">ART\u00cdCULOS EN VENTA&nbsp;<\/span><\/strong><\/h2>\n<p>&nbsp;<\/p>\n<ol>\n<li>CAMISETA OFICIAL&nbsp;<\/li>\n<li>SUDADERA OFICIAL (bajo petici\u00f3n)<\/li>\n<li>BOL\u00cdGRAFO SERIGRAFIADO<\/li>\n<li>AGENDA ESCOLAR (bajo petici\u00f3n)<\/li>\n<\/ol>\n<p>&nbsp;<\/p>\n<h1 style=\"text-align: center\"><strong>\u00a1\u00a1\u00a1\u00a1 NUEVA AGENDA ESCOLAR !!!!<\/strong><\/h1>\n<p style=\"text-align: center\">RESERVA YA TU NUEVA AGENDA ESCOLAR PERSONALIZADA<\/p>\n<h3 style=\"text-align: center\"><span style=\"color: #800080\"><strong>SOCIOS: 2.50\u20ac<\/strong><\/span><\/h3>\n<h3 style=\"text-align: center\"><span style=\"color: #800080\"><strong>NO SOCIOS: 3\u20ac<\/strong><\/span><\/h3>\n<table style=\"height: 117px;border-color: #faf7f7;background-color: #fafafa;width: 765px\">\n<tbody>\n<tr>\n<td style=\"width: 361.5px\"><a href=\"https:\/\/blogsaverroes.juntadeandalucia.es\/trovador\/files\/2017\/05\/IMG_20170526_134449-e1495960371722.jpg\"><img loading=\"lazy\" decoding=\"async\" class=\"size-medium wp-image-6125 aligncenter\" src=\"https:\/\/blogsaverroes.juntadeandalucia.es\/trovador\/files\/2017\/05\/IMG_20170526_134449-e1495960371722-300x225.jpg\" alt=\"\" width=\"300\" height=\"225\" srcset=\"https:\/\/blogsaverroes.juntadeandalucia.es\/trovador\/files\/2017\/05\/IMG_20170526_134449-e1495960371722-300x225.jpg 300w, https:\/\/blogsaverroes.juntadeandalucia.es\/trovador\/files\/2017\/05\/IMG_20170526_134449-e1495960371722-768x576.jpg 768w, https:\/\/blogsaverroes.juntadeandalucia.es\/trovador\/files\/2017\/05\/IMG_20170526_134449-e1495960371722-1024x768.jpg 1024w, https:\/\/blogsaverroes.juntadeandalucia.es\/trovador\/files\/2017\/05\/IMG_20170526_134449-e1495960371722-24x18.jpg 24w, https:\/\/blogsaverroes.juntadeandalucia.es\/trovador\/files\/2017\/05\/IMG_20170526_134449-e1495960371722-36x27.jpg 36w, https:\/\/blogsaverroes.juntadeandalucia.es\/trovador\/files\/2017\/05\/IMG_20170526_134449-e1495960371722-48x36.jpg 48w, https:\/\/blogsaverroes.juntadeandalucia.es\/trovador\/files\/2017\/05\/IMG_20170526_134449-e1495960371722.jpg 1600w\" sizes=\"(max-width: 300px) 100vw, 300px\" \/><\/a><\/td>\n<td style=\"width: 361.5px\"><img loading=\"lazy\" decoding=\"async\" class=\"size-medium wp-image-6126 aligncenter\" src=\"https:\/\/blogsaverroes.juntadeandalucia.es\/trovador\/files\/2017\/05\/IMG_20170526_134454-300x225.jpg\" alt=\"\" width=\"300\" height=\"225\" srcset=\"https:\/\/blogsaverroes.juntadeandalucia.es\/trovador\/files\/2017\/05\/IMG_20170526_134454-300x225.jpg 300w, https:\/\/blogsaverroes.juntadeandalucia.es\/trovador\/files\/2017\/05\/IMG_20170526_134454-768x576.jpg 768w, https:\/\/blogsaverroes.juntadeandalucia.es\/trovador\/files\/2017\/05\/IMG_20170526_134454-1024x768.jpg 1024w, https:\/\/blogsaverroes.juntadeandalucia.es\/trovador\/files\/2017\/05\/IMG_20170526_134454-24x18.jpg 24w, https:\/\/blogsaverroes.juntadeandalucia.es\/trovador\/files\/2017\/05\/IMG_20170526_134454-36x27.jpg 36w, https:\/\/blogsaverroes.juntadeandalucia.es\/trovador\/files\/2017\/05\/IMG_20170526_134454-48x36.jpg 48w, https:\/\/blogsaverroes.juntadeandalucia.es\/trovador\/files\/2017\/05\/IMG_20170526_134454.jpg 1600w\" sizes=\"(max-width: 300px) 100vw, 300px\" \/><\/td>\n<\/tr>\n<tr>\n<td style=\"width: 361.5px\"><a href=\"https:\/\/blogsaverroes.juntadeandalucia.es\/trovador\/files\/2017\/05\/IMG_20170526_134108.jpg\"><img loading=\"lazy\" decoding=\"async\" class=\"size-medium wp-image-6123 aligncenter\" src=\"https:\/\/blogsaverroes.juntadeandalucia.es\/trovador\/files\/2017\/05\/IMG_20170526_134108-225x300.jpg\" alt=\"\" width=\"225\" height=\"300\" srcset=\"https:\/\/blogsaverroes.juntadeandalucia.es\/trovador\/files\/2017\/05\/IMG_20170526_134108-225x300.jpg 225w, https:\/\/blogsaverroes.juntadeandalucia.es\/trovador\/files\/2017\/05\/IMG_20170526_134108-768x1024.jpg 768w, https:\/\/blogsaverroes.juntadeandalucia.es\/trovador\/files\/2017\/05\/IMG_20170526_134108-18x24.jpg 18w, https:\/\/blogsaverroes.juntadeandalucia.es\/trovador\/files\/2017\/05\/IMG_20170526_134108-27x36.jpg 27w, https:\/\/blogsaverroes.juntadeandalucia.es\/trovador\/files\/2017\/05\/IMG_20170526_134108-36x48.jpg 36w, https:\/\/blogsaverroes.juntadeandalucia.es\/trovador\/files\/2017\/05\/IMG_20170526_134108.jpg 1200w\" sizes=\"(max-width: 225px) 100vw, 225px\" \/><\/a><\/td>\n<td style=\"width: 361.5px\"><a href=\"https:\/\/blogsaverroes.juntadeandalucia.es\/trovador\/files\/2017\/05\/IMG_20170526_134100.jpg\"><img loading=\"lazy\" decoding=\"async\" class=\"size-medium wp-image-6122 aligncenter\" src=\"https:\/\/blogsaverroes.juntadeandalucia.es\/trovador\/files\/2017\/05\/IMG_20170526_134100-300x225.jpg\" alt=\"\" width=\"300\" height=\"225\" srcset=\"https:\/\/blogsaverroes.juntadeandalucia.es\/trovador\/files\/2017\/05\/IMG_20170526_134100-300x225.jpg 300w, https:\/\/blogsaverroes.juntadeandalucia.es\/trovador\/files\/2017\/05\/IMG_20170526_134100-768x576.jpg 768w, https:\/\/blogsaverroes.juntadeandalucia.es\/trovador\/files\/2017\/05\/IMG_20170526_134100-1024x768.jpg 1024w, https:\/\/blogsaverroes.juntadeandalucia.es\/trovador\/files\/2017\/05\/IMG_20170526_134100-24x18.jpg 24w, https:\/\/blogsaverroes.juntadeandalucia.es\/trovador\/files\/2017\/05\/IMG_20170526_134100-36x27.jpg 36w, https:\/\/blogsaverroes.juntadeandalucia.es\/trovador\/files\/2017\/05\/IMG_20170526_134100-48x36.jpg 48w, https:\/\/blogsaverroes.juntadeandalucia.es\/trovador\/files\/2017\/05\/IMG_20170526_134100.jpg 1600w\" sizes=\"(max-width: 300px) 100vw, 300px\" \/><\/a><\/td>\n<\/tr>\n<tr>\n<td style=\"width: 361.5px;text-align: center\"><a href=\"https:\/\/blogsaverroes.juntadeandalucia.es\/trovador\/files\/2017\/05\/IMG_20170526_134522.jpg\"><img loading=\"lazy\" decoding=\"async\" class=\"size-medium wp-image-6128\" src=\"https:\/\/blogsaverroes.juntadeandalucia.es\/trovador\/files\/2017\/05\/IMG_20170526_134522-300x225.jpg\" alt=\"\" width=\"300\" height=\"225\" srcset=\"https:\/\/blogsaverroes.juntadeandalucia.es\/trovador\/files\/2017\/05\/IMG_20170526_134522-300x225.jpg 300w, https:\/\/blogsaverroes.juntadeandalucia.es\/trovador\/files\/2017\/05\/IMG_20170526_134522-768x576.jpg 768w, https:\/\/blogsaverroes.juntadeandalucia.es\/trovador\/files\/2017\/05\/IMG_20170526_134522-1024x768.jpg 1024w, https:\/\/blogsaverroes.juntadeandalucia.es\/trovador\/files\/2017\/05\/IMG_20170526_134522-24x18.jpg 24w, https:\/\/blogsaverroes.juntadeandalucia.es\/trovador\/files\/2017\/05\/IMG_20170526_134522-36x27.jpg 36w, https:\/\/blogsaverroes.juntadeandalucia.es\/trovador\/files\/2017\/05\/IMG_20170526_134522-48x36.jpg 48w, https:\/\/blogsaverroes.juntadeandalucia.es\/trovador\/files\/2017\/05\/IMG_20170526_134522.jpg 1600w\" sizes=\"(max-width: 300px) 100vw, 300px\" \/><\/a><\/td>\n<td style=\"width: 361.5px\"><a href=\"https:\/\/blogsaverroes.juntadeandalucia.es\/trovador\/files\/2017\/05\/IMG_20170526_134506.jpg\"><img loading=\"lazy\" decoding=\"async\" class=\"size-medium wp-image-6127 aligncenter\" src=\"https:\/\/blogsaverroes.juntadeandalucia.es\/trovador\/files\/2017\/05\/IMG_20170526_134506-300x225.jpg\" alt=\"\" width=\"300\" height=\"225\" srcset=\"https:\/\/blogsaverroes.juntadeandalucia.es\/trovador\/files\/2017\/05\/IMG_20170526_134506-300x225.jpg 300w, https:\/\/blogsaverroes.juntadeandalucia.es\/trovador\/files\/2017\/05\/IMG_20170526_134506-768x576.jpg 768w, https:\/\/blogsaverroes.juntadeandalucia.es\/trovador\/files\/2017\/05\/IMG_20170526_134506-1024x768.jpg 1024w, https:\/\/blogsaverroes.juntadeandalucia.es\/trovador\/files\/2017\/05\/IMG_20170526_134506-24x18.jpg 24w, https:\/\/blogsaverroes.juntadeandalucia.es\/trovador\/files\/2017\/05\/IMG_20170526_134506-36x27.jpg 36w, https:\/\/blogsaverroes.juntadeandalucia.es\/trovador\/files\/2017\/05\/IMG_20170526_134506-48x36.jpg 48w, https:\/\/blogsaverroes.juntadeandalucia.es\/trovador\/files\/2017\/05\/IMG_20170526_134506.jpg 1600w\" sizes=\"(max-width: 300px) 100vw, 300px\" \/><\/a><\/td>\n<\/tr>\n<\/tbody>\n<\/table>\n<h1>&nbsp;<\/h1>\n<h1 style=\"text-align: center\">SUDADERA OFICIAL (bajo pedido)<\/h1>\n<p>&nbsp;<\/p>\n<h3 style=\"text-align: center\">&nbsp;<span style=\"color: #800080\">Socios &nbsp; 14.50\u20ac<\/span><\/h3>\n<h3 style=\"text-align: center\"><span style=\"color: #800080\">No socios 16 \u20ac<\/span><\/h3>\n<p>&nbsp;<\/p>\n<p>&nbsp;<\/p>\n<table>\n<tbody>\n<tr>\n<td><a href=\"https:\/\/i2.wp.com\/blogsaverroes.juntadeandalucia.es\/trovador\/files\/2017\/05\/20170502_094509-e1493760106611.jpg\"><img loading=\"lazy\" decoding=\"async\" class=\"aligncenter wp-image-5973\" src=\"https:\/\/i2.wp.com\/blogsaverroes.juntadeandalucia.es\/trovador\/files\/2017\/05\/20170502_094509-e1493760106611-576x1024.jpg?resize=576%2C1024\" alt=\"\" width=\"279\" height=\"496\" srcset=\"https:\/\/blogsaverroes.juntadeandalucia.es\/trovador\/files\/2017\/05\/20170502_094509-e1493760106611-576x1024.jpg 576w, https:\/\/blogsaverroes.juntadeandalucia.es\/trovador\/files\/2017\/05\/20170502_094509-e1493760106611-169x300.jpg 169w, https:\/\/blogsaverroes.juntadeandalucia.es\/trovador\/files\/2017\/05\/20170502_094509-e1493760106611-768x1365.jpg 768w, https:\/\/blogsaverroes.juntadeandalucia.es\/trovador\/files\/2017\/05\/20170502_094509-e1493760106611-14x24.jpg 14w, https:\/\/blogsaverroes.juntadeandalucia.es\/trovador\/files\/2017\/05\/20170502_094509-e1493760106611-20x36.jpg 20w, https:\/\/blogsaverroes.juntadeandalucia.es\/trovador\/files\/2017\/05\/20170502_094509-e1493760106611-27x48.jpg 27w, https:\/\/blogsaverroes.juntadeandalucia.es\/trovador\/files\/2017\/05\/20170502_094509-e1493760106611.jpg 900w\" sizes=\"(max-width: 279px) 100vw, 279px\" \/><\/a><\/td>\n<td><a href=\"https:\/\/i2.wp.com\/blogsaverroes.juntadeandalucia.es\/trovador\/files\/2017\/05\/20170502_094525-e1493760200879.jpg\"><img loading=\"lazy\" decoding=\"async\" class=\"aligncenter wp-image-5974\" src=\"https:\/\/i0.wp.com\/blogsaverroes.juntadeandalucia.es\/trovador\/files\/2017\/05\/20170502_094525-e1493760200879-576x1024.jpg?resize=576%2C1024\" alt=\"\" width=\"274\" height=\"487\" srcset=\"https:\/\/blogsaverroes.juntadeandalucia.es\/trovador\/files\/2017\/05\/20170502_094525-e1493760200879-576x1024.jpg 576w, https:\/\/blogsaverroes.juntadeandalucia.es\/trovador\/files\/2017\/05\/20170502_094525-e1493760200879-169x300.jpg 169w, https:\/\/blogsaverroes.juntadeandalucia.es\/trovador\/files\/2017\/05\/20170502_094525-e1493760200879-768x1365.jpg 768w, https:\/\/blogsaverroes.juntadeandalucia.es\/trovador\/files\/2017\/05\/20170502_094525-e1493760200879-14x24.jpg 14w, https:\/\/blogsaverroes.juntadeandalucia.es\/trovador\/files\/2017\/05\/20170502_094525-e1493760200879-20x36.jpg 20w, https:\/\/blogsaverroes.juntadeandalucia.es\/trovador\/files\/2017\/05\/20170502_094525-e1493760200879-27x48.jpg 27w, https:\/\/blogsaverroes.juntadeandalucia.es\/trovador\/files\/2017\/05\/20170502_094525-e1493760200879.jpg 900w\" sizes=\"(max-width: 274px) 100vw, 274px\" \/><\/a><\/td>\n<\/tr>\n<\/tbody>\n<\/table>\n<p>&nbsp;<\/p>\n<p>&nbsp;<\/p>\n<h2>&nbsp;<\/h2>\n<h1 style=\"text-align: center\">BOL\u00cdGRAFOS SERIGRAFIADOS<\/h1>\n<h3 style=\"text-align: center\">&nbsp;<\/h3>\n<h3 style=\"text-align: center\">&nbsp;<span style=\"color: #800080\">Socios &nbsp; Regalo de Bienvenida<\/span><\/h3>\n<h3 style=\"text-align: center\"><span style=\"color: #800080\">No socios &nbsp; &nbsp; 1.50\u20ac<\/span><\/h3>\n<table style=\"width: 765px\">\n<tbody>\n<tr>\n<td style=\"width: 356.5px\"><a href=\"https:\/\/i2.wp.com\/blogsaverroes.juntadeandalucia.es\/trovador\/files\/2017\/05\/20161128_184238.jpg\"><img loading=\"lazy\" decoding=\"async\" class=\"aligncenter size-medium wp-image-5971\" src=\"https:\/\/i2.wp.com\/blogsaverroes.juntadeandalucia.es\/trovador\/files\/2017\/05\/20161128_184238.jpg?resize=300%2C169\" alt=\"\" width=\"169\" height=\"300\"><\/a><\/td>\n<td style=\"width: 366.5px\"><a href=\"https:\/\/i1.wp.com\/blogsaverroes.juntadeandalucia.es\/trovador\/files\/2017\/05\/20161128_184249-e1493759971197.jpg\"><img loading=\"lazy\" decoding=\"async\" class=\"aligncenter wp-image-5972\" src=\"https:\/\/i0.wp.com\/blogsaverroes.juntadeandalucia.es\/trovador\/files\/2017\/05\/20161128_184249-e1493759971197-300x169.jpg?resize=300%2C169\" alt=\"\" width=\"279\" height=\"157\" srcset=\"https:\/\/blogsaverroes.juntadeandalucia.es\/trovador\/files\/2017\/05\/20161128_184249-e1493759971197-300x169.jpg 300w, https:\/\/blogsaverroes.juntadeandalucia.es\/trovador\/files\/2017\/05\/20161128_184249-e1493759971197-768x432.jpg 768w, https:\/\/blogsaverroes.juntadeandalucia.es\/trovador\/files\/2017\/05\/20161128_184249-e1493759971197-1024x576.jpg 1024w, https:\/\/blogsaverroes.juntadeandalucia.es\/trovador\/files\/2017\/05\/20161128_184249-e1493759971197-24x14.jpg 24w, https:\/\/blogsaverroes.juntadeandalucia.es\/trovador\/files\/2017\/05\/20161128_184249-e1493759971197-36x20.jpg 36w, https:\/\/blogsaverroes.juntadeandalucia.es\/trovador\/files\/2017\/05\/20161128_184249-e1493759971197-48x27.jpg 48w, https:\/\/blogsaverroes.juntadeandalucia.es\/trovador\/files\/2017\/05\/20161128_184249-e1493759971197.jpg 1600w\" sizes=\"(max-width: 279px) 100vw, 279px\" \/><\/a><\/td>\n<\/tr>\n<\/tbody>\n<\/table>\n<h1 style=\"text-align: center\"><a href=\"https:\/\/blogsaverroes.juntadeandalucia.es\/trovador\/files\/2017\/05\/20161128_184249.jpg\"><br \/>\n<\/a>&nbsp;<\/h1>\n<p>&nbsp;<\/p>\n<p>&nbsp;<\/p>\n<h1 style=\"text-align: center\">CAMISETA DEPORTIVA OFICIAL<\/h1>\n<h3 style=\"text-align: center\">&nbsp;<\/h3>\n<h3 style=\"text-align: center\"><span style=\"color: #800080\">Socios &nbsp; 5.50\u20ac<\/span><\/h3>\n<h3 style=\"text-align: center\"><span style=\"color: #800080\">No socios 7&nbsp;\u20ac<\/span><\/h3>\n<p>&nbsp;<\/p>\n<p><a href=\"https:\/\/i1.wp.com\/blogsaverroes.juntadeandalucia.es\/trovador\/files\/2016\/10\/IMG_0001.jpg\"><img loading=\"lazy\" decoding=\"async\" class=\"aligncenter size-medium wp-image-4594\" src=\"https:\/\/i1.wp.com\/blogsaverroes.juntadeandalucia.es\/trovador\/files\/2016\/10\/IMG_0001.jpg?resize=300%2C224\" alt=\"\" width=\"300\" height=\"224\" srcset=\"https:\/\/blogsaverroes.juntadeandalucia.es\/trovador\/files\/2016\/10\/IMG_0001.jpg 1600w, https:\/\/blogsaverroes.juntadeandalucia.es\/trovador\/files\/2016\/10\/IMG_0001-300x224.jpg 300w, https:\/\/blogsaverroes.juntadeandalucia.es\/trovador\/files\/2016\/10\/IMG_0001-1024x765.jpg 1024w\" sizes=\"(max-width: 300px) 100vw, 300px\" \/><\/a><\/p>\n<p>&nbsp;<\/p>\n<p>&nbsp;<\/p>\n","protected":false},"excerpt":{"rendered":"<p>&nbsp; ART\u00cdCULOS EN VENTA&nbsp; &nbsp; CAMISETA OFICIAL&nbsp; SUDADERA OFICIAL (bajo petici\u00f3n) BOL\u00cdGRAFO SERIGRAFIADO AGENDA ESCOLAR (bajo petici\u00f3n) &nbsp; \u00a1\u00a1\u00a1\u00a1 NUEVA AGENDA ESCOLAR !!!! RESERVA YA TU NUEVA AGENDA ESCOLAR PERSONALIZADA SOCIOS: 2.50\u20ac NO SOCIOS:&#46;&#46;&#46;<\/p>\n","protected":false},"author":2245,"featured_media":0,"parent":0,"menu_order":0,"comment_status":"closed","ping_status":"closed","template":"","meta":{"ngg_post_thumbnail":0,"footnotes":"","_mc_calendar":[]},"aioseo_notices":[],"_links":{"self":[{"href":"https:\/\/blogsaverroes.juntadeandalucia.es\/trovador\/wp-json\/wp\/v2\/pages\/6120"}],"collection":[{"href":"https:\/\/blogsaverroes.juntadeandalucia.es\/trovador\/wp-json\/wp\/v2\/pages"}],"about":[{"href":"https:\/\/blogsaverroes.juntadeandalucia.es\/trovador\/wp-json\/wp\/v2\/types\/page"}],"author":[{"embeddable":true,"href":"https:\/\/blogsaverroes.juntadeandalucia.es\/trovador\/wp-json\/wp\/v2\/users\/2245"}],"replies":[{"embeddable":true,"href":"https:\/\/blogsaverroes.juntadeandalucia.es\/trovador\/wp-json\/wp\/v2\/comments?post=6120"}],"version-history":[{"count":8,"href":"https:\/\/blogsaverroes.juntadeandalucia.es\/trovador\/wp-json\/wp\/v2\/pages\/6120\/revisions"}],"predecessor-version":[{"id":6765,"href":"https:\/\/blogsaverroes.juntadeandalucia.es\/trovador\/wp-json\/wp\/v2\/pages\/6120\/revisions\/6765"}],"wp:attachment":[{"href":"https:\/\/blogsaverroes.juntadeandalucia.es\/trovador\/wp-json\/wp\/v2\/media?parent=6120"}],"curies":[{"name":"wp","href":"https:\/\/api.w.org\/{rel}","templated":true}]}}