{"id":85,"date":"2024-11-04T19:17:49","date_gmt":"2024-11-04T18:17:49","guid":{"rendered":"https:\/\/blogsaverroes.juntadeandalucia.es\/tydelfuerte\/?page_id=85"},"modified":"2024-11-04T20:22:43","modified_gmt":"2024-11-04T19:22:43","slug":"contacta-conmigo","status":"publish","type":"page","link":"https:\/\/blogsaverroes.juntadeandalucia.es\/tydelfuerte\/contacta-conmigo\/","title":{"rendered":"Contacta conmigo"},"content":{"rendered":"<p>Esta p\u00e1gina est\u00e1 dise\u00f1ada para ayudarte a comunicarte conmigo de manera r\u00e1pida y directa a trav\u00e9s del formulario de contacto. Aqu\u00ed les explico c\u00f3mo debes utilizarlo correctamente:<\/p>\n<ul>\n<li><strong>Rellena tus datos personales:<\/strong> Completa los campos de nombre, correo electr\u00f3nico para que pueda identificarte y responder a tu mensaje de manera adecuada.<\/li>\n<li><strong>Selecciona el asunto adecuado:<\/strong> Plantea la duda o dudas que tengas sobre\u00a0 la tarea o el tema o si tienes alg\u00fan problema t\u00e9cnica.<\/li>\n<li><strong>Escribe tu mensaje claramente:<\/strong> En el campo de texto, describe detalladamente tu pregunta, solicitud o problema. Cuanto m\u00e1s espec\u00edfico seas, m\u00e1s r\u00e1pido podr\u00e9 ayudarte. Si se trata de una tarea o actividad, recuerda incluir el t\u00edtulo o n\u00famero de la misma para que sepa exactamente a qu\u00e9 te refieres.<\/li>\n<li><strong>Revisa antes de enviar:<\/strong> Antes de presionar \u00abEnviar\u00bb, revisa que tu mensaje sea claro, que todos los campos est\u00e9n completos y que tus datos de contacto sean correctos. As\u00ed aseguras una comunicaci\u00f3n sin problemas.<\/li>\n<\/ul>\n\n<div class=\"wpcf7 no-js\" id=\"wpcf7-f84-o1\" lang=\"es-ES\" dir=\"ltr\">\n<div class=\"screen-reader-response\"><p role=\"status\" aria-live=\"polite\" aria-atomic=\"true\"><\/p> <ul><\/ul><\/div>\n<form action=\"\/tydelfuerte\/wp-json\/wp\/v2\/pages\/85#wpcf7-f84-o1\" method=\"post\" class=\"wpcf7-form init\" aria-label=\"Formulario de contacto\" novalidate=\"novalidate\" data-status=\"init\">\n<div style=\"display: none;\">\n<input type=\"hidden\" name=\"_wpcf7\" value=\"84\" \/>\n<input type=\"hidden\" name=\"_wpcf7_version\" value=\"5.9.8\" \/>\n<input type=\"hidden\" name=\"_wpcf7_locale\" value=\"es_ES\" \/>\n<input type=\"hidden\" name=\"_wpcf7_unit_tag\" value=\"wpcf7-f84-o1\" \/>\n<input type=\"hidden\" name=\"_wpcf7_container_post\" value=\"0\" \/>\n<input type=\"hidden\" name=\"_wpcf7_posted_data_hash\" value=\"\" \/>\n<\/div>\n<p>[\/acceptance]<span class=\"wpcf7-form-control-wrap\" data-name=\"Tecnologa\"><select class=\"wpcf7-form-control wpcf7-select\" aria-invalid=\"false\" name=\"Tecnologa\"><option value=\"\">&#8212;Por favor, elige una opci\u00f3n&#8212;<\/option><\/select><\/span><span class=\"wpcf7-form-control-wrap\" data-name=\"menu-141\"><select class=\"wpcf7-form-control wpcf7-select\" aria-invalid=\"false\" name=\"menu-141\"><option value=\"Tecnolog\u00eda Y Digitalizaci\u00f3n\">Tecnolog\u00eda Y Digitalizaci\u00f3n<\/option><option value=\"Digitalizaci\u00f3n\">Digitalizaci\u00f3n<\/option><option value=\"Computaci\u00f3n y Rob\u00f3tica\">Computaci\u00f3n y Rob\u00f3tica<\/option><\/select><\/span><br \/>\n<span class=\"wpcf7-form-control-wrap\" data-name=\"menu-153\"><select class=\"wpcf7-form-control wpcf7-select wpcf7-validates-as-required\" aria-required=\"true\" aria-invalid=\"false\" name=\"menu-153\"><option value=\"2\u00ba A\">2\u00ba A<\/option><option value=\"3\u00ba A\">3\u00ba A<\/option><option value=\"4\u00ba A\">4\u00ba A<\/option><\/select><\/span><br \/>\n<label> Tu nombre<br \/>\n<span class=\"wpcf7-form-control-wrap\" data-name=\"your-name\"><input size=\"40\" maxlength=\"400\" class=\"wpcf7-form-control wpcf7-text wpcf7-validates-as-required\" autocomplete=\"name\" aria-required=\"true\" aria-invalid=\"false\" value=\"\" type=\"text\" name=\"your-name\" \/><\/span> <\/label>\n<\/p>\n<p><label> Tu correo electr\u00f3nico<br \/>\n<span class=\"wpcf7-form-control-wrap\" data-name=\"your-email\"><input size=\"40\" maxlength=\"400\" class=\"wpcf7-form-control wpcf7-email wpcf7-validates-as-required wpcf7-text wpcf7-validates-as-email\" autocomplete=\"email\" aria-required=\"true\" aria-invalid=\"false\" value=\"\" type=\"email\" name=\"your-email\" \/><\/span> <\/label>\n<\/p>\n<p><label> Asunto<br \/>\n<span class=\"wpcf7-form-control-wrap\" data-name=\"your-subject\"><input size=\"40\" maxlength=\"400\" class=\"wpcf7-form-control wpcf7-text wpcf7-validates-as-required\" aria-required=\"true\" aria-invalid=\"false\" value=\"\" type=\"text\" name=\"your-subject\" \/><\/span> <\/label>\n<\/p>\n<p><label> Tu mensaje<br \/>\n<span class=\"wpcf7-form-control-wrap\" data-name=\"your-message\"><textarea cols=\"40\" rows=\"10\" maxlength=\"2000\" class=\"wpcf7-form-control wpcf7-textarea\" aria-invalid=\"false\" name=\"your-message\"><\/textarea><\/span> <\/label>\n<\/p>\n<p><input class=\"wpcf7-form-control wpcf7-submit has-spinner\" type=\"submit\" value=\"Enviar\" \/>\n<\/p><div class=\"wpcf7-response-output\" aria-hidden=\"true\"><\/div>\n<\/form>\n<\/div>\n\n","protected":false},"excerpt":{"rendered":"<p>Esta p\u00e1gina est\u00e1 dise\u00f1ada para ayudarte a comunicarte conmigo de manera r\u00e1pida y directa a trav\u00e9s del formulario de contacto. Aqu\u00ed les explico c\u00f3mo debes utilizarlo correctamente: Rellena tus datos personales: Completa los campos&#46;&#46;&#46;<\/p>\n","protected":false},"author":20048,"featured_media":0,"parent":0,"menu_order":0,"comment_status":"closed","ping_status":"closed","template":"","meta":{"footnotes":""},"aioseo_notices":[],"_links":{"self":[{"href":"https:\/\/blogsaverroes.juntadeandalucia.es\/tydelfuerte\/wp-json\/wp\/v2\/pages\/85"}],"collection":[{"href":"https:\/\/blogsaverroes.juntadeandalucia.es\/tydelfuerte\/wp-json\/wp\/v2\/pages"}],"about":[{"href":"https:\/\/blogsaverroes.juntadeandalucia.es\/tydelfuerte\/wp-json\/wp\/v2\/types\/page"}],"author":[{"embeddable":true,"href":"https:\/\/blogsaverroes.juntadeandalucia.es\/tydelfuerte\/wp-json\/wp\/v2\/users\/20048"}],"replies":[{"embeddable":true,"href":"https:\/\/blogsaverroes.juntadeandalucia.es\/tydelfuerte\/wp-json\/wp\/v2\/comments?post=85"}],"version-history":[{"count":7,"href":"https:\/\/blogsaverroes.juntadeandalucia.es\/tydelfuerte\/wp-json\/wp\/v2\/pages\/85\/revisions"}],"predecessor-version":[{"id":101,"href":"https:\/\/blogsaverroes.juntadeandalucia.es\/tydelfuerte\/wp-json\/wp\/v2\/pages\/85\/revisions\/101"}],"wp:attachment":[{"href":"https:\/\/blogsaverroes.juntadeandalucia.es\/tydelfuerte\/wp-json\/wp\/v2\/media?parent=85"}],"curies":[{"name":"wp","href":"https:\/\/api.w.org\/{rel}","templated":true}]}}