{"id":2,"date":"2024-05-15T01:10:09","date_gmt":"2024-05-14T23:10:09","guid":{"rendered":"https:\/\/blogsaverroes.juntadeandalucia.es\/ultimadosis\/?page_id=2"},"modified":"2024-05-18T01:05:50","modified_gmt":"2024-05-17T23:05:50","slug":"anabela","status":"publish","type":"page","link":"https:\/\/blogsaverroes.juntadeandalucia.es\/ultimadosis\/anabela\/","title":{"rendered":"Anabela Shurkina"},"content":{"rendered":"\r\n<p>Tras a\u00f1os de investigaci\u00f3n encerrada en un laboratorio secreto subterr\u00e1neo, Anabela Shurkina ha conseguido sintetizar una vacuna efectiva contra el virus \u00abSkullsucker\u00bb. Las primeras pruebas realizadas con humanos infestados ofrecen resultados incre\u00edbles, ya que es capaz de detener la infecci\u00f3n y de destruir el virus, incluso si ha llegado al cerebro.<\/p>\r\n<p><img loading=\"lazy\" decoding=\"async\" class=\"alignnone size-full wp-image-134\" src=\"https:\/\/blogsaverroes.juntadeandalucia.es\/ultimadosis\/files\/2024\/05\/Anabela-scaled.jpg\" alt=\"\" width=\"1707\" height=\"2560\" srcset=\"https:\/\/blogsaverroes.juntadeandalucia.es\/ultimadosis\/files\/2024\/05\/Anabela-scaled.jpg 1707w, https:\/\/blogsaverroes.juntadeandalucia.es\/ultimadosis\/files\/2024\/05\/Anabela-200x300.jpg 200w, https:\/\/blogsaverroes.juntadeandalucia.es\/ultimadosis\/files\/2024\/05\/Anabela-683x1024.jpg 683w, https:\/\/blogsaverroes.juntadeandalucia.es\/ultimadosis\/files\/2024\/05\/Anabela-768x1152.jpg 768w, https:\/\/blogsaverroes.juntadeandalucia.es\/ultimadosis\/files\/2024\/05\/Anabela-1024x1536.jpg 1024w, https:\/\/blogsaverroes.juntadeandalucia.es\/ultimadosis\/files\/2024\/05\/Anabela-1365x2048.jpg 1365w\" sizes=\"(max-width: 1707px) 100vw, 1707px\" \/><\/p>\r\n<p><img loading=\"lazy\" decoding=\"async\" class=\"alignnone size-full wp-image-205\" src=\"https:\/\/blogsaverroes.juntadeandalucia.es\/ultimadosis\/files\/2024\/05\/Borde-inferior.png\" alt=\"\" width=\"2000\" height=\"200\" srcset=\"https:\/\/blogsaverroes.juntadeandalucia.es\/ultimadosis\/files\/2024\/05\/Borde-inferior.png 2000w, https:\/\/blogsaverroes.juntadeandalucia.es\/ultimadosis\/files\/2024\/05\/Borde-inferior-300x30.png 300w, https:\/\/blogsaverroes.juntadeandalucia.es\/ultimadosis\/files\/2024\/05\/Borde-inferior-1024x102.png 1024w, https:\/\/blogsaverroes.juntadeandalucia.es\/ultimadosis\/files\/2024\/05\/Borde-inferior-768x77.png 768w, https:\/\/blogsaverroes.juntadeandalucia.es\/ultimadosis\/files\/2024\/05\/Borde-inferior-1536x154.png 1536w\" sizes=\"(max-width: 2000px) 100vw, 2000px\" \/><\/p>\r\n","protected":false},"excerpt":{"rendered":"<p>Tras a\u00f1os de investigaci\u00f3n encerrada en un laboratorio secreto subterr\u00e1neo, Anabela Shurkina ha conseguido sintetizar una vacuna efectiva contra el virus \u00abSkullsucker\u00bb. Las primeras pruebas&hellip;<\/p>\n","protected":false},"author":6073,"featured_media":0,"parent":0,"menu_order":0,"comment_status":"closed","ping_status":"open","template":"","meta":{"footnotes":""},"aioseo_notices":[],"_links":{"self":[{"href":"https:\/\/blogsaverroes.juntadeandalucia.es\/ultimadosis\/wp-json\/wp\/v2\/pages\/2"}],"collection":[{"href":"https:\/\/blogsaverroes.juntadeandalucia.es\/ultimadosis\/wp-json\/wp\/v2\/pages"}],"about":[{"href":"https:\/\/blogsaverroes.juntadeandalucia.es\/ultimadosis\/wp-json\/wp\/v2\/types\/page"}],"author":[{"embeddable":true,"href":"https:\/\/blogsaverroes.juntadeandalucia.es\/ultimadosis\/wp-json\/wp\/v2\/users\/6073"}],"replies":[{"embeddable":true,"href":"https:\/\/blogsaverroes.juntadeandalucia.es\/ultimadosis\/wp-json\/wp\/v2\/comments?post=2"}],"version-history":[{"count":6,"href":"https:\/\/blogsaverroes.juntadeandalucia.es\/ultimadosis\/wp-json\/wp\/v2\/pages\/2\/revisions"}],"predecessor-version":[{"id":240,"href":"https:\/\/blogsaverroes.juntadeandalucia.es\/ultimadosis\/wp-json\/wp\/v2\/pages\/2\/revisions\/240"}],"wp:attachment":[{"href":"https:\/\/blogsaverroes.juntadeandalucia.es\/ultimadosis\/wp-json\/wp\/v2\/media?parent=2"}],"curies":[{"name":"wp","href":"https:\/\/api.w.org\/{rel}","templated":true}]}}