{"id":25,"date":"2011-04-03T01:15:51","date_gmt":"2011-04-03T01:15:51","guid":{"rendered":"https:\/\/themify.me\/demo\/themes\/bizco\/?page_id=594"},"modified":"2024-07-04T01:35:42","modified_gmt":"2024-07-03T23:35:42","slug":"contact","status":"publish","type":"page","link":"https:\/\/blogsaverroes.juntadeandalucia.es\/ultimadosis\/contact\/","title":{"rendered":"La ley"},"content":{"rendered":"<p>La desaparici\u00f3n de una importante bioqu\u00edmica, el robo de la vacuna m\u00e1s importante creada por el ser humano, nueve clanes sospechosos&#8230; El desaf\u00edo que tienes por delante no es nada f\u00e1cil, pero si quieres conocer la verdad no te queda m\u00e1s remedio que comenzar a investigar lo antes posible.<\/p>\n<p>A continuaci\u00f3n se expone el funcionamiento de nuestra aventura y las reglas que hay que cumplir para conocer lo que le ha sucedido a Anabela Shurkina y encontrar el vial XJ-1:<\/p>\n<p>&nbsp;<\/p>\n<p><img loading=\"lazy\" decoding=\"async\" class=\"alignnone size-full wp-image-192\" src=\"https:\/\/blogsaverroes.juntadeandalucia.es\/ultimadosis\/files\/2024\/05\/Canned-food1.png\" alt=\"\" width=\"2000\" height=\"200\" srcset=\"https:\/\/blogsaverroes.juntadeandalucia.es\/ultimadosis\/files\/2024\/05\/Canned-food1.png 2000w, https:\/\/blogsaverroes.juntadeandalucia.es\/ultimadosis\/files\/2024\/05\/Canned-food1-300x30.png 300w, https:\/\/blogsaverroes.juntadeandalucia.es\/ultimadosis\/files\/2024\/05\/Canned-food1-1024x102.png 1024w, https:\/\/blogsaverroes.juntadeandalucia.es\/ultimadosis\/files\/2024\/05\/Canned-food1-768x77.png 768w, https:\/\/blogsaverroes.juntadeandalucia.es\/ultimadosis\/files\/2024\/05\/Canned-food1-1536x154.png 1536w\" sizes=\"(max-width: 2000px) 100vw, 2000px\" \/><\/p>\n<p><img loading=\"lazy\" decoding=\"async\" class=\"wp-image-278 size-medium aligncenter\" src=\"https:\/\/blogsaverroes.juntadeandalucia.es\/ultimadosis\/files\/2024\/07\/Comida-en-lata-300x300.png\" alt=\"\" width=\"300\" height=\"300\" srcset=\"https:\/\/blogsaverroes.juntadeandalucia.es\/ultimadosis\/files\/2024\/07\/Comida-en-lata-300x300.png 300w, https:\/\/blogsaverroes.juntadeandalucia.es\/ultimadosis\/files\/2024\/07\/Comida-en-lata-1024x1024.png 1024w, https:\/\/blogsaverroes.juntadeandalucia.es\/ultimadosis\/files\/2024\/07\/Comida-en-lata-150x150.png 150w, https:\/\/blogsaverroes.juntadeandalucia.es\/ultimadosis\/files\/2024\/07\/Comida-en-lata-768x768.png 768w, https:\/\/blogsaverroes.juntadeandalucia.es\/ultimadosis\/files\/2024\/07\/Comida-en-lata-1536x1536.png 1536w, https:\/\/blogsaverroes.juntadeandalucia.es\/ultimadosis\/files\/2024\/07\/Comida-en-lata.png 1792w\" sizes=\"(max-width: 300px) 100vw, 300px\" \/><\/p>\n<p>De nada te sirven aqu\u00ed tus ahorros en el banco&#8230; En un mundo dominado por los zombis, la moneda tradicional ha sido reemplazada por bienes esenciales y recursos valiosos. El intercambio de municiones, agua purificada y suministros m\u00e9dicos se ha convertido en la norma, mientras que alimentos en conserva y componentes tecnol\u00f3gicos tambi\u00e9n tienen un alto valor. Los Cristales Bio, raros y cruciales para la elaboraci\u00f3n de la vacuna XJ-1, son especialmente codiciados. En este nuevo orden mundial, las habilidades y servicios de las personas a menudo se intercambian directamente, formando la base de una econom\u00eda de supervivencia.<\/p>\n<p>Comienzas la aventura con 35 latas de comida enlatada. Durante la aventura podr\u00e1s encontrar m\u00e1s, aunque nunca podr\u00e1s tener m\u00e1s de 40, ya que podr\u00edas llamar la atenci\u00f3n de alguna persona avariciosa, algo que seguro que no quieres. En este mundo de horror no es bueno acumular m\u00e1s de lo necesario.<\/p>\n<p>Podr\u00e1s intercambiar tus latas para usar los beneficios que vayas encontrando en la aventura, pero no las gastes todas de golpe, nunca se sabe lo que puedas encontrar en el futuro buscando entre los escombros\u2026<\/p>\n<p>Las latas de comida enlatada se <strong>gastan<\/strong> cuando:<\/p>\n<ul>\n<li>Usas una carta. Se restan tantos puntos como indica el valor de dicha carta. Habr\u00e1 cartas de un \u00fanico uso y otras con usos infinitos (aunque para usarlas deber\u00e1s tener comida enlatada disponible&#8230;).<\/li>\n<li>Si no se cumplen las normas de clase. El profesor retirar\u00e1 una lata de comida enlatada por cada norma incumplida.<\/li>\n<li>Si no se respetan las normas del juego. El profesor retirar\u00e1 una lata de comida enlatada por cada norma no respetada.<\/li>\n<li>Por no cumplir nuestro roles y molestar en el trabajo cooperativo. El profesor retirar\u00e1 una lata de comida enlatada despu\u00e9s del primer aviso.<\/li>\n<li>Por no presentar bien la libreta y los trabajos (letra, m\u00e1rgenes, limpieza\u2026). El profesor retirar\u00e1 una lata de comida enlatada por cada negativo.<\/li>\n<li>Por otras causas justificadas que puedan ir surgiendo durante el curso o el desarrollo del juego.<\/li>\n<\/ul>\n<p>Las latas de comida enlatada se pueden <strong>recuperar<\/strong>:<\/p>\n<ul>\n<li>Cuando se gana un positivo por buen comportamiento y compa\u00f1erismo. El profesor otorgar\u00e1 una lata de comida enlatada.<\/li>\n<li>Por presentar bien la libreta y los trabajos. El profesor entregar\u00e1 una lata de comida enlatada por cada positivo obtenido.<\/li>\n<li>Por trabajar bien de manera cooperativa y cumplir con los roles correctamente. El profesor entregar\u00e1 una lata de comida enlatada por cada positivo.<\/li>\n<li>Por esforzarse y tratar de mejorar cada d\u00eda. El profesor valorar\u00e1 el esfuerzo y otorgar\u00e1 una lata de comida enlatada cuando lo estime oportuno.<\/li>\n<\/ul>\n<p><strong>Nota:<\/strong> Nunca se podr\u00e1 tener una cantidad superior a 40 latas de comida enlatada.<\/p>\n<p>&nbsp;<\/p>\n<p><img loading=\"lazy\" decoding=\"async\" class=\"alignnone size-full wp-image-280\" src=\"https:\/\/blogsaverroes.juntadeandalucia.es\/ultimadosis\/files\/2024\/07\/Baraja-de-cartas.png\" alt=\"\" width=\"2000\" height=\"200\" srcset=\"https:\/\/blogsaverroes.juntadeandalucia.es\/ultimadosis\/files\/2024\/07\/Baraja-de-cartas.png 2000w, https:\/\/blogsaverroes.juntadeandalucia.es\/ultimadosis\/files\/2024\/07\/Baraja-de-cartas-300x30.png 300w, https:\/\/blogsaverroes.juntadeandalucia.es\/ultimadosis\/files\/2024\/07\/Baraja-de-cartas-1024x102.png 1024w, https:\/\/blogsaverroes.juntadeandalucia.es\/ultimadosis\/files\/2024\/07\/Baraja-de-cartas-768x77.png 768w, https:\/\/blogsaverroes.juntadeandalucia.es\/ultimadosis\/files\/2024\/07\/Baraja-de-cartas-1536x154.png 1536w\" sizes=\"(max-width: 2000px) 100vw, 2000px\" \/><\/p>\n<p><img loading=\"lazy\" decoding=\"async\" class=\"size-full wp-image-286 aligncenter\" src=\"https:\/\/blogsaverroes.juntadeandalucia.es\/ultimadosis\/files\/2024\/07\/Cartas-Exp1.png\" alt=\"\" width=\"750\" height=\"750\" srcset=\"https:\/\/blogsaverroes.juntadeandalucia.es\/ultimadosis\/files\/2024\/07\/Cartas-Exp1.png 750w, https:\/\/blogsaverroes.juntadeandalucia.es\/ultimadosis\/files\/2024\/07\/Cartas-Exp1-300x300.png 300w, https:\/\/blogsaverroes.juntadeandalucia.es\/ultimadosis\/files\/2024\/07\/Cartas-Exp1-150x150.png 150w\" sizes=\"(max-width: 750px) 100vw, 750px\" \/><\/p>\n<p><strong>\u00bfC\u00f3mo se obtienen las cartas de juego?<\/strong><\/p>\n<p>Las cartas se obtienen a lo largo de los cap\u00edtulos en los que se divide la historia de \u00ab\u00daltima dosis: Vial XJ-1\u00bb.<\/p>\n<p>Al terminar un cap\u00edtulo y conseguir informaci\u00f3n sobre alguno de los clanes implicados en la desaparici\u00f3n de Anabela obtendremos una insignia (que veremos m\u00e1s adelante), pero tambi\u00e9n se podr\u00e1n obtener cartas en las misiones intermedias que componen ese cap\u00edtulo.<\/p>\n<p><strong>Ejemplos de cartas:<\/strong><\/p>\n<div class=\"table-wrapper\">\n<table>\n<tbody>\n<tr>\n<td><img loading=\"lazy\" decoding=\"async\" class=\"alignnone size-full wp-image-298\" src=\"https:\/\/blogsaverroes.juntadeandalucia.es\/ultimadosis\/files\/2024\/07\/Lata-de-comida.png\" alt=\"\" width=\"750\" height=\"1050\" srcset=\"https:\/\/blogsaverroes.juntadeandalucia.es\/ultimadosis\/files\/2024\/07\/Lata-de-comida.png 750w, https:\/\/blogsaverroes.juntadeandalucia.es\/ultimadosis\/files\/2024\/07\/Lata-de-comida-214x300.png 214w, https:\/\/blogsaverroes.juntadeandalucia.es\/ultimadosis\/files\/2024\/07\/Lata-de-comida-731x1024.png 731w\" sizes=\"(max-width: 750px) 100vw, 750px\" \/><\/td>\n<td><img loading=\"lazy\" decoding=\"async\" class=\"alignnone size-full wp-image-297\" src=\"https:\/\/blogsaverroes.juntadeandalucia.es\/ultimadosis\/files\/2024\/07\/Linterna-de-mano.png\" alt=\"\" width=\"750\" height=\"1050\" srcset=\"https:\/\/blogsaverroes.juntadeandalucia.es\/ultimadosis\/files\/2024\/07\/Linterna-de-mano.png 750w, https:\/\/blogsaverroes.juntadeandalucia.es\/ultimadosis\/files\/2024\/07\/Linterna-de-mano-214x300.png 214w, https:\/\/blogsaverroes.juntadeandalucia.es\/ultimadosis\/files\/2024\/07\/Linterna-de-mano-731x1024.png 731w\" sizes=\"(max-width: 750px) 100vw, 750px\" \/><\/td>\n<td><img loading=\"lazy\" decoding=\"async\" class=\"alignnone size-full wp-image-296\" src=\"https:\/\/blogsaverroes.juntadeandalucia.es\/ultimadosis\/files\/2024\/07\/Damien-Bates.png\" alt=\"\" width=\"750\" height=\"1050\" srcset=\"https:\/\/blogsaverroes.juntadeandalucia.es\/ultimadosis\/files\/2024\/07\/Damien-Bates.png 750w, https:\/\/blogsaverroes.juntadeandalucia.es\/ultimadosis\/files\/2024\/07\/Damien-Bates-214x300.png 214w, https:\/\/blogsaverroes.juntadeandalucia.es\/ultimadosis\/files\/2024\/07\/Damien-Bates-731x1024.png 731w\" sizes=\"(max-width: 750px) 100vw, 750px\" \/><\/td>\n<\/tr>\n<\/tbody>\n<\/table>\n<\/div>\n<p><strong>Tambi\u00e9n se podr\u00e1n conseguir cartas:<\/strong><\/p>\n<ul>\n<li>Completando actividades interactivas (Geniallys).<\/li>\n<li>Descubriendo secretos que hay esparcidos por el mapa.<\/li>\n<li>En misiones especiales que iremos encontrando a lo largo de la aventura.<\/li>\n<li>Comport\u00e1ndonos bien en clase.<\/li>\n<li>Tratando correctamente a nuestro compa\u00f1eros y compa\u00f1eras.<\/li>\n<li>Por otras razones justificadas en las que el profesor estime oportuno otorgar una recompensa.<\/li>\n<\/ul>\n<p>&nbsp;<\/p>\n<p><img loading=\"lazy\" decoding=\"async\" class=\"alignnone size-full wp-image-290\" src=\"https:\/\/blogsaverroes.juntadeandalucia.es\/ultimadosis\/files\/2024\/07\/Insignias.png\" alt=\"\" width=\"2000\" height=\"200\" srcset=\"https:\/\/blogsaverroes.juntadeandalucia.es\/ultimadosis\/files\/2024\/07\/Insignias.png 2000w, https:\/\/blogsaverroes.juntadeandalucia.es\/ultimadosis\/files\/2024\/07\/Insignias-300x30.png 300w, https:\/\/blogsaverroes.juntadeandalucia.es\/ultimadosis\/files\/2024\/07\/Insignias-1024x102.png 1024w, https:\/\/blogsaverroes.juntadeandalucia.es\/ultimadosis\/files\/2024\/07\/Insignias-768x77.png 768w, https:\/\/blogsaverroes.juntadeandalucia.es\/ultimadosis\/files\/2024\/07\/Insignias-1536x154.png 1536w\" sizes=\"(max-width: 2000px) 100vw, 2000px\" \/><\/p>\n<p>Las insignias o badges indican la consecuci\u00f3n de un logro destacado durante la aventura. Normalmente se otorgar\u00e1n despu\u00e9s de haber vencido al l\u00edder de uno de los clanes o tras superar una misi\u00f3n m\u00e1s complicada de lo habitual.<\/p>\n<div class=\"table-wrapper\">\n<table>\n<tbody>\n<tr>\n<td><img loading=\"lazy\" decoding=\"async\" class=\"alignnone wp-image-291 size-medium\" src=\"https:\/\/blogsaverroes.juntadeandalucia.es\/ultimadosis\/files\/2024\/07\/01-Los-guardianes-de-Gaia-300x300.png\" alt=\"\" width=\"300\" height=\"300\" srcset=\"https:\/\/blogsaverroes.juntadeandalucia.es\/ultimadosis\/files\/2024\/07\/01-Los-guardianes-de-Gaia-300x300.png 300w, https:\/\/blogsaverroes.juntadeandalucia.es\/ultimadosis\/files\/2024\/07\/01-Los-guardianes-de-Gaia-1024x1024.png 1024w, https:\/\/blogsaverroes.juntadeandalucia.es\/ultimadosis\/files\/2024\/07\/01-Los-guardianes-de-Gaia-150x150.png 150w, https:\/\/blogsaverroes.juntadeandalucia.es\/ultimadosis\/files\/2024\/07\/01-Los-guardianes-de-Gaia-768x768.png 768w, https:\/\/blogsaverroes.juntadeandalucia.es\/ultimadosis\/files\/2024\/07\/01-Los-guardianes-de-Gaia.png 1500w\" sizes=\"(max-width: 300px) 100vw, 300px\" \/><\/td>\n<td><img loading=\"lazy\" decoding=\"async\" class=\"alignnone wp-image-292 size-medium\" src=\"https:\/\/blogsaverroes.juntadeandalucia.es\/ultimadosis\/files\/2024\/07\/02-Hijos-del-anochecer-300x300.png\" alt=\"\" width=\"300\" height=\"300\" srcset=\"https:\/\/blogsaverroes.juntadeandalucia.es\/ultimadosis\/files\/2024\/07\/02-Hijos-del-anochecer-300x300.png 300w, https:\/\/blogsaverroes.juntadeandalucia.es\/ultimadosis\/files\/2024\/07\/02-Hijos-del-anochecer-1024x1024.png 1024w, https:\/\/blogsaverroes.juntadeandalucia.es\/ultimadosis\/files\/2024\/07\/02-Hijos-del-anochecer-150x150.png 150w, https:\/\/blogsaverroes.juntadeandalucia.es\/ultimadosis\/files\/2024\/07\/02-Hijos-del-anochecer-768x768.png 768w, https:\/\/blogsaverroes.juntadeandalucia.es\/ultimadosis\/files\/2024\/07\/02-Hijos-del-anochecer.png 1500w\" sizes=\"(max-width: 300px) 100vw, 300px\" \/><\/td>\n<\/tr>\n<\/tbody>\n<\/table>\n<\/div>\n<p>Tambi\u00e9n habr\u00e1 insignias especiales para premiar a los alumnos y las alumnas que:<\/p>\n<ul>\n<li>Demuestren creatividad en ciertas tareas.<\/li>\n<li>Sean constantes, se esfuercen \u00a0y contribuyan positivamente al ambiente de aprendizaje.<\/li>\n<li>Mantengan un buen comportamiento, respeten la normas de clase y traten correctamente a sus compa\u00f1eros y compa\u00f1eras.<\/li>\n<li>Obtengan unas calificaciones sobresalientes, mejoren su rendimiento o completen alg\u00fan proyecto desafiante.<\/li>\n<\/ul>\n<p>A lo largo del curso habr\u00e1 nueve misiones en las que deberemos investigar la desaparici\u00f3n de Anabela Shurkina, adem\u00e1s de un d\u00e9cimo en el que tendremos que saber los que ha pasado con el vial desaparecido.<\/p>\n<p>Las insignias que vayamos consiguiendo las iremos pegando en el \u00e1lbum de m\u00e1s abajo, junto con las insignias sorpresa que se ir\u00e1n entregando a lo largo del curso\u2026<\/p>\n<p><img loading=\"lazy\" decoding=\"async\" class=\"alignnone size-full wp-image-293\" src=\"https:\/\/blogsaverroes.juntadeandalucia.es\/ultimadosis\/files\/2024\/07\/Capitulo-01-1.jpg\" alt=\"\" width=\"1414\" height=\"2000\" srcset=\"https:\/\/blogsaverroes.juntadeandalucia.es\/ultimadosis\/files\/2024\/07\/Capitulo-01-1.jpg 1414w, https:\/\/blogsaverroes.juntadeandalucia.es\/ultimadosis\/files\/2024\/07\/Capitulo-01-1-212x300.jpg 212w, https:\/\/blogsaverroes.juntadeandalucia.es\/ultimadosis\/files\/2024\/07\/Capitulo-01-1-724x1024.jpg 724w, https:\/\/blogsaverroes.juntadeandalucia.es\/ultimadosis\/files\/2024\/07\/Capitulo-01-1-768x1086.jpg 768w, https:\/\/blogsaverroes.juntadeandalucia.es\/ultimadosis\/files\/2024\/07\/Capitulo-01-1-1086x1536.jpg 1086w\" sizes=\"(max-width: 1414px) 100vw, 1414px\" \/><\/p>\n<p>&nbsp;<\/p>\n<p><img loading=\"lazy\" decoding=\"async\" class=\"alignnone size-full wp-image-302\" src=\"https:\/\/blogsaverroes.juntadeandalucia.es\/ultimadosis\/files\/2024\/07\/Uranio-empobrecido.png\" alt=\"\" width=\"2000\" height=\"200\" srcset=\"https:\/\/blogsaverroes.juntadeandalucia.es\/ultimadosis\/files\/2024\/07\/Uranio-empobrecido.png 2000w, https:\/\/blogsaverroes.juntadeandalucia.es\/ultimadosis\/files\/2024\/07\/Uranio-empobrecido-300x30.png 300w, https:\/\/blogsaverroes.juntadeandalucia.es\/ultimadosis\/files\/2024\/07\/Uranio-empobrecido-1024x102.png 1024w, https:\/\/blogsaverroes.juntadeandalucia.es\/ultimadosis\/files\/2024\/07\/Uranio-empobrecido-768x77.png 768w, https:\/\/blogsaverroes.juntadeandalucia.es\/ultimadosis\/files\/2024\/07\/Uranio-empobrecido-1536x154.png 1536w\" sizes=\"(max-width: 2000px) 100vw, 2000px\" \/><\/p>\n<p>El comportamiento humano es impredecible, cualquiera podr\u00eda pensar que tras la debacle surgida a ra\u00edz de la aparici\u00f3n del virus \u00abSkullsucker\u00bb, todos los supervivientes se unir\u00edan para buscar una soluci\u00f3n. Nada m\u00e1s lejos de la realidad, la avaricia y las ansias de poder han provocado un enfrentamiento entre las distintas bandas, destacando entre ellas un grupo secreto que se dedica a buscar uranio empobrecido con el fin de crear una bomba at\u00f3mica que destruya de una vez por todas a los zombis&#8230; aunque ello conlleve tambi\u00e9n la desaparici\u00f3n de La Tierra.<\/p>\n<p>En tus manos tienes la posibilidad de detenerlos. A lo largo de la aventura encontrar\u00e1s muestras de uranio empobrecido, si eres el primer@ en encontrar 30 recibir\u00e1s una recompensa muy especial. Si al terminar la aventura nadie ha conseguido encontrar 30 muestras se llevar\u00e1 la recompensa aquel o aquella que tenga m\u00e1s cantidad de uranio.<\/p>\n<p>Cada vez que encuentres una muestra el profesor te entregar\u00e1 una pegatina que deber\u00e1s pegar en el siguiente coleccionable (en el que puedes a\u00f1adir tambi\u00e9n los stickers que consigas):<\/p>\n<p><img loading=\"lazy\" decoding=\"async\" class=\"alignnone size-full wp-image-294\" src=\"https:\/\/blogsaverroes.juntadeandalucia.es\/ultimadosis\/files\/2024\/07\/Capitulo-01-2.jpg\" alt=\"\" width=\"1414\" height=\"2000\" srcset=\"https:\/\/blogsaverroes.juntadeandalucia.es\/ultimadosis\/files\/2024\/07\/Capitulo-01-2.jpg 1414w, https:\/\/blogsaverroes.juntadeandalucia.es\/ultimadosis\/files\/2024\/07\/Capitulo-01-2-212x300.jpg 212w, https:\/\/blogsaverroes.juntadeandalucia.es\/ultimadosis\/files\/2024\/07\/Capitulo-01-2-724x1024.jpg 724w, https:\/\/blogsaverroes.juntadeandalucia.es\/ultimadosis\/files\/2024\/07\/Capitulo-01-2-768x1086.jpg 768w, https:\/\/blogsaverroes.juntadeandalucia.es\/ultimadosis\/files\/2024\/07\/Capitulo-01-2-1086x1536.jpg 1086w\" sizes=\"(max-width: 1414px) 100vw, 1414px\" \/><\/p>\n<p>&nbsp;<\/p>\n<p><img loading=\"lazy\" decoding=\"async\" class=\"alignnone size-full wp-image-306\" src=\"https:\/\/blogsaverroes.juntadeandalucia.es\/ultimadosis\/files\/2024\/07\/Otros-recursos.png\" alt=\"\" width=\"2000\" height=\"200\" srcset=\"https:\/\/blogsaverroes.juntadeandalucia.es\/ultimadosis\/files\/2024\/07\/Otros-recursos.png 2000w, https:\/\/blogsaverroes.juntadeandalucia.es\/ultimadosis\/files\/2024\/07\/Otros-recursos-300x30.png 300w, https:\/\/blogsaverroes.juntadeandalucia.es\/ultimadosis\/files\/2024\/07\/Otros-recursos-1024x102.png 1024w, https:\/\/blogsaverroes.juntadeandalucia.es\/ultimadosis\/files\/2024\/07\/Otros-recursos-768x77.png 768w, https:\/\/blogsaverroes.juntadeandalucia.es\/ultimadosis\/files\/2024\/07\/Otros-recursos-1536x154.png 1536w\" sizes=\"(max-width: 2000px) 100vw, 2000px\" \/><\/p>\n<p>Adem\u00e1s de las latas de comida enlatada y el uranio empobrecido, a lo largo de la aventura encontrar\u00e1s muchos m\u00e1s recursos que te resultar\u00e1n muy \u00fatiles para ir superando las pruebas, a continuaci\u00f3n tienes algunos ejemplos, aunque hay muchos m\u00e1s&#8230;<\/p>\n<table style=\"border-collapse: collapse;width: 100%\">\n<tbody>\n<tr>\n<td style=\"width: 50%\"><img loading=\"lazy\" decoding=\"async\" class=\"aligncenter wp-image-308 size-medium\" src=\"https:\/\/blogsaverroes.juntadeandalucia.es\/ultimadosis\/files\/2024\/07\/Sugar-265x300.png\" alt=\"\" width=\"265\" height=\"300\" srcset=\"https:\/\/blogsaverroes.juntadeandalucia.es\/ultimadosis\/files\/2024\/07\/Sugar-265x300.png 265w, https:\/\/blogsaverroes.juntadeandalucia.es\/ultimadosis\/files\/2024\/07\/Sugar-903x1024.png 903w, https:\/\/blogsaverroes.juntadeandalucia.es\/ultimadosis\/files\/2024\/07\/Sugar-768x871.png 768w, https:\/\/blogsaverroes.juntadeandalucia.es\/ultimadosis\/files\/2024\/07\/Sugar-1355x1536.png 1355w, https:\/\/blogsaverroes.juntadeandalucia.es\/ultimadosis\/files\/2024\/07\/Sugar.png 1806w\" sizes=\"(max-width: 265px) 100vw, 265px\" \/><\/td>\n<td style=\"width: 50%;text-align: center\">Si consigues 10 <strong>botes de az\u00facar<\/strong> puedes cambiarlos por una lata de comida enlatada.<\/td>\n<\/tr>\n<tr>\n<td style=\"width: 50%\"><img loading=\"lazy\" decoding=\"async\" class=\"aligncenter wp-image-310 size-medium\" src=\"https:\/\/blogsaverroes.juntadeandalucia.es\/ultimadosis\/files\/2024\/07\/Pen-300x192.png\" alt=\"\" width=\"300\" height=\"192\" srcset=\"https:\/\/blogsaverroes.juntadeandalucia.es\/ultimadosis\/files\/2024\/07\/Pen-300x192.png 300w, https:\/\/blogsaverroes.juntadeandalucia.es\/ultimadosis\/files\/2024\/07\/Pen-1024x654.png 1024w, https:\/\/blogsaverroes.juntadeandalucia.es\/ultimadosis\/files\/2024\/07\/Pen-768x491.png 768w, https:\/\/blogsaverroes.juntadeandalucia.es\/ultimadosis\/files\/2024\/07\/Pen-1536x981.png 1536w, https:\/\/blogsaverroes.juntadeandalucia.es\/ultimadosis\/files\/2024\/07\/Pen.png 1598w\" sizes=\"(max-width: 300px) 100vw, 300px\" \/><\/td>\n<td style=\"width: 50%;text-align: center\"><strong>Tarjeta de memoria<\/strong>. Incluye un c\u00f3digo para realizar uno de los Geniallys secretos de la aventura&#8230;<\/td>\n<\/tr>\n<tr>\n<td style=\"width: 50%\"><img loading=\"lazy\" decoding=\"async\" class=\"aligncenter wp-image-307 size-medium\" src=\"https:\/\/blogsaverroes.juntadeandalucia.es\/ultimadosis\/files\/2024\/07\/Pildoras-214x300.png\" alt=\"\" width=\"214\" height=\"300\" srcset=\"https:\/\/blogsaverroes.juntadeandalucia.es\/ultimadosis\/files\/2024\/07\/Pildoras-214x300.png 214w, https:\/\/blogsaverroes.juntadeandalucia.es\/ultimadosis\/files\/2024\/07\/Pildoras-731x1024.png 731w, https:\/\/blogsaverroes.juntadeandalucia.es\/ultimadosis\/files\/2024\/07\/Pildoras-768x1076.png 768w, https:\/\/blogsaverroes.juntadeandalucia.es\/ultimadosis\/files\/2024\/07\/Pildoras-1097x1536.png 1097w, https:\/\/blogsaverroes.juntadeandalucia.es\/ultimadosis\/files\/2024\/07\/Pildoras.png 1462w\" sizes=\"(max-width: 214px) 100vw, 214px\" \/><\/td>\n<td style=\"width: 50%;text-align: center\">Si consigues 10 <strong>botes de pastillas<\/strong> puedes cambiar una carita roja por una carita verde.<\/td>\n<\/tr>\n<\/tbody>\n<\/table>\n<p>Y esto no es todo, durante la aventura habr\u00e1 muchos m\u00e1s secretos, no pierdas detalle y \u00e1nimo, la humanidad depende de tu esfuerzo y trabajo.<\/p>\n<p style=\"text-align: center\"><img loading=\"lazy\" decoding=\"async\" class=\"alignnone size-full wp-image-205\" src=\"https:\/\/blogsaverroes.juntadeandalucia.es\/ultimadosis\/files\/2024\/05\/Borde-inferior.png\" alt=\"\" width=\"2000\" height=\"200\" srcset=\"https:\/\/blogsaverroes.juntadeandalucia.es\/ultimadosis\/files\/2024\/05\/Borde-inferior.png 2000w, https:\/\/blogsaverroes.juntadeandalucia.es\/ultimadosis\/files\/2024\/05\/Borde-inferior-300x30.png 300w, https:\/\/blogsaverroes.juntadeandalucia.es\/ultimadosis\/files\/2024\/05\/Borde-inferior-1024x102.png 1024w, https:\/\/blogsaverroes.juntadeandalucia.es\/ultimadosis\/files\/2024\/05\/Borde-inferior-768x77.png 768w, https:\/\/blogsaverroes.juntadeandalucia.es\/ultimadosis\/files\/2024\/05\/Borde-inferior-1536x154.png 1536w\" sizes=\"(max-width: 2000px) 100vw, 2000px\" \/><\/p>\n","protected":false},"excerpt":{"rendered":"<p>La desaparici\u00f3n de una importante bioqu\u00edmica, el robo de la vacuna m\u00e1s importante creada por el ser humano, nueve clanes sospechosos&#8230; El desaf\u00edo que tienes&hellip;<\/p>\n","protected":false},"author":6073,"featured_media":0,"parent":0,"menu_order":0,"comment_status":"closed","ping_status":"closed","template":"","meta":{"footnotes":""},"aioseo_notices":[],"_links":{"self":[{"href":"https:\/\/blogsaverroes.juntadeandalucia.es\/ultimadosis\/wp-json\/wp\/v2\/pages\/25"}],"collection":[{"href":"https:\/\/blogsaverroes.juntadeandalucia.es\/ultimadosis\/wp-json\/wp\/v2\/pages"}],"about":[{"href":"https:\/\/blogsaverroes.juntadeandalucia.es\/ultimadosis\/wp-json\/wp\/v2\/types\/page"}],"author":[{"embeddable":true,"href":"https:\/\/blogsaverroes.juntadeandalucia.es\/ultimadosis\/wp-json\/wp\/v2\/users\/6073"}],"replies":[{"embeddable":true,"href":"https:\/\/blogsaverroes.juntadeandalucia.es\/ultimadosis\/wp-json\/wp\/v2\/comments?post=25"}],"version-history":[{"count":24,"href":"https:\/\/blogsaverroes.juntadeandalucia.es\/ultimadosis\/wp-json\/wp\/v2\/pages\/25\/revisions"}],"predecessor-version":[{"id":313,"href":"https:\/\/blogsaverroes.juntadeandalucia.es\/ultimadosis\/wp-json\/wp\/v2\/pages\/25\/revisions\/313"}],"wp:attachment":[{"href":"https:\/\/blogsaverroes.juntadeandalucia.es\/ultimadosis\/wp-json\/wp\/v2\/media?parent=25"}],"curies":[{"name":"wp","href":"https:\/\/api.w.org\/{rel}","templated":true}]}}