{"id":439,"date":"2024-08-09T00:33:57","date_gmt":"2024-08-08T22:33:57","guid":{"rendered":"https:\/\/blogsaverroes.juntadeandalucia.es\/ultimadosis\/?page_id=439"},"modified":"2025-03-30T12:03:50","modified_gmt":"2025-03-30T10:03:50","slug":"personajes","status":"publish","type":"page","link":"https:\/\/blogsaverroes.juntadeandalucia.es\/ultimadosis\/personajes\/","title":{"rendered":"Personajes"},"content":{"rendered":"<p><img loading=\"lazy\" decoding=\"async\" class=\"alignnone size-full wp-image-442\" src=\"https:\/\/blogsaverroes.juntadeandalucia.es\/ultimadosis\/files\/2024\/08\/Tania-Turkishova.png\" alt=\"\" width=\"2000\" height=\"200\" srcset=\"https:\/\/blogsaverroes.juntadeandalucia.es\/ultimadosis\/files\/2024\/08\/Tania-Turkishova.png 2000w, https:\/\/blogsaverroes.juntadeandalucia.es\/ultimadosis\/files\/2024\/08\/Tania-Turkishova-300x30.png 300w, https:\/\/blogsaverroes.juntadeandalucia.es\/ultimadosis\/files\/2024\/08\/Tania-Turkishova-1024x102.png 1024w, https:\/\/blogsaverroes.juntadeandalucia.es\/ultimadosis\/files\/2024\/08\/Tania-Turkishova-768x77.png 768w, https:\/\/blogsaverroes.juntadeandalucia.es\/ultimadosis\/files\/2024\/08\/Tania-Turkishova-1536x154.png 1536w\" sizes=\"(max-width: 2000px) 100vw, 2000px\" \/><img loading=\"lazy\" decoding=\"async\" class=\"alignnone size-full wp-image-440\" src=\"https:\/\/blogsaverroes.juntadeandalucia.es\/ultimadosis\/files\/2024\/08\/Default_A_detailed_postapocalyptic_character_0_d2c215ac-43dc-4b27-a05b-887cc80cd6a8_0-scaled.jpg\" alt=\"\" width=\"2560\" height=\"1463\" srcset=\"https:\/\/blogsaverroes.juntadeandalucia.es\/ultimadosis\/files\/2024\/08\/Default_A_detailed_postapocalyptic_character_0_d2c215ac-43dc-4b27-a05b-887cc80cd6a8_0-scaled.jpg 2560w, https:\/\/blogsaverroes.juntadeandalucia.es\/ultimadosis\/files\/2024\/08\/Default_A_detailed_postapocalyptic_character_0_d2c215ac-43dc-4b27-a05b-887cc80cd6a8_0-300x171.jpg 300w, https:\/\/blogsaverroes.juntadeandalucia.es\/ultimadosis\/files\/2024\/08\/Default_A_detailed_postapocalyptic_character_0_d2c215ac-43dc-4b27-a05b-887cc80cd6a8_0-1024x585.jpg 1024w, https:\/\/blogsaverroes.juntadeandalucia.es\/ultimadosis\/files\/2024\/08\/Default_A_detailed_postapocalyptic_character_0_d2c215ac-43dc-4b27-a05b-887cc80cd6a8_0-768x439.jpg 768w, https:\/\/blogsaverroes.juntadeandalucia.es\/ultimadosis\/files\/2024\/08\/Default_A_detailed_postapocalyptic_character_0_d2c215ac-43dc-4b27-a05b-887cc80cd6a8_0-1536x878.jpg 1536w, https:\/\/blogsaverroes.juntadeandalucia.es\/ultimadosis\/files\/2024\/08\/Default_A_detailed_postapocalyptic_character_0_d2c215ac-43dc-4b27-a05b-887cc80cd6a8_0-2048x1170.jpg 2048w\" sizes=\"(max-width: 2560px) 100vw, 2560px\" \/>Tania creci\u00f3 en un refugio subterr\u00e1neo protegido por los \u00abVigilantes del Crep\u00fasculo\u00bb. Desde joven, mostr\u00f3 un talento natural para la tecnolog\u00eda y la estrategia, convirti\u00e9ndose en una figura clave en la defensa del refugio contra las amenazas externas. Despu\u00e9s de la p\u00e9rdida de sus padres en un ataque de zombis, Tania asumi\u00f3 el liderazgo del grupo, dedicando su vida a proteger a los suyos y a buscar una forma de erradicar la plaga zombi.<\/p>\n<p>Pertenece a los \u00abVigilantes del Crep\u00fasculo\u00bb, una banda que se especializa en la vigilancia y la protecci\u00f3n de los \u00faltimos bastiones de la humanidad. Son expertos en t\u00e1cticas de guerrilla y en el uso de tecnolog\u00eda avanzada para espionaje y defensa. Operan principalmente al amanecer y al anochecer, momentos del d\u00eda en los que sus habilidades de sigilo y precisi\u00f3n son m\u00e1s efectivas.<\/p>\n<table style=\"border-collapse: collapse;width: 100%\">\n<tbody>\n<tr>\n<td style=\"width: 50%\">Tania est\u00e1 decidida a encontrar la vacuna para proteger a los habitantes de su refugio. Sabe que con la vacuna, pueden inmunizarse contra el virus y centrarse en fortalecer sus defensas. La p\u00e9rdida de sus padres dej\u00f3 una cicatriz profunda en Tania. Ella ve la vacuna como una forma de vengar sus muertes y asegurar que nadie m\u00e1s tenga que sufrir la misma p\u00e9rdida.<\/p>\n<p>Tania es una l\u00edder decidida y que domina la estrategia como nadie, es conocida por su inteligencia y su habilidad para anticipar los movimientos de sus enemigos. Bajo su liderazgo, los \u00abVigilantes del Crep\u00fasculo\u00bb han desarrollado t\u00e1cticas avanzadas de defensa y espionaje, convirti\u00e9ndose en una fuerza formidable. Su capacidad para inspirar y dirigir a su gente en momentos de crisis la ha convertido en una l\u00edder respetada y admirada.<\/td>\n<td style=\"width: 50%\"><img loading=\"lazy\" decoding=\"async\" class=\"aligncenter wp-image-441 size-large\" src=\"https:\/\/blogsaverroes.juntadeandalucia.es\/ultimadosis\/files\/2024\/08\/Tania-Def-565x1024.jpg\" alt=\"\" width=\"565\" height=\"1024\" srcset=\"https:\/\/blogsaverroes.juntadeandalucia.es\/ultimadosis\/files\/2024\/08\/Tania-Def-565x1024.jpg 565w, https:\/\/blogsaverroes.juntadeandalucia.es\/ultimadosis\/files\/2024\/08\/Tania-Def-166x300.jpg 166w, https:\/\/blogsaverroes.juntadeandalucia.es\/ultimadosis\/files\/2024\/08\/Tania-Def-768x1392.jpg 768w, https:\/\/blogsaverroes.juntadeandalucia.es\/ultimadosis\/files\/2024\/08\/Tania-Def-847x1536.jpg 847w, https:\/\/blogsaverroes.juntadeandalucia.es\/ultimadosis\/files\/2024\/08\/Tania-Def-1130x2048.jpg 1130w, https:\/\/blogsaverroes.juntadeandalucia.es\/ultimadosis\/files\/2024\/08\/Tania-Def-scaled.jpg 1412w\" sizes=\"(max-width: 565px) 100vw, 565px\" \/><\/td>\n<\/tr>\n<\/tbody>\n<\/table>\n<p><img loading=\"lazy\" decoding=\"async\" class=\"alignnone size-full wp-image-697\" src=\"https:\/\/blogsaverroes.juntadeandalucia.es\/ultimadosis\/files\/2025\/02\/Marla-Vance.png\" alt=\"\" width=\"2000\" height=\"200\" srcset=\"https:\/\/blogsaverroes.juntadeandalucia.es\/ultimadosis\/files\/2025\/02\/Marla-Vance.png 2000w, https:\/\/blogsaverroes.juntadeandalucia.es\/ultimadosis\/files\/2025\/02\/Marla-Vance-300x30.png 300w, https:\/\/blogsaverroes.juntadeandalucia.es\/ultimadosis\/files\/2025\/02\/Marla-Vance-1024x102.png 1024w, https:\/\/blogsaverroes.juntadeandalucia.es\/ultimadosis\/files\/2025\/02\/Marla-Vance-768x77.png 768w, https:\/\/blogsaverroes.juntadeandalucia.es\/ultimadosis\/files\/2025\/02\/Marla-Vance-1536x154.png 1536w\" sizes=\"(max-width: 2000px) 100vw, 2000px\" \/><img loading=\"lazy\" decoding=\"async\" class=\"alignnone size-full wp-image-698\" src=\"https:\/\/blogsaverroes.juntadeandalucia.es\/ultimadosis\/files\/2025\/02\/Marla-scaled.jpg\" alt=\"\" width=\"2560\" height=\"1448\" srcset=\"https:\/\/blogsaverroes.juntadeandalucia.es\/ultimadosis\/files\/2025\/02\/Marla-scaled.jpg 2560w, https:\/\/blogsaverroes.juntadeandalucia.es\/ultimadosis\/files\/2025\/02\/Marla-300x170.jpg 300w, https:\/\/blogsaverroes.juntadeandalucia.es\/ultimadosis\/files\/2025\/02\/Marla-1024x579.jpg 1024w, https:\/\/blogsaverroes.juntadeandalucia.es\/ultimadosis\/files\/2025\/02\/Marla-768x434.jpg 768w, https:\/\/blogsaverroes.juntadeandalucia.es\/ultimadosis\/files\/2025\/02\/Marla-1536x869.jpg 1536w, https:\/\/blogsaverroes.juntadeandalucia.es\/ultimadosis\/files\/2025\/02\/Marla-2048x1158.jpg 2048w\" sizes=\"(max-width: 2560px) 100vw, 2560px\" \/>Antes del colapso del mundo, la madre de Marla Vance era una de las ingenieras m\u00e1s destacadas en el desarrollo de infraestructuras sostenibles. Trabajaba en proyectos que buscaban adaptar las ciudades al cambio clim\u00e1tico, construyendo comunidades autosuficientes con recursos limitados. Cuando el virus desat\u00f3 el caos, vio c\u00f3mo todo aquello por lo que hab\u00eda trabajado se desmoronaba en cuesti\u00f3n de semanas.<\/p>\n<p>Sobrevivi\u00f3 al apocalipsis gracias a su pragmatismo y capacidad de adaptaci\u00f3n. Mientras otros luchaban por el poder o la simple supervivencia, ella comprendi\u00f3 que la clave para la resistencia no era el conflicto, sino la reconstrucci\u00f3n. Reuni\u00f3 a un grupo de ingenieros, artesanos y trabajadores manuales que a\u00fan cre\u00edan en la posibilidad de un futuro m\u00e1s all\u00e1 de la desesperaci\u00f3n. As\u00ed nacieron Los Pioneros y ahora es su hija Marla la que los dirige.<\/p>\n<table style=\"border-collapse: collapse;width: 100%\">\n<tbody>\n<tr>\n<td style=\"width: 50%\">Marla no busca simplemente reconstruir la civilizaci\u00f3n. Ella persigue algo m\u00e1s grande: Un nuevo refugio seguro para la humanidad. Cree que la clave para la supervivencia a largo plazo no est\u00e1 en las bandas guerrilleras ni en los peque\u00f1os asentamientos ef\u00edmeros, sino en la creaci\u00f3n de una ciudad autosostenible, un santuario donde las personas puedan vivir sin el constante temor de los zombis y las guerras entre facciones.<\/p>\n<p>Antes del colapso, su mentor, el Dr. Elian Greaves, dirig\u00eda un proyecto ultrasecreto en Cristal City: un laboratorio dedicado a la investigaci\u00f3n de energ\u00edas renovables avanzadas y almacenamiento de datos a gran escala. Cre\u00eda que la informaci\u00f3n almacenada all\u00ed podr\u00eda contener la clave para restaurar la tecnolog\u00eda perdida, e incluso ayudar en el proceso de estabilizaci\u00f3n de la vacuna. Marla no solo busca reconstruir, sino tambi\u00e9n recuperar ese conocimiento perdido.<\/p>\n<p>\u00daltimamente se ha sabido que tiene cierta desconfianza hacia Anabela y su trabajo. Aunque Los Pioneros han estado reconstruyendo el laboratorio secreto donde se desarroll\u00f3 la vacuna, Marla nunca ha estado completamente convencida de que la soluci\u00f3n de Anabela sea la adecuada. Le preocupa que la vacuna termine en las manos equivocadas y se convierta en una herramienta de dominio en lugar de una cura para la humanidad. \u00bfQui\u00e9n controla la vacuna? \u00bfQui\u00e9n decide qui\u00e9n vive y qui\u00e9n muere? Esas son las preguntas que la atormentan.<\/p>\n<p>La verdadera motivaci\u00f3n oculta. Marla tuvo un hermano menor, Jonas Vance, que desapareci\u00f3 a\u00f1os atr\u00e1s cuando la ciudad se sumi\u00f3 en el caos. Nadie sabe qu\u00e9 fue de \u00e9l, pero los rumores dentro de Los Pioneros sugieren que podr\u00eda haber formado parte de una de las facciones m\u00e1s peligrosas de Cristal City. Marla sigue buscando respuestas sobre su destino.<\/td>\n<td style=\"width: 50%\"><img loading=\"lazy\" decoding=\"async\" class=\"wp-image-696 size-large aligncenter\" src=\"https:\/\/blogsaverroes.juntadeandalucia.es\/ultimadosis\/files\/2025\/02\/Marla-Vance-460x1024.jpg\" alt=\"\" width=\"460\" height=\"1024\" srcset=\"https:\/\/blogsaverroes.juntadeandalucia.es\/ultimadosis\/files\/2025\/02\/Marla-Vance-460x1024.jpg 460w, https:\/\/blogsaverroes.juntadeandalucia.es\/ultimadosis\/files\/2025\/02\/Marla-Vance-135x300.jpg 135w, https:\/\/blogsaverroes.juntadeandalucia.es\/ultimadosis\/files\/2025\/02\/Marla-Vance-768x1710.jpg 768w, https:\/\/blogsaverroes.juntadeandalucia.es\/ultimadosis\/files\/2025\/02\/Marla-Vance-690x1536.jpg 690w, https:\/\/blogsaverroes.juntadeandalucia.es\/ultimadosis\/files\/2025\/02\/Marla-Vance-920x2048.jpg 920w, https:\/\/blogsaverroes.juntadeandalucia.es\/ultimadosis\/files\/2025\/02\/Marla-Vance-scaled.jpg 1150w\" sizes=\"(max-width: 460px) 100vw, 460px\" \/><\/td>\n<\/tr>\n<\/tbody>\n<\/table>\n<p><img loading=\"lazy\" decoding=\"async\" class=\"alignnone size-full wp-image-803\" src=\"https:\/\/blogsaverroes.juntadeandalucia.es\/ultimadosis\/files\/2025\/03\/Kathy-Myers.png\" alt=\"\" width=\"2000\" height=\"200\" srcset=\"https:\/\/blogsaverroes.juntadeandalucia.es\/ultimadosis\/files\/2025\/03\/Kathy-Myers.png 2000w, https:\/\/blogsaverroes.juntadeandalucia.es\/ultimadosis\/files\/2025\/03\/Kathy-Myers-300x30.png 300w, https:\/\/blogsaverroes.juntadeandalucia.es\/ultimadosis\/files\/2025\/03\/Kathy-Myers-1024x102.png 1024w, https:\/\/blogsaverroes.juntadeandalucia.es\/ultimadosis\/files\/2025\/03\/Kathy-Myers-768x77.png 768w, https:\/\/blogsaverroes.juntadeandalucia.es\/ultimadosis\/files\/2025\/03\/Kathy-Myers-1536x154.png 1536w\" sizes=\"(max-width: 2000px) 100vw, 2000px\" \/><\/p>\n<p><img loading=\"lazy\" decoding=\"async\" class=\"alignnone size-full wp-image-807\" src=\"https:\/\/blogsaverroes.juntadeandalucia.es\/ultimadosis\/files\/2025\/03\/Kathy-scaled.jpg\" alt=\"\" width=\"2560\" height=\"1448\" srcset=\"https:\/\/blogsaverroes.juntadeandalucia.es\/ultimadosis\/files\/2025\/03\/Kathy-scaled.jpg 2560w, https:\/\/blogsaverroes.juntadeandalucia.es\/ultimadosis\/files\/2025\/03\/Kathy-300x170.jpg 300w, https:\/\/blogsaverroes.juntadeandalucia.es\/ultimadosis\/files\/2025\/03\/Kathy-1024x579.jpg 1024w, https:\/\/blogsaverroes.juntadeandalucia.es\/ultimadosis\/files\/2025\/03\/Kathy-768x434.jpg 768w, https:\/\/blogsaverroes.juntadeandalucia.es\/ultimadosis\/files\/2025\/03\/Kathy-1536x869.jpg 1536w, https:\/\/blogsaverroes.juntadeandalucia.es\/ultimadosis\/files\/2025\/03\/Kathy-2048x1158.jpg 2048w\" sizes=\"(max-width: 2560px) 100vw, 2560px\" \/><\/p>\n<blockquote><p>\u00abNo vine a salvar lo que fue\u2026 Vine a proteger lo que debe nacer del caos.\u00bb<\/p><\/blockquote>\n<table style=\"border-collapse: collapse;width: 100%\">\n<tbody>\n<tr>\n<td style=\"width: 50%\">\n<p class=\"\" data-start=\"365\" data-end=\"650\">En los l\u00edmites del Bosque de las Sombras, donde la civilizaci\u00f3n se disuelve en ra\u00edces y ruinas, Kathy Myers lidera al enigm\u00e1tico <strong data-start=\"494\" data-end=\"518\">Clan del \u00daltimo Alba<\/strong>. Su nombre resuena como un eco entre los \u00e1rboles, una advertencia y un misterio para quienes a\u00fan creen que el mundo puede salvarse.<\/p>\n<p class=\"\" data-start=\"652\" data-end=\"1017\">Kathy no naci\u00f3 entre probetas ni laboratorios, sino en los m\u00e1rgenes del apocalipsis, criada por supervivientes que renegaban tanto de la ciencia como del poder. Aprendi\u00f3 a leer el mundo a trav\u00e9s de s\u00edmbolos, voces antiguas y se\u00f1ales en el cielo. Su inteligencia, afinada por la necesidad, no tiene nada de convencional: es intuici\u00f3n, estrategia, misticismo y fuego.<\/p>\n<p class=\"\" data-start=\"1019\" data-end=\"1296\">Para Kathy, la vacuna no es una cura, sino una amenaza al equilibrio natural que se ha instaurado tras el colapso. Cree que la humanidad debe transformarse, no reconstruirse. En sus ojos arde la convicci\u00f3n de que solo quienes acepten el cambio podr\u00e1n caminar bajo el nuevo sol.<\/p>\n<p class=\"\" data-start=\"1298\" data-end=\"1573\">Vestida con cicatrices del pasado y una mirada que atraviesa las mentiras, Kathy desaf\u00eda a todo aquel que busque imponer una salvaci\u00f3n artificial. No lucha por destruir\u2026 sino por preservar lo que para ella es la \u00fanica verdad posible: que el fin tambi\u00e9n puede ser un comienzo.<\/p>\n<\/td>\n<td style=\"width: 50%\"><img loading=\"lazy\" decoding=\"async\" class=\"wp-image-804 size-large aligncenter\" src=\"https:\/\/blogsaverroes.juntadeandalucia.es\/ultimadosis\/files\/2025\/03\/Kathy-Myers-432x1024.jpg\" alt=\"\" width=\"432\" height=\"1024\" srcset=\"https:\/\/blogsaverroes.juntadeandalucia.es\/ultimadosis\/files\/2025\/03\/Kathy-Myers-432x1024.jpg 432w, https:\/\/blogsaverroes.juntadeandalucia.es\/ultimadosis\/files\/2025\/03\/Kathy-Myers-127x300.jpg 127w, https:\/\/blogsaverroes.juntadeandalucia.es\/ultimadosis\/files\/2025\/03\/Kathy-Myers-768x1821.jpg 768w, https:\/\/blogsaverroes.juntadeandalucia.es\/ultimadosis\/files\/2025\/03\/Kathy-Myers-648x1536.jpg 648w, https:\/\/blogsaverroes.juntadeandalucia.es\/ultimadosis\/files\/2025\/03\/Kathy-Myers-864x2048.jpg 864w, https:\/\/blogsaverroes.juntadeandalucia.es\/ultimadosis\/files\/2025\/03\/Kathy-Myers-scaled.jpg 1080w\" sizes=\"(max-width: 432px) 100vw, 432px\" \/><\/td>\n<\/tr>\n<\/tbody>\n<\/table>\n<p><img loading=\"lazy\" decoding=\"async\" class=\"alignnone size-full wp-image-799\" src=\"https:\/\/blogsaverroes.juntadeandalucia.es\/ultimadosis\/files\/2025\/03\/Helix-Tanzer.png\" alt=\"\" width=\"2000\" height=\"200\" srcset=\"https:\/\/blogsaverroes.juntadeandalucia.es\/ultimadosis\/files\/2025\/03\/Helix-Tanzer.png 2000w, https:\/\/blogsaverroes.juntadeandalucia.es\/ultimadosis\/files\/2025\/03\/Helix-Tanzer-300x30.png 300w, https:\/\/blogsaverroes.juntadeandalucia.es\/ultimadosis\/files\/2025\/03\/Helix-Tanzer-1024x102.png 1024w, https:\/\/blogsaverroes.juntadeandalucia.es\/ultimadosis\/files\/2025\/03\/Helix-Tanzer-768x77.png 768w, https:\/\/blogsaverroes.juntadeandalucia.es\/ultimadosis\/files\/2025\/03\/Helix-Tanzer-1536x154.png 1536w\" sizes=\"(max-width: 2000px) 100vw, 2000px\" \/><img loading=\"lazy\" decoding=\"async\" class=\"alignnone size-full wp-image-800\" src=\"https:\/\/blogsaverroes.juntadeandalucia.es\/ultimadosis\/files\/2025\/03\/Helix-scaled.jpg\" alt=\"\" width=\"2560\" height=\"1448\" srcset=\"https:\/\/blogsaverroes.juntadeandalucia.es\/ultimadosis\/files\/2025\/03\/Helix-scaled.jpg 2560w, https:\/\/blogsaverroes.juntadeandalucia.es\/ultimadosis\/files\/2025\/03\/Helix-300x170.jpg 300w, https:\/\/blogsaverroes.juntadeandalucia.es\/ultimadosis\/files\/2025\/03\/Helix-1024x579.jpg 1024w, https:\/\/blogsaverroes.juntadeandalucia.es\/ultimadosis\/files\/2025\/03\/Helix-768x434.jpg 768w, https:\/\/blogsaverroes.juntadeandalucia.es\/ultimadosis\/files\/2025\/03\/Helix-1536x869.jpg 1536w, https:\/\/blogsaverroes.juntadeandalucia.es\/ultimadosis\/files\/2025\/03\/Helix-2048x1158.jpg 2048w\" sizes=\"(max-width: 2560px) 100vw, 2560px\" \/><\/p>\n<blockquote><p>\u00abSolo en el silencio absoluto de la raz\u00f3n nace la posibilidad de un nuevo comienzo.\u00bb<\/p><\/blockquote>\n<table style=\"border-collapse: collapse;width: 100%\">\n<tbody>\n<tr>\n<td style=\"width: 50%\">\n<p class=\"\" data-start=\"385\" data-end=\"699\">Helix Tanzer fue el rostro imperturbable de los <strong data-start=\"433\" data-end=\"455\">Vig\u00edas del V\u00f3rtice<\/strong>, una facci\u00f3n nacida de la desesperaci\u00f3n cient\u00edfica y del colapso moral tras la propagaci\u00f3n del virus. De rostro sereno y mirada g\u00e9lida, Helix no alzaba la voz, porque no lo necesitaba. Su sola presencia bastaba para imponer respeto&#8230; y miedo.<\/p>\n<p class=\"\" data-start=\"701\" data-end=\"997\">Criado entre laboratorios subterr\u00e1neos y bases de datos secretas, creci\u00f3 convencido de que la humanidad no merec\u00eda otra oportunidad. Para \u00e9l, cada error del pasado era una prueba matem\u00e1tica de que el sistema estaba irremediablemente corrupto. Y por eso eligi\u00f3 no destruirlo, sino <strong data-start=\"981\" data-end=\"996\">reiniciarlo<\/strong>.<\/p>\n<p class=\"\" data-start=\"999\" data-end=\"1229\">En el <strong data-start=\"1005\" data-end=\"1034\">Refugio de los Condenados<\/strong>, Helix dise\u00f1\u00f3 el n\u00facleo energ\u00e9tico capaz de desatar el borrado absoluto. Su plan: eliminar todo rastro de historia, memoria y resistencia para moldear un nuevo orden sin pasado\u2026 y sin emociones.<\/p>\n<p class=\"\" data-start=\"1231\" data-end=\"1462\">Pero su l\u00f3gica inquebrantable encontr\u00f3 oposici\u00f3n en el valor humano: la memoria colectiva, el amor entre hermanos, el deseo de redenci\u00f3n. Cuando cay\u00f3, no grit\u00f3, no suplic\u00f3. Solo susurr\u00f3 una advertencia: <em data-start=\"1434\" data-end=\"1462\">\u201cRecordar\u2026 es una trampa.\u201d<\/em><\/p>\n<p class=\"\" data-start=\"1464\" data-end=\"1665\">Helix Tanzer no fue un monstruo. Fue un reflejo extremo de la raz\u00f3n sin compasi\u00f3n. Su derrota no solo cerr\u00f3 el ciclo del virus, sino que reafirm\u00f3 una verdad esencial: <strong data-start=\"1631\" data-end=\"1665\">sin memoria, no hay humanidad.<\/strong><\/p>\n<\/td>\n<td style=\"width: 50%\"><img loading=\"lazy\" decoding=\"async\" class=\"aligncenter wp-image-801 size-large\" src=\"https:\/\/blogsaverroes.juntadeandalucia.es\/ultimadosis\/files\/2025\/03\/Helix-Tanzer-714x1024.jpg\" alt=\"\" width=\"714\" height=\"1024\" srcset=\"https:\/\/blogsaverroes.juntadeandalucia.es\/ultimadosis\/files\/2025\/03\/Helix-Tanzer-714x1024.jpg 714w, https:\/\/blogsaverroes.juntadeandalucia.es\/ultimadosis\/files\/2025\/03\/Helix-Tanzer-209x300.jpg 209w, https:\/\/blogsaverroes.juntadeandalucia.es\/ultimadosis\/files\/2025\/03\/Helix-Tanzer-768x1102.jpg 768w, https:\/\/blogsaverroes.juntadeandalucia.es\/ultimadosis\/files\/2025\/03\/Helix-Tanzer-1071x1536.jpg 1071w, https:\/\/blogsaverroes.juntadeandalucia.es\/ultimadosis\/files\/2025\/03\/Helix-Tanzer-1427x2048.jpg 1427w, https:\/\/blogsaverroes.juntadeandalucia.es\/ultimadosis\/files\/2025\/03\/Helix-Tanzer-scaled.jpg 1784w\" sizes=\"(max-width: 714px) 100vw, 714px\" \/><\/td>\n<\/tr>\n<\/tbody>\n<\/table>\n<p>&#8230;<\/p>\n<p><img loading=\"lazy\" decoding=\"async\" class=\"alignnone size-full wp-image-205\" src=\"https:\/\/blogsaverroes.juntadeandalucia.es\/ultimadosis\/files\/2024\/05\/Borde-inferior.png\" alt=\"\" width=\"2000\" height=\"200\" srcset=\"https:\/\/blogsaverroes.juntadeandalucia.es\/ultimadosis\/files\/2024\/05\/Borde-inferior.png 2000w, https:\/\/blogsaverroes.juntadeandalucia.es\/ultimadosis\/files\/2024\/05\/Borde-inferior-300x30.png 300w, https:\/\/blogsaverroes.juntadeandalucia.es\/ultimadosis\/files\/2024\/05\/Borde-inferior-1024x102.png 1024w, https:\/\/blogsaverroes.juntadeandalucia.es\/ultimadosis\/files\/2024\/05\/Borde-inferior-768x77.png 768w, https:\/\/blogsaverroes.juntadeandalucia.es\/ultimadosis\/files\/2024\/05\/Borde-inferior-1536x154.png 1536w\" sizes=\"(max-width: 2000px) 100vw, 2000px\" \/><\/p>\n","protected":false},"excerpt":{"rendered":"<p>Tania creci\u00f3 en un refugio subterr\u00e1neo protegido por los \u00abVigilantes del Crep\u00fasculo\u00bb. Desde joven, mostr\u00f3 un talento natural para la tecnolog\u00eda y la estrategia, convirti\u00e9ndose&hellip;<\/p>\n","protected":false},"author":6073,"featured_media":0,"parent":0,"menu_order":0,"comment_status":"closed","ping_status":"closed","template":"","meta":{"footnotes":""},"aioseo_notices":[],"_links":{"self":[{"href":"https:\/\/blogsaverroes.juntadeandalucia.es\/ultimadosis\/wp-json\/wp\/v2\/pages\/439"}],"collection":[{"href":"https:\/\/blogsaverroes.juntadeandalucia.es\/ultimadosis\/wp-json\/wp\/v2\/pages"}],"about":[{"href":"https:\/\/blogsaverroes.juntadeandalucia.es\/ultimadosis\/wp-json\/wp\/v2\/types\/page"}],"author":[{"embeddable":true,"href":"https:\/\/blogsaverroes.juntadeandalucia.es\/ultimadosis\/wp-json\/wp\/v2\/users\/6073"}],"replies":[{"embeddable":true,"href":"https:\/\/blogsaverroes.juntadeandalucia.es\/ultimadosis\/wp-json\/wp\/v2\/comments?post=439"}],"version-history":[{"count":10,"href":"https:\/\/blogsaverroes.juntadeandalucia.es\/ultimadosis\/wp-json\/wp\/v2\/pages\/439\/revisions"}],"predecessor-version":[{"id":450,"href":"https:\/\/blogsaverroes.juntadeandalucia.es\/ultimadosis\/wp-json\/wp\/v2\/pages\/439\/revisions\/450"}],"wp:attachment":[{"href":"https:\/\/blogsaverroes.juntadeandalucia.es\/ultimadosis\/wp-json\/wp\/v2\/media?parent=439"}],"curies":[{"name":"wp","href":"https:\/\/api.w.org\/{rel}","templated":true}]}}