{"id":643,"date":"2025-01-24T18:17:58","date_gmt":"2025-01-24T17:17:58","guid":{"rendered":"https:\/\/blogsaverroes.juntadeandalucia.es\/ultimadosis\/?page_id=643"},"modified":"2025-01-28T19:27:14","modified_gmt":"2025-01-28T18:27:14","slug":"cristal-city","status":"publish","type":"page","link":"https:\/\/blogsaverroes.juntadeandalucia.es\/ultimadosis\/cristal-city\/","title":{"rendered":"Cristal City"},"content":{"rendered":"<p><img loading=\"lazy\" decoding=\"async\" class=\"alignnone size-full wp-image-645\" src=\"https:\/\/blogsaverroes.juntadeandalucia.es\/ultimadosis\/files\/2025\/01\/Cristal-scaled.jpg\" alt=\"\" width=\"2560\" height=\"1448\" srcset=\"https:\/\/blogsaverroes.juntadeandalucia.es\/ultimadosis\/files\/2025\/01\/Cristal-scaled.jpg 2560w, https:\/\/blogsaverroes.juntadeandalucia.es\/ultimadosis\/files\/2025\/01\/Cristal-300x170.jpg 300w, https:\/\/blogsaverroes.juntadeandalucia.es\/ultimadosis\/files\/2025\/01\/Cristal-1024x579.jpg 1024w, https:\/\/blogsaverroes.juntadeandalucia.es\/ultimadosis\/files\/2025\/01\/Cristal-768x434.jpg 768w, https:\/\/blogsaverroes.juntadeandalucia.es\/ultimadosis\/files\/2025\/01\/Cristal-1536x869.jpg 1536w, https:\/\/blogsaverroes.juntadeandalucia.es\/ultimadosis\/files\/2025\/01\/Cristal-2048x1158.jpg 2048w\" sizes=\"(max-width: 2560px) 100vw, 2560px\" \/><\/p>\n<p>Cristal City se alza como una reliquia del pasado, un monumento de acero y vidrio que desaf\u00eda la decadencia del mundo. Sus rascacielos, antes s\u00edmbolos de progreso y poder, ahora son sombras desmoronadas de lo que fue la grandeza humana. La niebla densa que rodea la ciudad refleja la luz de las pocas ventanas intactas, creando un resplandor espectral que parece envolverlo todo en un aura irreal.<\/p>\n<p>En las alturas, los rascacielos se pierden en un cielo gris, mientras que a ras del suelo, las calles est\u00e1n sumidas en una penumbra eterna. Los callejones estrechos, iluminados solo por neones parpadeantes y fogatas improvisadas, est\u00e1n llenos de huellas de una vida que lucha por sobrevivir. Graffitis de advertencia, barricadas improvisadas y se\u00f1ales cr\u00edpticas indican que esta ciudad no es un lugar seguro.<\/p>\n<p><img loading=\"lazy\" decoding=\"async\" class=\"alignnone size-full wp-image-648\" src=\"https:\/\/blogsaverroes.juntadeandalucia.es\/ultimadosis\/files\/2025\/01\/Cristal-Alley-scaled.jpg\" alt=\"\" width=\"2560\" height=\"1448\" srcset=\"https:\/\/blogsaverroes.juntadeandalucia.es\/ultimadosis\/files\/2025\/01\/Cristal-Alley-scaled.jpg 2560w, https:\/\/blogsaverroes.juntadeandalucia.es\/ultimadosis\/files\/2025\/01\/Cristal-Alley-300x170.jpg 300w, https:\/\/blogsaverroes.juntadeandalucia.es\/ultimadosis\/files\/2025\/01\/Cristal-Alley-1024x579.jpg 1024w, https:\/\/blogsaverroes.juntadeandalucia.es\/ultimadosis\/files\/2025\/01\/Cristal-Alley-768x434.jpg 768w, https:\/\/blogsaverroes.juntadeandalucia.es\/ultimadosis\/files\/2025\/01\/Cristal-Alley-1536x869.jpg 1536w, https:\/\/blogsaverroes.juntadeandalucia.es\/ultimadosis\/files\/2025\/01\/Cristal-Alley-2048x1158.jpg 2048w\" sizes=\"(max-width: 2560px) 100vw, 2560px\" \/><\/p>\n<p>En el coraz\u00f3n de la ciudad, los restos de un centro comercial y un antiguo complejo financiero act\u00faan como territorio de la Hermandad de las Sombras. Este grupo ha convertido los rascacielos abandonados en fortalezas desde las que controlan las calles y observan los movimientos de cualquier intruso. Los ecos de pasos reverberan entre las ruinas, mientras ojos invisibles acechan desde las sombras.<\/p>\n<p>Cuando te adentres en la ciudad no dudes en buscar tesoros ocultos. A lo largo de los a\u00f1os se han extendido rumores sobre la existencia de un viejo disco duro encriptado con la insignia de la Hermandad. Al parecer, si consigues desbloquearlo, revela planos de un laboratorio oculto.<\/p>\n<p><img loading=\"lazy\" decoding=\"async\" class=\"alignnone size-full wp-image-652\" src=\"https:\/\/blogsaverroes.juntadeandalucia.es\/ultimadosis\/files\/2025\/01\/H-drive-scaled.jpg\" alt=\"\" width=\"2560\" height=\"1448\" srcset=\"https:\/\/blogsaverroes.juntadeandalucia.es\/ultimadosis\/files\/2025\/01\/H-drive-scaled.jpg 2560w, https:\/\/blogsaverroes.juntadeandalucia.es\/ultimadosis\/files\/2025\/01\/H-drive-300x170.jpg 300w, https:\/\/blogsaverroes.juntadeandalucia.es\/ultimadosis\/files\/2025\/01\/H-drive-1024x579.jpg 1024w, https:\/\/blogsaverroes.juntadeandalucia.es\/ultimadosis\/files\/2025\/01\/H-drive-768x434.jpg 768w, https:\/\/blogsaverroes.juntadeandalucia.es\/ultimadosis\/files\/2025\/01\/H-drive-1536x869.jpg 1536w, https:\/\/blogsaverroes.juntadeandalucia.es\/ultimadosis\/files\/2025\/01\/H-drive-2048x1158.jpg 2048w\" sizes=\"(max-width: 2560px) 100vw, 2560px\" \/><\/p>\n<p>Tambi\u00e9n se habla de la existencia de un diario con p\u00e1ginas arrancadas, encontrado en un refugio improvisado. Las pocas entradas restantes mencionan un \u00abobjeto de cristal\u00bb clave para el desarrollo de la vacuna.<\/p>\n<p><img loading=\"lazy\" decoding=\"async\" class=\"alignnone size-full wp-image-653\" src=\"https:\/\/blogsaverroes.juntadeandalucia.es\/ultimadosis\/files\/2025\/01\/Diary-Cristal-City-scaled.jpg\" alt=\"\" width=\"2560\" height=\"1448\" srcset=\"https:\/\/blogsaverroes.juntadeandalucia.es\/ultimadosis\/files\/2025\/01\/Diary-Cristal-City-scaled.jpg 2560w, https:\/\/blogsaverroes.juntadeandalucia.es\/ultimadosis\/files\/2025\/01\/Diary-Cristal-City-300x170.jpg 300w, https:\/\/blogsaverroes.juntadeandalucia.es\/ultimadosis\/files\/2025\/01\/Diary-Cristal-City-1024x579.jpg 1024w, https:\/\/blogsaverroes.juntadeandalucia.es\/ultimadosis\/files\/2025\/01\/Diary-Cristal-City-768x434.jpg 768w, https:\/\/blogsaverroes.juntadeandalucia.es\/ultimadosis\/files\/2025\/01\/Diary-Cristal-City-1536x869.jpg 1536w, https:\/\/blogsaverroes.juntadeandalucia.es\/ultimadosis\/files\/2025\/01\/Diary-Cristal-City-2048x1158.jpg 2048w\" sizes=\"(max-width: 2560px) 100vw, 2560px\" \/><\/p>\n<p>Cuando llegues a la ciudad ten mucho cuidado, los zombis acechan en cada esquina&#8230;<\/p>\n<p><img loading=\"lazy\" decoding=\"async\" class=\"alignnone size-full wp-image-655\" src=\"https:\/\/blogsaverroes.juntadeandalucia.es\/ultimadosis\/files\/2025\/01\/Cristal-Zombis-scaled.jpg\" alt=\"\" width=\"2560\" height=\"1448\" srcset=\"https:\/\/blogsaverroes.juntadeandalucia.es\/ultimadosis\/files\/2025\/01\/Cristal-Zombis-scaled.jpg 2560w, https:\/\/blogsaverroes.juntadeandalucia.es\/ultimadosis\/files\/2025\/01\/Cristal-Zombis-300x170.jpg 300w, https:\/\/blogsaverroes.juntadeandalucia.es\/ultimadosis\/files\/2025\/01\/Cristal-Zombis-1024x579.jpg 1024w, https:\/\/blogsaverroes.juntadeandalucia.es\/ultimadosis\/files\/2025\/01\/Cristal-Zombis-768x434.jpg 768w, https:\/\/blogsaverroes.juntadeandalucia.es\/ultimadosis\/files\/2025\/01\/Cristal-Zombis-1536x869.jpg 1536w, https:\/\/blogsaverroes.juntadeandalucia.es\/ultimadosis\/files\/2025\/01\/Cristal-Zombis-2048x1158.jpg 2048w\" sizes=\"(max-width: 2560px) 100vw, 2560px\" \/><\/p>\n<p><img loading=\"lazy\" decoding=\"async\" class=\"alignnone size-full wp-image-205\" src=\"https:\/\/blogsaverroes.juntadeandalucia.es\/ultimadosis\/files\/2024\/05\/Borde-inferior.png\" alt=\"\" width=\"2000\" height=\"200\" srcset=\"https:\/\/blogsaverroes.juntadeandalucia.es\/ultimadosis\/files\/2024\/05\/Borde-inferior.png 2000w, https:\/\/blogsaverroes.juntadeandalucia.es\/ultimadosis\/files\/2024\/05\/Borde-inferior-300x30.png 300w, https:\/\/blogsaverroes.juntadeandalucia.es\/ultimadosis\/files\/2024\/05\/Borde-inferior-1024x102.png 1024w, https:\/\/blogsaverroes.juntadeandalucia.es\/ultimadosis\/files\/2024\/05\/Borde-inferior-768x77.png 768w, https:\/\/blogsaverroes.juntadeandalucia.es\/ultimadosis\/files\/2024\/05\/Borde-inferior-1536x154.png 1536w\" sizes=\"(max-width: 2000px) 100vw, 2000px\" \/><\/p>\n","protected":false},"excerpt":{"rendered":"<p>Cristal City se alza como una reliquia del pasado, un monumento de acero y vidrio que desaf\u00eda la decadencia del mundo. Sus rascacielos, antes s\u00edmbolos&hellip;<\/p>\n","protected":false},"author":6073,"featured_media":0,"parent":0,"menu_order":0,"comment_status":"closed","ping_status":"closed","template":"","meta":{"footnotes":""},"aioseo_notices":[],"_links":{"self":[{"href":"https:\/\/blogsaverroes.juntadeandalucia.es\/ultimadosis\/wp-json\/wp\/v2\/pages\/643"}],"collection":[{"href":"https:\/\/blogsaverroes.juntadeandalucia.es\/ultimadosis\/wp-json\/wp\/v2\/pages"}],"about":[{"href":"https:\/\/blogsaverroes.juntadeandalucia.es\/ultimadosis\/wp-json\/wp\/v2\/types\/page"}],"author":[{"embeddable":true,"href":"https:\/\/blogsaverroes.juntadeandalucia.es\/ultimadosis\/wp-json\/wp\/v2\/users\/6073"}],"replies":[{"embeddable":true,"href":"https:\/\/blogsaverroes.juntadeandalucia.es\/ultimadosis\/wp-json\/wp\/v2\/comments?post=643"}],"version-history":[{"count":6,"href":"https:\/\/blogsaverroes.juntadeandalucia.es\/ultimadosis\/wp-json\/wp\/v2\/pages\/643\/revisions"}],"predecessor-version":[{"id":656,"href":"https:\/\/blogsaverroes.juntadeandalucia.es\/ultimadosis\/wp-json\/wp\/v2\/pages\/643\/revisions\/656"}],"wp:attachment":[{"href":"https:\/\/blogsaverroes.juntadeandalucia.es\/ultimadosis\/wp-json\/wp\/v2\/media?parent=643"}],"curies":[{"name":"wp","href":"https:\/\/api.w.org\/{rel}","templated":true}]}}