{"id":707,"date":"2025-02-11T18:22:40","date_gmt":"2025-02-11T17:22:40","guid":{"rendered":"https:\/\/blogsaverroes.juntadeandalucia.es\/ultimadosis\/?page_id=707"},"modified":"2025-02-11T20:02:07","modified_gmt":"2025-02-11T19:02:07","slug":"inventario","status":"publish","type":"page","link":"https:\/\/blogsaverroes.juntadeandalucia.es\/ultimadosis\/inventario\/","title":{"rendered":"Inventario"},"content":{"rendered":"<p>Las latas de comida enlatada son muy importantes, pero tambi\u00e9n hay otros objetos que te ayudar\u00e1n a sobrevivir durante la aventura. Pulsa en las im\u00e1genes de los objetos para comprobar las existencias que tienes de cada uno de ellos:<\/p>\n<table style=\"border-collapse: collapse;width: 100%\">\n<tbody>\n<tr>\n<td style=\"width: 50%\"><a href=\"https:\/\/www.canva.com\/design\/DAGezxnHGvo\/bLbJdaVnp24Cpoj0H_xgew\/view?utm_content=DAGezxnHGvo&amp;utm_campaign=designshare&amp;utm_medium=link2&amp;utm_source=uniquelinks&amp;utlId=h4bd9d8a055\"><img loading=\"lazy\" decoding=\"async\" class=\"aligncenter wp-image-719 size-medium\" src=\"https:\/\/blogsaverroes.juntadeandalucia.es\/ultimadosis\/files\/2025\/02\/3-300x300.png\" alt=\"\" width=\"300\" height=\"300\" srcset=\"https:\/\/blogsaverroes.juntadeandalucia.es\/ultimadosis\/files\/2025\/02\/3-300x300.png 300w, https:\/\/blogsaverroes.juntadeandalucia.es\/ultimadosis\/files\/2025\/02\/3-150x150.png 150w, https:\/\/blogsaverroes.juntadeandalucia.es\/ultimadosis\/files\/2025\/02\/3-768x768.png 768w, https:\/\/blogsaverroes.juntadeandalucia.es\/ultimadosis\/files\/2025\/02\/3.png 1000w\" sizes=\"(max-width: 300px) 100vw, 300px\" \/><\/a><\/td>\n<td style=\"width: 50%\">\n<p style=\"text-align: center\"><strong>Amuleto de la suerte.<\/strong> Cuando uses la carta para coger un manga o c\u00f3mic sumas +1 a tu tirada de dados por cada amuleto que tengas en tu poder.<\/p>\n<p style=\"text-align: center\">Puedes conseguir hasta un m\u00e1ximo de tres amuletos a lo largo de la aventura.<\/p>\n<\/td>\n<\/tr>\n<tr>\n<td style=\"width: 50%\"><img loading=\"lazy\" decoding=\"async\" class=\"aligncenter wp-image-720 size-medium\" src=\"https:\/\/blogsaverroes.juntadeandalucia.es\/ultimadosis\/files\/2025\/02\/1-300x300.png\" alt=\"\" width=\"300\" height=\"300\" srcset=\"https:\/\/blogsaverroes.juntadeandalucia.es\/ultimadosis\/files\/2025\/02\/1-300x300.png 300w, https:\/\/blogsaverroes.juntadeandalucia.es\/ultimadosis\/files\/2025\/02\/1-150x150.png 150w, https:\/\/blogsaverroes.juntadeandalucia.es\/ultimadosis\/files\/2025\/02\/1-768x768.png 768w, https:\/\/blogsaverroes.juntadeandalucia.es\/ultimadosis\/files\/2025\/02\/1.png 1000w\" sizes=\"(max-width: 300px) 100vw, 300px\" \/><\/td>\n<td style=\"width: 50%\">\n<p style=\"text-align: center\"><strong>Botes de pastillas.\u00a0<\/strong>Si consigues 10, puedes cambiar una carita roja por una carita verde (\u00fanicamente puedes hacer el cambio en el momento que \u00abconsigues\u00bb una carita roja).<\/p>\n<\/td>\n<\/tr>\n<tr>\n<td style=\"width: 50%\"><img loading=\"lazy\" decoding=\"async\" class=\"aligncenter wp-image-721 size-medium\" src=\"https:\/\/blogsaverroes.juntadeandalucia.es\/ultimadosis\/files\/2025\/02\/2-300x300.png\" alt=\"\" width=\"300\" height=\"300\" srcset=\"https:\/\/blogsaverroes.juntadeandalucia.es\/ultimadosis\/files\/2025\/02\/2-300x300.png 300w, https:\/\/blogsaverroes.juntadeandalucia.es\/ultimadosis\/files\/2025\/02\/2-150x150.png 150w, https:\/\/blogsaverroes.juntadeandalucia.es\/ultimadosis\/files\/2025\/02\/2-768x768.png 768w, https:\/\/blogsaverroes.juntadeandalucia.es\/ultimadosis\/files\/2025\/02\/2.png 1000w\" sizes=\"(max-width: 300px) 100vw, 300px\" \/><\/td>\n<td style=\"width: 50%\">\n<p style=\"text-align: center\"><strong>Llave inglesa. <\/strong>\u00bfPara qu\u00e9 podr\u00e1s usarla?<\/p>\n<\/td>\n<\/tr>\n<\/tbody>\n<\/table>\n<p><img loading=\"lazy\" decoding=\"async\" class=\"alignnone size-full wp-image-205\" src=\"https:\/\/blogsaverroes.juntadeandalucia.es\/ultimadosis\/files\/2024\/05\/Borde-inferior.png\" alt=\"\" width=\"2000\" height=\"200\" srcset=\"https:\/\/blogsaverroes.juntadeandalucia.es\/ultimadosis\/files\/2024\/05\/Borde-inferior.png 2000w, https:\/\/blogsaverroes.juntadeandalucia.es\/ultimadosis\/files\/2024\/05\/Borde-inferior-300x30.png 300w, https:\/\/blogsaverroes.juntadeandalucia.es\/ultimadosis\/files\/2024\/05\/Borde-inferior-1024x102.png 1024w, https:\/\/blogsaverroes.juntadeandalucia.es\/ultimadosis\/files\/2024\/05\/Borde-inferior-768x77.png 768w, https:\/\/blogsaverroes.juntadeandalucia.es\/ultimadosis\/files\/2024\/05\/Borde-inferior-1536x154.png 1536w\" sizes=\"(max-width: 2000px) 100vw, 2000px\" \/><\/p>\n","protected":false},"excerpt":{"rendered":"<p>Las latas de comida enlatada son muy importantes, pero tambi\u00e9n hay otros objetos que te ayudar\u00e1n a sobrevivir durante la aventura. Pulsa en las im\u00e1genes&hellip;<\/p>\n","protected":false},"author":6073,"featured_media":0,"parent":0,"menu_order":0,"comment_status":"closed","ping_status":"closed","template":"","meta":{"footnotes":""},"aioseo_notices":[],"_links":{"self":[{"href":"https:\/\/blogsaverroes.juntadeandalucia.es\/ultimadosis\/wp-json\/wp\/v2\/pages\/707"}],"collection":[{"href":"https:\/\/blogsaverroes.juntadeandalucia.es\/ultimadosis\/wp-json\/wp\/v2\/pages"}],"about":[{"href":"https:\/\/blogsaverroes.juntadeandalucia.es\/ultimadosis\/wp-json\/wp\/v2\/types\/page"}],"author":[{"embeddable":true,"href":"https:\/\/blogsaverroes.juntadeandalucia.es\/ultimadosis\/wp-json\/wp\/v2\/users\/6073"}],"replies":[{"embeddable":true,"href":"https:\/\/blogsaverroes.juntadeandalucia.es\/ultimadosis\/wp-json\/wp\/v2\/comments?post=707"}],"version-history":[{"count":7,"href":"https:\/\/blogsaverroes.juntadeandalucia.es\/ultimadosis\/wp-json\/wp\/v2\/pages\/707\/revisions"}],"predecessor-version":[{"id":715,"href":"https:\/\/blogsaverroes.juntadeandalucia.es\/ultimadosis\/wp-json\/wp\/v2\/pages\/707\/revisions\/715"}],"wp:attachment":[{"href":"https:\/\/blogsaverroes.juntadeandalucia.es\/ultimadosis\/wp-json\/wp\/v2\/media?parent=707"}],"curies":[{"name":"wp","href":"https:\/\/api.w.org\/{rel}","templated":true}]}}