{"id":957,"date":"2025-05-25T10:25:07","date_gmt":"2025-05-25T08:25:07","guid":{"rendered":"https:\/\/blogsaverroes.juntadeandalucia.es\/ultimadosis\/?page_id=957"},"modified":"2025-05-25T10:25:07","modified_gmt":"2025-05-25T08:25:07","slug":"la-zona-gris","status":"publish","type":"page","link":"https:\/\/blogsaverroes.juntadeandalucia.es\/ultimadosis\/la-zona-gris\/","title":{"rendered":"La Zona Gris"},"content":{"rendered":"<p data-start=\"190\" data-end=\"439\"><img loading=\"lazy\" decoding=\"async\" class=\"alignnone size-full wp-image-965\" src=\"https:\/\/blogsaverroes.juntadeandalucia.es\/ultimadosis\/files\/2025\/05\/Zona-gris-mapa-scaled.jpg\" alt=\"\" width=\"2560\" height=\"1448\" srcset=\"https:\/\/blogsaverroes.juntadeandalucia.es\/ultimadosis\/files\/2025\/05\/Zona-gris-mapa-scaled.jpg 2560w, https:\/\/blogsaverroes.juntadeandalucia.es\/ultimadosis\/files\/2025\/05\/Zona-gris-mapa-300x170.jpg 300w, https:\/\/blogsaverroes.juntadeandalucia.es\/ultimadosis\/files\/2025\/05\/Zona-gris-mapa-1024x579.jpg 1024w, https:\/\/blogsaverroes.juntadeandalucia.es\/ultimadosis\/files\/2025\/05\/Zona-gris-mapa-768x434.jpg 768w, https:\/\/blogsaverroes.juntadeandalucia.es\/ultimadosis\/files\/2025\/05\/Zona-gris-mapa-1536x869.jpg 1536w, https:\/\/blogsaverroes.juntadeandalucia.es\/ultimadosis\/files\/2025\/05\/Zona-gris-mapa-2048x1158.jpg 2048w\" sizes=\"(max-width: 2560px) 100vw, 2560px\" \/><\/p>\n<p data-start=\"190\" data-end=\"439\">Oculta entre los l\u00edmites difusos de la ciudad devastada, la Zona Gris es un lugar donde el tiempo parece haberse detenido. Sus pasillos retorcidos, estructuras corro\u00eddas y se\u00f1ales apagadas guardan los restos de lo que una vez fue\u2026 o pudo haber sido.<\/p>\n<p data-start=\"441\" data-end=\"670\">Quienes se atreven a cruzarla deben enfrentarse no solo a los vestigios del pasado, sino tambi\u00e9n a las dudas que susurra el silencio. Nada en esta zona es lo que aparenta, y cada rinc\u00f3n parece esperar al siguiente en descubrirlo.<\/p>\n<p data-start=\"441\" data-end=\"670\">Aqu\u00ed se ha refugiado Tob\u00edas Darwin, el cient\u00edfico renegado. El idealista que ha cruzado la delgada l\u00ednea entre el conocimiento y la obsesi\u00f3n. Sabemos que su familia hab\u00eda estado implicada en los primeros ensayos de la vacuna. Pero lo que no sab\u00edamos era que Tob\u00edas hab\u00eda continuado el trabajo&#8230; en secreto. En soledad. Al margen de toda \u00e9tica.<\/p>\n<p data-start=\"441\" data-end=\"670\">Si nuestros informes est\u00e1n en lo cierto podr\u00edamos encontrar el laboratorio de Tob\u00edas en La Zona Gris. \u00bfNos ayudar\u00e1 su hermana a detenerlo?<\/p>\n<p data-start=\"441\" data-end=\"670\"><img loading=\"lazy\" decoding=\"async\" class=\"alignnone size-full wp-image-963\" src=\"https:\/\/blogsaverroes.juntadeandalucia.es\/ultimadosis\/files\/2025\/05\/Darwin.jpg\" alt=\"\" width=\"2048\" height=\"1157\" srcset=\"https:\/\/blogsaverroes.juntadeandalucia.es\/ultimadosis\/files\/2025\/05\/Darwin.jpg 2048w, https:\/\/blogsaverroes.juntadeandalucia.es\/ultimadosis\/files\/2025\/05\/Darwin-300x169.jpg 300w, https:\/\/blogsaverroes.juntadeandalucia.es\/ultimadosis\/files\/2025\/05\/Darwin-1024x579.jpg 1024w, https:\/\/blogsaverroes.juntadeandalucia.es\/ultimadosis\/files\/2025\/05\/Darwin-768x434.jpg 768w, https:\/\/blogsaverroes.juntadeandalucia.es\/ultimadosis\/files\/2025\/05\/Darwin-1536x868.jpg 1536w\" sizes=\"(max-width: 2048px) 100vw, 2048px\" \/><\/p>\n<p data-start=\"595\" data-end=\"626\">Prep\u00e1rate para lo impredecible&#8230;<\/p>\n<p data-start=\"595\" data-end=\"626\"><a href=\"https:\/\/view.genially.com\/68175890394add56d38a78af\" target=\"_blank\" rel=\"noopener\"><img loading=\"lazy\" decoding=\"async\" class=\"alignnone wp-image-964 size-full\" src=\"https:\/\/blogsaverroes.juntadeandalucia.es\/ultimadosis\/files\/2025\/05\/La-zona-gris-Genially.jpg\" alt=\"\" width=\"2048\" height=\"1157\" srcset=\"https:\/\/blogsaverroes.juntadeandalucia.es\/ultimadosis\/files\/2025\/05\/La-zona-gris-Genially.jpg 2048w, https:\/\/blogsaverroes.juntadeandalucia.es\/ultimadosis\/files\/2025\/05\/La-zona-gris-Genially-300x169.jpg 300w, https:\/\/blogsaverroes.juntadeandalucia.es\/ultimadosis\/files\/2025\/05\/La-zona-gris-Genially-1024x579.jpg 1024w, https:\/\/blogsaverroes.juntadeandalucia.es\/ultimadosis\/files\/2025\/05\/La-zona-gris-Genially-768x434.jpg 768w, https:\/\/blogsaverroes.juntadeandalucia.es\/ultimadosis\/files\/2025\/05\/La-zona-gris-Genially-1536x868.jpg 1536w\" sizes=\"(max-width: 2048px) 100vw, 2048px\" \/><\/a><\/p>\n<p data-start=\"441\" data-end=\"670\"><img loading=\"lazy\" decoding=\"async\" class=\"alignnone size-full wp-image-205\" src=\"https:\/\/blogsaverroes.juntadeandalucia.es\/ultimadosis\/files\/2024\/05\/Borde-inferior.png\" alt=\"\" width=\"2000\" height=\"200\" srcset=\"https:\/\/blogsaverroes.juntadeandalucia.es\/ultimadosis\/files\/2024\/05\/Borde-inferior.png 2000w, https:\/\/blogsaverroes.juntadeandalucia.es\/ultimadosis\/files\/2024\/05\/Borde-inferior-300x30.png 300w, https:\/\/blogsaverroes.juntadeandalucia.es\/ultimadosis\/files\/2024\/05\/Borde-inferior-1024x102.png 1024w, https:\/\/blogsaverroes.juntadeandalucia.es\/ultimadosis\/files\/2024\/05\/Borde-inferior-768x77.png 768w, https:\/\/blogsaverroes.juntadeandalucia.es\/ultimadosis\/files\/2024\/05\/Borde-inferior-1536x154.png 1536w\" sizes=\"(max-width: 2000px) 100vw, 2000px\" \/><\/p>\n","protected":false},"excerpt":{"rendered":"<p>Oculta entre los l\u00edmites difusos de la ciudad devastada, la Zona Gris es un lugar donde el tiempo parece haberse detenido. Sus pasillos retorcidos, estructuras&hellip;<\/p>\n","protected":false},"author":6073,"featured_media":0,"parent":0,"menu_order":0,"comment_status":"closed","ping_status":"closed","template":"","meta":{"footnotes":""},"aioseo_notices":[],"_links":{"self":[{"href":"https:\/\/blogsaverroes.juntadeandalucia.es\/ultimadosis\/wp-json\/wp\/v2\/pages\/957"}],"collection":[{"href":"https:\/\/blogsaverroes.juntadeandalucia.es\/ultimadosis\/wp-json\/wp\/v2\/pages"}],"about":[{"href":"https:\/\/blogsaverroes.juntadeandalucia.es\/ultimadosis\/wp-json\/wp\/v2\/types\/page"}],"author":[{"embeddable":true,"href":"https:\/\/blogsaverroes.juntadeandalucia.es\/ultimadosis\/wp-json\/wp\/v2\/users\/6073"}],"replies":[{"embeddable":true,"href":"https:\/\/blogsaverroes.juntadeandalucia.es\/ultimadosis\/wp-json\/wp\/v2\/comments?post=957"}],"version-history":[{"count":3,"href":"https:\/\/blogsaverroes.juntadeandalucia.es\/ultimadosis\/wp-json\/wp\/v2\/pages\/957\/revisions"}],"predecessor-version":[{"id":966,"href":"https:\/\/blogsaverroes.juntadeandalucia.es\/ultimadosis\/wp-json\/wp\/v2\/pages\/957\/revisions\/966"}],"wp:attachment":[{"href":"https:\/\/blogsaverroes.juntadeandalucia.es\/ultimadosis\/wp-json\/wp\/v2\/media?parent=957"}],"curies":[{"name":"wp","href":"https:\/\/api.w.org\/{rel}","templated":true}]}}