{"id":25,"date":"2021-03-17T16:10:40","date_gmt":"2021-03-17T16:10:40","guid":{"rendered":"https:\/\/blogsaverroes.juntadeandalucia.es\/erasmuspluska227\/?page_id=25"},"modified":"2021-04-06T23:13:54","modified_gmt":"2021-04-06T23:13:54","slug":"partners","status":"publish","type":"page","link":"https:\/\/blogsaverroes.juntadeandalucia.es\/unitedcolors\/partners\/","title":{"rendered":"Applicant and Partners"},"content":{"rendered":"<p><a href=\"#\"><img loading=\"lazy\" decoding=\"async\" class=\" wp-image-95 alignnone\" src=\"https:\/\/blogsaverroes.juntadeandalucia.es\/unitedcolors\/files\/2021\/03\/boton-applicant-organisation_v2.jpg\" alt=\"\" width=\"423\" height=\"142\" srcset=\"https:\/\/blogsaverroes.juntadeandalucia.es\/unitedcolors\/files\/2021\/03\/boton-applicant-organisation_v2.jpg 656w, https:\/\/blogsaverroes.juntadeandalucia.es\/unitedcolors\/files\/2021\/03\/boton-applicant-organisation_v2-300x101.jpg 300w\" sizes=\"(max-width: 423px) 100vw, 423px\" \/><\/a><\/p>\n<p><a href=\"https:\/\/blogsaverroes.juntadeandalucia.es\/unitedcolors\/files\/2021\/04\/ies-nazar\u00ed.png\"><img loading=\"lazy\" decoding=\"async\" class=\" wp-image-294 alignnone\" src=\"https:\/\/blogsaverroes.juntadeandalucia.es\/unitedcolors\/files\/2021\/04\/ies-nazar\u00ed.png\" alt=\"\" width=\"422\" height=\"60\" srcset=\"https:\/\/blogsaverroes.juntadeandalucia.es\/unitedcolors\/files\/2021\/04\/ies-nazar\u00ed.png 648w, https:\/\/blogsaverroes.juntadeandalucia.es\/unitedcolors\/files\/2021\/04\/ies-nazar\u00ed-300x43.png 300w\" sizes=\"(max-width: 422px) 100vw, 422px\" \/><\/a><\/p>\n<p><span style=\"color: #ff00ff\"><strong><span style=\"color: #00bfff\">IES Nazar\u00ed &#8211; <span style=\"color: #e91e63\">Spain<\/span><\/span><br \/>\n<\/strong><\/span><\/p>\n<div class=\"vlr-projectCard__coordinator_details_prop\">\n<div class=\"vlr-projectCard__coordinator_details_address\">\n<div class=\"vlr-projectCard__coordinator_details_address_street\">Avenida de Nicaragua, s\/n<\/div>\n<div class=\"vlr-projectCard__coordinator_details_address_postalCode\">18680<\/div>\n<div class=\"vlr-projectCard__coordinator_details_address_city\">Salobre\u00f1a<\/div>\n<div class=\"vlr-projectCard__coordinator_details_address_region\">Andaluc\u00eda<\/div>\n<\/div>\n<div class=\"vlr-projectCard__coordinator_details_website\"><a href=\"http:\/\/www.juntadeandalucia.es\/averroes\/centros-tic\/18000519\/helvia\/sitio\/\" target=\"_blank\" rel=\"noopener external noreferrer\">http:\/\/www.juntadeandalucia.es\/averroes\/centros-tic\/18000519\/helvia\/sitio\/<\/a><\/div>\n<div class=\"vlr-projectCard__coordinator_details_orgType\"><strong>Organisation type:<\/strong> School\/Institute\/Educational centre \u2013 General education (secondary level)<\/div>\n<\/div>\n<hr>\n<p><a href=\"#\"><img loading=\"lazy\" decoding=\"async\" class=\" wp-image-60 alignnone\" src=\"https:\/\/blogsaverroes.juntadeandalucia.es\/unitedcolors\/files\/2021\/03\/boton-partner-organisationsv1.jpg\" alt=\"\" width=\"420\" height=\"144\" srcset=\"https:\/\/blogsaverroes.juntadeandalucia.es\/unitedcolors\/files\/2021\/03\/boton-partner-organisationsv1.jpg 641w, https:\/\/blogsaverroes.juntadeandalucia.es\/unitedcolors\/files\/2021\/03\/boton-partner-organisationsv1-300x103.jpg 300w\" sizes=\"(max-width: 420px) 100vw, 420px\" \/><\/a><\/p>\n<hr>\n<div class=\"\" data-toggle=\"collapse\" data-target=\"#Partners0\">\n<div class=\"vlr-projectCard__partners_details_name col-md-10\"><strong><span style=\"color: #ff00ff\"><span style=\"color: #ff9800\">COUNCIL FOR PREVENTION OF JUVENILE DELINQUENCY KAVADARCI &#8211; <span style=\"color: #e91e63\">The North of Macedonia<\/span><\/span><br \/>\n<\/span><\/strong><\/div>\n<\/div>\n<div id=\"Partners0\" class=\"vlr-projectCard__partners_details_prop partnerIndex collapse in\">\n<div class=\"vlr-projectCard__partners_details_address\">\n<div class=\"vlr-projectCard__partners_details_address_street\">ST ZAPADEN BULEVAR BB KAVADARCI<\/div>\n<div class=\"vlr-projectCard__partners_details_address_postalCode\">1430<\/div>\n<div class=\"vlr-projectCard__partners_details_address_city\">KAVADARCI<\/div>\n<div class=\"vlr-projectCard__partners_details_address_region\">\u0412\u0430\u0440\u0434\u0430\u0440\u0441\u043a\u0438 (Vardarski)<\/div>\n<\/div>\n<div class=\"vlr-projectCard__partners_details_website\"><a href=\"http:\/\/www.sppmd.wordpress.org\" target=\"_blank\" rel=\"noopener external noreferrer\">http:\/\/www.sppmd.wordpress.org<\/a><\/div>\n<div class=\"vlr-projectCard__partners_details_orgType\">\n<p><strong>Organisation type:<\/strong> Non-governmental organisation\/association\/social enterprise<\/p>\n<hr>\n<\/div>\n<\/div>\n<div>\n<div class=\"\" data-toggle=\"collapse\" data-target=\"#Partners1\">\n<div class=\"vlr-projectCard__partners_details_name col-md-10\"><strong><span style=\"color: #ff00ff\"><span style=\"color: #ff9800\">BAKIRKOY ILCE MILLI EGITIM MUDURLUGU &#8211; <span style=\"color: #e91e63\">Turkey<\/span><\/span><br \/>\n<\/span><\/strong><\/div>\n<\/div>\n<div id=\"Partners1\" class=\"vlr-projectCard__partners_details_prop partnerIndex collapse in\">\n<div class=\"vlr-projectCard__partners_details_address\">\n<div class=\"vlr-projectCard__partners_details_address_street\">General \u015e\u00fckr\u00fc Kanatl\u0131 Caddesi Kartaltepe Mahallesi<\/div>\n<div class=\"vlr-projectCard__partners_details_address_postalCode\">34200<\/div>\n<div class=\"vlr-projectCard__partners_details_address_city\">\u0130STANBUL<\/div>\n<div class=\"vlr-projectCard__partners_details_address_region\">\u0130stanbul<\/div>\n<\/div>\n<div class=\"vlr-projectCard__partners_details_website\"><a href=\"http:\/\/bakirkoy.meb.gov.tr\/\" target=\"_blank\" rel=\"noopener external noreferrer\">http:\/\/bakirkoy.meb.gov.tr\/<\/a><\/div>\n<div class=\"vlr-projectCard__partners_details_orgType\">\n<p><strong>Organisation type:<\/strong> Local Public body<\/p>\n<hr>\n<\/div>\n<div>\n<div class=\"\" data-toggle=\"collapse\" data-target=\"#Partners2\">\n<div class=\"vlr-projectCard__partners_details_country col-md-1\">\n<div class=\"vlr-projectCard__partners_details_name col-md-10\"><span style=\"color: #ff00ff\"><strong><span style=\"color: #ff9800\">Caribbean Youth and Sport Foundation &#8211; <span style=\"color: #e91e63\">Netherlands<\/span><\/span><br \/>\n<\/strong><\/span><\/div>\n<\/div>\n<\/div>\n<div id=\"Partners2\" class=\"vlr-projectCard__partners_details_prop partnerIndex collapse in\">\n<div class=\"vlr-projectCard__partners_details_address\">\n<div class=\"vlr-projectCard__partners_details_address_street\">Peach Road No:12 Cul De Sac<\/div>\n<div class=\"vlr-projectCard__partners_details_address_postalCode\">1743 NL<\/div>\n<div class=\"vlr-projectCard__partners_details_address_city\">Cul De Sac<\/div>\n<div class=\"vlr-projectCard__partners_details_address_region\">Drenthe<\/div>\n<\/div>\n<div class=\"vlr-projectCard__partners_details_website\"><a href=\"http:\/\/www.carysf.com\" target=\"_blank\" rel=\"noopener external noreferrer\">http:\/\/www.carysf.com<\/a><\/div>\n<div class=\"vlr-projectCard__partners_details_orgType\">\n<p><strong>Organisation type:<\/strong> Non-governmental organisation\/association\/social enterprise<\/p>\n<hr>\n<\/div>\n<div>\n<div class=\"\" data-toggle=\"collapse\" data-target=\"#Partners3\">\n<div class=\"vlr-projectCard__partners_details_name col-md-10\"><strong><span style=\"color: #ff00ff\"><span style=\"color: #ff9800\">Gaziantep Vehbi Dincerler Fen Lisesi &#8211; <span style=\"color: #e91e63\">Turkey<\/span><\/span><br \/>\n<\/span><\/strong><\/div>\n<\/div>\n<div id=\"Partners3\" class=\"vlr-projectCard__partners_details_prop partnerIndex collapse in\">\n<div class=\"vlr-projectCard__partners_details_address\">\n<div class=\"vlr-projectCard__partners_details_address_street\">Osman Gazi Mah, 56063 Sok, NO:20 \u015eehitkamil<\/div>\n<div class=\"vlr-projectCard__partners_details_address_postalCode\">27560<\/div>\n<div class=\"vlr-projectCard__partners_details_address_city\">Gaziantep<\/div>\n<div class=\"vlr-projectCard__partners_details_address_region\">Gaziantep<\/div>\n<\/div>\n<div class=\"vlr-projectCard__partners_details_website\"><a href=\"http:\/\/www.gvdfl.meb.k12.tr\" target=\"_blank\" rel=\"noopener external noreferrer\">http:\/\/www.gvdfl.meb.k12.tr<\/a><\/div>\n<div class=\"vlr-projectCard__partners_details_orgType\">\n<p><strong>Organisation type:<\/strong> School\/Institute\/Educational centre \u2013 General education (secondary level)<\/p>\n<hr>\n<\/div>\n<div>\n<div class=\"\" data-toggle=\"collapse\" data-target=\"#Partners4\">\n<div class=\"vlr-projectCard__partners_details_country col-md-1\">\n<div class=\"vlr-projectCard__partners_details_name col-md-10\"><strong><span style=\"color: #ff00ff\"><span style=\"color: #ff9800\">Greek Secondary School of London &#8211; <span style=\"color: #e91e63\">United Kingdom<\/span><\/span><br \/>\n<\/span><\/strong><\/div>\n<\/div>\n<\/div>\n<div id=\"Partners4\" class=\"vlr-projectCard__partners_details_prop partnerIndex collapse in\">\n<div class=\"vlr-projectCard__partners_details_address\">\n<div class=\"vlr-projectCard__partners_details_address_street\">22 TRINITY ROAD<\/div>\n<div class=\"vlr-projectCard__partners_details_address_postalCode\">N22 8LB<\/div>\n<div class=\"vlr-projectCard__partners_details_address_city\">LONDON<\/div>\n<div class=\"vlr-projectCard__partners_details_address_region\">Inner London<\/div>\n<\/div>\n<div class=\"vlr-projectCard__partners_details_website\"><a href=\"https:\/\/greekschool-london.wixsite.com\/mysite\" target=\"_blank\" rel=\"noopener external noreferrer\">https:\/\/greekschool-london.wixsite.com\/mysite<\/a><\/div>\n<div class=\"vlr-projectCard__partners_details_orgType\">\n<p><strong>Organisation type:<\/strong> School\/Institute\/Educational centre \u2013 General education (secondary level)<\/p>\n<hr>\n<\/div>\n<div>\n<div class=\"\" data-toggle=\"collapse\" data-target=\"#Partners5\">\n<div class=\"vlr-projectCard__partners_details_name col-md-10\"><span style=\"color: #ff00ff\"><strong><span style=\"color: #ff9800\">MT\u00dc Rabarada &#8211; <span style=\"color: #e91e63\">Estonia<\/span><\/span><br \/>\n<\/strong><\/span><\/div>\n<\/div>\n<div id=\"Partners5\" class=\"vlr-projectCard__partners_details_prop partnerIndex collapse in\">\n<div class=\"vlr-projectCard__partners_details_address\">\n<div class=\"vlr-projectCard__partners_details_address_street\">Lageda tee 2c\u20132<\/div>\n<div class=\"vlr-projectCard__partners_details_address_postalCode\">74020<\/div>\n<div class=\"vlr-projectCard__partners_details_address_city\">P\u00e4rnam\u00e4e<\/div>\n<div class=\"vlr-projectCard__partners_details_address_region\">P\u00f5hja-Eesti<\/div>\n<\/div>\n<div class=\"vlr-projectCard__partners_details_orgType\">\n<p><strong>Organisation type:<\/strong> Non-governmental organisation\/association\/social enterprise<\/p>\n<hr>\n<\/div>\n<div>\n<div class=\"\" data-toggle=\"collapse\" data-target=\"#Partners6\">\n<div class=\"vlr-projectCard__partners_details_country col-md-1\">\n<div class=\"vlr-projectCard__partners_details_name col-md-10\"><span style=\"color: #ff00ff\"><strong><span style=\"color: #ff9800\">Associa\u00e7\u00e3o Cultural e de solidariedade Social Raquel Lombardi &#8211; <span style=\"color: #e91e63\">Portugal<\/span><\/span><br \/>\n<\/strong><\/span><\/div>\n<\/div>\n<\/div>\n<div id=\"Partners6\" class=\"vlr-projectCard__partners_details_prop partnerIndex collapse in\">\n<div class=\"vlr-projectCard__partners_details_address\">\n<div class=\"vlr-projectCard__partners_details_address_street\">beco Dr. Joaquim carlos, 1\u00aa descida n12<\/div>\n<div class=\"vlr-projectCard__partners_details_address_postalCode\">9000-189<\/div>\n<div class=\"vlr-projectCard__partners_details_address_city\">Funchal<\/div>\n<div class=\"vlr-projectCard__partners_details_address_region\">Regi\u00e3o Aut\u00f3noma da Madeira<\/div>\n<\/div>\n<div class=\"vlr-projectCard__partners_details_orgType\">\n<p><strong>Organisation type:<\/strong> Non-governmental organisation\/association\/social enterprise<\/p>\n<hr>\n<\/div>\n<\/div>\n<\/div>\n<\/div>\n<\/div>\n<\/div>\n<\/div>\n<\/div>\n<\/div>\n<\/div>\n<\/div>\n<\/div>\n<\/div>\n<h4 id=\"map\" class=\"modal-title\"><span style=\"color: #e91e63;font-size: 14pt\"><span style=\"color: #00bfff\">Project Coordinator<\/span> <span style=\"color: #ff9800\">and<\/span> Partners <span style=\"color: #646464\">Map<\/span><\/span><\/h4>\n<p><a href=\"https:\/\/blogsaverroes.juntadeandalucia.es\/unitedcolors\/files\/2021\/04\/map-united-colors-.png\"><img loading=\"lazy\" decoding=\"async\" class=\"wp-image-318 alignnone\" src=\"https:\/\/blogsaverroes.juntadeandalucia.es\/unitedcolors\/files\/2021\/04\/map-united-colors-.png\" alt=\"\" width=\"555\" height=\"288\" srcset=\"https:\/\/blogsaverroes.juntadeandalucia.es\/unitedcolors\/files\/2021\/04\/map-united-colors-.png 1076w, https:\/\/blogsaverroes.juntadeandalucia.es\/unitedcolors\/files\/2021\/04\/map-united-colors--300x156.png 300w, https:\/\/blogsaverroes.juntadeandalucia.es\/unitedcolors\/files\/2021\/04\/map-united-colors--1024x531.png 1024w, https:\/\/blogsaverroes.juntadeandalucia.es\/unitedcolors\/files\/2021\/04\/map-united-colors--768x398.png 768w\" sizes=\"(max-width: 555px) 100vw, 555px\" \/><\/a><\/p>\n","protected":false},"excerpt":{"rendered":"<p>IES Nazar\u00ed &#8211; Spain Avenida de Nicaragua, s\/n 18680 Salobre\u00f1a Andaluc\u00eda http:\/\/www.juntadeandalucia.es\/averroes\/centros-tic\/18000519\/helvia\/sitio\/ Organisation type: School\/Institute\/Educational centre \u2013 General education (secondary level) COUNCIL FOR PREVENTION OF&hellip;<\/p>\n","protected":false},"author":3523,"featured_media":0,"parent":0,"menu_order":0,"comment_status":"closed","ping_status":"closed","template":"","meta":{"ngg_post_thumbnail":0,"footnotes":""},"aioseo_notices":[],"_links":{"self":[{"href":"https:\/\/blogsaverroes.juntadeandalucia.es\/unitedcolors\/wp-json\/wp\/v2\/pages\/25"}],"collection":[{"href":"https:\/\/blogsaverroes.juntadeandalucia.es\/unitedcolors\/wp-json\/wp\/v2\/pages"}],"about":[{"href":"https:\/\/blogsaverroes.juntadeandalucia.es\/unitedcolors\/wp-json\/wp\/v2\/types\/page"}],"author":[{"embeddable":true,"href":"https:\/\/blogsaverroes.juntadeandalucia.es\/unitedcolors\/wp-json\/wp\/v2\/users\/3523"}],"replies":[{"embeddable":true,"href":"https:\/\/blogsaverroes.juntadeandalucia.es\/unitedcolors\/wp-json\/wp\/v2\/comments?post=25"}],"version-history":[{"count":19,"href":"https:\/\/blogsaverroes.juntadeandalucia.es\/unitedcolors\/wp-json\/wp\/v2\/pages\/25\/revisions"}],"predecessor-version":[{"id":322,"href":"https:\/\/blogsaverroes.juntadeandalucia.es\/unitedcolors\/wp-json\/wp\/v2\/pages\/25\/revisions\/322"}],"wp:attachment":[{"href":"https:\/\/blogsaverroes.juntadeandalucia.es\/unitedcolors\/wp-json\/wp\/v2\/media?parent=25"}],"curies":[{"name":"wp","href":"https:\/\/api.w.org\/{rel}","templated":true}]}}