{"id":31,"date":"2020-03-13T22:25:47","date_gmt":"2020-03-13T21:25:47","guid":{"rendered":"https:\/\/blogsaverroes.juntadeandalucia.es\/valderrubio\/?page_id=31"},"modified":"2023-12-05T14:05:53","modified_gmt":"2023-12-05T13:05:53","slug":"junta-directiva","status":"publish","type":"page","link":"https:\/\/blogsaverroes.juntadeandalucia.es\/valderrubio\/junta-directiva\/","title":{"rendered":"EQUIPO DIRECTIVO"},"content":{"rendered":"<p style=\"text-align: justify\"><strong>Nuestro modelo de liderazgo es coherente y eficaz, y tiene la capacidad de estar por encima de las personas que lo proponen, adquiriendo una l\u00ednea y un valor de modelo de centro educativo.<\/strong><\/p>\n<p>Estos son nuestros principios:<\/p>\n<ul>\n<li style=\"text-align: justify\"><strong>Equidad<\/strong>: entendida a partir del conocimiento, la comprensi\u00f3n y respeto hacia las diferencias personales y socioculturales de los diferentes miembros de la comunidad educativa. Es la plataforma fundamental para la consecuci\u00f3n de la calidad educativa y la equiparaci\u00f3n de las desigualdades sociales.<\/li>\n<li style=\"text-align: justify\"><strong>Integraci\u00f3n e inclusi\u00f3n<\/strong>: afirma Valchou (1999) que \u00aben un mundo lleno de diferencias las normalidad no existe\u00bb. Desde este proyecto se pretende dar respuesta a la necesidad de inclusi\u00f3n a la diversidad natural de las personas que conformamos el centro, entendiendo esta diferencia como un recurso y nunca como un obst\u00e1culo.<\/li>\n<li style=\"text-align: justify\"><strong>Participaci\u00f3n<\/strong>: dotar de canales para la recogida de informaci\u00f3n desde todos los \u00f3rganos consultivos que se proponen debe ser la plataforma para la toma de decisiones que se llevar\u00e1n a cabo desde el equipo directivo. Creemos que el todo debe ser m\u00e1s que la suma de las partes y que en el di\u00e1logo y la confrontaci\u00f3n de ideas deben estar las herramientas fundamentales para conseguir los objetivos que nos proponemos desarrollar con este proyecto.<\/li>\n<li style=\"text-align: justify\"><strong>Democr\u00e1tico<\/strong>: como estilo de vida del centro educativo, como modo de organizaci\u00f3n basado en el respeto a la dignidad humana y de la libertad y los derechos de todas y todos los miembros de la comunidad. Generando espacios de convivencia y de cooperaci\u00f3n y utilizando para ello el consenso como elemento de toma de decisiones.<\/li>\n<li style=\"text-align: justify\"><strong>Impulso y de futuro<\/strong>: hacia aquellos objetivos y proyectos que constituyen las se\u00f1as de identidad del centro, potenciando y favoreciendo las condiciones que puedan enriquecerlos.<\/li>\n<\/ul>\n\n\t\t<style>\n\t\t\t#gallery-1 {\n\t\t\t\tmargin: auto;\n\t\t\t}\n\t\t\t#gallery-1 .gallery-item {\n\t\t\t\tfloat: left;\n\t\t\t\tmargin-top: 10px;\n\t\t\t\ttext-align: center;\n\t\t\t\twidth: 33%;\n\t\t\t}\n\t\t\t#gallery-1 img {\n\t\t\t\tborder: 2px solid #cfcfcf;\n\t\t\t}\n\t\t\t#gallery-1 .gallery-caption {\n\t\t\t\tmargin-left: 0;\n\t\t\t}\n\t\t\t\/* see gallery_shortcode() in wp-includes\/media.php *\/\n\t\t<\/style>\n\t\t<div id='gallery-1' class='gallery galleryid-31 gallery-columns-3 gallery-size-medium'><dl class='gallery-item'>\n\t\t\t<dt class='gallery-icon portrait'>\n\t\t\t\t<a href='https:\/\/blogsaverroes.juntadeandalucia.es\/valderrubio\/files\/2023\/01\/Imagen2-e1701780927891.png'><img loading=\"lazy\" decoding=\"async\" width=\"207\" height=\"300\" src=\"https:\/\/blogsaverroes.juntadeandalucia.es\/valderrubio\/files\/2023\/01\/Imagen2-e1701780927891-207x300.png\" class=\"attachment-medium size-medium\" alt=\"\" srcset=\"https:\/\/blogsaverroes.juntadeandalucia.es\/valderrubio\/files\/2023\/01\/Imagen2-e1701780927891-207x300.png 207w, https:\/\/blogsaverroes.juntadeandalucia.es\/valderrubio\/files\/2023\/01\/Imagen2-e1701780927891.png 349w\" sizes=\"(max-width: 207px) 100vw, 207px\" \/><\/a>\n\t\t\t<\/dt><\/dl><dl class='gallery-item'>\n\t\t\t<dt class='gallery-icon portrait'>\n\t\t\t\t<a href='https:\/\/blogsaverroes.juntadeandalucia.es\/valderrubio\/files\/2023\/12\/Diego-scaled-e1701781442793.jpg'><img loading=\"lazy\" decoding=\"async\" width=\"215\" height=\"300\" src=\"https:\/\/blogsaverroes.juntadeandalucia.es\/valderrubio\/files\/2023\/12\/Diego-scaled-e1701781442793-215x300.jpg\" class=\"attachment-medium size-medium\" alt=\"\" srcset=\"https:\/\/blogsaverroes.juntadeandalucia.es\/valderrubio\/files\/2023\/12\/Diego-scaled-e1701781442793-215x300.jpg 215w, https:\/\/blogsaverroes.juntadeandalucia.es\/valderrubio\/files\/2023\/12\/Diego-scaled-e1701781442793-736x1024.jpg 736w, https:\/\/blogsaverroes.juntadeandalucia.es\/valderrubio\/files\/2023\/12\/Diego-scaled-e1701781442793-768x1069.jpg 768w, https:\/\/blogsaverroes.juntadeandalucia.es\/valderrubio\/files\/2023\/12\/Diego-scaled-e1701781442793.jpg 928w\" sizes=\"(max-width: 215px) 100vw, 215px\" \/><\/a>\n\t\t\t<\/dt><\/dl><dl class='gallery-item'>\n\t\t\t<dt class='gallery-icon portrait'>\n\t\t\t\t<a href='https:\/\/blogsaverroes.juntadeandalucia.es\/valderrubio\/files\/2023\/12\/Roc\u00edo-scaled-e1701781192695.jpg'><img loading=\"lazy\" decoding=\"async\" width=\"205\" height=\"300\" src=\"https:\/\/blogsaverroes.juntadeandalucia.es\/valderrubio\/files\/2023\/12\/Roc\u00edo-scaled-e1701781192695-205x300.jpg\" class=\"attachment-medium size-medium\" alt=\"\" srcset=\"https:\/\/blogsaverroes.juntadeandalucia.es\/valderrubio\/files\/2023\/12\/Roc\u00edo-scaled-e1701781192695-205x300.jpg 205w, https:\/\/blogsaverroes.juntadeandalucia.es\/valderrubio\/files\/2023\/12\/Roc\u00edo-scaled-e1701781192695-699x1024.jpg 699w, https:\/\/blogsaverroes.juntadeandalucia.es\/valderrubio\/files\/2023\/12\/Roc\u00edo-scaled-e1701781192695.jpg 729w\" sizes=\"(max-width: 205px) 100vw, 205px\" \/><\/a>\n\t\t\t<\/dt><\/dl><br style=\"clear: both\" \/>\n\t\t<\/div>\n\n<table style=\"border-collapse: collapse;width: 100%\">\n<tbody>\n<tr>\n<td style=\"width: 33.3333%\">\n<p style=\"text-align: center\">\u00c1ngeles Castro (Direcci\u00f3n)<\/p>\n<\/td>\n<td style=\"width: 33.3333%;text-align: center\">Diego Garc\u00eda (Jefatura de Estudios)<\/td>\n<td style=\"width: 33.3333%;text-align: center\">Roc\u00edo Salda\u00f1a (Secretar\u00eda)<\/td>\n<\/tr>\n<\/tbody>\n<\/table>\n<p>&nbsp;<\/p>\n<p>&nbsp;<\/p>\n<p>&nbsp;<\/p>\n<p>&nbsp;<\/p>\n","protected":false},"excerpt":{"rendered":"<p>Nuestro modelo de liderazgo es coherente y eficaz, y tiene la capacidad de estar por encima de las personas que lo proponen, adquiriendo una l\u00ednea y un valor de modelo de centro educativo. Estos&#46;&#46;&#46;<\/p>\n","protected":false},"author":4031,"featured_media":0,"parent":0,"menu_order":0,"comment_status":"closed","ping_status":"closed","template":"","meta":{"_exactmetrics_skip_tracking":false,"_exactmetrics_sitenote_active":false,"_exactmetrics_sitenote_note":"","_exactmetrics_sitenote_category":0,"ngg_post_thumbnail":0,"footnotes":""},"aioseo_notices":[],"_links":{"self":[{"href":"https:\/\/blogsaverroes.juntadeandalucia.es\/valderrubio\/wp-json\/wp\/v2\/pages\/31"}],"collection":[{"href":"https:\/\/blogsaverroes.juntadeandalucia.es\/valderrubio\/wp-json\/wp\/v2\/pages"}],"about":[{"href":"https:\/\/blogsaverroes.juntadeandalucia.es\/valderrubio\/wp-json\/wp\/v2\/types\/page"}],"author":[{"embeddable":true,"href":"https:\/\/blogsaverroes.juntadeandalucia.es\/valderrubio\/wp-json\/wp\/v2\/users\/4031"}],"replies":[{"embeddable":true,"href":"https:\/\/blogsaverroes.juntadeandalucia.es\/valderrubio\/wp-json\/wp\/v2\/comments?post=31"}],"version-history":[{"count":10,"href":"https:\/\/blogsaverroes.juntadeandalucia.es\/valderrubio\/wp-json\/wp\/v2\/pages\/31\/revisions"}],"predecessor-version":[{"id":6238,"href":"https:\/\/blogsaverroes.juntadeandalucia.es\/valderrubio\/wp-json\/wp\/v2\/pages\/31\/revisions\/6238"}],"wp:attachment":[{"href":"https:\/\/blogsaverroes.juntadeandalucia.es\/valderrubio\/wp-json\/wp\/v2\/media?parent=31"}],"curies":[{"name":"wp","href":"https:\/\/api.w.org\/{rel}","templated":true}]}}