{"id":45,"date":"2020-03-13T22:29:24","date_gmt":"2020-03-13T21:29:24","guid":{"rendered":"https:\/\/blogsaverroes.juntadeandalucia.es\/valderrubio\/?page_id=45"},"modified":"2020-04-21T11:30:43","modified_gmt":"2020-04-21T09:30:43","slug":"biblioteca","status":"publish","type":"page","link":"https:\/\/blogsaverroes.juntadeandalucia.es\/valderrubio\/biblioteca\/","title":{"rendered":"BIBLIOTECA"},"content":{"rendered":"<hr>\n<h2><span style=\"font-size: 18pt;color: #000000\"><strong>D\u00eda del libro (abril 2020)<\/strong><\/span><\/h2>\n<p style=\"text-align: justify\"><span style=\"font-size: 14pt\">Hola a todos. En el colegio, como sab\u00e9is, siempre estamos pensando y trabajando para que la magia de la ense\u00f1anza no se pare. Y como no, nos gusta aprovechar cualquier evento para continuar con este mundo tan maravilloso de ir aprendiendo y ampliando nuestros conocimientos.<\/span><\/p>\n<p style=\"text-align: justify\"><span style=\"font-size: 14pt\">Como sab\u00e9is todos los a\u00f1os en el cole siempre hacemos alguna actividad especial para celebrar <em><strong>el d\u00eda del libro.&nbsp;<\/strong><\/em>Por eso os ofrecemos esta actividad que creemos que os va a gustar y que nos gustar\u00eda mucho que particip\u00e9is.<\/span><\/p>\n<p style=\"text-align: justify\"><span style=\"font-size: 14pt\">La idea es que ve\u00e1is este maravilloso corto donde el libro es el protagonista y luego us\u00e9is vuestra imaginaci\u00f3n y nos coment\u00e9is vuestra opini\u00f3n sobre \u00e9l y lo pong\u00e1is en el PADLET del colegio. Creemos que en una actividad muy original y f\u00e1cil de ense\u00f1ar a todos lo creativos que sois.<\/span><\/p>\n<p style=\"text-align: justify\"><span style=\"font-size: 14pt\">Esperamos todo el profesorado del centro vuestra participaci\u00f3n y sobre todo que disfrut\u00e9is y que sea una gran herramienta para que pod\u00e1is demostrar todo lo que llev\u00e1is dentro de vuestras cabezas, manos y coraz\u00f3n.<\/span><\/p>\n<p style=\"text-align: justify\"><span style=\"font-size: 14pt\">Aqu\u00ed ten\u00e9is el enlace de PADLET DEL COLEGIO.<\/span><\/p>\n<p style=\"text-align: justify\"><span style=\"font-size: 14pt\"><a href=\"https:\/\/padlet.com\/colegiovalderrubioprimaria2b\/lwmu1s52jyps1ub2\">https:\/\/padlet.com\/colegiovalderrubioprimaria2b\/lwmu1s52jyps1ub2<\/a><\/span><\/p>\n<p><iframe loading=\"lazy\" title=\"The Fantastic Flying Books of Mr. Morris Lessmore\" width=\"500\" height=\"281\" src=\"https:\/\/www.youtube.com\/embed\/C3JiosMG-6U?feature=oembed&#038;wmode=opaque\" frameborder=\"0\" allow=\"accelerometer; autoplay; encrypted-media; gyroscope; picture-in-picture\" allowfullscreen><\/iframe><\/p>\n<hr>\n<p style=\"text-align: justify\"><img loading=\"lazy\" decoding=\"async\" class=\"size-medium wp-image-1424 alignleft\" src=\"https:\/\/blogsaverroes.juntadeandalucia.es\/valderrubio\/files\/2020\/03\/caligrama2-300x242.jpg\" alt=\"\" width=\"300\" height=\"242\" srcset=\"https:\/\/blogsaverroes.juntadeandalucia.es\/valderrubio\/files\/2020\/03\/caligrama2-300x242.jpg 300w, https:\/\/blogsaverroes.juntadeandalucia.es\/valderrubio\/files\/2020\/03\/caligrama2-768x618.jpg 768w, https:\/\/blogsaverroes.juntadeandalucia.es\/valderrubio\/files\/2020\/03\/caligrama2-1024x824.jpg 1024w, https:\/\/blogsaverroes.juntadeandalucia.es\/valderrubio\/files\/2020\/03\/caligrama2-24x19.jpg 24w, https:\/\/blogsaverroes.juntadeandalucia.es\/valderrubio\/files\/2020\/03\/caligrama2-36x29.jpg 36w, https:\/\/blogsaverroes.juntadeandalucia.es\/valderrubio\/files\/2020\/03\/caligrama2-48x39.jpg 48w, https:\/\/blogsaverroes.juntadeandalucia.es\/valderrubio\/files\/2020\/03\/caligrama2.jpg 1698w\" sizes=\"(max-width: 300px) 100vw, 300px\" \/><\/p>\n<h2><span style=\"color: #000000\">D\u00eda de la poes\u00eda (marzo 2020)<\/span><\/h2>\n<h2><span style=\"font-size: 18pt;color: #000000\"><strong>D\u00eda de la poes\u00eda (marzo 2020)<\/strong><\/span><\/h2>\n<p style=\"text-align: justify\"><span style=\"font-size: 14pt\">Hola queridos lectores:<\/span><\/p>\n<p style=\"text-align: justify\"><span style=\"font-size: 14pt\">Os quer\u00eda hacer llegar una propuesta que se nos ha ocurrido desde el profesorado del nuestro centro que se nos ha gestado a ra\u00edz de la situaci\u00f3n en la que estamos viviendo. Lo que pretendemos es darle forma a una iniciativa que se esta llevando a cabo en otros centros de la provincia y queremos hacerlo tambi\u00e9n en nuestro centro por el motivo que nos une a todos ahora.<\/span><\/p>\n<p style=\"text-align: justify\"><span style=\"font-size: 14pt\">La idea es compartir la lectura de vuestro libro de la biblioteca del centro, u otro libro que le\u00e1is en casa, una vez acabo de leer.&nbsp; Puede ser el libro completo, fragmentos que os haya llamado la atenci\u00f3n, peque\u00f1as historias,cuentos, poemas, alg\u00fan texto que os resulte especial&#8230;. que se quiera compartir. El formato tambi\u00e9n puede ser diferente: audios, capturas de textos, v\u00eddeos&#8230;<\/span><\/p>\n<p style=\"text-align: justify\"><span style=\"font-size: 14pt\">Con esto lo que se pretende es hacer conocer a todos los miembros del centro las historias, aventuras y an\u00e9cdotas que corren los personajes de nuestros libros,&nbsp; y as\u00ed animar a la maravillosa aventura de la imaginaci\u00f3n y la lectura..<\/span><\/p>\n<p style=\"text-align: justify\"><span style=\"font-size: 14pt\">Para ellos os env\u00edo este enlace para que nos envi\u00e9is vuestros comentarios. Un abrazo y animo a todos.<\/span><\/p>\n","protected":false},"excerpt":{"rendered":"<p>D\u00eda del libro (abril 2020) Hola a todos. En el colegio, como sab\u00e9is, siempre estamos pensando y trabajando para que la magia de la ense\u00f1anza no se pare. Y como no, nos gusta aprovechar&#46;&#46;&#46;<\/p>\n","protected":false},"author":4031,"featured_media":0,"parent":0,"menu_order":0,"comment_status":"closed","ping_status":"closed","template":"","meta":{"_exactmetrics_skip_tracking":false,"_exactmetrics_sitenote_active":false,"_exactmetrics_sitenote_note":"","_exactmetrics_sitenote_category":0,"ngg_post_thumbnail":0,"footnotes":""},"aioseo_notices":[],"_links":{"self":[{"href":"https:\/\/blogsaverroes.juntadeandalucia.es\/valderrubio\/wp-json\/wp\/v2\/pages\/45"}],"collection":[{"href":"https:\/\/blogsaverroes.juntadeandalucia.es\/valderrubio\/wp-json\/wp\/v2\/pages"}],"about":[{"href":"https:\/\/blogsaverroes.juntadeandalucia.es\/valderrubio\/wp-json\/wp\/v2\/types\/page"}],"author":[{"embeddable":true,"href":"https:\/\/blogsaverroes.juntadeandalucia.es\/valderrubio\/wp-json\/wp\/v2\/users\/4031"}],"replies":[{"embeddable":true,"href":"https:\/\/blogsaverroes.juntadeandalucia.es\/valderrubio\/wp-json\/wp\/v2\/comments?post=45"}],"version-history":[{"count":8,"href":"https:\/\/blogsaverroes.juntadeandalucia.es\/valderrubio\/wp-json\/wp\/v2\/pages\/45\/revisions"}],"predecessor-version":[{"id":6256,"href":"https:\/\/blogsaverroes.juntadeandalucia.es\/valderrubio\/wp-json\/wp\/v2\/pages\/45\/revisions\/6256"}],"wp:attachment":[{"href":"https:\/\/blogsaverroes.juntadeandalucia.es\/valderrubio\/wp-json\/wp\/v2\/media?parent=45"}],"curies":[{"name":"wp","href":"https:\/\/api.w.org\/{rel}","templated":true}]}}