{"id":6277,"date":"2024-02-23T11:46:28","date_gmt":"2024-02-23T10:46:28","guid":{"rendered":"https:\/\/blogsaverroes.juntadeandalucia.es\/valderrubio\/?page_id=6277"},"modified":"2024-05-09T09:58:03","modified_gmt":"2024-05-09T07:58:03","slug":"novedades-3","status":"publish","type":"page","link":"https:\/\/blogsaverroes.juntadeandalucia.es\/valderrubio\/novedades-3\/","title":{"rendered":"Novedades"},"content":{"rendered":"<h1>D\u00eda del Libro 2024<\/h1>\n<p>Con motivo de la conmemoraci\u00f3n del D\u00eda del Libro se han realizado distintas actividades:<\/p>\n<ul>\n<li>\n<h2>Apadrinamiento lector: donde los alumnos y alumnas de:<\/h2>\n<ul>\n<li>4\u00b0 leer\u00e1n libros a los ni\u00f1os de 3 a\u00f1os<\/li>\n<li>5\u00b0 leer\u00e1n a los ni\u00f1os de 4 a\u00f1os.<\/li>\n<li>6\u00b0 leer\u00e1n a los ni\u00f1os de 5 a\u00f1os.<\/li>\n<li>1\u00b0ESO leer\u00e1n a los ni\u00f1os de 1\u00b0.<\/li>\n<\/ul>\n<\/li>\n<\/ul>\n<p>&nbsp;<\/p>\n<p><img loading=\"lazy\" decoding=\"async\" class=\"alignnone size-large wp-image-6452\" src=\"https:\/\/blogsaverroes.juntadeandalucia.es\/valderrubio\/files\/2024\/05\/WhatsApp-Image-2024-05-05-at-13.21.13-1024x768.jpeg\" alt=\"\" width=\"1024\" height=\"768\" srcset=\"https:\/\/blogsaverroes.juntadeandalucia.es\/valderrubio\/files\/2024\/05\/WhatsApp-Image-2024-05-05-at-13.21.13-1024x768.jpeg 1024w, https:\/\/blogsaverroes.juntadeandalucia.es\/valderrubio\/files\/2024\/05\/WhatsApp-Image-2024-05-05-at-13.21.13-300x225.jpeg 300w, https:\/\/blogsaverroes.juntadeandalucia.es\/valderrubio\/files\/2024\/05\/WhatsApp-Image-2024-05-05-at-13.21.13-768x576.jpeg 768w, https:\/\/blogsaverroes.juntadeandalucia.es\/valderrubio\/files\/2024\/05\/WhatsApp-Image-2024-05-05-at-13.21.13-1536x1152.jpeg 1536w, https:\/\/blogsaverroes.juntadeandalucia.es\/valderrubio\/files\/2024\/05\/WhatsApp-Image-2024-05-05-at-13.21.13.jpeg 1600w\" sizes=\"(max-width: 1024px) 100vw, 1024px\" \/><\/p>\n<p>&nbsp;<\/p>\n<p><img loading=\"lazy\" decoding=\"async\" class=\"alignnone size-large wp-image-6453\" src=\"https:\/\/blogsaverroes.juntadeandalucia.es\/valderrubio\/files\/2024\/05\/WhatsApp-Image-2024-05-09-at-09.26.33-1024x768.jpeg\" alt=\"\" width=\"1024\" height=\"768\" srcset=\"https:\/\/blogsaverroes.juntadeandalucia.es\/valderrubio\/files\/2024\/05\/WhatsApp-Image-2024-05-09-at-09.26.33-1024x768.jpeg 1024w, https:\/\/blogsaverroes.juntadeandalucia.es\/valderrubio\/files\/2024\/05\/WhatsApp-Image-2024-05-09-at-09.26.33-300x225.jpeg 300w, https:\/\/blogsaverroes.juntadeandalucia.es\/valderrubio\/files\/2024\/05\/WhatsApp-Image-2024-05-09-at-09.26.33-768x576.jpeg 768w, https:\/\/blogsaverroes.juntadeandalucia.es\/valderrubio\/files\/2024\/05\/WhatsApp-Image-2024-05-09-at-09.26.33-1536x1152.jpeg 1536w, https:\/\/blogsaverroes.juntadeandalucia.es\/valderrubio\/files\/2024\/05\/WhatsApp-Image-2024-05-09-at-09.26.33.jpeg 1600w\" sizes=\"(max-width: 1024px) 100vw, 1024px\" \/><\/p>\n<h2><img loading=\"lazy\" decoding=\"async\" class=\"alignnone size-large wp-image-6459\" src=\"https:\/\/blogsaverroes.juntadeandalucia.es\/valderrubio\/files\/2024\/05\/WhatsApp-Image-2024-05-09-at-09.43.07-768x1024.jpeg\" alt=\"\" width=\"768\" height=\"1024\" srcset=\"https:\/\/blogsaverroes.juntadeandalucia.es\/valderrubio\/files\/2024\/05\/WhatsApp-Image-2024-05-09-at-09.43.07-768x1024.jpeg 768w, https:\/\/blogsaverroes.juntadeandalucia.es\/valderrubio\/files\/2024\/05\/WhatsApp-Image-2024-05-09-at-09.43.07-225x300.jpeg 225w, https:\/\/blogsaverroes.juntadeandalucia.es\/valderrubio\/files\/2024\/05\/WhatsApp-Image-2024-05-09-at-09.43.07-1152x1536.jpeg 1152w, https:\/\/blogsaverroes.juntadeandalucia.es\/valderrubio\/files\/2024\/05\/WhatsApp-Image-2024-05-09-at-09.43.07.jpeg 1200w\" sizes=\"(max-width: 768px) 100vw, 768px\" \/><\/h2>\n<h2><img loading=\"lazy\" decoding=\"async\" class=\"alignnone size-large wp-image-6461\" src=\"https:\/\/blogsaverroes.juntadeandalucia.es\/valderrubio\/files\/2024\/05\/WhatsApp-Image-2024-05-09-at-09.43.541-768x1024.jpeg\" alt=\"\" width=\"768\" height=\"1024\" srcset=\"https:\/\/blogsaverroes.juntadeandalucia.es\/valderrubio\/files\/2024\/05\/WhatsApp-Image-2024-05-09-at-09.43.541-768x1024.jpeg 768w, https:\/\/blogsaverroes.juntadeandalucia.es\/valderrubio\/files\/2024\/05\/WhatsApp-Image-2024-05-09-at-09.43.541-225x300.jpeg 225w, https:\/\/blogsaverroes.juntadeandalucia.es\/valderrubio\/files\/2024\/05\/WhatsApp-Image-2024-05-09-at-09.43.541-1152x1536.jpeg 1152w, https:\/\/blogsaverroes.juntadeandalucia.es\/valderrubio\/files\/2024\/05\/WhatsApp-Image-2024-05-09-at-09.43.541.jpeg 1500w\" sizes=\"(max-width: 768px) 100vw, 768px\" \/><\/h2>\n<p><img loading=\"lazy\" decoding=\"async\" class=\"alignnone size-large wp-image-6463\" src=\"https:\/\/blogsaverroes.juntadeandalucia.es\/valderrubio\/files\/2024\/05\/WhatsApp-Image-2024-05-09-at-09.48.13-1024x531.jpeg\" alt=\"\" width=\"1024\" height=\"531\" srcset=\"https:\/\/blogsaverroes.juntadeandalucia.es\/valderrubio\/files\/2024\/05\/WhatsApp-Image-2024-05-09-at-09.48.13-1024x531.jpeg 1024w, https:\/\/blogsaverroes.juntadeandalucia.es\/valderrubio\/files\/2024\/05\/WhatsApp-Image-2024-05-09-at-09.48.13-300x156.jpeg 300w, https:\/\/blogsaverroes.juntadeandalucia.es\/valderrubio\/files\/2024\/05\/WhatsApp-Image-2024-05-09-at-09.48.13-768x398.jpeg 768w, https:\/\/blogsaverroes.juntadeandalucia.es\/valderrubio\/files\/2024\/05\/WhatsApp-Image-2024-05-09-at-09.48.13.jpeg 1442w\" sizes=\"(max-width: 1024px) 100vw, 1024px\" \/><\/p>\n<ul>\n<li>\n<h2><a href=\"https:\/\/blogsaverroes.juntadeandalucia.es\/valderrubio\/recomendaciones\/\">TOP 3 de libros preferidos de<\/a>:<\/h2>\n<ul>\n<li>alumnado.<\/li>\n<li>profesorado.<\/li>\n<li>familias<\/li>\n<\/ul>\n<\/li>\n<\/ul>\n<ul>\n<li>\n<h2>Bibliopatio. Donde se sacaron los libros de la biblioteca al patio del recreo para que disfrutaran de la lectura.<\/h2>\n<\/li>\n<\/ul>\n<p><img loading=\"lazy\" decoding=\"async\" class=\"alignnone size-large wp-image-6455\" src=\"https:\/\/blogsaverroes.juntadeandalucia.es\/valderrubio\/files\/2024\/05\/WhatsApp-Image-2024-05-09-at-09.33.06-1024x768.jpeg\" alt=\"\" width=\"1024\" height=\"768\" srcset=\"https:\/\/blogsaverroes.juntadeandalucia.es\/valderrubio\/files\/2024\/05\/WhatsApp-Image-2024-05-09-at-09.33.06-1024x768.jpeg 1024w, https:\/\/blogsaverroes.juntadeandalucia.es\/valderrubio\/files\/2024\/05\/WhatsApp-Image-2024-05-09-at-09.33.06-300x225.jpeg 300w, https:\/\/blogsaverroes.juntadeandalucia.es\/valderrubio\/files\/2024\/05\/WhatsApp-Image-2024-05-09-at-09.33.06-768x576.jpeg 768w, https:\/\/blogsaverroes.juntadeandalucia.es\/valderrubio\/files\/2024\/05\/WhatsApp-Image-2024-05-09-at-09.33.06-1536x1152.jpeg 1536w, https:\/\/blogsaverroes.juntadeandalucia.es\/valderrubio\/files\/2024\/05\/WhatsApp-Image-2024-05-09-at-09.33.06.jpeg 1600w\" sizes=\"(max-width: 1024px) 100vw, 1024px\" \/><\/p>\n<ul>\n<li>\n<h2>Gymcana organizada con la Biblioteca Municipal.<\/h2>\n<ul>\n<li>Para todos los alumnos y alumnas de Primaria.<\/li>\n<\/ul>\n<\/li>\n<\/ul>\n<ul>\n<li>\n<h2><img loading=\"lazy\" decoding=\"async\" class=\"alignnone size-large wp-image-6456\" src=\"https:\/\/blogsaverroes.juntadeandalucia.es\/valderrubio\/files\/2024\/05\/WhatsApp-Image-2024-05-09-at-09.39.29-768x1024.jpeg\" alt=\"\" width=\"768\" height=\"1024\" srcset=\"https:\/\/blogsaverroes.juntadeandalucia.es\/valderrubio\/files\/2024\/05\/WhatsApp-Image-2024-05-09-at-09.39.29-768x1024.jpeg 768w, https:\/\/blogsaverroes.juntadeandalucia.es\/valderrubio\/files\/2024\/05\/WhatsApp-Image-2024-05-09-at-09.39.29-225x300.jpeg 225w, https:\/\/blogsaverroes.juntadeandalucia.es\/valderrubio\/files\/2024\/05\/WhatsApp-Image-2024-05-09-at-09.39.29-1152x1536.jpeg 1152w, https:\/\/blogsaverroes.juntadeandalucia.es\/valderrubio\/files\/2024\/05\/WhatsApp-Image-2024-05-09-at-09.39.29.jpeg 1200w\" sizes=\"(max-width: 768px) 100vw, 768px\" \/> <img loading=\"lazy\" decoding=\"async\" class=\"alignnone size-large wp-image-6457\" src=\"https:\/\/blogsaverroes.juntadeandalucia.es\/valderrubio\/files\/2024\/05\/WhatsApp-Image-2024-05-09-at-09.41.15-768x1024.jpeg\" alt=\"\" width=\"768\" height=\"1024\" srcset=\"https:\/\/blogsaverroes.juntadeandalucia.es\/valderrubio\/files\/2024\/05\/WhatsApp-Image-2024-05-09-at-09.41.15-768x1024.jpeg 768w, https:\/\/blogsaverroes.juntadeandalucia.es\/valderrubio\/files\/2024\/05\/WhatsApp-Image-2024-05-09-at-09.41.15-225x300.jpeg 225w, https:\/\/blogsaverroes.juntadeandalucia.es\/valderrubio\/files\/2024\/05\/WhatsApp-Image-2024-05-09-at-09.41.15-1152x1536.jpeg 1152w, https:\/\/blogsaverroes.juntadeandalucia.es\/valderrubio\/files\/2024\/05\/WhatsApp-Image-2024-05-09-at-09.41.15.jpeg 1200w\" sizes=\"(max-width: 768px) 100vw, 768px\" \/> <img loading=\"lazy\" decoding=\"async\" class=\"alignnone size-large wp-image-6458\" src=\"https:\/\/blogsaverroes.juntadeandalucia.es\/valderrubio\/files\/2024\/05\/WhatsApp-Image-2024-05-09-at-09.41.47-768x1024.jpeg\" alt=\"\" width=\"768\" height=\"1024\" srcset=\"https:\/\/blogsaverroes.juntadeandalucia.es\/valderrubio\/files\/2024\/05\/WhatsApp-Image-2024-05-09-at-09.41.47-768x1024.jpeg 768w, https:\/\/blogsaverroes.juntadeandalucia.es\/valderrubio\/files\/2024\/05\/WhatsApp-Image-2024-05-09-at-09.41.47-225x300.jpeg 225w, https:\/\/blogsaverroes.juntadeandalucia.es\/valderrubio\/files\/2024\/05\/WhatsApp-Image-2024-05-09-at-09.41.47-1152x1536.jpeg 1152w, https:\/\/blogsaverroes.juntadeandalucia.es\/valderrubio\/files\/2024\/05\/WhatsApp-Image-2024-05-09-at-09.41.47.jpeg 1200w\" sizes=\"(max-width: 768px) 100vw, 768px\" \/><\/h2>\n<\/li>\n<\/ul>\n<p>&nbsp;<\/p>\n<p>D\u00eda de la poes\u00eda (marcap\u00e1ginas) 21 de marzo<\/p>\n<p>&nbsp;<\/p>\n<p>D\u00eda de San Valent\u00edn 14 febrero. Cita a ciegas con un libro<\/p>\n<p>&nbsp;<\/p>\n<p>&nbsp;<\/p>\n<p>Conferencia sobre \u00abEducaci\u00f3n para la ciudadan\u00eda global\u00bb. 5 febrero<\/p>\n<p>&nbsp;<\/p>\n<p>D\u00eda de la Paz 31 enero. Globos encuentro intergeneracional<\/p>\n<p>&nbsp;<\/p>\n<p>&nbsp;<\/p>\n<p>Tertulias dial\u00f3gicas sobre el Romancero Gitano. Noviembre<\/p>\n<p>&nbsp;<\/p>\n<p>&nbsp;<\/p>\n<p>&nbsp;<\/p>\n<p>&nbsp;<\/p>\n<hr \/>\n<h2><strong>D\u00eda del libro (abril 2020)<\/strong><\/h2>\n<p>Hola a todos. En el colegio, como sab\u00e9is, siempre estamos pensando y trabajando para que la magia de la ense\u00f1anza no se pare. Y como no, nos gusta aprovechar cualquier evento para continuar con este mundo tan maravilloso de ir aprendiendo y ampliando nuestros conocimientos.<\/p>\n<p>Como sab\u00e9is todos los a\u00f1os en el cole siempre hacemos alguna actividad especial para celebrar <em><strong>el d\u00eda del libro.\u00a0<\/strong><\/em>Por eso os ofrecemos esta actividad que creemos que os va a gustar y que nos gustar\u00eda mucho que particip\u00e9is.<\/p>\n<p>La idea es que ve\u00e1is este maravilloso corto donde el libro es el protagonista y luego us\u00e9is vuestra imaginaci\u00f3n y nos coment\u00e9is vuestra opini\u00f3n sobre \u00e9l y lo pong\u00e1is en el PADLET del colegio. Creemos que en una actividad muy original y f\u00e1cil de ense\u00f1ar a todos lo creativos que sois.<\/p>\n<p>Esperamos todo el profesorado del centro vuestra participaci\u00f3n y sobre todo que disfrut\u00e9is y que sea una gran herramienta para que pod\u00e1is demostrar todo lo que llev\u00e1is dentro de vuestras cabezas, manos y coraz\u00f3n.<\/p>\n<p>Aqu\u00ed ten\u00e9is el enlace de PADLET DEL COLEGIO.<\/p>\n<p><a href=\"https:\/\/padlet.com\/colegiovalderrubioprimaria2b\/lwmu1s52jyps1ub2\">https:\/\/padlet.com\/colegiovalderrubioprimaria2b\/lwmu1s52jyps1ub2<\/a><\/p>\n<p><iframe loading=\"lazy\" title=\"The Fantastic Flying Books of Mr. Morris Lessmore\" width=\"500\" height=\"281\" src=\"https:\/\/www.youtube.com\/embed\/C3JiosMG-6U?start=2&#038;feature=oembed&#038;wmode=opaque\" frameborder=\"0\" allow=\"accelerometer; autoplay; clipboard-write; encrypted-media; gyroscope; picture-in-picture; web-share\" referrerpolicy=\"strict-origin-when-cross-origin\" allowfullscreen><\/iframe><\/p>\n<hr \/>\n<p><img loading=\"lazy\" decoding=\"async\" class=\"size-medium wp-image-1424 alignleft\" src=\"https:\/\/blogsaverroes.juntadeandalucia.es\/valderrubio\/files\/2020\/03\/caligrama2-300x242.jpg\" alt=\"\" width=\"300\" height=\"242\" srcset=\"https:\/\/blogsaverroes.juntadeandalucia.es\/valderrubio\/files\/2020\/03\/caligrama2-300x242.jpg 300w, https:\/\/blogsaverroes.juntadeandalucia.es\/valderrubio\/files\/2020\/03\/caligrama2-768x618.jpg 768w, https:\/\/blogsaverroes.juntadeandalucia.es\/valderrubio\/files\/2020\/03\/caligrama2-1024x824.jpg 1024w, https:\/\/blogsaverroes.juntadeandalucia.es\/valderrubio\/files\/2020\/03\/caligrama2-24x19.jpg 24w, https:\/\/blogsaverroes.juntadeandalucia.es\/valderrubio\/files\/2020\/03\/caligrama2-36x29.jpg 36w, https:\/\/blogsaverroes.juntadeandalucia.es\/valderrubio\/files\/2020\/03\/caligrama2-48x39.jpg 48w, https:\/\/blogsaverroes.juntadeandalucia.es\/valderrubio\/files\/2020\/03\/caligrama2.jpg 1698w\" sizes=\"(max-width: 300px) 100vw, 300px\" \/><\/p>\n<h2>D\u00eda de la poes\u00eda (marzo 2020)<\/h2>\n<h2><strong>D\u00eda de la poes\u00eda (marzo 2020)<\/strong><\/h2>\n<p>Hola queridos lectores:<\/p>\n<p>Os quer\u00eda hacer llegar una propuesta que se nos ha ocurrido desde el profesorado del nuestro centro que se nos ha gestado a ra\u00edz de la situaci\u00f3n en la que estamos viviendo. Lo que pretendemos es darle forma a una iniciativa que se esta llevando a cabo en otros centros de la provincia y queremos hacerlo tambi\u00e9n en nuestro centro por el motivo que nos une a todos ahora.<\/p>\n<p>La idea es compartir la lectura de vuestro libro de la biblioteca del centro, u otro libro que le\u00e1is en casa, una vez acabo de leer.\u00a0 Puede ser el libro completo, fragmentos que os haya llamado la atenci\u00f3n, peque\u00f1as historias,cuentos, poemas, alg\u00fan texto que os resulte especial&#8230;. que se quiera compartir. El formato tambi\u00e9n puede ser diferente: audios, capturas de textos, v\u00eddeos&#8230;<\/p>\n<p>Con esto lo que se pretende es hacer conocer a todos los miembros del centro las historias, aventuras y an\u00e9cdotas que corren los personajes de nuestros libros,\u00a0 y as\u00ed animar a la maravillosa aventura de la imaginaci\u00f3n y la lectura..<\/p>\n<p>Para ellos os env\u00edo este enlace para que nos envi\u00e9is vuestros comentarios. Un abrazo y animo a todos.<\/p>\n","protected":false},"excerpt":{"rendered":"<p>D\u00eda del Libro 2024 Con motivo de la conmemoraci\u00f3n del D\u00eda del Libro se han realizado distintas actividades: Apadrinamiento lector: donde los alumnos y alumnas de: 4\u00b0 leer\u00e1n libros a los ni\u00f1os de 3&#46;&#46;&#46;<\/p>\n","protected":false},"author":4031,"featured_media":0,"parent":0,"menu_order":0,"comment_status":"closed","ping_status":"closed","template":"","meta":{"_exactmetrics_skip_tracking":false,"_exactmetrics_sitenote_active":false,"_exactmetrics_sitenote_note":"","_exactmetrics_sitenote_category":0,"ngg_post_thumbnail":0,"footnotes":""},"aioseo_notices":[],"_links":{"self":[{"href":"https:\/\/blogsaverroes.juntadeandalucia.es\/valderrubio\/wp-json\/wp\/v2\/pages\/6277"}],"collection":[{"href":"https:\/\/blogsaverroes.juntadeandalucia.es\/valderrubio\/wp-json\/wp\/v2\/pages"}],"about":[{"href":"https:\/\/blogsaverroes.juntadeandalucia.es\/valderrubio\/wp-json\/wp\/v2\/types\/page"}],"author":[{"embeddable":true,"href":"https:\/\/blogsaverroes.juntadeandalucia.es\/valderrubio\/wp-json\/wp\/v2\/users\/4031"}],"replies":[{"embeddable":true,"href":"https:\/\/blogsaverroes.juntadeandalucia.es\/valderrubio\/wp-json\/wp\/v2\/comments?post=6277"}],"version-history":[{"count":4,"href":"https:\/\/blogsaverroes.juntadeandalucia.es\/valderrubio\/wp-json\/wp\/v2\/pages\/6277\/revisions"}],"predecessor-version":[{"id":6466,"href":"https:\/\/blogsaverroes.juntadeandalucia.es\/valderrubio\/wp-json\/wp\/v2\/pages\/6277\/revisions\/6466"}],"wp:attachment":[{"href":"https:\/\/blogsaverroes.juntadeandalucia.es\/valderrubio\/wp-json\/wp\/v2\/media?parent=6277"}],"curies":[{"name":"wp","href":"https:\/\/api.w.org\/{rel}","templated":true}]}}